{"id":365,"date":"2020-03-29T22:38:22","date_gmt":"2020-03-29T22:38:22","guid":{"rendered":"http:\/\/bxta-staging.website\/?page_id=365"},"modified":"2022-06-01T09:42:41","modified_gmt":"2022-06-01T09:42:41","slug":"what-is-ldr-brachytherapy","status":"publish","type":"page","link":"https:\/\/bxta.com\/pt\/patient-information\/what-is-ldr-brachytherapy\/","title":{"rendered":"O que \u00e9 a braquiterapia LDR?"},"content":{"rendered":"<div id=\"\" class=\"wp-block-cgb-block-ll-content-block ll-row ll-row--med\"><div class=\"ll-content\"><div class=\"ll-content__inner\">\n<div class=\"wp-block-cgb-block-ll-innerblock-heading\"><div class=\"ll-headings\"><h3 class=\"ll-heading ll-heading--lrg\" style=\"color:#03843e\">O que \u00e9 a braquiterapia LDR?<\/h3><\/div><\/div>\n\n\n\n<p>A braquiterapia LDR \u00e9 uma forma orientada de radioterapia interna para o cancro da pr\u00f3stata e um tratamento eficaz e minimamente invasivo apropriado para muitos homens. Tem benef\u00edcios significativos de qualidade de vida sobre tratamentos alternativos tais como a cirurgia e a radioterapia externa. Para al\u00e9m de oferecer resultados significativamente melhorados tanto na fun\u00e7\u00e3o sexual como na incontin\u00eancia, de acordo com dados do Grupo de Estudo de Resultados do Cancro da Pr\u00f3stata, a braquiterapia com LDR alcan\u00e7a &gt;90% de pacientes sem doen\u00e7as a mais de 10 anos e, ao contr\u00e1rio da cirurgia, &lt;1% necessita de tratamento adicional, tal como uma prostatectomia radical.<\/p>\n\n\n\n<p>Os pacientes com suspeita de cancro da pr\u00f3stata s\u00e3o geralmente encaminhados pelo seu m\u00e9dico de cl\u00ednica geral para um cirurgi\u00e3o. Alguns podem ser orientados para a cirurgia para remover completamente a pr\u00f3stata e\/ou radioterapia externa, o que pode significar tirar semanas de \"vida normal\" e pode prejudicar permanentemente as fun\u00e7\u00f5es sexuais e da bexiga.<\/p>\n\n\n\n<div style=\"background-color:#03843e;border-radius:30px;\" class=\"ll-innerblock-text-padded\"><div class=\"ll-text-padded ll-align--center\"><p style=\"color:#ffffff\">O tipo de tratamento que lhe ser\u00e1 oferecido depende do tamanho da sua pr\u00f3stata, da fase do seu cancro, do seu <a rel=\"noreferrer noopener\" href=\"https:\/\/prostatecanceruk.org\/prostate-information\/prostate-tests\/prostate-biopsy#what-do-my-biopsy-results-mean\" target=\"_blank\" style=\"color:#FFFFFF;\">Gleason<\/a> pontua\u00e7\u00e3o e <a href=\"https:\/\/prostatecanceruk.org\/prostate-information\/prostate-tests\/psa-test\" target=\"_blank\" rel=\"noreferrer opener noopener\" style=\"color:#FFFFFF;\">PSA<\/a>No entanto, \u00e9 importante compreender todas as suas op\u00e7\u00f5es <\/p><\/div><\/div>\n\n\n\n<p><strong>Por favor clique para ouvir o Dr. Stephen Bourne discutir porque \u00e9 que os doentes australianos devem considerar a Braquiterapia LDR.<\/strong><\/p>\n\n\n\n<figure class=\"wp-block-embed is-type-video is-provider-vimeo wp-block-embed-vimeo wp-embed-aspect-16-9 wp-has-aspect-ratio\"><div class=\"wp-block-embed__wrapper\">\n<iframe loading=\"lazy\" title=\"Dr Bourne_LDR Brachytherapy in prostate cancer_Clinician\" src=\"https:\/\/player.vimeo.com\/video\/513199902?h=8760ac1160&amp;dnt=1&amp;app_id=122963\" width=\"500\" height=\"281\" frameborder=\"0\" allow=\"autoplay; fullscreen; picture-in-picture; clipboard-write\"><\/iframe>\n<\/div><\/figure>\n\n\n\n<p>Muitos pacientes s\u00e3o adequados para a braquiterapia LDR, um tratamento r\u00e1pido com um risco muito menor de problemas de contin\u00eancia sexual e urin\u00e1ria do que outras op\u00e7\u00f5es de tratamento. No entanto, a braquiterapia LDR \u00e9 frequentemente negligenciada como tratamento, porque n\u00e3o est\u00e3o conscientes da op\u00e7\u00e3o. Nem todos os centros de cancro da pr\u00f3stata oferecem braquiterapia com LDR, embora o tratamento possa estar dispon\u00edvel num local alternativo. Mais uma vez, \u00e9 importante perguntar sobre todas as op\u00e7\u00f5es de tratamento antes de tomar uma decis\u00e3o.<\/p>\n<\/div><\/div><\/div>\n\n\n\n<div id=\"s1\" class=\"wp-block-cgb-block-ll-content-block ll-row ll-row--med\"><div class=\"ll-content\"><div class=\"ll-content__inner\">\n<div class=\"wp-block-cgb-block-ll-innerblock-heading\"><div class=\"ll-headings\"><h3 class=\"ll-heading ll-heading--sml\" style=\"color:#03843e\"><strong><strong>Sobre a braquiterapia LDR<\/strong><\/strong><\/h3><\/div><\/div>\n\n\n\n<p>A braquiterapia de baixa taxa de dose (implanta\u00e7\u00e3o de sementes) \u00e9 um tipo de radioterapia interna para o cancro da pr\u00f3stata. \u00c9 direccionada para o local do tumor, pelo que a radia\u00e7\u00e3o mata as c\u00e9lulas cancerosas, minimizando os danos nas c\u00e9lulas saud\u00e1veis circundantes. N\u00e3o \u00e9 uma cirurgia importante e normalmente s\u00f3 se passa 1 dia no hospital. Geralmente a braquiterapia LDR tem uma baixa taxa de complica\u00e7\u00f5es, e a maioria dos homens regressa \u00e0s suas actividades habituais de pr\u00e9-tratamento no espa\u00e7o de alguns dias.<\/p>\n\n\n\n<p>Tamb\u00e9m conhecida como braquiterapia da pr\u00f3stata, (a braquiterapia LDR \u00e9 diferente da radioterapia de feixe externo (EBRT), que utiliza raios X enviados para o local do tumor a partir do exterior do corpo. Na EBRT as radiografias t\u00eam de passar por outros tecidos do corpo antes de chegarem ao local do tumor, o que significa que as partes saud\u00e1veis do corpo em redor do tumor tamb\u00e9m podem ser afectadas (ver Figura 2, abaixo).<\/p>\n\n\n\n<figure class=\"wp-block-image size-full\"><img decoding=\"async\" width=\"750\" height=\"194\" src=\"https:\/\/bxta.com\/wp-content\/uploads\/2020\/05\/image1.gif\" alt=\"Radiotherapy infographic\" class=\"wp-image-496\"\/><\/figure>\n\n\n\n<p><\/p>\n\n\n\n<p>Em contraste, a braquiterapia LDR envolve a inser\u00e7\u00e3o de pequenas c\u00e1psulas radioactivas ou sementes directamente na gl\u00e2ndula prost\u00e1tica atrav\u00e9s de agulhas finas. Cada semente tem o tamanho de um gr\u00e3o de arroz, e ser\u00e3o utilizadas entre 80-120 sementes, dependendo do tamanho da pr\u00f3stata e da localiza\u00e7\u00e3o do tumor. A figura 3 (acima) mostra o tamanho das sementes e das agulhas utilizadas. A figura 4 (acima) mostra uma ilustra\u00e7\u00e3o de como as agulhas s\u00e3o guiadas utilizando uma grelha para precis\u00e3o e precis\u00e3o.<\/p>\n\n\n\n<p>A radia\u00e7\u00e3o libertada pelas sementes da braquiterapia visa precisamente o tumor, destruindo as c\u00e9lulas cancer\u00edgenas. As sementes s\u00e3o posicionadas perto do tumor e porque a radia\u00e7\u00e3o n\u00e3o se espalha mais do que alguns mil\u00edmetros de cada semente, h\u00e1 danos m\u00ednimos ou limitados a qualquer outro tecido n\u00e3o cancer\u00edgeno ou saud\u00e1vel, como a uretra (o tubo por onde passa a urina), a bexiga e o recto. As sementes libertam a maior parte da sua radia\u00e7\u00e3o durante os primeiros meses ap\u00f3s terem sido inseridas.&nbsp;<\/p>\n\n\n\n<p>Diz-se que a braquiterapia LDR \u00e9 mais \"orientada\" do que a radioterapia convencional (externa) de feixe, e tem uma menor incid\u00eancia de efeitos secund\u00e1rios graves. A figura 5 (acima) mostra uma ilustra\u00e7\u00e3o das sementes em posi\u00e7\u00e3o.<\/p>\n\n\n\n<p>Ao contr\u00e1rio de outras formas de radioterapia, <a href=\"https:\/\/bxta.com\/pt\/patient-information\/is-ldr-brachytherapy-right-for-me\/\">Braquiterapia LDR<\/a> \u00e9 um procedimento muito mais r\u00e1pido e mais conveniente. \u00c9 frequentemente um procedimento realizado no mesmo dia no departamento de radioterapia do hospital sob anestesia geral, mas ocasionalmente pode envolver uma estadia nocturna. Os pacientes podem normalmente regressar aos n\u00edveis de actividades de pr\u00e9-tratamento dentro de alguns dias ap\u00f3s terem feito braquiterapia com LDR. Por favor <a href=\"https:\/\/bxta.com\/pt\/patient-information\/brachytherapy-patient-experiences\/\" target=\"_blank\" rel=\"noreferrer noopener\">clique aqui <\/a>para estudos de casos reais de pacientes com Brachytherapy LDR.<\/p>\n<\/div><\/div><\/div>\n\n\n\n<div id=\"s2\" class=\"wp-block-cgb-block-ll-content-block ll-row ll-row--med\"><div class=\"ll-content\"><div class=\"ll-content__inner\">\n<div class=\"wp-block-cgb-block-ll-innerblock-heading\"><div class=\"ll-headings\"><h3 class=\"ll-heading ll-heading--sml\" style=\"color:#03843e\"><strong>Procedimento de braquiterapia LDR<\/strong><\/h3><\/div><\/div>\n\n\n\n<p>Um paciente encaminhado para a braquiterapia LDR comparecer\u00e1 primeiro a uma consulta com o oncologista para o planeamento do tratamento. O momento da consulta varia de hospital para hospital e pode ser at\u00e9 duas semanas antes do procedimento ou em alguns centros, imediatamente antes da entrega do tratamento.<\/p>\n\n\n\n<p>Na fase de planeamento, a ecografia, ou resson\u00e2ncia magn\u00e9tica (MRI), ajuda os cl\u00ednicos a mapear a posi\u00e7\u00e3o exacta do tumor e a anatomia prost\u00e1tica para planear a dose de radia\u00e7\u00e3o apropriada.<\/p>\n\n\n\n<p>No momento do procedimento, o paciente ter\u00e1 uma anestesia geral ou espinal. Pequenas 'sementes' radioactivas do tamanho de um gr\u00e3o de arroz s\u00e3o inseridas na pr\u00f3stata utilizando agulhas ocas que permitem um posicionamento preciso de acordo com o plano. O ultra-som \u00e9 normalmente utilizado para guiar as agulhas para entregar as sementes radioactivas atrav\u00e9s do per\u00edneo, a \u00e1rea de pele entre o escroto e o \u00e2nus. Depois de terem entregue as sementes, as agulhas s\u00e3o ent\u00e3o removidas.<\/p>\n\n\n\n<div style=\"height:20px\" aria-hidden=\"true\" class=\"wp-block-spacer\"><\/div>\n\n\n\n<figure class=\"wp-block-image size-large\"><img decoding=\"async\" width=\"1040\" height=\"694\" src=\"http:\/\/bxt-accelyon.com\/wp-content\/uploads\/2020\/11\/Seeds-DSC_4910-NEW-v2-1-1040x694.jpg\" alt=\"\" class=\"wp-image-2186\" srcset=\"https:\/\/bxta.com\/wp-content\/uploads\/2020\/11\/Seeds-DSC_4910-NEW-v2-1-1040x694.jpg 1040w, https:\/\/bxta.com\/wp-content\/uploads\/2020\/11\/Seeds-DSC_4910-NEW-v2-1-800x534.jpg 800w, https:\/\/bxta.com\/wp-content\/uploads\/2020\/11\/Seeds-DSC_4910-NEW-v2-1-768x512.jpg 768w, https:\/\/bxta.com\/wp-content\/uploads\/2020\/11\/Seeds-DSC_4910-NEW-v2-1-1536x1025.jpg 1536w, https:\/\/bxta.com\/wp-content\/uploads\/2020\/11\/Seeds-DSC_4910-NEW-v2-1-350x234.jpg 350w, https:\/\/bxta.com\/wp-content\/uploads\/2020\/11\/Seeds-DSC_4910-NEW-v2-1-400x267.jpg 400w, https:\/\/bxta.com\/wp-content\/uploads\/2020\/11\/Seeds-DSC_4910-NEW-v2-1-1240x827.jpg 1240w, https:\/\/bxta.com\/wp-content\/uploads\/2020\/11\/Seeds-DSC_4910-NEW-v2-1-1440x961.jpg 1440w, https:\/\/bxta.com\/wp-content\/uploads\/2020\/11\/Seeds-DSC_4910-NEW-v2-1.jpg 1480w\" sizes=\"(max-width: 1040px) 100vw, 1040px\" \/><\/figure>\n\n\n\n<div style=\"height:29px\" aria-hidden=\"true\" class=\"wp-block-spacer\"><\/div>\n\n\n\n<p>O procedimento de braquiterapia LDR demora geralmente apenas uma hora e depois de ter tempo para recuperar da anestesia, a maioria dos pacientes regressa a casa no mesmo dia. Uma tomografia computorizada \u00e9 normalmente realizada nas primeiras 4 semanas para obter mais informa\u00e7\u00f5es de planeamento.  As sementes permanecem no local, emitindo a maior parte da radia\u00e7\u00e3o terap\u00eautica durante um per\u00edodo de meses. Esta abordagem destr\u00f3i o tumor com o m\u00ednimo de danos para o tecido saud\u00e1vel circundante e de uma forma que seja menos perturbadora para a vida \"normal\".<\/p>\n\n\n\n<p>Ap\u00f3s o tratamento, o paciente regressar\u00e1 periodicamente para monitorizar o progresso do tratamento e a redu\u00e7\u00e3o do tumor do cancro da pr\u00f3stata.<\/p>\n\n\n\n<div style=\"height:20px\" aria-hidden=\"true\" class=\"wp-block-spacer\"><\/div>\n\n\n\n<figure class=\"wp-block-image size-full\"><img decoding=\"async\" width=\"500\" height=\"331\" src=\"https:\/\/bxta.com\/wp-content\/uploads\/2021\/08\/bxta-patient-story.jpg\" alt=\"Homem idoso sentado no exterior num prado\" class=\"wp-image-2918\" srcset=\"https:\/\/bxta.com\/wp-content\/uploads\/2021\/08\/bxta-patient-story.jpg 500w, https:\/\/bxta.com\/wp-content\/uploads\/2021\/08\/bxta-patient-story-18x12.jpg 18w, https:\/\/bxta.com\/wp-content\/uploads\/2021\/08\/bxta-patient-story-350x232.jpg 350w, https:\/\/bxta.com\/wp-content\/uploads\/2021\/08\/bxta-patient-story-400x265.jpg 400w\" sizes=\"(max-width: 500px) 100vw, 500px\" \/><\/figure>\n<\/div><\/div><\/div>\n\n\n\n<div id=\"s3\" class=\"wp-block-cgb-block-ll-content-block ll-row default\"><div class=\"ll-content\"><div class=\"ll-content__inner\">\n<div class=\"wp-block-cgb-block-ll-innerblock-heading\"><div class=\"ll-headings\"><h3 class=\"ll-heading ll-heading--sml\" style=\"color:#03843e\"><strong>Radioterapia para o tratamento do cancro<\/strong><\/h3><\/div><\/div>\n\n\n\n<p>A braquiterapia \u00e9 um tipo de radioterapia que \u00e9 utilizada para tratar muitos cancros diferentes, destruindo as c\u00e9lulas cancer\u00edgenas com radia\u00e7\u00e3o interna. Na braquiterapia de baixa taxa de dose (LDR), as sementes radioactivas permanecem no lugar. \u00c9 por vezes tamb\u00e9m chamada \"radioterapia interna\" ou \"braquiterapia com semente permanente\". A braquiterapia de alta taxa de dose (HDR) envolve a coloca\u00e7\u00e3o tempor\u00e1ria de fontes radioactivas muito mais fortes na pr\u00f3stata ao longo de uma s\u00e9rie de procedimentos.<\/p>\n\n\n\n<p>Outro tratamento de radioterapia habitualmente utilizado \u00e9 a Radioterapia de Feixe Externo (EBRT), que fornece a radia\u00e7\u00e3o a partir do exterior.<\/p>\n\n\n\n<p>As escolhas de tratamento para o cancro dependem, em \u00faltima an\u00e1lise, do tipo e da localiza\u00e7\u00e3o do cancro, bem como das prefer\u00eancias dos doentes. As op\u00e7\u00f5es s\u00e3o geralmente discutidas com o especialista ao qual um paciente \u00e9 encaminhado para encontrar a melhor solu\u00e7\u00e3o para esse indiv\u00edduo. \u00c9 importante falar com v\u00e1rios especialistas, se poss\u00edvel, e considerar todas as suas op\u00e7\u00f5es e os seus potenciais efeitos secund\u00e1rios antes de decidir sobre o seu tratamento.<\/p>\n\n\n\n<p>A radioterapia pode ser utilizada em combina\u00e7\u00e3o com outros tratamentos, tais como a terapia hormonal e a cirurgia.<\/p>\n<\/div><\/div><\/div>\n\n\n\n<p><\/p>","protected":false},"excerpt":{"rendered":"","protected":false},"author":1,"featured_media":0,"parent":242,"menu_order":0,"comment_status":"closed","ping_status":"closed","template":"template-content-sidebar.php","meta":{"_acf_changed":false,"_monsterinsights_skip_tracking":false,"_monsterinsights_sitenote_active":false,"_monsterinsights_sitenote_note":"","_monsterinsights_sitenote_category":0,"footnotes":""},"class_list":["post-365","page","type-page","status-publish","hentry"],"acf":[],"yoast_head":"<!-- This site is optimized with the Yoast SEO plugin v27.4 - https:\/\/yoast.com\/product\/yoast-seo-wordpress\/ -->\n<title>What is LDR brachytherapy? - Leaders in brachytherapy - BXTA<\/title>\n<meta name=\"description\" content=\"Learn everything about LDR brachytherapy, a quick treatment with a much lower risk than other prostate cancer treatment options.\" \/>\n<meta name=\"robots\" content=\"index, follow, max-snippet:-1, max-image-preview:large, max-video-preview:-1\" \/>\n<link rel=\"canonical\" href=\"https:\/\/bxta.com\/pt\/patient-information\/what-is-ldr-brachytherapy\/\" \/>\n<meta property=\"og:locale\" content=\"pt_PT\" \/>\n<meta property=\"og:type\" content=\"article\" \/>\n<meta property=\"og:title\" content=\"What is LDR brachytherapy? - Leaders in brachytherapy - BXTA\" \/>\n<meta property=\"og:description\" content=\"Learn everything about LDR brachytherapy, a quick treatment with a much lower risk than other prostate cancer treatment options.\" \/>\n<meta property=\"og:url\" content=\"https:\/\/bxta.com\/pt\/patient-information\/what-is-ldr-brachytherapy\/\" \/>\n<meta property=\"og:site_name\" content=\"BXTA\" \/>\n<meta property=\"article:publisher\" content=\"https:\/\/www.facebook.com\/bxtainternational\/\" \/>\n<meta property=\"article:modified_time\" content=\"2022-06-01T09:42:41+00:00\" \/>\n<meta property=\"og:image\" content=\"https:\/\/bxta.com\/wp-content\/uploads\/2020\/05\/image1.gif\" \/>\n<meta name=\"twitter:card\" content=\"summary_large_image\" \/>\n<meta name=\"twitter:site\" content=\"@BXTA_\" \/>\n<meta name=\"twitter:label1\" content=\"Tempo estimado de leitura\" \/>\n\t<meta name=\"twitter:data1\" content=\"6 minutos\" \/>\n<script type=\"application\/ld+json\" class=\"yoast-schema-graph\">{\"@context\":\"https:\\\/\\\/schema.org\",\"@graph\":[{\"@type\":\"WebPage\",\"@id\":\"https:\\\/\\\/bxta.com\\\/patient-information\\\/what-is-ldr-brachytherapy\\\/\",\"url\":\"https:\\\/\\\/bxta.com\\\/patient-information\\\/what-is-ldr-brachytherapy\\\/\",\"name\":\"What is LDR brachytherapy? - Leaders in brachytherapy - BXTA\",\"isPartOf\":{\"@id\":\"https:\\\/\\\/bxta.com\\\/uk\\\/#website\"},\"primaryImageOfPage\":{\"@id\":\"https:\\\/\\\/bxta.com\\\/patient-information\\\/what-is-ldr-brachytherapy\\\/#primaryimage\"},\"image\":{\"@id\":\"https:\\\/\\\/bxta.com\\\/patient-information\\\/what-is-ldr-brachytherapy\\\/#primaryimage\"},\"thumbnailUrl\":\"https:\\\/\\\/bxta.com\\\/wp-content\\\/uploads\\\/2020\\\/05\\\/image1.gif\",\"datePublished\":\"2020-03-29T22:38:22+00:00\",\"dateModified\":\"2022-06-01T09:42:41+00:00\",\"description\":\"Learn everything about LDR brachytherapy, a quick treatment with a much lower risk than other prostate cancer treatment options.\",\"breadcrumb\":{\"@id\":\"https:\\\/\\\/bxta.com\\\/patient-information\\\/what-is-ldr-brachytherapy\\\/#breadcrumb\"},\"inLanguage\":\"pt-PT\",\"potentialAction\":[{\"@type\":\"ReadAction\",\"target\":[\"https:\\\/\\\/bxta.com\\\/patient-information\\\/what-is-ldr-brachytherapy\\\/\"]}]},{\"@type\":\"ImageObject\",\"inLanguage\":\"pt-PT\",\"@id\":\"https:\\\/\\\/bxta.com\\\/patient-information\\\/what-is-ldr-brachytherapy\\\/#primaryimage\",\"url\":\"https:\\\/\\\/bxta.com\\\/wp-content\\\/uploads\\\/2020\\\/05\\\/image1.gif\",\"contentUrl\":\"https:\\\/\\\/bxta.com\\\/wp-content\\\/uploads\\\/2020\\\/05\\\/image1.gif\"},{\"@type\":\"BreadcrumbList\",\"@id\":\"https:\\\/\\\/bxta.com\\\/patient-information\\\/what-is-ldr-brachytherapy\\\/#breadcrumb\",\"itemListElement\":[{\"@type\":\"ListItem\",\"position\":1,\"name\":\"Home\",\"item\":\"https:\\\/\\\/bxta.com\\\/\"},{\"@type\":\"ListItem\",\"position\":2,\"name\":\"Patient Information\",\"item\":\"https:\\\/\\\/bxta.com\\\/patient-information\\\/\"},{\"@type\":\"ListItem\",\"position\":3,\"name\":\"What is LDR brachytherapy?\"}]},{\"@type\":\"WebSite\",\"@id\":\"https:\\\/\\\/bxta.com\\\/uk\\\/#website\",\"url\":\"https:\\\/\\\/bxta.com\\\/uk\\\/\",\"name\":\"BXTA\",\"description\":\"Let\u2019s tackle Prostate Cancer together | BXTA\",\"publisher\":{\"@id\":\"https:\\\/\\\/bxta.com\\\/uk\\\/#organization\"},\"potentialAction\":[{\"@type\":\"SearchAction\",\"target\":{\"@type\":\"EntryPoint\",\"urlTemplate\":\"https:\\\/\\\/bxta.com\\\/uk\\\/?s={search_term_string}\"},\"query-input\":{\"@type\":\"PropertyValueSpecification\",\"valueRequired\":true,\"valueName\":\"search_term_string\"}}],\"inLanguage\":\"pt-PT\"},{\"@type\":\"Organization\",\"@id\":\"https:\\\/\\\/bxta.com\\\/uk\\\/#organization\",\"name\":\"BXTA\",\"url\":\"https:\\\/\\\/bxta.com\\\/uk\\\/\",\"logo\":{\"@type\":\"ImageObject\",\"inLanguage\":\"pt-PT\",\"@id\":\"https:\\\/\\\/bxta.com\\\/uk\\\/#\\\/schema\\\/logo\\\/image\\\/\",\"url\":\"https:\\\/\\\/bxta-staging.s3.eu-west-2.amazonaws.com\\\/app\\\/uploads\\\/2021\\\/09\\\/07212056\\\/BXTA-Logo.png\",\"contentUrl\":\"https:\\\/\\\/bxta-staging.s3.eu-west-2.amazonaws.com\\\/app\\\/uploads\\\/2021\\\/09\\\/07212056\\\/BXTA-Logo.png\",\"width\":600,\"height\":373,\"caption\":\"BXTA\"},\"image\":{\"@id\":\"https:\\\/\\\/bxta.com\\\/uk\\\/#\\\/schema\\\/logo\\\/image\\\/\"},\"sameAs\":[\"https:\\\/\\\/www.facebook.com\\\/bxtainternational\\\/\",\"https:\\\/\\\/x.com\\\/BXTA_\",\"https:\\\/\\\/www.linkedin.com\\\/company\\\/bxtaccelyon\",\"https:\\\/\\\/www.youtube.com\\\/channel\\\/UCkTU9L10CS5c1eWtGiMZ7gw\"]}]}<\/script>\n<!-- \/ Yoast SEO plugin. -->","yoast_head_json":{"title":"O que \u00e9 a braquiterapia LDR? - L\u00edderes em braquiterapia - BXTA","description":"Saiba tudo sobre a braquiterapia LDR, um tratamento r\u00e1pido com um risco muito menor do que outras op\u00e7\u00f5es de tratamento do cancro da pr\u00f3stata.","robots":{"index":"index","follow":"follow","max-snippet":"max-snippet:-1","max-image-preview":"max-image-preview:large","max-video-preview":"max-video-preview:-1"},"canonical":"https:\/\/bxta.com\/pt\/patient-information\/what-is-ldr-brachytherapy\/","og_locale":"pt_PT","og_type":"article","og_title":"What is LDR brachytherapy? - Leaders in brachytherapy - BXTA","og_description":"Learn everything about LDR brachytherapy, a quick treatment with a much lower risk than other prostate cancer treatment options.","og_url":"https:\/\/bxta.com\/pt\/patient-information\/what-is-ldr-brachytherapy\/","og_site_name":"BXTA","article_publisher":"https:\/\/www.facebook.com\/bxtainternational\/","article_modified_time":"2022-06-01T09:42:41+00:00","og_image":[{"url":"https:\/\/bxta.com\/wp-content\/uploads\/2020\/05\/image1.gif","type":"","width":"","height":""}],"twitter_card":"summary_large_image","twitter_site":"@BXTA_","twitter_misc":{"Tempo estimado de leitura":"6 minutos"},"schema":{"@context":"https:\/\/schema.org","@graph":[{"@type":"WebPage","@id":"https:\/\/bxta.com\/patient-information\/what-is-ldr-brachytherapy\/","url":"https:\/\/bxta.com\/patient-information\/what-is-ldr-brachytherapy\/","name":"O que \u00e9 a braquiterapia LDR? - L\u00edderes em braquiterapia - BXTA","isPartOf":{"@id":"https:\/\/bxta.com\/uk\/#website"},"primaryImageOfPage":{"@id":"https:\/\/bxta.com\/patient-information\/what-is-ldr-brachytherapy\/#primaryimage"},"image":{"@id":"https:\/\/bxta.com\/patient-information\/what-is-ldr-brachytherapy\/#primaryimage"},"thumbnailUrl":"https:\/\/bxta.com\/wp-content\/uploads\/2020\/05\/image1.gif","datePublished":"2020-03-29T22:38:22+00:00","dateModified":"2022-06-01T09:42:41+00:00","description":"Saiba tudo sobre a braquiterapia LDR, um tratamento r\u00e1pido com um risco muito menor do que outras op\u00e7\u00f5es de tratamento do cancro da pr\u00f3stata.","breadcrumb":{"@id":"https:\/\/bxta.com\/patient-information\/what-is-ldr-brachytherapy\/#breadcrumb"},"inLanguage":"pt-PT","potentialAction":[{"@type":"ReadAction","target":["https:\/\/bxta.com\/patient-information\/what-is-ldr-brachytherapy\/"]}]},{"@type":"ImageObject","inLanguage":"pt-PT","@id":"https:\/\/bxta.com\/patient-information\/what-is-ldr-brachytherapy\/#primaryimage","url":"https:\/\/bxta.com\/wp-content\/uploads\/2020\/05\/image1.gif","contentUrl":"https:\/\/bxta.com\/wp-content\/uploads\/2020\/05\/image1.gif"},{"@type":"BreadcrumbList","@id":"https:\/\/bxta.com\/patient-information\/what-is-ldr-brachytherapy\/#breadcrumb","itemListElement":[{"@type":"ListItem","position":1,"name":"Home","item":"https:\/\/bxta.com\/"},{"@type":"ListItem","position":2,"name":"Patient Information","item":"https:\/\/bxta.com\/patient-information\/"},{"@type":"ListItem","position":3,"name":"What is LDR brachytherapy?"}]},{"@type":"WebSite","@id":"https:\/\/bxta.com\/uk\/#website","url":"https:\/\/bxta.com\/uk\/","name":"BXTA","description":"Vamos combater juntos o cancro da pr\u00f3stata | BXTA","publisher":{"@id":"https:\/\/bxta.com\/uk\/#organization"},"potentialAction":[{"@type":"SearchAction","target":{"@type":"EntryPoint","urlTemplate":"https:\/\/bxta.com\/uk\/?s={search_term_string}"},"query-input":{"@type":"PropertyValueSpecification","valueRequired":true,"valueName":"search_term_string"}}],"inLanguage":"pt-PT"},{"@type":"Organization","@id":"https:\/\/bxta.com\/uk\/#organization","name":"BXTA","url":"https:\/\/bxta.com\/uk\/","logo":{"@type":"ImageObject","inLanguage":"pt-PT","@id":"https:\/\/bxta.com\/uk\/#\/schema\/logo\/image\/","url":"https:\/\/bxta-staging.s3.eu-west-2.amazonaws.com\/app\/uploads\/2021\/09\/07212056\/BXTA-Logo.png","contentUrl":"https:\/\/bxta-staging.s3.eu-west-2.amazonaws.com\/app\/uploads\/2021\/09\/07212056\/BXTA-Logo.png","width":600,"height":373,"caption":"BXTA"},"image":{"@id":"https:\/\/bxta.com\/uk\/#\/schema\/logo\/image\/"},"sameAs":["https:\/\/www.facebook.com\/bxtainternational\/","https:\/\/x.com\/BXTA_","https:\/\/www.linkedin.com\/company\/bxtaccelyon","https:\/\/www.youtube.com\/channel\/UCkTU9L10CS5c1eWtGiMZ7gw"]}]}},"_links":{"self":[{"href":"https:\/\/bxta.com\/pt\/wp-json\/wp\/v2\/pages\/365","targetHints":{"allow":["GET"]}}],"collection":[{"href":"https:\/\/bxta.com\/pt\/wp-json\/wp\/v2\/pages"}],"about":[{"href":"https:\/\/bxta.com\/pt\/wp-json\/wp\/v2\/types\/page"}],"author":[{"embeddable":true,"href":"https:\/\/bxta.com\/pt\/wp-json\/wp\/v2\/users\/1"}],"replies":[{"embeddable":true,"href":"https:\/\/bxta.com\/pt\/wp-json\/wp\/v2\/comments?post=365"}],"version-history":[{"count":45,"href":"https:\/\/bxta.com\/pt\/wp-json\/wp\/v2\/pages\/365\/revisions"}],"predecessor-version":[{"id":3273,"href":"https:\/\/bxta.com\/pt\/wp-json\/wp\/v2\/pages\/365\/revisions\/3273"}],"up":[{"embeddable":true,"href":"https:\/\/bxta.com\/pt\/wp-json\/wp\/v2\/pages\/242"}],"wp:attachment":[{"href":"https:\/\/bxta.com\/pt\/wp-json\/wp\/v2\/media?parent=365"}],"curies":[{"name":"wp","href":"https:\/\/api.w.org\/{rel}","templated":true}]}}