{"id":351,"date":"2020-03-29T22:36:29","date_gmt":"2020-03-29T22:36:29","guid":{"rendered":"http:\/\/bxta-staging.website\/?page_id=351"},"modified":"2020-06-20T10:51:31","modified_gmt":"2020-06-20T10:51:31","slug":"how-does-brachytherapy-compare","status":"publish","type":"page","link":"https:\/\/bxta.com\/pt\/patient-information\/how-does-brachytherapy-compare\/","title":{"rendered":"How does Brachytherapy compare?"},"content":{"rendered":"<div id=\"\" class=\"wp-block-cgb-block-ll-content-block ll-row ll-row--med\"><div class=\"ll-content\"><div class=\"ll-content__inner\">\n<div class=\"wp-block-cgb-block-ll-innerblock-heading\"><div class=\"ll-headings\"><h3 class=\"ll-heading ll-heading--med\" style=\"color:#03843e\">De que forma podemos comparar a braquiterapia?<\/h3><\/div><\/div>\n\n\n\n<p>A braquiterapia LDR (implanta\u00e7\u00e3o de sementes) \u00e9 um dos tr\u00eas tratamentos radicais* para homens com cancro da pr\u00f3stata localizado de risco baixo ou interm\u00e9dio. Outros tratamentos s\u00e3o a cirurgia (prostatectomia radical \u2013 remo\u00e7\u00e3o total da pr\u00f3stata) ou a radioterapia por feixes externos.<\/p>\n\n\n\n<p>A dura\u00e7\u00e3o do internamento hospitalar \u00e9 mais curta com a braquiterapia LDR, frequentemente apenas um ou dois dias ao inv\u00e9s de v\u00e1rias consultas e\/ou internamentos. Para al\u00e9m disso, a recupera\u00e7\u00e3o \u00e9 r\u00e1pida.<\/p>\n\n\n\n<p>A braquiterapia LDR est\u00e1 associada a menos complica\u00e7\u00f5es comparativamente a outros tratamentos radicais*; os efeitos secund\u00e1rios em geral n\u00e3o s\u00e3o t\u00e3o graves e os doentes podem retomar as suas atividades di\u00e1rias mais rapidamente.<\/p>\n\n\n\n<p>*Radical refere-se a tratamentos concebidos para remover ou eliminar as c\u00e9lulas cancer\u00edgenas<\/p>\n\n\n\n<p>O cancro da pr\u00f3stata localizado pode ser tratado de diversas formas. O seu m\u00e9dico ir\u00e1 apresentar-lhe as op\u00e7\u00f5es adequadas com base no est\u00e1gio do seu cancro, a sua idade, os poss\u00edveis efeitos secund\u00e1rios e se existe a possibilidade de a doen\u00e7a se desenvolver ao longo do tempo, e, como \u00e9 \u00f3bvio, as suas prefer\u00eancias pessoais. \u00c9 prov\u00e1vel que seja submetido a v\u00e1rios exames diferentes antes e depois de o diagn\u00f3stico ser efetuado. Estes exames tamb\u00e9m ajudar\u00e3o a monitorizar o seu tratamento, de modo a verificar se est\u00e1 ou n\u00e3o a resultar. Quando os resultados dos exames s\u00e3o recebidos pela primeira vez, existe um leque de op\u00e7\u00f5es dispon\u00edveis. Se a sua doen\u00e7a for ligeira a moderada, mas ainda localizada (ou seja, contida no interior da pr\u00f3stata), poder\u00e3o ser-lhe apresentadas uma ou mais das terap\u00eauticas explicadas a seguir.<\/p>\n\n\n\n<p>Em fevereiro de 2008, o governo emitiu orienta\u00e7\u00f5es para os m\u00e9dicos atrav\u00e9s do National Institute of Health and Clinical Excellence (NICE) relativas \u00e0 melhor forma de tratar o cancro da pr\u00f3stata<a rel=\"noreferrer noopener\" href=\"http:\/\/www.nice.org.uk\/guidance?action=byID&amp;o=11924\" target=\"_blank\">(consulte NICE guideline CG 58)<\/a>. Para os homens com cancro da pr\u00f3stata localizado (cancro que ainda n\u00e3o se disseminou para fora da pr\u00f3stata), foram indicadas 5 op\u00e7\u00f5es.<\/p>\n\n\n\n<p>Conduta expectante: O cancro da pr\u00f3stata \u00e9, normalmente, de crescimento lento e nas fases iniciais pode n\u00e3o causar problemas, portanto, o seu m\u00e9dico pode sugerir que aguarde para ver se ocorrem altera\u00e7\u00f5es (o seu m\u00e9dico continuar\u00e1 a monitoriz\u00e1-lo).<\/p>\n\n\n\n<p>Vigil\u00e2ncia ativa: Significa que, embora n\u00e3o seja submetido a nenhum tratamento contra o cancro, ser\u00e1 mantido sob apertada vigil\u00e2ncia e continuamente monitorizado pelo seu especialista. Caso existam evid\u00eancias de evolu\u00e7\u00e3o da doen\u00e7a, ser-lhe-\u00e1 apresentada a op\u00e7\u00e3o de efetuar um tratamento radical* \u2013 prostatectomia, braquiterapia ou radioterapia (ver abaixo).<\/p>\n\n\n\n<p>Os tratamentos radicais s\u00e3o todos semelhantes em termos de sobreviv\u00eancia livre de doen\u00e7a, mas existem diferen\u00e7as em termos de impacto na qualidade de vida do homem.<\/p>\n<\/div><\/div><\/div>\n\n\n\n<div id=\"Radical-Prostatectomy\" class=\"wp-block-cgb-block-ll-content-block ll-row ll-row--med\"><div class=\"ll-content\"><div class=\"ll-content__inner\">\n<div class=\"wp-block-cgb-block-ll-innerblock-heading\"><div class=\"ll-headings\"><h3 class=\"ll-heading ll-heading--med\" style=\"color:#03843e\">Radical Prostatectomy<\/h3><\/div><\/div>\n\n\n\n<p><strong>Em que consiste?<\/strong><\/p>\n\n\n\n<p>A prostatectomia radical \u00e9 uma cirurgia que visa a remo\u00e7\u00e3o total da pr\u00f3stata. Trata-se de uma interven\u00e7\u00e3o cir\u00fargica dif\u00edcil e complexa.<\/p>\n\n\n\n<p><strong>Quanto tempo demora? <\/strong><\/p>\n\n\n\n<p>O tempo de internamento \u00e9, habitualmente, entre 3 a 7 dias e o doente pode ir para casa com um cateter (tubo) urin\u00e1rio pelo qual passa a urina. Poder\u00e1 ser necess\u00e1rio ausentar-se do trabalho at\u00e9 6 semanas e n\u00e3o poder\u00e1 conduzir durante 4 semanas.<\/p>\n\n\n\n<p><strong>Vantagens:&nbsp;&nbsp;&nbsp;<\/strong><\/p>\n\n\n\n<ul class=\"wp-block-list\"><li>Cirurgia \u2013 habitualmente uma \u00fanica interven\u00e7\u00e3o cir\u00fargica&nbsp;&nbsp;&nbsp;<\/li><li>Saber que o tumor foi removido<\/li><\/ul>\n\n\n\n<p><strong>Desvantagens:<\/strong><\/p>\n\n\n\n<ul class=\"wp-block-list\"><li>\u00c9 uma cirurgia dif\u00edcil e os doentes t\u00eam de ficar hospitalizados at\u00e9 1 semana.<\/li><li>N\u00e3o \u00e9 bem tolerada por homens com muita idade ou por homens cujo estado de sa\u00fade geral n\u00e3o \u00e9 satisfat\u00f3rio.<\/li><li>Os efeitos secund\u00e1rios da cirurgia podem incluir disfun\u00e7\u00e3o er\u00e9til (incapacidade de conseguir uma ere\u00e7\u00e3o) numa elevada percentagem de doentes e incontin\u00eancia (perda de controlo urin\u00e1rio) num pequeno n\u00famero de homens.<\/li><\/ul>\n<\/div><\/div><\/div>\n\n\n\n<div id=\"ebrt\" class=\"wp-block-cgb-block-ll-content-block ll-row ll-row--med\"><div class=\"ll-content\"><div class=\"ll-content__inner\">\n<div class=\"wp-block-cgb-block-ll-innerblock-heading\"><div class=\"ll-headings\"><h3 class=\"ll-heading ll-heading--med\" style=\"color:#03843e\">Radioterapia por feixes externos (EBRT)<\/h3><\/div><\/div>\n\n\n\n<p><strong>Em que consiste?<\/strong><br>A EBRT envolve a passagem de feixes de radia\u00e7\u00e3o pelo corpo, direcionados para a pr\u00f3stata, num processo semelhante a uma radiografia. \u00c9 utilizada para tratar a doen\u00e7a localizada e tamb\u00e9m para abrandar a progress\u00e3o de cancros mais avan\u00e7ados<\/p>\n\n\n\n<p><strong>Quanto tempo demora? <\/strong><br>O tratamento \u00e9 administrado em ambulat\u00f3rio, tendo os doentes de comparecer no local designado para o tratamento 5 dias por semana, durante 4-7 semanas. Em cada consulta, o doente recebe uma pequena fra\u00e7\u00e3o da dose de radia\u00e7\u00e3o at\u00e9 terminarem todas as sess\u00f5es de terapia.<\/p>\n\n\n\n<p><strong>Vantagens:&nbsp;&nbsp;&nbsp;<\/strong><\/p>\n\n\n\n<ul class=\"wp-block-list\"><li>\u00c9 razoavelmente bem tolerada por homens com mais idade.<\/li><li>N\u00e3o \u00e9 necess\u00e1rio pernoitar no hospital.<\/li><li>Quando comparada com a prostatectomia radical, o risco de disfun\u00e7\u00e3o er\u00e9til \u00e9 menor e a incid\u00eancia de incontin\u00eancia \u00e9 baixa. <\/li><\/ul>\n\n\n\n<p><strong>Desvantagens:<\/strong><\/p>\n\n\n\n<ul class=\"wp-block-list\"><li>\u00c9 necess\u00e1rio deslocar-se v\u00e1rias vezes ao hospital ao longo de v\u00e1rias semanas. Pode perturbar consideravelmente a sua rotina profissional e pessoal normal.<\/li><li>Existe uma maior probabilidade de ocorrer disfun\u00e7\u00e3o er\u00e9til.<\/li><li>Pode originar uma variedade de efeitos secund\u00e1rios e complica\u00e7\u00f5es devido \u00e0s les\u00f5es da radia\u00e7\u00e3o nos tecidos saud\u00e1veis (por ex., fadiga, mic\u00e7\u00e3o frequente e dolorosa, diarreia, irrita\u00e7\u00e3o ou hemorragia retal).<\/li><\/ul>\n<\/div><\/div><\/div>\n\n\n\n<div id=\"ldr\" class=\"wp-block-cgb-block-ll-content-block ll-row ll-row--med\"><div class=\"ll-content\"><div class=\"ll-content__inner\">\n<div class=\"wp-block-cgb-block-ll-innerblock-heading\"><div class=\"ll-headings\"><h3 class=\"ll-heading ll-heading--med\" style=\"color:#03843e\">Braquiterapia LDR<\/h3><\/div><\/div>\n\n\n\n<p>A braquiterapia LDR (implanta\u00e7\u00e3o de sementes) (descrita em maior pormenor noutras sec\u00e7\u00f5es deste site) n\u00e3o implica uma grande interven\u00e7\u00e3o cir\u00fargica.<\/p>\n\n\n\n<p><strong>Em que consiste?<\/strong><br>S\u00e3o colocadas pequenas sementes radioativas, cada uma do tamanho de um gr\u00e3o de arroz, na pr\u00f3stata utilizando agulhas finas. As sementes emitem baixos n\u00edveis de radia\u00e7\u00e3o at\u00e9 1 ano, eliminando as c\u00e9lulas cancer\u00edgenas.<\/p>\n\n\n\n<p><strong>Quanto tempo demora? <\/strong><br>Uma consulta no hospital para planeamento do tratamento e outra consulta para a inser\u00e7\u00e3o das sementes. Contudo, \u00e9 cada vez mais comum as duas etapas serem realizadas na mesma desloca\u00e7\u00e3o, o que pode implicar pernoitar no hospital. Durante os primeiros dias ap\u00f3s o tratamento, n\u00e3o deve realizar atividades que exijam esfor\u00e7o nem levantar objetos pesados; por\u00e9m, depois deste per\u00edodo, poder\u00e1 retomar a sua vida normal.<\/p>\n\n\n\n<p><strong>Vantagens:&nbsp;&nbsp;&nbsp;<\/strong><\/p>\n\n\n\n<ul class=\"wp-block-list\"><li>As sementes podem ser posicionadas ao longo da pr\u00f3stata com um elevado grau de precis\u00e3o.<\/li><li>Cada semente afeta apenas uma pequena \u00e1rea e os \u00f3rg\u00e3os adjacentes s\u00e3o atingidos por n\u00edveis de radia\u00e7\u00e3o relativamente baixos. Estes \u00f3rg\u00e3os incluem o reto, que se encontra diretamente por detr\u00e1s da pr\u00f3stata, e a bexiga, que se situa por cima. Consequentemente, pode sentir menos efeitos secund\u00e1rios graves ao urinar ou na motilidade intestinal em rela\u00e7\u00e3o a outros tratamentos.<\/li><li>O tempo de recupera\u00e7\u00e3o \u00e9 r\u00e1pido e a maioria dos homens regressa ao trabalho e retoma as suas atividades di\u00e1rias dentro de poucos dias.<\/li><\/ul>\n\n\n\n<p><strong>Desvantagens:<\/strong><\/p>\n\n\n\n<ul class=\"wp-block-list\"><li>Poder\u00e1 necessitar de duas anestesias gerais.<\/li><li>Pode sentir dificuldades em urinar nos primeiros 6 meses.<\/li><\/ul>\n<\/div><\/div><\/div>\n\n\n\n<div id=\"\" class=\"wp-block-cgb-block-ll-content-block ll-row default\"><div class=\"ll-content\"><div class=\"ll-content__inner\">\n<p>A braquiterapia LDR \u00e9 normalmente administrada isoladamente, por\u00e9m, em determinadas circunst\u00e2ncias, pode ser administrada em conjunto com a radioterapia por feixes externos (EBRT) ou ap\u00f3s um tratamento de terapia hormonal, o qual \u00e9, por vezes, utilizado para diminuir o tamanho da pr\u00f3stata.<\/p>\n\n\n\n<div style=\"height:30px\" aria-hidden=\"true\" class=\"wp-block-spacer\"><\/div>\n\n\n\n<p><strong>References:<\/strong><\/p>\n\n\n\n<ul class=\"ll-text-sm wp-block-list\"><li><em>Buron C, Le Vu B, Jean-Cosset J-M et al. Brachytherapy versus Prostatectomy In Localized Prostate Cancer: Results of a French Multicenter Prospective Medico-Economic Study. Int. J. Radiation Oncology Biol. Phys. 2007, Vol. 67, No. 3, Pp. 812-822<\/em><\/li><li><em>Frank SJ, Pisters LL, Davis J et al. An Assessment of Quality of Life Following Radical Prostatectomy, High Dose External Beam Radiation Therapy and Brachytherapy Iodine Implantation as Monotherapies for Localized Prostate Cancer. J Urol 2007. Vol. 177, 2151-2156<\/em><\/li><li><em>Langley SEM, Laing R. Prostate brachytherapy has come of age: a review of the technique and results BJU International 2002;89:241-249<\/em><\/li><\/ul>\n\n\n\n<div class=\"wp-block-cgb-block-ll-innerblock-text-padded\"><div class=\"ll-text-padded\"><p>  <\/p><\/div><\/div>\n<\/div><\/div><\/div>","protected":false},"excerpt":{"rendered":"","protected":false},"author":1,"featured_media":0,"parent":242,"menu_order":0,"comment_status":"closed","ping_status":"closed","template":"template-content-sidebar.php","meta":{"_acf_changed":false,"_monsterinsights_skip_tracking":false,"_monsterinsights_sitenote_active":false,"_monsterinsights_sitenote_note":"","_monsterinsights_sitenote_category":0,"footnotes":""},"class_list":["post-351","page","type-page","status-publish","hentry"],"acf":[],"yoast_head":"<!-- This site is optimized with the Yoast SEO plugin v27.6 - https:\/\/yoast.com\/product\/yoast-seo-wordpress\/ -->\n<title>How does Brachytherapy compare? - BXTA<\/title>\n<meta name=\"robots\" content=\"index, follow, max-snippet:-1, max-image-preview:large, max-video-preview:-1\" \/>\n<link rel=\"canonical\" href=\"https:\/\/bxta.com\/pt\/patient-information\/how-does-brachytherapy-compare\/\" \/>\n<meta property=\"og:locale\" content=\"pt_PT\" \/>\n<meta property=\"og:type\" content=\"article\" \/>\n<meta property=\"og:title\" content=\"How does Brachytherapy compare? - BXTA\" \/>\n<meta property=\"og:url\" content=\"https:\/\/bxta.com\/pt\/patient-information\/how-does-brachytherapy-compare\/\" \/>\n<meta property=\"og:site_name\" content=\"BXTA\" \/>\n<meta property=\"article:publisher\" content=\"https:\/\/www.facebook.com\/bxtainternational\/\" \/>\n<meta property=\"article:modified_time\" content=\"2020-06-20T10:51:31+00:00\" \/>\n<meta property=\"og:image\" content=\"https:\/\/bxta.com\/wp-content\/uploads\/2021\/05\/BXTA-2-scaled.jpg\" \/>\n\t<meta property=\"og:image:width\" content=\"1480\" \/>\n\t<meta property=\"og:image:height\" content=\"1046\" \/>\n\t<meta property=\"og:image:type\" content=\"image\/jpeg\" \/>\n<meta name=\"twitter:card\" content=\"summary_large_image\" \/>\n<meta name=\"twitter:site\" content=\"@BXTA_\" \/>\n<meta name=\"twitter:label1\" content=\"Tempo estimado de leitura\" \/>\n\t<meta name=\"twitter:data1\" content=\"6 minutos\" \/>\n<script type=\"application\/ld+json\" class=\"yoast-schema-graph\">{\"@context\":\"https:\\\/\\\/schema.org\",\"@graph\":[{\"@type\":\"WebPage\",\"@id\":\"https:\\\/\\\/bxta.com\\\/patient-information\\\/how-does-brachytherapy-compare\\\/\",\"url\":\"https:\\\/\\\/bxta.com\\\/patient-information\\\/how-does-brachytherapy-compare\\\/\",\"name\":\"How does Brachytherapy compare? - BXTA\",\"isPartOf\":{\"@id\":\"https:\\\/\\\/bxta.com\\\/uk\\\/#website\"},\"datePublished\":\"2020-03-29T22:36:29+00:00\",\"dateModified\":\"2020-06-20T10:51:31+00:00\",\"breadcrumb\":{\"@id\":\"https:\\\/\\\/bxta.com\\\/patient-information\\\/how-does-brachytherapy-compare\\\/#breadcrumb\"},\"inLanguage\":\"pt-PT\",\"potentialAction\":[{\"@type\":\"ReadAction\",\"target\":[\"https:\\\/\\\/bxta.com\\\/patient-information\\\/how-does-brachytherapy-compare\\\/\"]}]},{\"@type\":\"BreadcrumbList\",\"@id\":\"https:\\\/\\\/bxta.com\\\/patient-information\\\/how-does-brachytherapy-compare\\\/#breadcrumb\",\"itemListElement\":[{\"@type\":\"ListItem\",\"position\":1,\"name\":\"Home\",\"item\":\"https:\\\/\\\/bxta.com\\\/\"},{\"@type\":\"ListItem\",\"position\":2,\"name\":\"Patient Information\",\"item\":\"https:\\\/\\\/bxta.com\\\/patient-information\\\/\"},{\"@type\":\"ListItem\",\"position\":3,\"name\":\"How does Brachytherapy compare?\"}]},{\"@type\":\"WebSite\",\"@id\":\"https:\\\/\\\/bxta.com\\\/uk\\\/#website\",\"url\":\"https:\\\/\\\/bxta.com\\\/uk\\\/\",\"name\":\"BXTA\",\"description\":\"Let\u2019s tackle Prostate Cancer together | BXTA\",\"publisher\":{\"@id\":\"https:\\\/\\\/bxta.com\\\/uk\\\/#organization\"},\"potentialAction\":[{\"@type\":\"SearchAction\",\"target\":{\"@type\":\"EntryPoint\",\"urlTemplate\":\"https:\\\/\\\/bxta.com\\\/uk\\\/?s={search_term_string}\"},\"query-input\":{\"@type\":\"PropertyValueSpecification\",\"valueRequired\":true,\"valueName\":\"search_term_string\"}}],\"inLanguage\":\"pt-PT\"},{\"@type\":\"Organization\",\"@id\":\"https:\\\/\\\/bxta.com\\\/uk\\\/#organization\",\"name\":\"BXTA\",\"url\":\"https:\\\/\\\/bxta.com\\\/uk\\\/\",\"logo\":{\"@type\":\"ImageObject\",\"inLanguage\":\"pt-PT\",\"@id\":\"https:\\\/\\\/bxta.com\\\/uk\\\/#\\\/schema\\\/logo\\\/image\\\/\",\"url\":\"https:\\\/\\\/bxta-staging.s3.eu-west-2.amazonaws.com\\\/app\\\/uploads\\\/2021\\\/09\\\/07212056\\\/BXTA-Logo.png\",\"contentUrl\":\"https:\\\/\\\/bxta-staging.s3.eu-west-2.amazonaws.com\\\/app\\\/uploads\\\/2021\\\/09\\\/07212056\\\/BXTA-Logo.png\",\"width\":600,\"height\":373,\"caption\":\"BXTA\"},\"image\":{\"@id\":\"https:\\\/\\\/bxta.com\\\/uk\\\/#\\\/schema\\\/logo\\\/image\\\/\"},\"sameAs\":[\"https:\\\/\\\/www.facebook.com\\\/bxtainternational\\\/\",\"https:\\\/\\\/x.com\\\/BXTA_\",\"https:\\\/\\\/www.linkedin.com\\\/company\\\/bxtaccelyon\",\"https:\\\/\\\/www.youtube.com\\\/channel\\\/UCkTU9L10CS5c1eWtGiMZ7gw\"]}]}<\/script>\n<!-- \/ Yoast SEO plugin. -->","yoast_head_json":{"title":"How does Brachytherapy compare? - BXTA","robots":{"index":"index","follow":"follow","max-snippet":"max-snippet:-1","max-image-preview":"max-image-preview:large","max-video-preview":"max-video-preview:-1"},"canonical":"https:\/\/bxta.com\/pt\/patient-information\/how-does-brachytherapy-compare\/","og_locale":"pt_PT","og_type":"article","og_title":"How does Brachytherapy compare? - BXTA","og_url":"https:\/\/bxta.com\/pt\/patient-information\/how-does-brachytherapy-compare\/","og_site_name":"BXTA","article_publisher":"https:\/\/www.facebook.com\/bxtainternational\/","article_modified_time":"2020-06-20T10:51:31+00:00","og_image":[{"width":1480,"height":1046,"url":"https:\/\/bxta.com\/wp-content\/uploads\/2021\/05\/BXTA-2-scaled.jpg","type":"image\/jpeg"}],"twitter_card":"summary_large_image","twitter_site":"@BXTA_","twitter_misc":{"Tempo estimado de leitura":"6 minutos"},"schema":{"@context":"https:\/\/schema.org","@graph":[{"@type":"WebPage","@id":"https:\/\/bxta.com\/patient-information\/how-does-brachytherapy-compare\/","url":"https:\/\/bxta.com\/patient-information\/how-does-brachytherapy-compare\/","name":"How does Brachytherapy compare? - BXTA","isPartOf":{"@id":"https:\/\/bxta.com\/uk\/#website"},"datePublished":"2020-03-29T22:36:29+00:00","dateModified":"2020-06-20T10:51:31+00:00","breadcrumb":{"@id":"https:\/\/bxta.com\/patient-information\/how-does-brachytherapy-compare\/#breadcrumb"},"inLanguage":"pt-PT","potentialAction":[{"@type":"ReadAction","target":["https:\/\/bxta.com\/patient-information\/how-does-brachytherapy-compare\/"]}]},{"@type":"BreadcrumbList","@id":"https:\/\/bxta.com\/patient-information\/how-does-brachytherapy-compare\/#breadcrumb","itemListElement":[{"@type":"ListItem","position":1,"name":"Home","item":"https:\/\/bxta.com\/"},{"@type":"ListItem","position":2,"name":"Patient Information","item":"https:\/\/bxta.com\/patient-information\/"},{"@type":"ListItem","position":3,"name":"How does Brachytherapy compare?"}]},{"@type":"WebSite","@id":"https:\/\/bxta.com\/uk\/#website","url":"https:\/\/bxta.com\/uk\/","name":"BXTA","description":"Vamos combater juntos o cancro da pr\u00f3stata | BXTA","publisher":{"@id":"https:\/\/bxta.com\/uk\/#organization"},"potentialAction":[{"@type":"SearchAction","target":{"@type":"EntryPoint","urlTemplate":"https:\/\/bxta.com\/uk\/?s={search_term_string}"},"query-input":{"@type":"PropertyValueSpecification","valueRequired":true,"valueName":"search_term_string"}}],"inLanguage":"pt-PT"},{"@type":"Organization","@id":"https:\/\/bxta.com\/uk\/#organization","name":"BXTA","url":"https:\/\/bxta.com\/uk\/","logo":{"@type":"ImageObject","inLanguage":"pt-PT","@id":"https:\/\/bxta.com\/uk\/#\/schema\/logo\/image\/","url":"https:\/\/bxta-staging.s3.eu-west-2.amazonaws.com\/app\/uploads\/2021\/09\/07212056\/BXTA-Logo.png","contentUrl":"https:\/\/bxta-staging.s3.eu-west-2.amazonaws.com\/app\/uploads\/2021\/09\/07212056\/BXTA-Logo.png","width":600,"height":373,"caption":"BXTA"},"image":{"@id":"https:\/\/bxta.com\/uk\/#\/schema\/logo\/image\/"},"sameAs":["https:\/\/www.facebook.com\/bxtainternational\/","https:\/\/x.com\/BXTA_","https:\/\/www.linkedin.com\/company\/bxtaccelyon","https:\/\/www.youtube.com\/channel\/UCkTU9L10CS5c1eWtGiMZ7gw"]}]}},"_links":{"self":[{"href":"https:\/\/bxta.com\/pt\/wp-json\/wp\/v2\/pages\/351","targetHints":{"allow":["GET"]}}],"collection":[{"href":"https:\/\/bxta.com\/pt\/wp-json\/wp\/v2\/pages"}],"about":[{"href":"https:\/\/bxta.com\/pt\/wp-json\/wp\/v2\/types\/page"}],"author":[{"embeddable":true,"href":"https:\/\/bxta.com\/pt\/wp-json\/wp\/v2\/users\/1"}],"replies":[{"embeddable":true,"href":"https:\/\/bxta.com\/pt\/wp-json\/wp\/v2\/comments?post=351"}],"version-history":[{"count":10,"href":"https:\/\/bxta.com\/pt\/wp-json\/wp\/v2\/pages\/351\/revisions"}],"predecessor-version":[{"id":801,"href":"https:\/\/bxta.com\/pt\/wp-json\/wp\/v2\/pages\/351\/revisions\/801"}],"up":[{"embeddable":true,"href":"https:\/\/bxta.com\/pt\/wp-json\/wp\/v2\/pages\/242"}],"wp:attachment":[{"href":"https:\/\/bxta.com\/pt\/wp-json\/wp\/v2\/media?parent=351"}],"curies":[{"name":"wp","href":"https:\/\/api.w.org\/{rel}","templated":true}]}}