{"id":326,"date":"2020-03-29T22:29:36","date_gmt":"2020-03-29T22:29:36","guid":{"rendered":"http:\/\/bxta-staging.website\/?page_id=326"},"modified":"2022-10-26T12:03:57","modified_gmt":"2022-10-26T12:03:57","slug":"resources","status":"publish","type":"page","link":"https:\/\/bxta.com\/pt\/healthcare-professionals\/resources\/","title":{"rendered":"Recursos"},"content":{"rendered":"<div style=\"height:30px\" aria-hidden=\"true\" class=\"wp-block-spacer\"><\/div>\n\n\n\n<h1 class=\"has-text-align-left ll-heading--lrg has-c-primary-color has-text-color wp-block-heading\">Recursos<\/h1>\n\n\n\n<p>Welcome to our new dedicated page for healthcare professionals.&nbsp;Here you will find useful resources and training information.<\/p>\n\n\n\n<div style=\"height:50px\" aria-hidden=\"true\" class=\"wp-block-spacer\"><\/div>\n\n\n\n<div id=\"\" class=\"wp-block-cgb-block-ll-cards-cta ll-row ll-row--med bxta-cta-alt\"><div class=\"ll-cards--cta\"><div class=\"ll-cards__wrapper\">\n<div class=\"wp-block-cgb-block-ll-inner-card-cta ll-card--cta ll-cards__card ll-card--white\"><div class=\"ll-cards__content\"><div class=\"ll-cards__icon no-icon\"><img decoding=\"async\" src=\"\" alt=\"\"\/><\/div><div class=\"ll-cards__headings\"><h3 class=\"ll-cards__heading\">GP guide to LDR Prostate Brachytherapy<\/h3><\/div><div class=\"ll-cards__text\"><p class=\"ll-text--sml\"> <small>Dedicated to providing GPs with further information and education on LDR prostate brachytherapy, in order to improve and retain expertise in all aspects of prostate cancer treatment.<\/small><\/p>\n<div class=\"wp-block-cgb-block-ll-innerblock-list  ll-list\">\n<ul class=\"wp-block-list\"><li><\/li><\/ul>\n<\/div>\n<\/div><div class=\"ll-cards__buttons\"><a href=\"\/pt\/gp-information\/\" title=\"gp information\" rel=\"noopener\" class=\"ll-button default\">Learn more<\/a><\/div><\/div><\/div>\n\n\n\n<div class=\"wp-block-cgb-block-ll-inner-card-cta ll-card--cta ll-cards__card ll-card--white\"><div class=\"ll-cards__content\"><div class=\"ll-cards__icon no-icon\"><img decoding=\"async\" src=\"\" alt=\"\"\/><\/div><div class=\"ll-cards__headings\"><h3 class=\"ll-cards__heading\">Specialist nurses self-learning tutorial<\/h3><\/div><div class=\"ll-cards__text\"><p class=\"ll-text--sml\"> <small>Um tutorial de autoaprendizagem que integra um programa cont\u00ednuo de forma\u00e7\u00e3o de enfermagem desenvolvido em colabora\u00e7\u00e3o com eminentes especialistas e ministrado por BXTA para ajudar a compreender melhor a Braquiterapia prost\u00e1tica de baixa dosagem (LDR na sigla em ingl\u00eas) que confere benef\u00edcios em termos de efic\u00e1cia e qualidade de vida em compara\u00e7\u00e3o com outros tratamentos<\/small><\/p><\/div><div class=\"ll-cards__buttons\"><a href=\"https:\/\/bxta.com\/pt\/healthcare-professionals\/nurses-guide-to-ldr-bracytherapy\/\" title=\"Find out more\" rel=\"noopener\" class=\"ll-button ll-button--secondary\">Learn more<\/a><\/div><\/div><\/div>\n<\/div><\/div><\/div>\n\n\n\n<div id=\"\" class=\"wp-block-cgb-block-ll-cards-cta ll-row ll-row--med bxta-cta-alt\"><div class=\"ll-cards--cta\"><div class=\"ll-cards__wrapper\">\n<div class=\"wp-block-cgb-block-ll-inner-card-cta ll-card--cta ll-cards__card ll-card--white\"><div class=\"ll-cards__content\"><div class=\"ll-cards__icon no-icon\"><img decoding=\"async\" src=\"\" alt=\"\"\/><\/div><div class=\"ll-cards__headings\"><h3 class=\"ll-cards__heading\">The ASCENDE-RT Trial<\/h3><\/div><div class=\"ll-cards__text\"><p class=\"ll-text--sml\"> <small>The ASCENDE-RT study from Canada, is a randomized trial comparing the use of dose-escalated external beam radiation therapy (DE-EBRT) and low-dose-rate-brachytherapy (LDR-B) in men with intermediate- and high-risk prostate cancer.<\/small><\/p><\/div><div class=\"ll-cards__buttons\"><a href=\"https:\/\/bxta.com\/pt\/ascende-rt-study\/\" title=\"Saiba mais\" rel=\"noopener\" class=\"ll-button default\">Learn more<\/a><\/div><\/div><\/div>\n\n\n\n<div class=\"wp-block-cgb-block-ll-inner-card-cta ll-card--cta ll-cards__card ll-card--white\"><div class=\"ll-cards__content\"><div class=\"ll-cards__icon no-icon\"><img decoding=\"async\" src=\"\" alt=\"\"\/><\/div><div class=\"ll-cards__headings\"><h3 class=\"ll-cards__heading\">Prostate Cancer Results Study Group (PCRSG)<\/h3><\/div><div class=\"ll-cards__text\"><p class=\"ll-text--sml\"> <small>The study involves a panel of experts from Australia, USA, UK, Canada, Belgium, Germany, Portugal &amp; The Netherlands. They conducted a review of published studies between 2000\u20132015 involving over 52,000 men with localised prostate cancer.<\/small><\/p><\/div><div class=\"ll-cards__buttons\"><a href=\"https:\/\/bxta.com\/pt\/pcrsg-study\/\" title=\"Find out more\" rel=\"noopener\" class=\"ll-button ll-button--secondary\">Learn more<\/a><\/div><\/div><\/div>\n<\/div><\/div><\/div>\n\n\n\n<div style=\"height:8px\" aria-hidden=\"true\" class=\"wp-block-spacer\"><\/div>\n\n\n\n<div id=\"\" class=\"wp-block-cgb-block-ll-cards-cta ll-row ll-row--med bxta-cta-alt\"><div class=\"ll-cards--cta\"><div class=\"ll-cards__wrapper\">\n<div class=\"wp-block-cgb-block-ll-inner-card-cta ll-card--cta ll-cards__card ll-card--white\"><div class=\"ll-cards__content\"><div class=\"ll-cards__icon no-icon\"><img decoding=\"async\" src=\"\" alt=\"\"\/><\/div><div class=\"ll-cards__headings\"><h3 class=\"ll-cards__heading\">Prostate cancer guide for patients<\/h3><\/div><div class=\"ll-cards__text\"><p class=\"ll-text--sml\"> <small>A guide for patients that have been diagnosed with prostate cancer that are looking for information about the disease and the treatment options that might be available to them. A useful document that can be shared by healthcare professionals with patients.<\/small><\/p>\n<div class=\"wp-block-cgb-block-ll-innerblock-list  ll-list\">\n<ul class=\"wp-block-list\"><li><\/li><\/ul>\n<\/div>\n<\/div><div class=\"ll-cards__buttons\"><a href=\"https:\/\/bxta.com\/wp-content\/uploads\/2022\/10\/BXTA-Prostate-Cancer-Patient-Brochure.pdf\" title=\"Find out more\" rel=\"noopener\" class=\"ll-button default\">Download Our Guide Here<\/a><\/div><\/div><\/div>\n<\/div><\/div><\/div>","protected":false},"excerpt":{"rendered":"<p>Resources Welcome to our new dedicated page for healthcare professionals.&nbsp;Here you will find useful resources and training information.<\/p>","protected":false},"author":1,"featured_media":0,"parent":306,"menu_order":0,"comment_status":"closed","ping_status":"closed","template":"template-content.php","meta":{"_acf_changed":false,"_monsterinsights_skip_tracking":false,"_monsterinsights_sitenote_active":false,"_monsterinsights_sitenote_note":"","_monsterinsights_sitenote_category":0,"footnotes":""},"class_list":["post-326","page","type-page","status-publish","hentry"],"acf":[],"yoast_head":"<!-- This site is optimized with the Yoast SEO plugin v27.4 - https:\/\/yoast.com\/product\/yoast-seo-wordpress\/ -->\n<title>Resources - BXTA<\/title>\n<meta name=\"robots\" content=\"index, follow, max-snippet:-1, max-image-preview:large, max-video-preview:-1\" \/>\n<link rel=\"canonical\" href=\"https:\/\/bxta.com\/pt\/healthcare-professionals\/resources\/\" \/>\n<meta property=\"og:locale\" content=\"pt_PT\" \/>\n<meta property=\"og:type\" content=\"article\" \/>\n<meta property=\"og:title\" content=\"Resources - BXTA\" \/>\n<meta property=\"og:description\" content=\"Resources Welcome to our new dedicated page for healthcare professionals.&nbsp;Here you will find useful resources and training information.\" \/>\n<meta property=\"og:url\" content=\"https:\/\/bxta.com\/pt\/healthcare-professionals\/resources\/\" \/>\n<meta property=\"og:site_name\" content=\"BXTA\" \/>\n<meta property=\"article:publisher\" content=\"https:\/\/www.facebook.com\/bxtainternational\/\" \/>\n<meta property=\"article:modified_time\" content=\"2022-10-26T12:03:57+00:00\" \/>\n<meta property=\"og:image\" content=\"https:\/\/bxta.com\/wp-content\/uploads\/2021\/05\/BXTA-2-scaled.jpg\" \/>\n\t<meta property=\"og:image:width\" content=\"1480\" \/>\n\t<meta property=\"og:image:height\" content=\"1046\" \/>\n\t<meta property=\"og:image:type\" content=\"image\/jpeg\" \/>\n<meta name=\"twitter:card\" content=\"summary_large_image\" \/>\n<meta name=\"twitter:site\" content=\"@BXTA_\" \/>\n<meta name=\"twitter:label1\" content=\"Tempo estimado de leitura\" \/>\n\t<meta name=\"twitter:data1\" content=\"2 minutos\" \/>\n<script type=\"application\/ld+json\" class=\"yoast-schema-graph\">{\"@context\":\"https:\\\/\\\/schema.org\",\"@graph\":[{\"@type\":\"WebPage\",\"@id\":\"https:\\\/\\\/bxta.com\\\/healthcare-professionals\\\/resources\\\/\",\"url\":\"https:\\\/\\\/bxta.com\\\/healthcare-professionals\\\/resources\\\/\",\"name\":\"Resources - BXTA\",\"isPartOf\":{\"@id\":\"https:\\\/\\\/bxta.com\\\/uk\\\/#website\"},\"datePublished\":\"2020-03-29T22:29:36+00:00\",\"dateModified\":\"2022-10-26T12:03:57+00:00\",\"breadcrumb\":{\"@id\":\"https:\\\/\\\/bxta.com\\\/healthcare-professionals\\\/resources\\\/#breadcrumb\"},\"inLanguage\":\"pt-PT\",\"potentialAction\":[{\"@type\":\"ReadAction\",\"target\":[\"https:\\\/\\\/bxta.com\\\/healthcare-professionals\\\/resources\\\/\"]}]},{\"@type\":\"BreadcrumbList\",\"@id\":\"https:\\\/\\\/bxta.com\\\/healthcare-professionals\\\/resources\\\/#breadcrumb\",\"itemListElement\":[{\"@type\":\"ListItem\",\"position\":1,\"name\":\"Home\",\"item\":\"https:\\\/\\\/bxta.com\\\/\"},{\"@type\":\"ListItem\",\"position\":2,\"name\":\"Healthcare Professionals\",\"item\":\"https:\\\/\\\/bxta.com\\\/uk\\\/healthcare-professionals\\\/\"},{\"@type\":\"ListItem\",\"position\":3,\"name\":\"Resources\"}]},{\"@type\":\"WebSite\",\"@id\":\"https:\\\/\\\/bxta.com\\\/uk\\\/#website\",\"url\":\"https:\\\/\\\/bxta.com\\\/uk\\\/\",\"name\":\"BXTA\",\"description\":\"Let\u2019s tackle Prostate Cancer together | BXTA\",\"publisher\":{\"@id\":\"https:\\\/\\\/bxta.com\\\/uk\\\/#organization\"},\"potentialAction\":[{\"@type\":\"SearchAction\",\"target\":{\"@type\":\"EntryPoint\",\"urlTemplate\":\"https:\\\/\\\/bxta.com\\\/uk\\\/?s={search_term_string}\"},\"query-input\":{\"@type\":\"PropertyValueSpecification\",\"valueRequired\":true,\"valueName\":\"search_term_string\"}}],\"inLanguage\":\"pt-PT\"},{\"@type\":\"Organization\",\"@id\":\"https:\\\/\\\/bxta.com\\\/uk\\\/#organization\",\"name\":\"BXTA\",\"url\":\"https:\\\/\\\/bxta.com\\\/uk\\\/\",\"logo\":{\"@type\":\"ImageObject\",\"inLanguage\":\"pt-PT\",\"@id\":\"https:\\\/\\\/bxta.com\\\/uk\\\/#\\\/schema\\\/logo\\\/image\\\/\",\"url\":\"https:\\\/\\\/bxta-staging.s3.eu-west-2.amazonaws.com\\\/app\\\/uploads\\\/2021\\\/09\\\/07212056\\\/BXTA-Logo.png\",\"contentUrl\":\"https:\\\/\\\/bxta-staging.s3.eu-west-2.amazonaws.com\\\/app\\\/uploads\\\/2021\\\/09\\\/07212056\\\/BXTA-Logo.png\",\"width\":600,\"height\":373,\"caption\":\"BXTA\"},\"image\":{\"@id\":\"https:\\\/\\\/bxta.com\\\/uk\\\/#\\\/schema\\\/logo\\\/image\\\/\"},\"sameAs\":[\"https:\\\/\\\/www.facebook.com\\\/bxtainternational\\\/\",\"https:\\\/\\\/x.com\\\/BXTA_\",\"https:\\\/\\\/www.linkedin.com\\\/company\\\/bxtaccelyon\",\"https:\\\/\\\/www.youtube.com\\\/channel\\\/UCkTU9L10CS5c1eWtGiMZ7gw\"]}]}<\/script>\n<!-- \/ Yoast SEO plugin. -->","yoast_head_json":{"title":"Resources - BXTA","robots":{"index":"index","follow":"follow","max-snippet":"max-snippet:-1","max-image-preview":"max-image-preview:large","max-video-preview":"max-video-preview:-1"},"canonical":"https:\/\/bxta.com\/pt\/healthcare-professionals\/resources\/","og_locale":"pt_PT","og_type":"article","og_title":"Resources - BXTA","og_description":"Resources Welcome to our new dedicated page for healthcare professionals.&nbsp;Here you will find useful resources and training information.","og_url":"https:\/\/bxta.com\/pt\/healthcare-professionals\/resources\/","og_site_name":"BXTA","article_publisher":"https:\/\/www.facebook.com\/bxtainternational\/","article_modified_time":"2022-10-26T12:03:57+00:00","og_image":[{"width":1480,"height":1046,"url":"https:\/\/bxta.com\/wp-content\/uploads\/2021\/05\/BXTA-2-scaled.jpg","type":"image\/jpeg"}],"twitter_card":"summary_large_image","twitter_site":"@BXTA_","twitter_misc":{"Tempo estimado de leitura":"2 minutos"},"schema":{"@context":"https:\/\/schema.org","@graph":[{"@type":"WebPage","@id":"https:\/\/bxta.com\/healthcare-professionals\/resources\/","url":"https:\/\/bxta.com\/healthcare-professionals\/resources\/","name":"Resources - BXTA","isPartOf":{"@id":"https:\/\/bxta.com\/uk\/#website"},"datePublished":"2020-03-29T22:29:36+00:00","dateModified":"2022-10-26T12:03:57+00:00","breadcrumb":{"@id":"https:\/\/bxta.com\/healthcare-professionals\/resources\/#breadcrumb"},"inLanguage":"pt-PT","potentialAction":[{"@type":"ReadAction","target":["https:\/\/bxta.com\/healthcare-professionals\/resources\/"]}]},{"@type":"BreadcrumbList","@id":"https:\/\/bxta.com\/healthcare-professionals\/resources\/#breadcrumb","itemListElement":[{"@type":"ListItem","position":1,"name":"Home","item":"https:\/\/bxta.com\/"},{"@type":"ListItem","position":2,"name":"Healthcare Professionals","item":"https:\/\/bxta.com\/uk\/healthcare-professionals\/"},{"@type":"ListItem","position":3,"name":"Resources"}]},{"@type":"WebSite","@id":"https:\/\/bxta.com\/uk\/#website","url":"https:\/\/bxta.com\/uk\/","name":"BXTA","description":"Vamos combater juntos o cancro da pr\u00f3stata | BXTA","publisher":{"@id":"https:\/\/bxta.com\/uk\/#organization"},"potentialAction":[{"@type":"SearchAction","target":{"@type":"EntryPoint","urlTemplate":"https:\/\/bxta.com\/uk\/?s={search_term_string}"},"query-input":{"@type":"PropertyValueSpecification","valueRequired":true,"valueName":"search_term_string"}}],"inLanguage":"pt-PT"},{"@type":"Organization","@id":"https:\/\/bxta.com\/uk\/#organization","name":"BXTA","url":"https:\/\/bxta.com\/uk\/","logo":{"@type":"ImageObject","inLanguage":"pt-PT","@id":"https:\/\/bxta.com\/uk\/#\/schema\/logo\/image\/","url":"https:\/\/bxta-staging.s3.eu-west-2.amazonaws.com\/app\/uploads\/2021\/09\/07212056\/BXTA-Logo.png","contentUrl":"https:\/\/bxta-staging.s3.eu-west-2.amazonaws.com\/app\/uploads\/2021\/09\/07212056\/BXTA-Logo.png","width":600,"height":373,"caption":"BXTA"},"image":{"@id":"https:\/\/bxta.com\/uk\/#\/schema\/logo\/image\/"},"sameAs":["https:\/\/www.facebook.com\/bxtainternational\/","https:\/\/x.com\/BXTA_","https:\/\/www.linkedin.com\/company\/bxtaccelyon","https:\/\/www.youtube.com\/channel\/UCkTU9L10CS5c1eWtGiMZ7gw"]}]}},"_links":{"self":[{"href":"https:\/\/bxta.com\/pt\/wp-json\/wp\/v2\/pages\/326","targetHints":{"allow":["GET"]}}],"collection":[{"href":"https:\/\/bxta.com\/pt\/wp-json\/wp\/v2\/pages"}],"about":[{"href":"https:\/\/bxta.com\/pt\/wp-json\/wp\/v2\/types\/page"}],"author":[{"embeddable":true,"href":"https:\/\/bxta.com\/pt\/wp-json\/wp\/v2\/users\/1"}],"replies":[{"embeddable":true,"href":"https:\/\/bxta.com\/pt\/wp-json\/wp\/v2\/comments?post=326"}],"version-history":[{"count":39,"href":"https:\/\/bxta.com\/pt\/wp-json\/wp\/v2\/pages\/326\/revisions"}],"predecessor-version":[{"id":3678,"href":"https:\/\/bxta.com\/pt\/wp-json\/wp\/v2\/pages\/326\/revisions\/3678"}],"up":[{"embeddable":true,"href":"https:\/\/bxta.com\/pt\/wp-json\/wp\/v2\/pages\/306"}],"wp:attachment":[{"href":"https:\/\/bxta.com\/pt\/wp-json\/wp\/v2\/media?parent=326"}],"curies":[{"name":"wp","href":"https:\/\/api.w.org\/{rel}","templated":true}]}}