{"id":371,"date":"2020-03-29T22:38:50","date_gmt":"2020-03-29T22:38:50","guid":{"rendered":"http:\/\/bxta-staging.website\/?page_id=371"},"modified":"2021-12-15T16:19:42","modified_gmt":"2021-12-15T16:19:42","slug":"webbxt","status":"publish","type":"page","link":"https:\/\/bxta.com\/nl\/healthcare-professionals\/webbxt\/","title":{"rendered":"WebBXT"},"content":{"rendered":"<div id=\"\" class=\"wp-block-cgb-block-ll-content-block ll-row ll-row--med\"><div class=\"ll-content\"><div class=\"ll-content__inner\">\n<div class=\"wp-block-image\"><figure class=\"aligncenter size-large is-resized\"><img decoding=\"async\" src=\"http:\/\/bxt-accelyon.com\/wp-content\/uploads\/2020\/09\/Screenshot-2020-09-04-at-16.30.23-1040x397.png\" alt=\"\" class=\"wp-image-1845\" width=\"278\" height=\"106\" srcset=\"https:\/\/bxta.com\/wp-content\/uploads\/2020\/09\/Screenshot-2020-09-04-at-16.30.23-1040x397.png 1040w, https:\/\/bxta.com\/wp-content\/uploads\/2020\/09\/Screenshot-2020-09-04-at-16.30.23-800x306.png 800w, https:\/\/bxta.com\/wp-content\/uploads\/2020\/09\/Screenshot-2020-09-04-at-16.30.23-768x293.png 768w, https:\/\/bxta.com\/wp-content\/uploads\/2020\/09\/Screenshot-2020-09-04-at-16.30.23-350x134.png 350w, https:\/\/bxta.com\/wp-content\/uploads\/2020\/09\/Screenshot-2020-09-04-at-16.30.23-400x153.png 400w, https:\/\/bxta.com\/wp-content\/uploads\/2020\/09\/Screenshot-2020-09-04-at-16.30.23.png 1120w\" sizes=\"(max-width: 278px) 100vw, 278px\" \/><\/figure><\/div>\n\n\n\n<p>webBXT is een uniek e-commerce platform dat voorziet in online bestellen, handig gegevensbeheer en geautomatiseerde zaadjesberekening en ordergeneratie. Via een intu\u00eftieve en gebruiksvriendelijke interface biedt webBXT onze klanten de mogelijkheid op \u00e9\u00e9n online platform zaadjes te bestellen, gegevens effici\u00ebnt te beheren en hulpmiddelen te optimaliseren.<\/p>\n\n\n\n<div class=\"wp-block-image is-style-default\"><figure class=\"aligncenter size-large is-resized\"><img decoding=\"async\" src=\"https:\/\/bxt-accelyon.com\/wp-content\/uploads\/2020\/08\/William-Keough1-1040x650.jpg\" alt=\"\" class=\"wp-image-1135\" width=\"412\" height=\"258\" srcset=\"https:\/\/bxta.com\/wp-content\/uploads\/2020\/08\/William-Keough1-1040x650.jpg 1040w, https:\/\/bxta.com\/wp-content\/uploads\/2020\/08\/William-Keough1-800x500.jpg 800w, https:\/\/bxta.com\/wp-content\/uploads\/2020\/08\/William-Keough1-768x480.jpg 768w, https:\/\/bxta.com\/wp-content\/uploads\/2020\/08\/William-Keough1-1536x960.jpg 1536w, https:\/\/bxta.com\/wp-content\/uploads\/2020\/08\/William-Keough1-2048x1280.jpg 2048w, https:\/\/bxta.com\/wp-content\/uploads\/2020\/08\/William-Keough1-350x219.jpg 350w, https:\/\/bxta.com\/wp-content\/uploads\/2020\/08\/William-Keough1-400x250.jpg 400w, https:\/\/bxta.com\/wp-content\/uploads\/2020\/08\/William-Keough1-1240x775.jpg 1240w, https:\/\/bxta.com\/wp-content\/uploads\/2020\/08\/William-Keough1-1440x900.jpg 1440w, https:\/\/bxta.com\/wp-content\/uploads\/2020\/08\/William-Keough1-1940x1213.jpg 1940w, https:\/\/bxta.com\/wp-content\/uploads\/2020\/08\/William-Keough1-scaled.jpg 1480w\" sizes=\"(max-width: 412px) 100vw, 412px\" \/><\/figure><\/div>\n\n\n\n<p>\"webBXT is een modern en gebruikersvriendelijk bestelplatform. Wij vinden het een goed software-ontwerp, dat zowel flexibiliteit als vertrouwen in het bestelproces biedt. De software vraagt om een tweede bevestiging voordat de definitieve bestelling naar de fabrikant wordt gestuurd. Deze extra stap vormt een onafhankelijke controle op de juistheid en volledigheid van de bestelling. webBXT maakt het bestelproces eenvoudig en effici\u00ebnt. \u201c<\/p>\n\n\n\n<p><strong>Dr. William Keough<\/strong> &#8211; <em>Adviseur klinisch specialist, Hoofd Brachyherapie<\/em>.<\/p>\n\n\n\n<p> <em>Edinburgh Cancer Centre,&nbsp;Western General Hospital&nbsp;<\/em><\/p>\n<\/div><\/div><\/div>\n\n\n\n<div id=\"\" class=\"wp-block-cgb-block-ll-content-block ll-row default\"><div class=\"ll-content\"><div class=\"ll-content__inner\">\n<div class=\"wp-block-cgb-block-ll-innerblock-heading\"><div class=\"ll-headings\"><h3 class=\"ll-heading ll-heading--med\" style=\"color:#03843e\">Handig, snel en betrouwbaar - met webBXT heeft u:<\/h3><\/div><\/div>\n\n\n\n<ul class=\"wp-block-list\"><li>De mogelijkheid om op afstand in te loggen<\/li><li>Minder papierwerk en een betere traceerbaarheid<\/li><li>Online bestelformulieren, bevestigingen en facturen<\/li><li>E-mail updates over het volgen van bestellingen en de status ervan<\/li><li>Gestroomlijnde autorisatieprocessen en controlelogboeken<\/li><li>Geautomatiseerde rapportage over het gebruik van zaadjes<\/li><li>Volledige documentopslag<\/li><li>Vertrouwen voor u en uw pati\u00ebnten<\/li><li>A robustly tested platform developed to e-banking standards<\/li><li>Een robuust getest platform, ontwikkeld volgens telebankiernormen<\/li><li>Toegang tot 4D Brachytherapy\u2122 en in \u00e9\u00e9n stap een unieke online berekening van de voorgeladen strandstrands<\/li><li>Orderverwerking van BXTAccelyon-producten - geselecteerd en gespecificeerd volgens de hoogste normen<\/li><\/ul>\n\n\n\n<p>Als u voor het eerst zaadjes wilt bestellen via webBXT, neem dan contact op met onze klantenservice op <a href=\"#\">+44 (0) 1628 308420 <\/a>stuur een e-mail of ga naar <a href=\"https:\/\/webbxt.com\" target=\"_blank\" rel=\"noreferrer noopener\">https:\/\/webbxt.com<\/a><\/p>\n\n\n\n<div class=\"wp-block-image\"><figure class=\"aligncenter size-large is-resized\"><img decoding=\"async\" src=\"https:\/\/static.wixstatic.com\/media\/71e412_5c4cbfc825de4a15872a0823ed554909.png\/v1\/fill\/w_593,h_319,al_c,lg_1,q_85\/71e412_5c4cbfc825de4a15872a0823ed554909.webp\" alt=\"\" width=\"593\" height=\"319\"\/><\/figure><\/div>\n\n\n\n<div class=\"wp-block-image is-style-default\"><figure class=\"aligncenter size-large\"><img decoding=\"async\" width=\"1040\" height=\"694\" src=\"https:\/\/bxt-accelyon.com\/wp-content\/uploads\/2020\/08\/WebBXT-DSC_4799-2-1040x694.jpg\" alt=\"\" class=\"wp-image-1116\" srcset=\"https:\/\/bxta.com\/wp-content\/uploads\/2020\/08\/WebBXT-DSC_4799-2-1040x694.jpg 1040w, https:\/\/bxta.com\/wp-content\/uploads\/2020\/08\/WebBXT-DSC_4799-2-800x534.jpg 800w, https:\/\/bxta.com\/wp-content\/uploads\/2020\/08\/WebBXT-DSC_4799-2-768x513.jpg 768w, https:\/\/bxta.com\/wp-content\/uploads\/2020\/08\/WebBXT-DSC_4799-2-1536x1025.jpg 1536w, https:\/\/bxta.com\/wp-content\/uploads\/2020\/08\/WebBXT-DSC_4799-2-2048x1367.jpg 2048w, https:\/\/bxta.com\/wp-content\/uploads\/2020\/08\/WebBXT-DSC_4799-2-350x234.jpg 350w, https:\/\/bxta.com\/wp-content\/uploads\/2020\/08\/WebBXT-DSC_4799-2-400x267.jpg 400w, https:\/\/bxta.com\/wp-content\/uploads\/2020\/08\/WebBXT-DSC_4799-2-1240x828.jpg 1240w, https:\/\/bxta.com\/wp-content\/uploads\/2020\/08\/WebBXT-DSC_4799-2-1440x961.jpg 1440w, https:\/\/bxta.com\/wp-content\/uploads\/2020\/08\/WebBXT-DSC_4799-2-1940x1295.jpg 1940w, https:\/\/bxta.com\/wp-content\/uploads\/2020\/08\/WebBXT-DSC_4799-2-scaled.jpg 1480w\" sizes=\"(max-width: 1040px) 100vw, 1040px\" \/><\/figure><\/div>\n\n\n\n<div id=\"\" class=\"wp-block-cgb-block-ll-cards-downloads ll-row default\"><div class=\"ll-cards--case\"><div class=\"ll-cards__wrapper\">\n<div id=\"\" class=\"wp-block-cgb-block-ll-case-card ll-card--case\"><div class=\"ll-card__inner\"><div class=\"ll-card__image\"><img decoding=\"async\" src=\"https:\/\/bxta.com\/wp-content\/uploads\/2021\/12\/webxt-datasheet-screenshot.png\" alt=\"pdf screenshot\"\/><\/div><div class=\"ll-card__title\"><a class=\"ll-card__link\" title=\"&lt;a href=&quot;\/wp-content\/uploads\/2021\/12\/BXTA-WebBXT-Data-Sheet-ENG.pdf&quot; rel=&quot;nofollow&quot;&gt;webBXT Datasheets (EN)&lt;\/a&gt;\"><a href=\"\/wp-content\/uploads\/2021\/12\/BXTA-WebBXT-Data-Sheet-ENG.pdf\" rel=\"nofollow\">webBXT Datasheets (EN)<\/a><\/a><\/div><\/div><\/div>\n\n\n\n<div id=\"\" class=\"wp-block-cgb-block-ll-case-card ll-card--case\"><div class=\"ll-card__inner\"><div class=\"ll-card__image\"><img decoding=\"async\" src=\"https:\/\/bxta.com\/wp-content\/uploads\/2021\/12\/webxt-datasheet-screenshot.png\"\/><\/div><div class=\"ll-card__title\"><a class=\"ll-card__link\" title=\"&lt;a href=&quot;\/wp-content\/uploads\/2021\/12\/BXTA-WebBXT-Data-Sheet-NL.pdf&quot; rel=&quot;nofollow&quot;&gt;webBXT Datasheets (NL)&lt;\/a&gt;\"><a href=\"\/wp-content\/uploads\/2021\/12\/BXTA-WebBXT-Data-Sheet-NL.pdf\" rel=\"nofollow\">webBXT Datasheets (NL)<\/a><\/a><\/div><\/div><\/div>\n<\/div><\/div><\/div>\n\n\n\n<p><\/p>\n<\/div><\/div><\/div>\n\n\n\n<p><\/p>","protected":false},"excerpt":{"rendered":"","protected":false},"author":1,"featured_media":0,"parent":306,"menu_order":0,"comment_status":"closed","ping_status":"closed","template":"template-content-wide.php","meta":{"_acf_changed":false,"_monsterinsights_skip_tracking":false,"_monsterinsights_sitenote_active":false,"_monsterinsights_sitenote_note":"","_monsterinsights_sitenote_category":0,"footnotes":""},"class_list":["post-371","page","type-page","status-publish","hentry"],"acf":[],"yoast_head":"<!-- This site is optimized with the Yoast SEO plugin v27.4 - https:\/\/yoast.com\/product\/yoast-seo-wordpress\/ -->\n<title>Ordering online using WebBXT - BXTA<\/title>\n<meta name=\"description\" content=\"webBXT is a unique e-commerce platform providing ordering, convenient data management and automated seed calculation and order generation.\" \/>\n<meta name=\"robots\" content=\"index, follow, max-snippet:-1, max-image-preview:large, max-video-preview:-1\" \/>\n<link rel=\"canonical\" href=\"https:\/\/bxta.com\/nl\/healthcare-professionals\/webbxt\/\" \/>\n<meta property=\"og:locale\" content=\"nl_NL\" \/>\n<meta property=\"og:type\" content=\"article\" \/>\n<meta property=\"og:title\" content=\"Ordering online using WebBXT - BXTA\" \/>\n<meta property=\"og:description\" content=\"webBXT is a unique e-commerce platform providing ordering, convenient data management and automated seed calculation and order generation.\" \/>\n<meta property=\"og:url\" content=\"https:\/\/bxta.com\/nl\/healthcare-professionals\/webbxt\/\" \/>\n<meta property=\"og:site_name\" content=\"BXTA\" \/>\n<meta property=\"article:publisher\" content=\"https:\/\/www.facebook.com\/bxtainternational\/\" \/>\n<meta property=\"article:modified_time\" content=\"2021-12-15T16:19:42+00:00\" \/>\n<meta property=\"og:image\" content=\"http:\/\/bxt-accelyon.com\/wp-content\/uploads\/2020\/09\/Screenshot-2020-09-04-at-16.30.23-1040x397.png\" \/>\n<meta name=\"twitter:card\" content=\"summary_large_image\" \/>\n<meta name=\"twitter:site\" content=\"@BXTA_\" \/>\n<meta name=\"twitter:label1\" content=\"Geschatte leestijd\" \/>\n\t<meta name=\"twitter:data1\" content=\"3 minuten\" \/>\n<script type=\"application\/ld+json\" class=\"yoast-schema-graph\">{\"@context\":\"https:\\\/\\\/schema.org\",\"@graph\":[{\"@type\":\"WebPage\",\"@id\":\"https:\\\/\\\/bxta.com\\\/healthcare-professionals\\\/webbxt\\\/\",\"url\":\"https:\\\/\\\/bxta.com\\\/healthcare-professionals\\\/webbxt\\\/\",\"name\":\"Ordering online using WebBXT - BXTA\",\"isPartOf\":{\"@id\":\"https:\\\/\\\/bxta.com\\\/uk\\\/#website\"},\"primaryImageOfPage\":{\"@id\":\"https:\\\/\\\/bxta.com\\\/healthcare-professionals\\\/webbxt\\\/#primaryimage\"},\"image\":{\"@id\":\"https:\\\/\\\/bxta.com\\\/healthcare-professionals\\\/webbxt\\\/#primaryimage\"},\"thumbnailUrl\":\"http:\\\/\\\/bxt-accelyon.com\\\/wp-content\\\/uploads\\\/2020\\\/09\\\/Screenshot-2020-09-04-at-16.30.23-1040x397.png\",\"datePublished\":\"2020-03-29T22:38:50+00:00\",\"dateModified\":\"2021-12-15T16:19:42+00:00\",\"description\":\"webBXT is a unique e-commerce platform providing ordering, convenient data management and automated seed calculation and order generation.\",\"breadcrumb\":{\"@id\":\"https:\\\/\\\/bxta.com\\\/healthcare-professionals\\\/webbxt\\\/#breadcrumb\"},\"inLanguage\":\"nl-NL\",\"potentialAction\":[{\"@type\":\"ReadAction\",\"target\":[\"https:\\\/\\\/bxta.com\\\/healthcare-professionals\\\/webbxt\\\/\"]}]},{\"@type\":\"ImageObject\",\"inLanguage\":\"nl-NL\",\"@id\":\"https:\\\/\\\/bxta.com\\\/healthcare-professionals\\\/webbxt\\\/#primaryimage\",\"url\":\"http:\\\/\\\/bxt-accelyon.com\\\/wp-content\\\/uploads\\\/2020\\\/09\\\/Screenshot-2020-09-04-at-16.30.23-1040x397.png\",\"contentUrl\":\"http:\\\/\\\/bxt-accelyon.com\\\/wp-content\\\/uploads\\\/2020\\\/09\\\/Screenshot-2020-09-04-at-16.30.23-1040x397.png\"},{\"@type\":\"BreadcrumbList\",\"@id\":\"https:\\\/\\\/bxta.com\\\/healthcare-professionals\\\/webbxt\\\/#breadcrumb\",\"itemListElement\":[{\"@type\":\"ListItem\",\"position\":1,\"name\":\"Home\",\"item\":\"https:\\\/\\\/bxta.com\\\/\"},{\"@type\":\"ListItem\",\"position\":2,\"name\":\"Healthcare Professionals\",\"item\":\"https:\\\/\\\/bxta.com\\\/uk\\\/healthcare-professionals\\\/\"},{\"@type\":\"ListItem\",\"position\":3,\"name\":\"WebBXT\"}]},{\"@type\":\"WebSite\",\"@id\":\"https:\\\/\\\/bxta.com\\\/uk\\\/#website\",\"url\":\"https:\\\/\\\/bxta.com\\\/uk\\\/\",\"name\":\"BXTA\",\"description\":\"Let\u2019s tackle Prostate Cancer together | BXTA\",\"publisher\":{\"@id\":\"https:\\\/\\\/bxta.com\\\/uk\\\/#organization\"},\"potentialAction\":[{\"@type\":\"SearchAction\",\"target\":{\"@type\":\"EntryPoint\",\"urlTemplate\":\"https:\\\/\\\/bxta.com\\\/uk\\\/?s={search_term_string}\"},\"query-input\":{\"@type\":\"PropertyValueSpecification\",\"valueRequired\":true,\"valueName\":\"search_term_string\"}}],\"inLanguage\":\"nl-NL\"},{\"@type\":\"Organization\",\"@id\":\"https:\\\/\\\/bxta.com\\\/uk\\\/#organization\",\"name\":\"BXTA\",\"url\":\"https:\\\/\\\/bxta.com\\\/uk\\\/\",\"logo\":{\"@type\":\"ImageObject\",\"inLanguage\":\"nl-NL\",\"@id\":\"https:\\\/\\\/bxta.com\\\/uk\\\/#\\\/schema\\\/logo\\\/image\\\/\",\"url\":\"https:\\\/\\\/bxta-staging.s3.eu-west-2.amazonaws.com\\\/app\\\/uploads\\\/2021\\\/09\\\/07212056\\\/BXTA-Logo.png\",\"contentUrl\":\"https:\\\/\\\/bxta-staging.s3.eu-west-2.amazonaws.com\\\/app\\\/uploads\\\/2021\\\/09\\\/07212056\\\/BXTA-Logo.png\",\"width\":600,\"height\":373,\"caption\":\"BXTA\"},\"image\":{\"@id\":\"https:\\\/\\\/bxta.com\\\/uk\\\/#\\\/schema\\\/logo\\\/image\\\/\"},\"sameAs\":[\"https:\\\/\\\/www.facebook.com\\\/bxtainternational\\\/\",\"https:\\\/\\\/x.com\\\/BXTA_\",\"https:\\\/\\\/www.linkedin.com\\\/company\\\/bxtaccelyon\",\"https:\\\/\\\/www.youtube.com\\\/channel\\\/UCkTU9L10CS5c1eWtGiMZ7gw\"]}]}<\/script>\n<!-- \/ Yoast SEO plugin. -->","yoast_head_json":{"title":"Ordering online using WebBXT - BXTA","description":"webBXT is a unique e-commerce platform providing ordering, convenient data management and automated seed calculation and order generation.","robots":{"index":"index","follow":"follow","max-snippet":"max-snippet:-1","max-image-preview":"max-image-preview:large","max-video-preview":"max-video-preview:-1"},"canonical":"https:\/\/bxta.com\/nl\/healthcare-professionals\/webbxt\/","og_locale":"nl_NL","og_type":"article","og_title":"Ordering online using WebBXT - BXTA","og_description":"webBXT is a unique e-commerce platform providing ordering, convenient data management and automated seed calculation and order generation.","og_url":"https:\/\/bxta.com\/nl\/healthcare-professionals\/webbxt\/","og_site_name":"BXTA","article_publisher":"https:\/\/www.facebook.com\/bxtainternational\/","article_modified_time":"2021-12-15T16:19:42+00:00","og_image":[{"url":"http:\/\/bxt-accelyon.com\/wp-content\/uploads\/2020\/09\/Screenshot-2020-09-04-at-16.30.23-1040x397.png","type":"","width":"","height":""}],"twitter_card":"summary_large_image","twitter_site":"@BXTA_","twitter_misc":{"Geschatte leestijd":"3 minuten"},"schema":{"@context":"https:\/\/schema.org","@graph":[{"@type":"WebPage","@id":"https:\/\/bxta.com\/healthcare-professionals\/webbxt\/","url":"https:\/\/bxta.com\/healthcare-professionals\/webbxt\/","name":"Ordering online using WebBXT - BXTA","isPartOf":{"@id":"https:\/\/bxta.com\/uk\/#website"},"primaryImageOfPage":{"@id":"https:\/\/bxta.com\/healthcare-professionals\/webbxt\/#primaryimage"},"image":{"@id":"https:\/\/bxta.com\/healthcare-professionals\/webbxt\/#primaryimage"},"thumbnailUrl":"http:\/\/bxt-accelyon.com\/wp-content\/uploads\/2020\/09\/Screenshot-2020-09-04-at-16.30.23-1040x397.png","datePublished":"2020-03-29T22:38:50+00:00","dateModified":"2021-12-15T16:19:42+00:00","description":"webBXT is a unique e-commerce platform providing ordering, convenient data management and automated seed calculation and order generation.","breadcrumb":{"@id":"https:\/\/bxta.com\/healthcare-professionals\/webbxt\/#breadcrumb"},"inLanguage":"nl-NL","potentialAction":[{"@type":"ReadAction","target":["https:\/\/bxta.com\/healthcare-professionals\/webbxt\/"]}]},{"@type":"ImageObject","inLanguage":"nl-NL","@id":"https:\/\/bxta.com\/healthcare-professionals\/webbxt\/#primaryimage","url":"http:\/\/bxt-accelyon.com\/wp-content\/uploads\/2020\/09\/Screenshot-2020-09-04-at-16.30.23-1040x397.png","contentUrl":"http:\/\/bxt-accelyon.com\/wp-content\/uploads\/2020\/09\/Screenshot-2020-09-04-at-16.30.23-1040x397.png"},{"@type":"BreadcrumbList","@id":"https:\/\/bxta.com\/healthcare-professionals\/webbxt\/#breadcrumb","itemListElement":[{"@type":"ListItem","position":1,"name":"Home","item":"https:\/\/bxta.com\/"},{"@type":"ListItem","position":2,"name":"Healthcare Professionals","item":"https:\/\/bxta.com\/uk\/healthcare-professionals\/"},{"@type":"ListItem","position":3,"name":"WebBXT"}]},{"@type":"WebSite","@id":"https:\/\/bxta.com\/uk\/#website","url":"https:\/\/bxta.com\/uk\/","name":"BXTA","description":"Let\u2019s tackle Prostate Cancer together | BXTA","publisher":{"@id":"https:\/\/bxta.com\/uk\/#organization"},"potentialAction":[{"@type":"SearchAction","target":{"@type":"EntryPoint","urlTemplate":"https:\/\/bxta.com\/uk\/?s={search_term_string}"},"query-input":{"@type":"PropertyValueSpecification","valueRequired":true,"valueName":"search_term_string"}}],"inLanguage":"nl-NL"},{"@type":"Organization","@id":"https:\/\/bxta.com\/uk\/#organization","name":"BXTA","url":"https:\/\/bxta.com\/uk\/","logo":{"@type":"ImageObject","inLanguage":"nl-NL","@id":"https:\/\/bxta.com\/uk\/#\/schema\/logo\/image\/","url":"https:\/\/bxta-staging.s3.eu-west-2.amazonaws.com\/app\/uploads\/2021\/09\/07212056\/BXTA-Logo.png","contentUrl":"https:\/\/bxta-staging.s3.eu-west-2.amazonaws.com\/app\/uploads\/2021\/09\/07212056\/BXTA-Logo.png","width":600,"height":373,"caption":"BXTA"},"image":{"@id":"https:\/\/bxta.com\/uk\/#\/schema\/logo\/image\/"},"sameAs":["https:\/\/www.facebook.com\/bxtainternational\/","https:\/\/x.com\/BXTA_","https:\/\/www.linkedin.com\/company\/bxtaccelyon","https:\/\/www.youtube.com\/channel\/UCkTU9L10CS5c1eWtGiMZ7gw"]}]}},"_links":{"self":[{"href":"https:\/\/bxta.com\/nl\/wp-json\/wp\/v2\/pages\/371","targetHints":{"allow":["GET"]}}],"collection":[{"href":"https:\/\/bxta.com\/nl\/wp-json\/wp\/v2\/pages"}],"about":[{"href":"https:\/\/bxta.com\/nl\/wp-json\/wp\/v2\/types\/page"}],"author":[{"embeddable":true,"href":"https:\/\/bxta.com\/nl\/wp-json\/wp\/v2\/users\/1"}],"replies":[{"embeddable":true,"href":"https:\/\/bxta.com\/nl\/wp-json\/wp\/v2\/comments?post=371"}],"version-history":[{"count":28,"href":"https:\/\/bxta.com\/nl\/wp-json\/wp\/v2\/pages\/371\/revisions"}],"predecessor-version":[{"id":3181,"href":"https:\/\/bxta.com\/nl\/wp-json\/wp\/v2\/pages\/371\/revisions\/3181"}],"up":[{"embeddable":true,"href":"https:\/\/bxta.com\/nl\/wp-json\/wp\/v2\/pages\/306"}],"wp:attachment":[{"href":"https:\/\/bxta.com\/nl\/wp-json\/wp\/v2\/media?parent=371"}],"curies":[{"name":"wp","href":"https:\/\/api.w.org\/{rel}","templated":true}]}}