{"id":693,"date":"2020-06-19T19:08:47","date_gmt":"2020-06-19T19:08:47","guid":{"rendered":"http:\/\/bxta-staging.website\/?page_id=693"},"modified":"2021-08-06T09:51:40","modified_gmt":"2021-08-06T09:51:40","slug":"single-stage-procedure","status":"publish","type":"page","link":"https:\/\/bxta.com\/es\/healthcare-professionals\/single-stage-procedure\/","title":{"rendered":"Operaci\u00f3n en un solo paso"},"content":{"rendered":"<div id=\"\" class=\"wp-block-cgb-block-ll-content-block ll-row ll-row--med\"><div class=\"ll-content\"><div class=\"ll-content__inner\">\n<div class=\"wp-block-cgb-block-ll-innerblock-heading\"><div class=\"ll-headings\"><h3 class=\"ll-heading ll-heading--lrg\" style=\"color:#03843e\">Operaci\u00f3n en un solo paso<\/h3><\/div><\/div>\n\n\n\n<p>Gracias a la aparici\u00f3n de la tecnolog\u00eda y de softwares avanzados, la braquiterapia de Baja Dosis se administra a d\u00eda de hoy en un solo paso.\u00a0<a href=\"https:\/\/www.bxt-accelyon.com\/4d-brachytherapy\">Braquiterapia en 4D<\/a>\u00a0es una nueva e innovadora manera de llevar a cabo intervenciones en un solo paso utilizando hebras de semillas pre-cargadas y semillas colocadas en el lugar \u00f3ptimo, en el centro, utilizando un esc\u00e1ner normal y en menos de una hora.\u00a0<a href=\"https:\/\/www.bxt-accelyon.com\/4d-brachytherapy\">Braquiterapia en 4D<\/a>\u00a0is exclusively available from BXTA through its online ordering software \u2013 webBXT.<\/p>\n<\/div><\/div><\/div>\n\n\n\n<div id=\"webBXT\" class=\"wp-block-cgb-block-ll-content-block ll-row ll-row--med\"><div class=\"ll-content\"><div class=\"ll-content__inner\">\n<div class=\"wp-block-cgb-block-ll-innerblock-heading\"><div class=\"ll-headings\"><h3 class=\"ll-heading ll-heading--sml\" style=\"color:#03843e\">webBXT<\/h3><\/div><\/div>\n\n\n\n<p>Unique e-commerce platform providing online ordering, convenient data management and automated seed calculation and order generation. An intuitive and easy-to-use interface, webBXT offers BXTA customers the opportunity to transform seed ordering practices, efficiently manage data and optimise resources all in one online resource.<\/p>\n<\/div><\/div><\/div>\n\n\n\n<div id=\"Pre-loaded-Kit\" class=\"wp-block-cgb-block-ll-content-block ll-row ll-row--med\"><div class=\"ll-content\"><div class=\"ll-content__inner\">\n<div class=\"wp-block-cgb-block-ll-innerblock-heading\"><div class=\"ll-headings\"><h3 class=\"ll-heading ll-heading--sml\" style=\"color:#03843e\">Kit de pre-carga<\/h3><\/div><\/div>\n\n\n\n<p>Kits cargados, personalizados y est\u00e9riles, preparados para usar ahorrando tiempo y recursos en la carga de agujas y preparaci\u00f3n de operaciones de braquiterapia. Es ideal para departamentos que est\u00e9n realizando varias intervenciones en una misma sesi\u00f3n. Disponible como TheraStrand o TheraSleeve, precargados a medida.<\/p>\n\n\n\n<p><\/p>\n<\/div><\/div><\/div>\n\n\n\n<div id=\"C20-Cartridge\" class=\"wp-block-cgb-block-ll-content-block ll-row ll-row--med\"><div class=\"ll-content\"><div class=\"ll-content__inner\">\n<div class=\"wp-block-cgb-block-ll-innerblock-heading\"><div class=\"ll-headings\"><h3 class=\"ll-heading ll-heading--sml\" style=\"color:#03843e\">Cartucho C20<\/h3><\/div><\/div>\n\n\n\n<p>Dise\u00f1o de cargador exclusivo (C20) est\u00e9ril y envasado individualmente. Cada C20 ofrece:<\/p>\n\n\n\n<ul class=\"wp-block-list\"><li> Contador de semillas gradual<\/li><li>Envase directo a la fuente para reducir la exposici\u00f3n<\/li><li>Capacidad de hasta 20 semillas para reducir el n\u00famero de cambios de cartucho<\/li><li>Dise\u00f1o antideslizante<\/li><li>Compatible con el aplicador Mick<\/li><\/ul>\n\n\n\n<p><\/p>\n<\/div><\/div><\/div>\n\n\n\n<div id=\"Plug-Free-Needles\" class=\"wp-block-cgb-block-ll-content-block ll-row ll-row--med\"><div class=\"ll-content\"><div class=\"ll-content__inner\">\n<div class=\"wp-block-cgb-block-ll-innerblock-heading\"><div class=\"ll-headings\"><h3 class=\"ll-heading ll-heading--sml\" style=\"color:#03843e\">Agujas sin tap\u00f3n<\/h3><\/div><\/div>\n\n\n\n<p>Sin tap\u00f3n: Dise\u00f1o revolucionario de aguja para braquiterapia. Ahora, disponible tambi\u00e9n en paquetes individuales.<\/p>\n\n\n\n<ul class=\"wp-block-list\"><li>Elimina los requisitos de cera \u00f3sea o tap\u00f3n sint\u00e9tico: una peque\u00f1a muesca en el borde biselado de la aguja sujeta la semilla hasta que es liberada<\/li><li>Facilita el manejo y colocaci\u00f3n de la aguja a trav\u00e9s de un dise\u00f1o intuitivo de aler\u00f3n biselado, favoreciendo la correcta colocaci\u00f3n de la semilla<\/li><li>Proporciona al operario un trabajo \u00f3ptimo de implantaci\u00f3n de semillas y hebras<\/li><\/ul>\n<\/div><\/div><\/div>\n\n\n\n<div id=\"Sterile-Packaging\" class=\"wp-block-cgb-block-ll-content-block ll-row ll-row--med\"><div class=\"ll-content\"><div class=\"ll-content__inner\">\n<div class=\"wp-block-cgb-block-ll-innerblock-heading\"><div class=\"ll-headings\"><h3 class=\"ll-heading ll-heading--sml\" style=\"color:#03843e\">Paquetes est\u00e9riles<\/h3><\/div><\/div>\n\n\n\n<p>Envasado exclusivo que permite a las hebras\/semillas del cartucho medir la actividad sin poner en riesgo la esterilidad. Ahorre tiempo y costes, ya que los soportes fuente no necesitan repetir el autoclavado. El ensayo con hebras se puede realizar al mismo tiempo para el equipo que las implanta.<\/p>\n\n\n\n<p><\/p>\n<\/div><\/div><\/div>\n\n\n\n<div id=\"IsoLoader\" class=\"wp-block-cgb-block-ll-content-block ll-row ll-row--med\"><div class=\"ll-content\"><div class=\"ll-content__inner\">\n<div class=\"wp-block-cgb-block-ll-innerblock-heading\"><div class=\"ll-headings\"><h3 class=\"ll-heading ll-heading--sml\" style=\"color:#03843e\">IsoLoader<\/h3><\/div><\/div>\n\n\n\n<p>El IsoLoader es una soluci\u00f3n intra-operativa adecuada, flexible y r\u00e1pida que crea unas hebras de alta calidad en el quir\u00f3fano.<\/p>\n\n\n\n<ul class=\"wp-block-list\"><li>De f\u00e1cil uso, este dispositivo de alta ingenier\u00eda permite personalizar las hebras con el fin de crear un entorno est\u00e9ril a tiempo real<\/li><li>Su tecnolog\u00eda \u00fanica encapsula las semillas de forma segura dentro de las hebras, evitando que se separen tras su implantaci\u00f3n<\/li><li>Las hebras se pueden cargar directamente en agujas precargadas y sin tap\u00f3n, o mediante tubos de transferencia y posterior a la carga<\/li><li>Es posible combinar de diversas maneras la carga de semillas\/espaciadores, siendo ideal para las cargas de aguja central.<\/li><\/ul>\n\n\n\n<p><a href=\"https:\/\/www.bxt-accelyon.com\/single-stage-prodecure\" target=\"_blank\" rel=\"noreferrer noopener\">Ver v\u00eddeo sel IsoLoader<\/a><\/p>\n\n\n\n<p><\/p>\n<\/div><\/div><\/div>\n\n\n\n<div id=\"\" class=\"wp-block-cgb-block-ll-cards-cta ll-row default\"><div class=\"ll-cards--cta\"><div class=\"ll-cards__wrapper\"><\/div><\/div><\/div>","protected":false},"excerpt":{"rendered":"","protected":false},"author":1,"featured_media":0,"parent":306,"menu_order":0,"comment_status":"closed","ping_status":"closed","template":"template-product.php","meta":{"_acf_changed":false,"_monsterinsights_skip_tracking":false,"_monsterinsights_sitenote_active":false,"_monsterinsights_sitenote_note":"","_monsterinsights_sitenote_category":0,"footnotes":""},"class_list":["post-693","page","type-page","status-publish","hentry"],"acf":[],"yoast_head":"<!-- This site is optimized with the Yoast SEO plugin v27.4 - https:\/\/yoast.com\/product\/yoast-seo-wordpress\/ -->\n<title>Single Stage Procedure - BXTA<\/title>\n<meta name=\"robots\" content=\"index, follow, max-snippet:-1, max-image-preview:large, max-video-preview:-1\" \/>\n<link rel=\"canonical\" href=\"https:\/\/bxta.com\/es\/healthcare-professionals\/single-stage-procedure\/\" \/>\n<meta property=\"og:locale\" content=\"es_ES\" \/>\n<meta property=\"og:type\" content=\"article\" \/>\n<meta property=\"og:title\" content=\"Single Stage Procedure - BXTA\" \/>\n<meta property=\"og:url\" content=\"https:\/\/bxta.com\/es\/healthcare-professionals\/single-stage-procedure\/\" \/>\n<meta property=\"og:site_name\" content=\"BXTA\" \/>\n<meta property=\"article:publisher\" content=\"https:\/\/www.facebook.com\/bxtainternational\/\" \/>\n<meta property=\"article:modified_time\" content=\"2021-08-06T09:51:40+00:00\" \/>\n<meta property=\"og:image\" content=\"https:\/\/bxta.com\/wp-content\/uploads\/2021\/05\/BXTA-2-scaled.jpg\" \/>\n\t<meta property=\"og:image:width\" content=\"1480\" \/>\n\t<meta property=\"og:image:height\" content=\"1046\" \/>\n\t<meta property=\"og:image:type\" content=\"image\/jpeg\" \/>\n<meta name=\"twitter:card\" content=\"summary_large_image\" \/>\n<meta name=\"twitter:site\" content=\"@BXTA_\" \/>\n<meta name=\"twitter:label1\" content=\"Tiempo de lectura\" \/>\n\t<meta name=\"twitter:data1\" content=\"2 minutos\" \/>\n<script type=\"application\/ld+json\" class=\"yoast-schema-graph\">{\"@context\":\"https:\\\/\\\/schema.org\",\"@graph\":[{\"@type\":\"WebPage\",\"@id\":\"https:\\\/\\\/bxta.com\\\/uk\\\/healthcare-professionals\\\/single-stage-procedure\\\/\",\"url\":\"https:\\\/\\\/bxta.com\\\/uk\\\/healthcare-professionals\\\/single-stage-procedure\\\/\",\"name\":\"Single Stage Procedure - BXTA\",\"isPartOf\":{\"@id\":\"https:\\\/\\\/bxta.com\\\/uk\\\/#website\"},\"datePublished\":\"2020-06-19T19:08:47+00:00\",\"dateModified\":\"2021-08-06T09:51:40+00:00\",\"breadcrumb\":{\"@id\":\"https:\\\/\\\/bxta.com\\\/uk\\\/healthcare-professionals\\\/single-stage-procedure\\\/#breadcrumb\"},\"inLanguage\":\"es\",\"potentialAction\":[{\"@type\":\"ReadAction\",\"target\":[\"https:\\\/\\\/bxta.com\\\/uk\\\/healthcare-professionals\\\/single-stage-procedure\\\/\"]}]},{\"@type\":\"BreadcrumbList\",\"@id\":\"https:\\\/\\\/bxta.com\\\/uk\\\/healthcare-professionals\\\/single-stage-procedure\\\/#breadcrumb\",\"itemListElement\":[{\"@type\":\"ListItem\",\"position\":1,\"name\":\"Home\",\"item\":\"https:\\\/\\\/bxta.com\\\/\"},{\"@type\":\"ListItem\",\"position\":2,\"name\":\"Healthcare Professionals\",\"item\":\"https:\\\/\\\/bxta.com\\\/uk\\\/healthcare-professionals\\\/\"},{\"@type\":\"ListItem\",\"position\":3,\"name\":\"Single Stage Procedure\"}]},{\"@type\":\"WebSite\",\"@id\":\"https:\\\/\\\/bxta.com\\\/uk\\\/#website\",\"url\":\"https:\\\/\\\/bxta.com\\\/uk\\\/\",\"name\":\"BXTA\",\"description\":\"Let\u2019s tackle Prostate Cancer together | BXTA\",\"publisher\":{\"@id\":\"https:\\\/\\\/bxta.com\\\/uk\\\/#organization\"},\"potentialAction\":[{\"@type\":\"SearchAction\",\"target\":{\"@type\":\"EntryPoint\",\"urlTemplate\":\"https:\\\/\\\/bxta.com\\\/uk\\\/?s={search_term_string}\"},\"query-input\":{\"@type\":\"PropertyValueSpecification\",\"valueRequired\":true,\"valueName\":\"search_term_string\"}}],\"inLanguage\":\"es\"},{\"@type\":\"Organization\",\"@id\":\"https:\\\/\\\/bxta.com\\\/uk\\\/#organization\",\"name\":\"BXTA\",\"url\":\"https:\\\/\\\/bxta.com\\\/uk\\\/\",\"logo\":{\"@type\":\"ImageObject\",\"inLanguage\":\"es\",\"@id\":\"https:\\\/\\\/bxta.com\\\/uk\\\/#\\\/schema\\\/logo\\\/image\\\/\",\"url\":\"https:\\\/\\\/bxta-staging.s3.eu-west-2.amazonaws.com\\\/app\\\/uploads\\\/2021\\\/09\\\/07212056\\\/BXTA-Logo.png\",\"contentUrl\":\"https:\\\/\\\/bxta-staging.s3.eu-west-2.amazonaws.com\\\/app\\\/uploads\\\/2021\\\/09\\\/07212056\\\/BXTA-Logo.png\",\"width\":600,\"height\":373,\"caption\":\"BXTA\"},\"image\":{\"@id\":\"https:\\\/\\\/bxta.com\\\/uk\\\/#\\\/schema\\\/logo\\\/image\\\/\"},\"sameAs\":[\"https:\\\/\\\/www.facebook.com\\\/bxtainternational\\\/\",\"https:\\\/\\\/x.com\\\/BXTA_\",\"https:\\\/\\\/www.linkedin.com\\\/company\\\/bxtaccelyon\",\"https:\\\/\\\/www.youtube.com\\\/channel\\\/UCkTU9L10CS5c1eWtGiMZ7gw\"]}]}<\/script>\n<!-- \/ Yoast SEO plugin. -->","yoast_head_json":{"title":"Single Stage Procedure - BXTA","robots":{"index":"index","follow":"follow","max-snippet":"max-snippet:-1","max-image-preview":"max-image-preview:large","max-video-preview":"max-video-preview:-1"},"canonical":"https:\/\/bxta.com\/es\/healthcare-professionals\/single-stage-procedure\/","og_locale":"es_ES","og_type":"article","og_title":"Single Stage Procedure - BXTA","og_url":"https:\/\/bxta.com\/es\/healthcare-professionals\/single-stage-procedure\/","og_site_name":"BXTA","article_publisher":"https:\/\/www.facebook.com\/bxtainternational\/","article_modified_time":"2021-08-06T09:51:40+00:00","og_image":[{"width":1480,"height":1046,"url":"https:\/\/bxta.com\/wp-content\/uploads\/2021\/05\/BXTA-2-scaled.jpg","type":"image\/jpeg"}],"twitter_card":"summary_large_image","twitter_site":"@BXTA_","twitter_misc":{"Tiempo de lectura":"2 minutos"},"schema":{"@context":"https:\/\/schema.org","@graph":[{"@type":"WebPage","@id":"https:\/\/bxta.com\/uk\/healthcare-professionals\/single-stage-procedure\/","url":"https:\/\/bxta.com\/uk\/healthcare-professionals\/single-stage-procedure\/","name":"Single Stage Procedure - BXTA","isPartOf":{"@id":"https:\/\/bxta.com\/uk\/#website"},"datePublished":"2020-06-19T19:08:47+00:00","dateModified":"2021-08-06T09:51:40+00:00","breadcrumb":{"@id":"https:\/\/bxta.com\/uk\/healthcare-professionals\/single-stage-procedure\/#breadcrumb"},"inLanguage":"es","potentialAction":[{"@type":"ReadAction","target":["https:\/\/bxta.com\/uk\/healthcare-professionals\/single-stage-procedure\/"]}]},{"@type":"BreadcrumbList","@id":"https:\/\/bxta.com\/uk\/healthcare-professionals\/single-stage-procedure\/#breadcrumb","itemListElement":[{"@type":"ListItem","position":1,"name":"Home","item":"https:\/\/bxta.com\/"},{"@type":"ListItem","position":2,"name":"Healthcare Professionals","item":"https:\/\/bxta.com\/uk\/healthcare-professionals\/"},{"@type":"ListItem","position":3,"name":"Single Stage Procedure"}]},{"@type":"WebSite","@id":"https:\/\/bxta.com\/uk\/#website","url":"https:\/\/bxta.com\/uk\/","name":"BXTA","description":"Hagamos frente juntos al c\u00e1ncer de pr\u00f3stata | BXTA","publisher":{"@id":"https:\/\/bxta.com\/uk\/#organization"},"potentialAction":[{"@type":"SearchAction","target":{"@type":"EntryPoint","urlTemplate":"https:\/\/bxta.com\/uk\/?s={search_term_string}"},"query-input":{"@type":"PropertyValueSpecification","valueRequired":true,"valueName":"search_term_string"}}],"inLanguage":"es"},{"@type":"Organization","@id":"https:\/\/bxta.com\/uk\/#organization","name":"BXTA","url":"https:\/\/bxta.com\/uk\/","logo":{"@type":"ImageObject","inLanguage":"es","@id":"https:\/\/bxta.com\/uk\/#\/schema\/logo\/image\/","url":"https:\/\/bxta-staging.s3.eu-west-2.amazonaws.com\/app\/uploads\/2021\/09\/07212056\/BXTA-Logo.png","contentUrl":"https:\/\/bxta-staging.s3.eu-west-2.amazonaws.com\/app\/uploads\/2021\/09\/07212056\/BXTA-Logo.png","width":600,"height":373,"caption":"BXTA"},"image":{"@id":"https:\/\/bxta.com\/uk\/#\/schema\/logo\/image\/"},"sameAs":["https:\/\/www.facebook.com\/bxtainternational\/","https:\/\/x.com\/BXTA_","https:\/\/www.linkedin.com\/company\/bxtaccelyon","https:\/\/www.youtube.com\/channel\/UCkTU9L10CS5c1eWtGiMZ7gw"]}]}},"_links":{"self":[{"href":"https:\/\/bxta.com\/es\/wp-json\/wp\/v2\/pages\/693","targetHints":{"allow":["GET"]}}],"collection":[{"href":"https:\/\/bxta.com\/es\/wp-json\/wp\/v2\/pages"}],"about":[{"href":"https:\/\/bxta.com\/es\/wp-json\/wp\/v2\/types\/page"}],"author":[{"embeddable":true,"href":"https:\/\/bxta.com\/es\/wp-json\/wp\/v2\/users\/1"}],"replies":[{"embeddable":true,"href":"https:\/\/bxta.com\/es\/wp-json\/wp\/v2\/comments?post=693"}],"version-history":[{"count":10,"href":"https:\/\/bxta.com\/es\/wp-json\/wp\/v2\/pages\/693\/revisions"}],"predecessor-version":[{"id":2954,"href":"https:\/\/bxta.com\/es\/wp-json\/wp\/v2\/pages\/693\/revisions\/2954"}],"up":[{"embeddable":true,"href":"https:\/\/bxta.com\/es\/wp-json\/wp\/v2\/pages\/306"}],"wp:attachment":[{"href":"https:\/\/bxta.com\/es\/wp-json\/wp\/v2\/media?parent=693"}],"curies":[{"name":"wp","href":"https:\/\/api.w.org\/{rel}","templated":true}]}}