{"id":365,"date":"2020-03-29T22:38:22","date_gmt":"2020-03-29T22:38:22","guid":{"rendered":"http:\/\/bxta-staging.website\/?page_id=365"},"modified":"2022-06-01T09:42:41","modified_gmt":"2022-06-01T09:42:41","slug":"what-is-ldr-brachytherapy","status":"publish","type":"page","link":"https:\/\/bxta.com\/es\/patient-information\/what-is-ldr-brachytherapy\/","title":{"rendered":"\u00bfQu\u00e9 es la braquiterapia LDR?"},"content":{"rendered":"<div id=\"\" class=\"wp-block-cgb-block-ll-content-block ll-row ll-row--med\"><div class=\"ll-content\"><div class=\"ll-content__inner\">\n<div class=\"wp-block-cgb-block-ll-innerblock-heading\"><div class=\"ll-headings\"><h3 class=\"ll-heading ll-heading--lrg\" style=\"color:#03843e\">\u00bfQu\u00e9 es la braquiterapia LDR?<\/h3><\/div><\/div>\n\n\n\n<p>La braquiterapia LDR es una forma de radioterapia interna para el c\u00e1ncer de pr\u00f3stata, que resulta ser un tratamiento muy efectivo y m\u00ednimamente invasivo, adecuado para muchos hombres. Ofrece unos beneficios en forma de calidad de vida significativamente mejores a los de la cirug\u00eda y radioterapia externa. Adem\u00e1s de ofrecer mejores resultados en cuanto a la funci\u00f3n sexual y a la incontinencia, seg\u00fan los datos del grupo de estudio de resultados del c\u00e1ncer de pr\u00f3stata, la braquiterapia LDR consigue que &gt;90% de los pacientes no enfermen en un periodo superior a los 10 a\u00f1os, frente a la soluci\u00f3n quir\u00fargica, y el &lt;1% ni siquiera necesita ning\u00fan tratamiento m\u00e1s, como la prostatectom\u00eda radical.<\/p>\n\n\n\n<p>Habitualmente, los doctores de atenci\u00f3n primaria suelen derivar a un cirujano a los pacientes con sospecha de c\u00e1ncer de pr\u00f3stata. A algunos se les indica que deben someterse a cirug\u00eda para extirpar la pr\u00f3stata y\/o a radioterapia externa, lo cual significa que dejar\u00e1n su \u00abvida normal\u00bb y que pueden sufrir da\u00f1os permanentes en funci\u00f3n sexual y en el funcionamiento de la vejiga.<\/p>\n\n\n\n<div style=\"background-color:#03843e;border-radius:30px;\" class=\"ll-innerblock-text-padded\"><div class=\"ll-text-padded ll-align--center\"><p style=\"color:#ffffff\">El tipo de tratamiento que se le ofrezca depender\u00e1 del tama\u00f1o de la pr\u00f3stata, el estadio del c\u00e1ncer, su puntuaci\u00f3n <a rel=\"noreferrer noopener\" href=\"https:\/\/prostatecanceruk.org\/prostate-information\/prostate-tests\/prostate-biopsy#what-do-my-biopsy-results-mean\" target=\"_blank\" style=\"color:#FFFFFF;\">Gleason<\/a> y el nivel de <a href=\"https:\/\/prostatecanceruk.org\/prostate-information\/prostate-tests\/psa-test\" target=\"_blank\" rel=\"noreferrer opener noopener\" style=\"color:#FFFFFF;\">PSA<\/a>, por lo que es importante que entienda todas sus opciones. <\/p><\/div><\/div>\n\n\n\n<p><strong>Please click to listen to Dr Stephen Bourne discuss why Australian patients should consider LDR Brachytherapy.<\/strong><\/p>\n\n\n\n<figure class=\"wp-block-embed is-type-video is-provider-vimeo wp-block-embed-vimeo wp-embed-aspect-16-9 wp-has-aspect-ratio\"><div class=\"wp-block-embed__wrapper\">\n<iframe loading=\"lazy\" title=\"Dr Bourne_LDR Brachytherapy in prostate cancer_Clinician\" src=\"https:\/\/player.vimeo.com\/video\/513199902?h=8760ac1160&amp;dnt=1&amp;app_id=122963\" width=\"500\" height=\"281\" frameborder=\"0\" allow=\"autoplay; fullscreen; picture-in-picture; clipboard-write\"><\/iframe>\n<\/div><\/figure>\n\n\n\n<p>La braquiterapia LDR es una t\u00e9cnica adecuada para muchos pacientes, siendo un tratamiento que ofrece un menor riesgo de sufrir problemas de incontinencia urinaria y sexuales que otras opciones. Sin embargo, a menudo se ha pasado por alto la opci\u00f3n del tratamiento por LDR braquiterapia. No todos los centros oncol\u00f3gicos ofrecen la braquiterapia LDR, aunque pueden disponer del tratamiento en otro lugar. Una vez m\u00e1s, es importante informarse de todas las opciones de tratamiento antes de tomar una decisi\u00f3n.<\/p>\n<\/div><\/div><\/div>\n\n\n\n<div id=\"s1\" class=\"wp-block-cgb-block-ll-content-block ll-row ll-row--med\"><div class=\"ll-content\"><div class=\"ll-content__inner\">\n<div class=\"wp-block-cgb-block-ll-innerblock-heading\"><div class=\"ll-headings\"><h3 class=\"ll-heading ll-heading--sml\" style=\"color:#03843e\"><strong><strong>Sobre la braquiterapia LDR<\/strong><\/strong><\/h3><\/div><\/div>\n\n\n\n<p>La braquiterapia de baja dosis (implantaci\u00f3n de una semilla) es un tipo de radioterapia interna para el c\u00e1ncer de pr\u00f3stata. Se implanta en la diana terap\u00e9utica del tumor, por lo que la radiaci\u00f3n mata las c\u00e9lulas cancer\u00edgenas reduciendo el da\u00f1o a las c\u00e9lulas saludables del entorno.  Al no tratarse de una cirug\u00eda mayor, no requiere m\u00e1s que 1 d\u00eda de ingreso. En general, la braquiterapia LDR tiene niveles bajos de complicaciones, y la mayor\u00eda de los hombres vuelven a las actividades previas al tratamiento en un par de d\u00edas.<\/p>\n\n\n\n<p>Conocido tambi\u00e9n como Braquiterapia de pr\u00f3stata, la braquiterapia LDR es diferente a la Radioterapia de Haz Externo (EBRT), que utiliza rayos X dirigidos al tumor desde una fuente externa al cuerpo. En la radioterapia EBRT los rayos X deben atravesar los tejidos celulares antes de llegar al tumor, por lo cual puede da\u00f1ar las zonas saludables del cuerpo que est\u00e9n alrededor del tumor (v\u00e9ase la imagen 2 inferior).<\/p>\n\n\n\n<figure class=\"wp-block-image size-full\"><img decoding=\"async\" width=\"750\" height=\"194\" src=\"https:\/\/bxta.com\/wp-content\/uploads\/2020\/05\/image1.gif\" alt=\"Radiotherapy infographic\" class=\"wp-image-496\"\/><\/figure>\n\n\n\n<p><\/p>\n\n\n\n<p>Sin embargo, la braquiterapia LDR implica la inserci\u00f3n de min\u00fasculas c\u00e1psulas o semillas radioactivas directamente en la gl\u00e1ndula de la pr\u00f3stata mediante agujas. Las semillas son del tama\u00f1o de un grano de arroz. Se utilizan entre 80 y 120 semillas, dependiendo del tama\u00f1o de la pr\u00f3stata y de la localizaci\u00f3n del tumor. La imagen 3 (superior) muestra el tama\u00f1o de las semillas y agujas utilizadas. La imagen 4 (superior) muestra una ilustraci\u00f3n de c\u00f3mo se dirigen las agujas mediante una gradilla para conseguir una mayor precisi\u00f3n y exactitud.<\/p>\n\n\n\n<p>La radiaci\u00f3n que liberan las semillas de braquiterapia tiene como diana las c\u00e9lulas tumorales, destruyendo las c\u00e9lulas cancerosas. Las semillas se colocan pr\u00f3ximas al tumor y, como la radiaci\u00f3n no se proyecta m\u00e1s que a unos pocos mil\u00edmetros de la semilla, apenas se da\u00f1an o no se da\u00f1an en absoluto los tejidos sanos, tales como la uretra (el conducto que atraviesa la orina), la vejiga o el recto.  Las semillas liberan la mayor parte de la radiaci\u00f3n durante los primeros meses tras ser insertadas.&nbsp;<\/p>\n\n\n\n<p>La braquiterapia LDR est\u00e1 m\u00e1s \u00abdirigida al objetivo\u00bb que la radioterapia por haces convencional (externa) y tiene una menor incidencia de efectos adversos. La imagen 5 (superior) muestra el tama\u00f1o de las semillas en la posici\u00f3n que se colocan.<\/p>\n\n\n\n<p>A diferencia de otras formas de radioterapia, <a href=\"https:\/\/bxta.com\/es\/patient-information\/is-ldr-brachytherapy-right-for-me\/\">la Braquiterapia LDR<\/a> es mucho m\u00e1s r\u00e1pida y es una intervenci\u00f3n m\u00e1s recomendable. A menudo suele tratarse de una intervenci\u00f3n de un solo d\u00eda realizado en la sala de radioterapia del hospital, con anestesia general, aunque en alguna ocasi\u00f3n puede requerir el ingreso de una noche. Los pacientes, normalmente, pueden volver a las actividades que realizaban en un par de d\u00edas tras recibir la braquiterapia LDR. <a href=\"https:\/\/bxta.com\/es\/patient-information\/brachytherapy-patient-experiences\/\" target=\"_blank\" rel=\"noreferrer noopener\">Haga clic aqu\u00ed para <\/a>para ver casos reales de pacientes de Braquiterapia LDR.<\/p>\n<\/div><\/div><\/div>\n\n\n\n<div id=\"s2\" class=\"wp-block-cgb-block-ll-content-block ll-row ll-row--med\"><div class=\"ll-content\"><div class=\"ll-content__inner\">\n<div class=\"wp-block-cgb-block-ll-innerblock-heading\"><div class=\"ll-headings\"><h3 class=\"ll-heading ll-heading--sml\" style=\"color:#03843e\"><strong>La intervenci\u00f3n de braquiterapia LDR<\/strong><\/h3><\/div><\/div>\n\n\n\n<p>Cuando a un paciente se le indica someterse a braquiterapia LDR, antes de nada, pasar\u00e1 consulta con el onc\u00f3logo para planificar su tratamiento. El tiempo var\u00eda de un hospital a otro, y puede prolongarse hasta dos semanas antes de la intervenci\u00f3n. En algunos centros, se le dar\u00e1 inmediatamente antes del tratamiento.<\/p>\n\n\n\n<p>En la fase de planificaci\u00f3n del tratamiento, las im\u00e1genes por ultrasonido o resonancia magn\u00e9tica (IRM) ayudan al m\u00e9dico a realizar un mapa de la posici\u00f3n exacta del tumor y de la anatom\u00eda de la pr\u00f3stata para planificar la dosis de radiaci\u00f3n adecuada.<\/p>\n\n\n\n<p>En el momento de la intervenci\u00f3n, se le suministrar\u00e1 anestesia general o epidural al paciente. Se insertan varias \u00absemillas\u00bb radiactivas min\u00fasculas del tama\u00f1o de un grano de arroz dentro de la pr\u00f3stata mediante agujas huecas que permiten su colocaci\u00f3n precisa, seg\u00fan lo previsto.  Se suelen utilizar t\u00e9cnicas de ultrasonido para guiar las agujas que depositar\u00e1n las semillas radiactivas a trav\u00e9s del peritoneo, la zona de piel entre el escroto y el ano. Tras introducir las semillas, se retiran las agujas.<\/p>\n\n\n\n<div style=\"height:20px\" aria-hidden=\"true\" class=\"wp-block-spacer\"><\/div>\n\n\n\n<figure class=\"wp-block-image size-large\"><img decoding=\"async\" width=\"1040\" height=\"694\" src=\"http:\/\/bxt-accelyon.com\/wp-content\/uploads\/2020\/11\/Seeds-DSC_4910-NEW-v2-1-1040x694.jpg\" alt=\"\" class=\"wp-image-2186\" srcset=\"https:\/\/bxta.com\/wp-content\/uploads\/2020\/11\/Seeds-DSC_4910-NEW-v2-1-1040x694.jpg 1040w, https:\/\/bxta.com\/wp-content\/uploads\/2020\/11\/Seeds-DSC_4910-NEW-v2-1-800x534.jpg 800w, https:\/\/bxta.com\/wp-content\/uploads\/2020\/11\/Seeds-DSC_4910-NEW-v2-1-768x512.jpg 768w, https:\/\/bxta.com\/wp-content\/uploads\/2020\/11\/Seeds-DSC_4910-NEW-v2-1-1536x1025.jpg 1536w, https:\/\/bxta.com\/wp-content\/uploads\/2020\/11\/Seeds-DSC_4910-NEW-v2-1-350x234.jpg 350w, https:\/\/bxta.com\/wp-content\/uploads\/2020\/11\/Seeds-DSC_4910-NEW-v2-1-400x267.jpg 400w, https:\/\/bxta.com\/wp-content\/uploads\/2020\/11\/Seeds-DSC_4910-NEW-v2-1-1240x827.jpg 1240w, https:\/\/bxta.com\/wp-content\/uploads\/2020\/11\/Seeds-DSC_4910-NEW-v2-1-1440x961.jpg 1440w, https:\/\/bxta.com\/wp-content\/uploads\/2020\/11\/Seeds-DSC_4910-NEW-v2-1.jpg 1480w\" sizes=\"(max-width: 1040px) 100vw, 1040px\" \/><\/figure>\n\n\n\n<div style=\"height:29px\" aria-hidden=\"true\" class=\"wp-block-spacer\"><\/div>\n\n\n\n<p>La intervenci\u00f3n de braquiterapia LDR suele tardar aproximadamente una hora y, tras recuperarse de la anestesia, la mayor\u00eda de pacientes vuelven a casa ese mismo d\u00eda. Tras 4 semanas, se suele realizar un esc\u00e1ner CT para obtener m\u00e1s informaci\u00f3n con el fin de planificar el tratamiento futuro.  Las semillas quedan fijas en ese lugar y emiten la mayor parte de la radiaci\u00f3n terap\u00e9utica a lo largo de unos meses. Esta acci\u00f3n destruye el tumor da\u00f1ando lo menos posible el tejido sano que lo rodea, interrumpiendo en la menor medida posible la vida \u00abnormal\u00bb del paciente.<\/p>\n\n\n\n<p>Tras el tratamiento, el paciente volver\u00e1 peri\u00f3dicamente al m\u00e9dico para realizar un seguimiento de su progreso y la reducci\u00f3n del tumor cancer\u00edgeno de pr\u00f3stata.<\/p>\n\n\n\n<div style=\"height:20px\" aria-hidden=\"true\" class=\"wp-block-spacer\"><\/div>\n\n\n\n<figure class=\"wp-block-image size-full\"><img decoding=\"async\" width=\"500\" height=\"331\" src=\"https:\/\/bxta.com\/wp-content\/uploads\/2021\/08\/bxta-patient-story.jpg\" alt=\"Elderly man sat outside in a meadow\" class=\"wp-image-2918\" srcset=\"https:\/\/bxta.com\/wp-content\/uploads\/2021\/08\/bxta-patient-story.jpg 500w, https:\/\/bxta.com\/wp-content\/uploads\/2021\/08\/bxta-patient-story-18x12.jpg 18w, https:\/\/bxta.com\/wp-content\/uploads\/2021\/08\/bxta-patient-story-350x232.jpg 350w, https:\/\/bxta.com\/wp-content\/uploads\/2021\/08\/bxta-patient-story-400x265.jpg 400w\" sizes=\"(max-width: 500px) 100vw, 500px\" \/><\/figure>\n<\/div><\/div><\/div>\n\n\n\n<div id=\"s3\" class=\"wp-block-cgb-block-ll-content-block ll-row default\"><div class=\"ll-content\"><div class=\"ll-content__inner\">\n<div class=\"wp-block-cgb-block-ll-innerblock-heading\"><div class=\"ll-headings\"><h3 class=\"ll-heading ll-heading--sml\" style=\"color:#03843e\"><strong>La radioterapia como tratamiento contra el c\u00e1ncer<\/strong><\/h3><\/div><\/div>\n\n\n\n<p>La braquiterapia es un tipo de radioterapia utilizada para tratar varios tipos de c\u00e1nceres mediante la destrucci\u00f3n de las c\u00e9lulas cancer\u00edgenas con radiaci\u00f3n interna. En la braquiterapia de baja dosis (LDR), las semillas radiactivas quedan depositadas en el mismo sitio en el que fueron depositadas. Tambi\u00e9n se le llama \u00abradioterapia interna\u00bb o \u00abbraquiterapia permanente de semillas\u00bb. La braquiterapia de alta dosis-tasa (HDR) se realiza depositando de manera temporal de fuentes radiactivas mucho m\u00e1s potentes en la pr\u00f3stata a trav\u00e9s de una serie de procedimientos.<\/p>\n\n\n\n<p>Otro tratamiento de radioterapia utilizada habitualmente es la Radioterapia de Haz Externo (EBRT), que emite la radiaci\u00f3n desde el exterior.<\/p>\n\n\n\n<p>Las diferentes opciones de tratamiento del c\u00e1ncer dependen en \u00faltima instancia del tipo y localizaci\u00f3n del c\u00e1ncer, as\u00ed como de las preferencias del paciente. El paciente debe hablar con el especialista sobre las opciones para hallar la mejor soluci\u00f3n para el individuo.  Es importante, a ser posible, hablar con varios especialistas y estudiar todas nuestras opciones y sus posibles efectos adversos antes de decidirse por un tratamiento.<\/p>\n\n\n\n<p>La radioterapia se puede utilizar junto con otros tratamientos, tales como la terapia hormonal y la cirug\u00eda.<\/p>\n<\/div><\/div><\/div>\n\n\n\n<p><\/p>","protected":false},"excerpt":{"rendered":"","protected":false},"author":1,"featured_media":0,"parent":242,"menu_order":0,"comment_status":"closed","ping_status":"closed","template":"template-content-sidebar.php","meta":{"_acf_changed":false,"_monsterinsights_skip_tracking":false,"_monsterinsights_sitenote_active":false,"_monsterinsights_sitenote_note":"","_monsterinsights_sitenote_category":0,"footnotes":""},"class_list":["post-365","page","type-page","status-publish","hentry"],"acf":[],"yoast_head":"<!-- This site is optimized with the Yoast SEO plugin v27.4 - https:\/\/yoast.com\/product\/yoast-seo-wordpress\/ -->\n<title>What is LDR brachytherapy? - Leaders in brachytherapy - BXTA<\/title>\n<meta name=\"description\" content=\"Learn everything about LDR brachytherapy, a quick treatment with a much lower risk than other prostate cancer treatment options.\" \/>\n<meta name=\"robots\" content=\"index, follow, max-snippet:-1, max-image-preview:large, max-video-preview:-1\" \/>\n<link rel=\"canonical\" href=\"https:\/\/bxta.com\/es\/patient-information\/what-is-ldr-brachytherapy\/\" \/>\n<meta property=\"og:locale\" content=\"es_ES\" \/>\n<meta property=\"og:type\" content=\"article\" \/>\n<meta property=\"og:title\" content=\"What is LDR brachytherapy? - Leaders in brachytherapy - BXTA\" \/>\n<meta property=\"og:description\" content=\"Learn everything about LDR brachytherapy, a quick treatment with a much lower risk than other prostate cancer treatment options.\" \/>\n<meta property=\"og:url\" content=\"https:\/\/bxta.com\/es\/patient-information\/what-is-ldr-brachytherapy\/\" \/>\n<meta property=\"og:site_name\" content=\"BXTA\" \/>\n<meta property=\"article:publisher\" content=\"https:\/\/www.facebook.com\/bxtainternational\/\" \/>\n<meta property=\"article:modified_time\" content=\"2022-06-01T09:42:41+00:00\" \/>\n<meta property=\"og:image\" content=\"https:\/\/bxta.com\/wp-content\/uploads\/2020\/05\/image1.gif\" \/>\n<meta name=\"twitter:card\" content=\"summary_large_image\" \/>\n<meta name=\"twitter:site\" content=\"@BXTA_\" \/>\n<meta name=\"twitter:label1\" content=\"Tiempo de lectura\" \/>\n\t<meta name=\"twitter:data1\" content=\"6 minutos\" \/>\n<script type=\"application\/ld+json\" class=\"yoast-schema-graph\">{\"@context\":\"https:\\\/\\\/schema.org\",\"@graph\":[{\"@type\":\"WebPage\",\"@id\":\"https:\\\/\\\/bxta.com\\\/patient-information\\\/what-is-ldr-brachytherapy\\\/\",\"url\":\"https:\\\/\\\/bxta.com\\\/patient-information\\\/what-is-ldr-brachytherapy\\\/\",\"name\":\"What is LDR brachytherapy? - Leaders in brachytherapy - BXTA\",\"isPartOf\":{\"@id\":\"https:\\\/\\\/bxta.com\\\/uk\\\/#website\"},\"primaryImageOfPage\":{\"@id\":\"https:\\\/\\\/bxta.com\\\/patient-information\\\/what-is-ldr-brachytherapy\\\/#primaryimage\"},\"image\":{\"@id\":\"https:\\\/\\\/bxta.com\\\/patient-information\\\/what-is-ldr-brachytherapy\\\/#primaryimage\"},\"thumbnailUrl\":\"https:\\\/\\\/bxta.com\\\/wp-content\\\/uploads\\\/2020\\\/05\\\/image1.gif\",\"datePublished\":\"2020-03-29T22:38:22+00:00\",\"dateModified\":\"2022-06-01T09:42:41+00:00\",\"description\":\"Learn everything about LDR brachytherapy, a quick treatment with a much lower risk than other prostate cancer treatment options.\",\"breadcrumb\":{\"@id\":\"https:\\\/\\\/bxta.com\\\/patient-information\\\/what-is-ldr-brachytherapy\\\/#breadcrumb\"},\"inLanguage\":\"es\",\"potentialAction\":[{\"@type\":\"ReadAction\",\"target\":[\"https:\\\/\\\/bxta.com\\\/patient-information\\\/what-is-ldr-brachytherapy\\\/\"]}]},{\"@type\":\"ImageObject\",\"inLanguage\":\"es\",\"@id\":\"https:\\\/\\\/bxta.com\\\/patient-information\\\/what-is-ldr-brachytherapy\\\/#primaryimage\",\"url\":\"https:\\\/\\\/bxta.com\\\/wp-content\\\/uploads\\\/2020\\\/05\\\/image1.gif\",\"contentUrl\":\"https:\\\/\\\/bxta.com\\\/wp-content\\\/uploads\\\/2020\\\/05\\\/image1.gif\"},{\"@type\":\"BreadcrumbList\",\"@id\":\"https:\\\/\\\/bxta.com\\\/patient-information\\\/what-is-ldr-brachytherapy\\\/#breadcrumb\",\"itemListElement\":[{\"@type\":\"ListItem\",\"position\":1,\"name\":\"Home\",\"item\":\"https:\\\/\\\/bxta.com\\\/\"},{\"@type\":\"ListItem\",\"position\":2,\"name\":\"Patient Information\",\"item\":\"https:\\\/\\\/bxta.com\\\/patient-information\\\/\"},{\"@type\":\"ListItem\",\"position\":3,\"name\":\"What is LDR brachytherapy?\"}]},{\"@type\":\"WebSite\",\"@id\":\"https:\\\/\\\/bxta.com\\\/uk\\\/#website\",\"url\":\"https:\\\/\\\/bxta.com\\\/uk\\\/\",\"name\":\"BXTA\",\"description\":\"Let\u2019s tackle Prostate Cancer together | BXTA\",\"publisher\":{\"@id\":\"https:\\\/\\\/bxta.com\\\/uk\\\/#organization\"},\"potentialAction\":[{\"@type\":\"SearchAction\",\"target\":{\"@type\":\"EntryPoint\",\"urlTemplate\":\"https:\\\/\\\/bxta.com\\\/uk\\\/?s={search_term_string}\"},\"query-input\":{\"@type\":\"PropertyValueSpecification\",\"valueRequired\":true,\"valueName\":\"search_term_string\"}}],\"inLanguage\":\"es\"},{\"@type\":\"Organization\",\"@id\":\"https:\\\/\\\/bxta.com\\\/uk\\\/#organization\",\"name\":\"BXTA\",\"url\":\"https:\\\/\\\/bxta.com\\\/uk\\\/\",\"logo\":{\"@type\":\"ImageObject\",\"inLanguage\":\"es\",\"@id\":\"https:\\\/\\\/bxta.com\\\/uk\\\/#\\\/schema\\\/logo\\\/image\\\/\",\"url\":\"https:\\\/\\\/bxta-staging.s3.eu-west-2.amazonaws.com\\\/app\\\/uploads\\\/2021\\\/09\\\/07212056\\\/BXTA-Logo.png\",\"contentUrl\":\"https:\\\/\\\/bxta-staging.s3.eu-west-2.amazonaws.com\\\/app\\\/uploads\\\/2021\\\/09\\\/07212056\\\/BXTA-Logo.png\",\"width\":600,\"height\":373,\"caption\":\"BXTA\"},\"image\":{\"@id\":\"https:\\\/\\\/bxta.com\\\/uk\\\/#\\\/schema\\\/logo\\\/image\\\/\"},\"sameAs\":[\"https:\\\/\\\/www.facebook.com\\\/bxtainternational\\\/\",\"https:\\\/\\\/x.com\\\/BXTA_\",\"https:\\\/\\\/www.linkedin.com\\\/company\\\/bxtaccelyon\",\"https:\\\/\\\/www.youtube.com\\\/channel\\\/UCkTU9L10CS5c1eWtGiMZ7gw\"]}]}<\/script>\n<!-- \/ Yoast SEO plugin. -->","yoast_head_json":{"title":"What is LDR brachytherapy? - Leaders in brachytherapy - BXTA","description":"Learn everything about LDR brachytherapy, a quick treatment with a much lower risk than other prostate cancer treatment options.","robots":{"index":"index","follow":"follow","max-snippet":"max-snippet:-1","max-image-preview":"max-image-preview:large","max-video-preview":"max-video-preview:-1"},"canonical":"https:\/\/bxta.com\/es\/patient-information\/what-is-ldr-brachytherapy\/","og_locale":"es_ES","og_type":"article","og_title":"What is LDR brachytherapy? - Leaders in brachytherapy - BXTA","og_description":"Learn everything about LDR brachytherapy, a quick treatment with a much lower risk than other prostate cancer treatment options.","og_url":"https:\/\/bxta.com\/es\/patient-information\/what-is-ldr-brachytherapy\/","og_site_name":"BXTA","article_publisher":"https:\/\/www.facebook.com\/bxtainternational\/","article_modified_time":"2022-06-01T09:42:41+00:00","og_image":[{"url":"https:\/\/bxta.com\/wp-content\/uploads\/2020\/05\/image1.gif","type":"","width":"","height":""}],"twitter_card":"summary_large_image","twitter_site":"@BXTA_","twitter_misc":{"Tiempo de lectura":"6 minutos"},"schema":{"@context":"https:\/\/schema.org","@graph":[{"@type":"WebPage","@id":"https:\/\/bxta.com\/patient-information\/what-is-ldr-brachytherapy\/","url":"https:\/\/bxta.com\/patient-information\/what-is-ldr-brachytherapy\/","name":"What is LDR brachytherapy? - Leaders in brachytherapy - BXTA","isPartOf":{"@id":"https:\/\/bxta.com\/uk\/#website"},"primaryImageOfPage":{"@id":"https:\/\/bxta.com\/patient-information\/what-is-ldr-brachytherapy\/#primaryimage"},"image":{"@id":"https:\/\/bxta.com\/patient-information\/what-is-ldr-brachytherapy\/#primaryimage"},"thumbnailUrl":"https:\/\/bxta.com\/wp-content\/uploads\/2020\/05\/image1.gif","datePublished":"2020-03-29T22:38:22+00:00","dateModified":"2022-06-01T09:42:41+00:00","description":"Learn everything about LDR brachytherapy, a quick treatment with a much lower risk than other prostate cancer treatment options.","breadcrumb":{"@id":"https:\/\/bxta.com\/patient-information\/what-is-ldr-brachytherapy\/#breadcrumb"},"inLanguage":"es","potentialAction":[{"@type":"ReadAction","target":["https:\/\/bxta.com\/patient-information\/what-is-ldr-brachytherapy\/"]}]},{"@type":"ImageObject","inLanguage":"es","@id":"https:\/\/bxta.com\/patient-information\/what-is-ldr-brachytherapy\/#primaryimage","url":"https:\/\/bxta.com\/wp-content\/uploads\/2020\/05\/image1.gif","contentUrl":"https:\/\/bxta.com\/wp-content\/uploads\/2020\/05\/image1.gif"},{"@type":"BreadcrumbList","@id":"https:\/\/bxta.com\/patient-information\/what-is-ldr-brachytherapy\/#breadcrumb","itemListElement":[{"@type":"ListItem","position":1,"name":"Home","item":"https:\/\/bxta.com\/"},{"@type":"ListItem","position":2,"name":"Patient Information","item":"https:\/\/bxta.com\/patient-information\/"},{"@type":"ListItem","position":3,"name":"What is LDR brachytherapy?"}]},{"@type":"WebSite","@id":"https:\/\/bxta.com\/uk\/#website","url":"https:\/\/bxta.com\/uk\/","name":"BXTA","description":"Hagamos frente juntos al c\u00e1ncer de pr\u00f3stata | BXTA","publisher":{"@id":"https:\/\/bxta.com\/uk\/#organization"},"potentialAction":[{"@type":"SearchAction","target":{"@type":"EntryPoint","urlTemplate":"https:\/\/bxta.com\/uk\/?s={search_term_string}"},"query-input":{"@type":"PropertyValueSpecification","valueRequired":true,"valueName":"search_term_string"}}],"inLanguage":"es"},{"@type":"Organization","@id":"https:\/\/bxta.com\/uk\/#organization","name":"BXTA","url":"https:\/\/bxta.com\/uk\/","logo":{"@type":"ImageObject","inLanguage":"es","@id":"https:\/\/bxta.com\/uk\/#\/schema\/logo\/image\/","url":"https:\/\/bxta-staging.s3.eu-west-2.amazonaws.com\/app\/uploads\/2021\/09\/07212056\/BXTA-Logo.png","contentUrl":"https:\/\/bxta-staging.s3.eu-west-2.amazonaws.com\/app\/uploads\/2021\/09\/07212056\/BXTA-Logo.png","width":600,"height":373,"caption":"BXTA"},"image":{"@id":"https:\/\/bxta.com\/uk\/#\/schema\/logo\/image\/"},"sameAs":["https:\/\/www.facebook.com\/bxtainternational\/","https:\/\/x.com\/BXTA_","https:\/\/www.linkedin.com\/company\/bxtaccelyon","https:\/\/www.youtube.com\/channel\/UCkTU9L10CS5c1eWtGiMZ7gw"]}]}},"_links":{"self":[{"href":"https:\/\/bxta.com\/es\/wp-json\/wp\/v2\/pages\/365","targetHints":{"allow":["GET"]}}],"collection":[{"href":"https:\/\/bxta.com\/es\/wp-json\/wp\/v2\/pages"}],"about":[{"href":"https:\/\/bxta.com\/es\/wp-json\/wp\/v2\/types\/page"}],"author":[{"embeddable":true,"href":"https:\/\/bxta.com\/es\/wp-json\/wp\/v2\/users\/1"}],"replies":[{"embeddable":true,"href":"https:\/\/bxta.com\/es\/wp-json\/wp\/v2\/comments?post=365"}],"version-history":[{"count":45,"href":"https:\/\/bxta.com\/es\/wp-json\/wp\/v2\/pages\/365\/revisions"}],"predecessor-version":[{"id":3273,"href":"https:\/\/bxta.com\/es\/wp-json\/wp\/v2\/pages\/365\/revisions\/3273"}],"up":[{"embeddable":true,"href":"https:\/\/bxta.com\/es\/wp-json\/wp\/v2\/pages\/242"}],"wp:attachment":[{"href":"https:\/\/bxta.com\/es\/wp-json\/wp\/v2\/media?parent=365"}],"curies":[{"name":"wp","href":"https:\/\/api.w.org\/{rel}","templated":true}]}}