{"id":351,"date":"2020-03-29T22:36:29","date_gmt":"2020-03-29T22:36:29","guid":{"rendered":"http:\/\/bxta-staging.website\/?page_id=351"},"modified":"2020-06-20T10:51:31","modified_gmt":"2020-06-20T10:51:31","slug":"how-does-brachytherapy-compare","status":"publish","type":"page","link":"https:\/\/bxta.com\/es\/patient-information\/how-does-brachytherapy-compare\/","title":{"rendered":"How does Brachytherapy compare?"},"content":{"rendered":"<div id=\"\" class=\"wp-block-cgb-block-ll-content-block ll-row ll-row--med\"><div class=\"ll-content\"><div class=\"ll-content__inner\">\n<div class=\"wp-block-cgb-block-ll-innerblock-heading\"><div class=\"ll-headings\"><h3 class=\"ll-heading ll-heading--med\" style=\"color:#03843e\">\u00bfC\u00f3mo se compara la braquiterapia?<\/h3><\/div><\/div>\n\n\n\n<p>La braquiterapia LDR (implantaci\u00f3n de semillas o implantes) es uno de los tres tratamientos radicales* para hombres con c\u00e1ncer de pr\u00f3stata localizado de bajo riesgo o riesgo intermedio. Los otros tratamientos son la cirug\u00eda (prostatectom\u00eda radical: extirpaci\u00f3n completa de la gl\u00e1ndula prost\u00e1tica) o la radioterapia de haz externo.<\/p>\n\n\n\n<p>El tiempo de estancia en el hospital es m\u00e1s corto con la braquiterapia LDR, a menudo s\u00f3lo uno o dos d\u00edas en lugar de muchas visitas y\/o estancias repetidas, y el tiempo de recuperaci\u00f3n es r\u00e1pido.<\/p>\n\n\n\n<p>La braquiterapia LDR se asocia a menos complicaciones que los otros tratamientos radicales*; en general, los efectos secundarios no son tan graves y los hombres pueden volver a sus actividades cotidianas habituales m\u00e1s r\u00e1pidamente.<\/p>\n\n\n\n<p>* Radical significa que los tratamientos est\u00e1n dise\u00f1ados para eliminar o matar las c\u00e9lulas cancerosas<\/p>\n\n\n\n<p>El c\u00e1ncer de pr\u00f3stata localizado puede tratarse de varias maneras. Su m\u00e9dico analizar\u00e1 con usted las opciones adecuadas en funci\u00f3n del estadio de su c\u00e1ncer, su edad, los posibles efectos secundarios y la posibilidad de que su enfermedad evolucione con el tiempo y, por supuesto, sus propias preferencias personales. Es probable que se le realicen diferentes pruebas antes y despu\u00e9s del diagn\u00f3stico. Estas pruebas tambi\u00e9n ayudar\u00e1n a controlar su tratamiento para ver si est\u00e1 funcionando bien. Cuando se reciban los resultados de las pruebas por primera vez, normalmente habr\u00e1 una serie de opciones entre las que podr\u00e1 elegir. Si su enfermedad es de leve a moderada, pero todav\u00eda est\u00e1 localizada (es decir, contenida en el interior de la gl\u00e1ndula prost\u00e1tica), es posible que se le ofrezca una o varias de las terapias que se comentan a continuaci\u00f3n.<\/p>\n\n\n\n<p>En febrero de 2008, el gobierno public\u00f3 una gu\u00eda para los m\u00e9dicos a trav\u00e9s del Instituto Nacional de Salud y Excelencia Cl\u00ednica (NICE), sobre la mejor manera de tratar el c\u00e1ncer de pr\u00f3stata<a rel=\"noreferrer noopener\" href=\"http:\/\/www.nice.org.uk\/guidance?action=byID&amp;o=11924\" target=\"_blank\">(v\u00e9ase la directriz CG 58 del NICE)<\/a>Para los hombres con c\u00e1ncer de pr\u00f3stata localizado (c\u00e1ncer que no se ha extendido fuera de la gl\u00e1ndula prost\u00e1tica) se han enumerado 5 opciones.<\/p>\n\n\n\n<p>Espera vigilante: El c\u00e1ncer de pr\u00f3stata suele ser de crecimiento lento y en las primeras fases puede no causar ning\u00fan problema, por lo que su m\u00e9dico puede sugerirle que espere para ver si hay alg\u00fan cambio (su m\u00e9dico seguir\u00e1 vigil\u00e1ndole).<\/p>\n\n\n\n<p>Vigilancia activa: Esto significa que, aunque no reciba tratamiento para el c\u00e1ncer, estar\u00e1 bajo estrecha observaci\u00f3n y control continuo por parte de su especialista. Si hay alguna evidencia de progresi\u00f3n de la enfermedad, se le propondr\u00e1 un tratamiento radical*, ya sea prostatectom\u00eda, braquiterapia o radioterapia (v\u00e9ase m\u00e1s adelante).<\/p>\n\n\n\n<p>Todos los tratamientos radicales son similares en t\u00e9rminos de supervivencia sin enfermedad a largo plazo, pero hay diferencias en el impacto sobre la calidad de vida del hombre.<\/p>\n<\/div><\/div><\/div>\n\n\n\n<div id=\"Radical-Prostatectomy\" class=\"wp-block-cgb-block-ll-content-block ll-row ll-row--med\"><div class=\"ll-content\"><div class=\"ll-content__inner\">\n<div class=\"wp-block-cgb-block-ll-innerblock-heading\"><div class=\"ll-headings\"><h3 class=\"ll-heading ll-heading--med\" style=\"color:#03843e\">Prostatectom\u00eda radical<\/h3><\/div><\/div>\n\n\n\n<p><strong>\u00bfEn qu\u00e9 consiste?<\/strong><\/p>\n\n\n\n<p>La prostatectom\u00eda radical es una cirug\u00eda para extirpar toda la gl\u00e1ndula prost\u00e1tica. Es una cirug\u00eda mayor y compleja.<\/p>\n\n\n\n<p><strong>\u00bfCu\u00e1nto tiempo dura? <\/strong><\/p>\n\n\n\n<p>El paciente suele permanecer en el hospital entre 3 y 7 d\u00edas y puede irse a casa con una sonda urinaria (tubo) colocada a trav\u00e9s de la cual se expulsa la orina. Puede ser necesario no acudir al trabajo durante un m\u00e1ximo de 6 semanas, y no suele ser posible conducir durante 4 semanas.<\/p>\n\n\n\n<p><strong>Ventajas:&nbsp;&nbsp;&nbsp;<\/strong><\/p>\n\n\n\n<ul class=\"wp-block-list\"><li>Cirug\u00eda, generalmente una sola operaci\u00f3n&nbsp;&nbsp;&nbsp;<\/li><li>Saber que el tumor ha sido extirpado<\/li><\/ul>\n\n\n\n<p><strong>Desventajas:<\/strong><\/p>\n\n\n\n<ul class=\"wp-block-list\"><li>Es una cirug\u00eda mayor y los pacientes tienen que permanecer en el hospital hasta una semana.<\/li><li>No se tolera bien en hombres de edad avanzada o en hombres que no gozan de buena salud en general<\/li><li>Los efectos secundarios de la cirug\u00eda incluyen la impotencia (incapacidad de tener una erecci\u00f3n) en un alto porcentaje de pacientes, y la incontinencia (p\u00e9rdida de control urinario) en un peque\u00f1o n\u00famero de hombres<\/li><\/ul>\n<\/div><\/div><\/div>\n\n\n\n<div id=\"ebrt\" class=\"wp-block-cgb-block-ll-content-block ll-row ll-row--med\"><div class=\"ll-content\"><div class=\"ll-content__inner\">\n<div class=\"wp-block-cgb-block-ll-innerblock-heading\"><div class=\"ll-headings\"><h3 class=\"ll-heading ll-heading--med\" style=\"color:#03843e\">External Beam Radiotherapy (EBRT)<\/h3><\/div><\/div>\n\n\n\n<p><strong>\u00bfEn qu\u00e9 consiste?<\/strong><br>La EBRT consiste en el paso de haces de radiaci\u00f3n a trav\u00e9s del cuerpo, dirigidos a la pr\u00f3stata, lo que supone un procedimiento similar al de una radiograf\u00eda. Se utiliza para tratar la enfermedad localizada y tambi\u00e9n para frenar la progresi\u00f3n de los c\u00e1nceres m\u00e1s avanzados.<\/p>\n\n\n\n<p><strong>\u00bfCu\u00e1nto tiempo dura? <\/strong><br>El tratamiento se administra de forma ambulatoria, con pacientes que acuden a su centro oncol\u00f3gico local durante 5 d\u00edas a la semana, durante 4-7 semanas. En cada visita, el paciente recibir\u00e1 una peque\u00f1a fracci\u00f3n de la dosis de radiaci\u00f3n hasta completar el curso de la terapia.<\/p>\n\n\n\n<p><strong>Ventajas:&nbsp;&nbsp;&nbsp;<\/strong><\/p>\n\n\n\n<ul class=\"wp-block-list\"><li>Se tolera razonablemente bien en hombres de edad avanzada<\/li><li>No tiene que pasar la noche en el hospital<\/li><li>En comparaci\u00f3n con la prostatectom\u00eda radical, el riesgo de impotencia es menor y la incidencia de incontinencia es peque\u00f1a <\/li><\/ul>\n\n\n\n<p><strong>Desventajas:<\/strong><\/p>\n\n\n\n<ul class=\"wp-block-list\"><li>Tienes que hacer varias visitas al hospital durante varias semanas. Esto puede causar una interrupci\u00f3n significativa de su rutina normal en el trabajo y en casa<\/li><li>Hay una mayor probabilidad de impotencia<\/li><li>Puede provocar diversos efectos secundarios y complicaciones debido a los da\u00f1os que la radiaci\u00f3n produce en los tejidos sanos (por ejemplo, cansancio, micci\u00f3n frecuente y dolorosa, diarrea e irritaci\u00f3n o sangrado rectal)<\/li><\/ul>\n<\/div><\/div><\/div>\n\n\n\n<div id=\"ldr\" class=\"wp-block-cgb-block-ll-content-block ll-row ll-row--med\"><div class=\"ll-content\"><div class=\"ll-content__inner\">\n<div class=\"wp-block-cgb-block-ll-innerblock-heading\"><div class=\"ll-headings\"><h3 class=\"ll-heading ll-heading--med\" style=\"color:#03843e\">la Braquiterapia LDR<\/h3><\/div><\/div>\n\n\n\n<p>La braquiterapia LDR (implantaci\u00f3n de semillas) (descrita en detalle en otras secciones de este sitio web) no implica una cirug\u00eda mayor.<\/p>\n\n\n\n<p><strong>\u00bfEn qu\u00e9 consiste?<\/strong><br>Se colocan peque\u00f1as semillas radiactivas, cada una del tama\u00f1o de un grano de arroz, en la gl\u00e1ndula prost\u00e1tica a trav\u00e9s de finas agujas. Las semillas emiten niveles bajos de radiaci\u00f3n durante un a\u00f1o, lo que elimina las c\u00e9lulas cancerosas.<\/p>\n\n\n\n<p><strong>\u00bfCu\u00e1nto tiempo dura? <\/strong><br>Una visita al hospital para la planificaci\u00f3n del tratamiento y una visita al hospital para la inserci\u00f3n de las semillas. Sin embargo, cada vez m\u00e1s estos procedimientos se realizan en la misma visita, lo que puede implicar una estancia de una noche. Durante los primeros d\u00edas no debe realizar ninguna actividad extenuante ni levantar objetos pesados, pero despu\u00e9s probablemente podr\u00e1 seguir su vida con normalidad.<\/p>\n\n\n\n<p><strong>Ventajas:&nbsp;&nbsp;&nbsp;<\/strong><\/p>\n\n\n\n<ul class=\"wp-block-list\"><li>Las semillas pueden colocarse en toda la gl\u00e1ndula prost\u00e1tica con un alto grado de precisi\u00f3n<\/li><li>Cada semilla s\u00f3lo afecta a una peque\u00f1a zona y relativamente poca radiaci\u00f3n llega a los \u00f3rganos cercanos. Entre ellos se encuentran el recto, que est\u00e1 directamente detr\u00e1s de la gl\u00e1ndula prost\u00e1tica, y la vejiga, que se encuentra encima de la gl\u00e1ndula. Por lo tanto, puede tener menos efectos secundarios graves en la evacuaci\u00f3n de la orina o del intestino que otros tratamientos<\/li><li>El tiempo de recuperaci\u00f3n es r\u00e1pido, y la mayor\u00eda de los hombres vuelven al trabajo y a la actividad diaria en pocos d\u00edas<\/li><\/ul>\n\n\n\n<p><strong>Desventajas:<\/strong><\/p>\n\n\n\n<ul class=\"wp-block-list\"><li>Puede necesitar dos anestesias generales<\/li><li>Puede tener dificultades para orinar durante los primeros 6 meses aproximadamente<\/li><\/ul>\n<\/div><\/div><\/div>\n\n\n\n<div id=\"\" class=\"wp-block-cgb-block-ll-content-block ll-row default\"><div class=\"ll-content\"><div class=\"ll-content__inner\">\n<p>La braquiterapia LDR suele administrarse por s\u00ed sola, pero en determinadas circunstancias puede administrarse en combinaci\u00f3n con la radioterapia de haz externo (EBRT) o tras un tratamiento hormonal, que a veces se utiliza para reducir el tama\u00f1o de la pr\u00f3stata.<\/p>\n\n\n\n<div style=\"height:30px\" aria-hidden=\"true\" class=\"wp-block-spacer\"><\/div>\n\n\n\n<p><strong>Referencias:<\/strong><\/p>\n\n\n\n<ul class=\"ll-text-sm wp-block-list\"><li><em>Buron C, Le Vu B, Jean-Cosset J-M et al. Brachytherapy versus Prostatectomy In Localized Prostate Cancer: Results of a French Multicenter Prospective Medico-Economic Study. Int. J. Radiation Oncology Biol. Phys. 2007, Vol. 67, No. 3, Pp. 812-822<\/em><\/li><li><em>Frank SJ, Pisters LL, Davis J et al. An Assessment of Quality of Life Following Radical Prostatectomy, High Dose External Beam Radiation Therapy and Brachytherapy Iodine Implantation as Monotherapies for Localized Prostate Cancer. J Urol 2007. Vol. 177, 2151-2156<\/em><\/li><li><em>Langley SEM, Laing R. Prostate brachytherapy has come of age: a review of the technique and results BJU International 2002;89:241-249<\/em><\/li><\/ul>\n\n\n\n<div class=\"wp-block-cgb-block-ll-innerblock-text-padded\"><div class=\"ll-text-padded\"><p>  <\/p><\/div><\/div>\n<\/div><\/div><\/div>","protected":false},"excerpt":{"rendered":"","protected":false},"author":1,"featured_media":0,"parent":242,"menu_order":0,"comment_status":"closed","ping_status":"closed","template":"template-content-sidebar.php","meta":{"_acf_changed":false,"_monsterinsights_skip_tracking":false,"_monsterinsights_sitenote_active":false,"_monsterinsights_sitenote_note":"","_monsterinsights_sitenote_category":0,"footnotes":""},"class_list":["post-351","page","type-page","status-publish","hentry"],"acf":[],"yoast_head":"<!-- This site is optimized with the Yoast SEO plugin v27.5 - https:\/\/yoast.com\/product\/yoast-seo-wordpress\/ -->\n<title>How does Brachytherapy compare? - BXTA<\/title>\n<meta name=\"robots\" content=\"index, follow, max-snippet:-1, max-image-preview:large, max-video-preview:-1\" \/>\n<link rel=\"canonical\" href=\"https:\/\/bxta.com\/es\/patient-information\/how-does-brachytherapy-compare\/\" \/>\n<meta property=\"og:locale\" content=\"es_ES\" \/>\n<meta property=\"og:type\" content=\"article\" \/>\n<meta property=\"og:title\" content=\"How does Brachytherapy compare? - BXTA\" \/>\n<meta property=\"og:url\" content=\"https:\/\/bxta.com\/es\/patient-information\/how-does-brachytherapy-compare\/\" \/>\n<meta property=\"og:site_name\" content=\"BXTA\" \/>\n<meta property=\"article:publisher\" content=\"https:\/\/www.facebook.com\/bxtainternational\/\" \/>\n<meta property=\"article:modified_time\" content=\"2020-06-20T10:51:31+00:00\" \/>\n<meta property=\"og:image\" content=\"https:\/\/bxta.com\/wp-content\/uploads\/2021\/05\/BXTA-2-scaled.jpg\" \/>\n\t<meta property=\"og:image:width\" content=\"1480\" \/>\n\t<meta property=\"og:image:height\" content=\"1046\" \/>\n\t<meta property=\"og:image:type\" content=\"image\/jpeg\" \/>\n<meta name=\"twitter:card\" content=\"summary_large_image\" \/>\n<meta name=\"twitter:site\" content=\"@BXTA_\" \/>\n<meta name=\"twitter:label1\" content=\"Tiempo de lectura\" \/>\n\t<meta name=\"twitter:data1\" content=\"6 minutos\" \/>\n<script type=\"application\/ld+json\" class=\"yoast-schema-graph\">{\"@context\":\"https:\\\/\\\/schema.org\",\"@graph\":[{\"@type\":\"WebPage\",\"@id\":\"https:\\\/\\\/bxta.com\\\/patient-information\\\/how-does-brachytherapy-compare\\\/\",\"url\":\"https:\\\/\\\/bxta.com\\\/patient-information\\\/how-does-brachytherapy-compare\\\/\",\"name\":\"How does Brachytherapy compare? - BXTA\",\"isPartOf\":{\"@id\":\"https:\\\/\\\/bxta.com\\\/uk\\\/#website\"},\"datePublished\":\"2020-03-29T22:36:29+00:00\",\"dateModified\":\"2020-06-20T10:51:31+00:00\",\"breadcrumb\":{\"@id\":\"https:\\\/\\\/bxta.com\\\/patient-information\\\/how-does-brachytherapy-compare\\\/#breadcrumb\"},\"inLanguage\":\"es\",\"potentialAction\":[{\"@type\":\"ReadAction\",\"target\":[\"https:\\\/\\\/bxta.com\\\/patient-information\\\/how-does-brachytherapy-compare\\\/\"]}]},{\"@type\":\"BreadcrumbList\",\"@id\":\"https:\\\/\\\/bxta.com\\\/patient-information\\\/how-does-brachytherapy-compare\\\/#breadcrumb\",\"itemListElement\":[{\"@type\":\"ListItem\",\"position\":1,\"name\":\"Home\",\"item\":\"https:\\\/\\\/bxta.com\\\/\"},{\"@type\":\"ListItem\",\"position\":2,\"name\":\"Patient Information\",\"item\":\"https:\\\/\\\/bxta.com\\\/patient-information\\\/\"},{\"@type\":\"ListItem\",\"position\":3,\"name\":\"How does Brachytherapy compare?\"}]},{\"@type\":\"WebSite\",\"@id\":\"https:\\\/\\\/bxta.com\\\/uk\\\/#website\",\"url\":\"https:\\\/\\\/bxta.com\\\/uk\\\/\",\"name\":\"BXTA\",\"description\":\"Let\u2019s tackle Prostate Cancer together | BXTA\",\"publisher\":{\"@id\":\"https:\\\/\\\/bxta.com\\\/uk\\\/#organization\"},\"potentialAction\":[{\"@type\":\"SearchAction\",\"target\":{\"@type\":\"EntryPoint\",\"urlTemplate\":\"https:\\\/\\\/bxta.com\\\/uk\\\/?s={search_term_string}\"},\"query-input\":{\"@type\":\"PropertyValueSpecification\",\"valueRequired\":true,\"valueName\":\"search_term_string\"}}],\"inLanguage\":\"es\"},{\"@type\":\"Organization\",\"@id\":\"https:\\\/\\\/bxta.com\\\/uk\\\/#organization\",\"name\":\"BXTA\",\"url\":\"https:\\\/\\\/bxta.com\\\/uk\\\/\",\"logo\":{\"@type\":\"ImageObject\",\"inLanguage\":\"es\",\"@id\":\"https:\\\/\\\/bxta.com\\\/uk\\\/#\\\/schema\\\/logo\\\/image\\\/\",\"url\":\"https:\\\/\\\/bxta-staging.s3.eu-west-2.amazonaws.com\\\/app\\\/uploads\\\/2021\\\/09\\\/07212056\\\/BXTA-Logo.png\",\"contentUrl\":\"https:\\\/\\\/bxta-staging.s3.eu-west-2.amazonaws.com\\\/app\\\/uploads\\\/2021\\\/09\\\/07212056\\\/BXTA-Logo.png\",\"width\":600,\"height\":373,\"caption\":\"BXTA\"},\"image\":{\"@id\":\"https:\\\/\\\/bxta.com\\\/uk\\\/#\\\/schema\\\/logo\\\/image\\\/\"},\"sameAs\":[\"https:\\\/\\\/www.facebook.com\\\/bxtainternational\\\/\",\"https:\\\/\\\/x.com\\\/BXTA_\",\"https:\\\/\\\/www.linkedin.com\\\/company\\\/bxtaccelyon\",\"https:\\\/\\\/www.youtube.com\\\/channel\\\/UCkTU9L10CS5c1eWtGiMZ7gw\"]}]}<\/script>\n<!-- \/ Yoast SEO plugin. -->","yoast_head_json":{"title":"How does Brachytherapy compare? - BXTA","robots":{"index":"index","follow":"follow","max-snippet":"max-snippet:-1","max-image-preview":"max-image-preview:large","max-video-preview":"max-video-preview:-1"},"canonical":"https:\/\/bxta.com\/es\/patient-information\/how-does-brachytherapy-compare\/","og_locale":"es_ES","og_type":"article","og_title":"How does Brachytherapy compare? - BXTA","og_url":"https:\/\/bxta.com\/es\/patient-information\/how-does-brachytherapy-compare\/","og_site_name":"BXTA","article_publisher":"https:\/\/www.facebook.com\/bxtainternational\/","article_modified_time":"2020-06-20T10:51:31+00:00","og_image":[{"width":1480,"height":1046,"url":"https:\/\/bxta.com\/wp-content\/uploads\/2021\/05\/BXTA-2-scaled.jpg","type":"image\/jpeg"}],"twitter_card":"summary_large_image","twitter_site":"@BXTA_","twitter_misc":{"Tiempo de lectura":"6 minutos"},"schema":{"@context":"https:\/\/schema.org","@graph":[{"@type":"WebPage","@id":"https:\/\/bxta.com\/patient-information\/how-does-brachytherapy-compare\/","url":"https:\/\/bxta.com\/patient-information\/how-does-brachytherapy-compare\/","name":"How does Brachytherapy compare? - BXTA","isPartOf":{"@id":"https:\/\/bxta.com\/uk\/#website"},"datePublished":"2020-03-29T22:36:29+00:00","dateModified":"2020-06-20T10:51:31+00:00","breadcrumb":{"@id":"https:\/\/bxta.com\/patient-information\/how-does-brachytherapy-compare\/#breadcrumb"},"inLanguage":"es","potentialAction":[{"@type":"ReadAction","target":["https:\/\/bxta.com\/patient-information\/how-does-brachytherapy-compare\/"]}]},{"@type":"BreadcrumbList","@id":"https:\/\/bxta.com\/patient-information\/how-does-brachytherapy-compare\/#breadcrumb","itemListElement":[{"@type":"ListItem","position":1,"name":"Home","item":"https:\/\/bxta.com\/"},{"@type":"ListItem","position":2,"name":"Patient Information","item":"https:\/\/bxta.com\/patient-information\/"},{"@type":"ListItem","position":3,"name":"How does Brachytherapy compare?"}]},{"@type":"WebSite","@id":"https:\/\/bxta.com\/uk\/#website","url":"https:\/\/bxta.com\/uk\/","name":"BXTA","description":"Hagamos frente juntos al c\u00e1ncer de pr\u00f3stata | BXTA","publisher":{"@id":"https:\/\/bxta.com\/uk\/#organization"},"potentialAction":[{"@type":"SearchAction","target":{"@type":"EntryPoint","urlTemplate":"https:\/\/bxta.com\/uk\/?s={search_term_string}"},"query-input":{"@type":"PropertyValueSpecification","valueRequired":true,"valueName":"search_term_string"}}],"inLanguage":"es"},{"@type":"Organization","@id":"https:\/\/bxta.com\/uk\/#organization","name":"BXTA","url":"https:\/\/bxta.com\/uk\/","logo":{"@type":"ImageObject","inLanguage":"es","@id":"https:\/\/bxta.com\/uk\/#\/schema\/logo\/image\/","url":"https:\/\/bxta-staging.s3.eu-west-2.amazonaws.com\/app\/uploads\/2021\/09\/07212056\/BXTA-Logo.png","contentUrl":"https:\/\/bxta-staging.s3.eu-west-2.amazonaws.com\/app\/uploads\/2021\/09\/07212056\/BXTA-Logo.png","width":600,"height":373,"caption":"BXTA"},"image":{"@id":"https:\/\/bxta.com\/uk\/#\/schema\/logo\/image\/"},"sameAs":["https:\/\/www.facebook.com\/bxtainternational\/","https:\/\/x.com\/BXTA_","https:\/\/www.linkedin.com\/company\/bxtaccelyon","https:\/\/www.youtube.com\/channel\/UCkTU9L10CS5c1eWtGiMZ7gw"]}]}},"_links":{"self":[{"href":"https:\/\/bxta.com\/es\/wp-json\/wp\/v2\/pages\/351","targetHints":{"allow":["GET"]}}],"collection":[{"href":"https:\/\/bxta.com\/es\/wp-json\/wp\/v2\/pages"}],"about":[{"href":"https:\/\/bxta.com\/es\/wp-json\/wp\/v2\/types\/page"}],"author":[{"embeddable":true,"href":"https:\/\/bxta.com\/es\/wp-json\/wp\/v2\/users\/1"}],"replies":[{"embeddable":true,"href":"https:\/\/bxta.com\/es\/wp-json\/wp\/v2\/comments?post=351"}],"version-history":[{"count":10,"href":"https:\/\/bxta.com\/es\/wp-json\/wp\/v2\/pages\/351\/revisions"}],"predecessor-version":[{"id":801,"href":"https:\/\/bxta.com\/es\/wp-json\/wp\/v2\/pages\/351\/revisions\/801"}],"up":[{"embeddable":true,"href":"https:\/\/bxta.com\/es\/wp-json\/wp\/v2\/pages\/242"}],"wp:attachment":[{"href":"https:\/\/bxta.com\/es\/wp-json\/wp\/v2\/media?parent=351"}],"curies":[{"name":"wp","href":"https:\/\/api.w.org\/{rel}","templated":true}]}}