{"id":332,"date":"2020-03-29T22:30:11","date_gmt":"2020-03-29T22:30:11","guid":{"rendered":"http:\/\/bxta-staging.website\/?page_id=332"},"modified":"2021-08-06T12:25:14","modified_gmt":"2021-08-06T12:25:14","slug":"strands","status":"publish","type":"page","link":"https:\/\/bxta.com\/es\/healthcare-professionals\/strands\/","title":{"rendered":"Hebras"},"content":{"rendered":"<div id=\"\" class=\"wp-block-cgb-block-ll-content-block ll-row ll-row--med\"><div class=\"ll-content\"><div class=\"ll-content__inner\">\n<div class=\"wp-block-cgb-block-ll-innerblock-heading\"><div class=\"ll-headings\"><h3 class=\"ll-heading ll-heading--lrg\" style=\"color:#03843e\">Hebras<\/h3><\/div><\/div>\n\n\n\n<p><\/p>\n<\/div><\/div><\/div>\n\n\n\n<div id=\"TheraStrand\" class=\"wp-block-cgb-block-ll-content-block ll-row ll-row--med\"><div class=\"ll-content\"><div class=\"ll-content__inner\">\n<div class=\"wp-block-cgb-block-ll-innerblock-heading\"><div class=\"ll-headings\"><h3 class=\"ll-heading ll-heading--sml\" style=\"color:#03843e\">TheraStrand<\/h3><\/div><\/div>\n\n\n\n<p>Las semillas combinadas trenzadas de BXTA combinan tecnolog\u00eda de productos demostrados con pr\u00e1cticas innovadoras:<\/p>\n\n\n\n<ul class=\"wp-block-list\"><li>Semillas Agx100 para conseguir los mejores resultados y precisi\u00f3n en las im\u00e1genes<\/li><li>Tira trenzada de poliglactina para una colocaci\u00f3n segura<\/li><li>El bloque de corte facilita la preparaci\u00f3n y reduce el riesgo de exposici\u00f3n a la radiaci\u00f3n<\/li><li>Seleccione la configuraci\u00f3n de 5 o 6 semillas para conseguir cumplir mejor los requisitos de la braquiterapia<\/li><\/ul>\n\n\n\n<p><\/p>\n<\/div><\/div><\/div>\n\n\n\n<div id=\"TheraSleeve\" class=\"wp-block-cgb-block-ll-content-block ll-row ll-row--med\"><div class=\"ll-content\"><div class=\"ll-content__inner\">\n<div class=\"wp-block-cgb-block-ll-innerblock-heading\"><div class=\"ll-headings\"><h3 class=\"ll-heading ll-heading--sml\" style=\"color:#03843e\">TheraSleeve<\/h3><\/div><\/div>\n\n\n\n<p>Las semillas combinadas trenzadas de BXTA combinan tecnolog\u00eda de productos demostrados con pr\u00e1cticas innovadoras:<\/p>\n\n\n\n<ul class=\"wp-block-list\"><li>Material entrelazado \u00fanico y exclusivo que combina tecnolog\u00edas probadas de producto<\/li><li>Estructura especial de glicolido\/L-lactido para un periodo de absorci\u00f3n mayor&nbsp;<\/li><li>Visibilidad mejorada en ultrasonidos para una visualizaci\u00f3n clara de la deposici\u00f3n de semillas&nbsp;<\/li><li>No precisa de un espaciador inicial, por lo que la dosis es fiable en la base&nbsp;<\/li><\/ul>\n\n\n\n<p><\/p>\n<\/div><\/div><\/div>\n\n\n\n<div id=\"IsoLoader\" class=\"wp-block-cgb-block-ll-content-block ll-row ll-row--med\"><div class=\"ll-content\"><div class=\"ll-content__inner\">\n<div class=\"wp-block-cgb-block-ll-innerblock-heading\"><div class=\"ll-headings\"><h3 class=\"ll-heading ll-heading--sml\" style=\"color:#03843e\">IsoLoader<\/h3><\/div><\/div>\n\n\n\n<div class=\"wp-block-image\"><figure class=\"aligncenter size-large\"><img decoding=\"async\" width=\"265\" height=\"222\" src=\"https:\/\/bxt-next-website.com\/wp-content\/uploads\/2021\/03\/isoloader.png\" alt=\"isoloader\" class=\"wp-image-2329\" srcset=\"https:\/\/bxta.com\/wp-content\/uploads\/2021\/03\/isoloader.png 265w, https:\/\/bxta.com\/wp-content\/uploads\/2021\/03\/isoloader-14x12.png 14w\" sizes=\"(max-width: 265px) 100vw, 265px\" \/><\/figure><\/div>\n\n\n\n<p>El IsoLoader es una soluci\u00f3n intra-operativa adecuada, flexible y r\u00e1pida que crea unas hebras de alta calidad en el quir\u00f3fano.<\/p>\n\n\n\n<ul class=\"wp-block-list\"><li>De f\u00e1cil uso, este dispositivo de alta ingenier\u00eda permite personalizar las hebras con el fin de crear un entorno est\u00e9ril a tiempo real<\/li><li>Su tecnolog\u00eda \u00fanica encapsula las semillas de forma segura dentro de las hebras, evitando que se separen tras su implantaci\u00f3n<\/li><li>Las hebras se pueden cargar directamente en agujas precargadas y sin tap\u00f3n, o mediante tubos de transferencia y posterior a la carga<\/li><li>Es posible combinar de diversas maneras la carga de semillas\/espaciadores, siendo ideal para las cargas de aguja central.<\/li><\/ul>\n\n\n\n<p><a href=\"https:\/\/www.bxt-accelyon.com\/single-stage-prodecure\" target=\"_blank\" rel=\"noreferrer noopener\">Ver v\u00eddeo sel IsoLoader<\/a><\/p>\n\n\n\n<p><\/p>\n<\/div><\/div><\/div>\n\n\n\n<div id=\"IsoLoader\" class=\"wp-block-cgb-block-ll-content-block ll-row ll-row--med\"><div class=\"ll-content\"><div class=\"ll-content__inner\">\n<div class=\"wp-block-cgb-block-ll-innerblock-heading\"><div class=\"ll-headings\"><h3 class=\"ll-heading ll-heading--sml\" style=\"color:#03843e\">Agujas pre-taponadas<\/h3><\/div><\/div>\n\n\n\n<p>Agujas de braquiterapia desarrolladas para optimizar el proceso de carga de semillas. Las agujas tienen una cobertura de silicona para facilitar su inserci\u00f3n y un di\u00e1metro interno pulido para la utilizaci\u00f3n delicada de las semillas. Las puntas de las agujas est\u00e1n mejoradas para la visualizaci\u00f3n por ultrasonidos y electropulidas para que sean m\u00e1s afiladas. Las agujas de eje redondeado y cuadrado tienen marcadores de hoja para indicar la orientaci\u00f3n y las marcas de cent\u00edmetros para su colocaci\u00f3n en profundidad. Est\u00e1n disponibles en diferentes colores, tama\u00f1os y configuraciones.<\/p>\n\n\n\n<p><\/p>\n<\/div><\/div><\/div>\n\n\n\n<div id=\"sterile-packaging-strand\" class=\"wp-block-cgb-block-ll-content-block ll-row ll-row--med\"><div class=\"ll-content\"><div class=\"ll-content__inner\">\n<div class=\"wp-block-cgb-block-ll-innerblock-heading\"><div class=\"ll-headings\"><h3 class=\"ll-heading ll-heading--sml\" style=\"color:#03843e\">Envasado individual est\u00e9ril para ensayos con hebras BXTA<\/h3><\/div><\/div>\n\n\n\n<p>Envasado exclusivo que permite a las hebras medir la actividad sin poner en riesgo la esterilidad. Ahorre tiempo y costes, ya que los soportes fuente no necesitan repetir el autoclavado. El ensayo con hebras se puede realizar al mismo tiempo para el equipo que las implanta.<\/p>\n\n\n\n<p><\/p>\n<\/div><\/div><\/div>\n\n\n\n<div id=\"cutting-block\" class=\"wp-block-cgb-block-ll-content-block ll-row ll-row--med\"><div class=\"ll-content\"><div class=\"ll-content__inner\">\n<div class=\"wp-block-cgb-block-ll-innerblock-heading\"><div class=\"ll-headings\"><h3 class=\"ll-heading ll-heading--sml\" style=\"color:#03843e\">Bloque de corte<\/h3><\/div><\/div>\n\n\n\n<div class=\"wp-block-image\"><figure class=\"aligncenter size-large is-resized\"><img decoding=\"async\" src=\"https:\/\/bxta-staging.website\/wp-content\/uploads\/2020\/08\/Cutting-Block-DSC_4686-1040x771.jpg\" alt=\"\" class=\"wp-image-1108\" width=\"306\" height=\"226\" srcset=\"https:\/\/bxta.com\/wp-content\/uploads\/2020\/08\/Cutting-Block-DSC_4686-1040x771.jpg 1040w, https:\/\/bxta.com\/wp-content\/uploads\/2020\/08\/Cutting-Block-DSC_4686-800x593.jpg 800w, https:\/\/bxta.com\/wp-content\/uploads\/2020\/08\/Cutting-Block-DSC_4686-768x569.jpg 768w, https:\/\/bxta.com\/wp-content\/uploads\/2020\/08\/Cutting-Block-DSC_4686-1536x1138.jpg 1536w, https:\/\/bxta.com\/wp-content\/uploads\/2020\/08\/Cutting-Block-DSC_4686-2048x1517.jpg 2048w, https:\/\/bxta.com\/wp-content\/uploads\/2020\/08\/Cutting-Block-DSC_4686-350x259.jpg 350w, https:\/\/bxta.com\/wp-content\/uploads\/2020\/08\/Cutting-Block-DSC_4686-400x296.jpg 400w, https:\/\/bxta.com\/wp-content\/uploads\/2020\/08\/Cutting-Block-DSC_4686-1240x919.jpg 1240w, https:\/\/bxta.com\/wp-content\/uploads\/2020\/08\/Cutting-Block-DSC_4686-1440x1067.jpg 1440w, https:\/\/bxta.com\/wp-content\/uploads\/2020\/08\/Cutting-Block-DSC_4686-1940x1437.jpg 1940w, https:\/\/bxta.com\/wp-content\/uploads\/2020\/08\/Cutting-Block-DSC_4686-scaled.jpg 1480w\" sizes=\"(max-width: 306px) 100vw, 306px\" \/><\/figure><\/div>\n\n\n\n<p>Dispositivo exclusivo para cortar las hebras y cargar las semillas trenzadas en las agujas de braquiterapia.  Permite el corte a medida en un conjunto de carga radioprotegida f\u00e1cil de usar. Autoclavable.&nbsp;<\/p>\n\n\n\n<p><\/p>\n<\/div><\/div><\/div>\n\n\n\n<div id=\"\" class=\"wp-block-cgb-block-ll-cards-cta ll-row default\"><div class=\"ll-cards--cta\"><div class=\"ll-cards__wrapper\"><\/div><\/div><\/div>","protected":false},"excerpt":{"rendered":"","protected":false},"author":1,"featured_media":0,"parent":306,"menu_order":0,"comment_status":"closed","ping_status":"closed","template":"template-product.php","meta":{"_acf_changed":false,"_monsterinsights_skip_tracking":false,"_monsterinsights_sitenote_active":false,"_monsterinsights_sitenote_note":"","_monsterinsights_sitenote_category":0,"footnotes":""},"class_list":["post-332","page","type-page","status-publish","hentry"],"acf":[],"yoast_head":"<!-- This site is optimized with the Yoast SEO plugin v27.4 - https:\/\/yoast.com\/product\/yoast-seo-wordpress\/ -->\n<title>Strands - BXTA<\/title>\n<meta name=\"robots\" content=\"index, follow, max-snippet:-1, max-image-preview:large, max-video-preview:-1\" \/>\n<link rel=\"canonical\" href=\"https:\/\/bxta.com\/es\/healthcare-professionals\/strands\/\" \/>\n<meta property=\"og:locale\" content=\"es_ES\" \/>\n<meta property=\"og:type\" content=\"article\" \/>\n<meta property=\"og:title\" content=\"Strands - BXTA\" \/>\n<meta property=\"og:url\" content=\"https:\/\/bxta.com\/es\/healthcare-professionals\/strands\/\" \/>\n<meta property=\"og:site_name\" content=\"BXTA\" \/>\n<meta property=\"article:publisher\" content=\"https:\/\/www.facebook.com\/bxtainternational\/\" \/>\n<meta property=\"article:modified_time\" content=\"2021-08-06T12:25:14+00:00\" \/>\n<meta property=\"og:image\" content=\"https:\/\/bxt-next-website.com\/wp-content\/uploads\/2021\/03\/isoloader.png\" \/>\n<meta name=\"twitter:card\" content=\"summary_large_image\" \/>\n<meta name=\"twitter:site\" content=\"@BXTA_\" \/>\n<meta name=\"twitter:label1\" content=\"Tiempo de lectura\" \/>\n\t<meta name=\"twitter:data1\" content=\"2 minutos\" \/>\n<script type=\"application\/ld+json\" class=\"yoast-schema-graph\">{\"@context\":\"https:\\\/\\\/schema.org\",\"@graph\":[{\"@type\":\"WebPage\",\"@id\":\"https:\\\/\\\/bxta.com\\\/uk\\\/healthcare-professionals\\\/strands\\\/\",\"url\":\"https:\\\/\\\/bxta.com\\\/uk\\\/healthcare-professionals\\\/strands\\\/\",\"name\":\"Strands - BXTA\",\"isPartOf\":{\"@id\":\"https:\\\/\\\/bxta.com\\\/uk\\\/#website\"},\"primaryImageOfPage\":{\"@id\":\"https:\\\/\\\/bxta.com\\\/uk\\\/healthcare-professionals\\\/strands\\\/#primaryimage\"},\"image\":{\"@id\":\"https:\\\/\\\/bxta.com\\\/uk\\\/healthcare-professionals\\\/strands\\\/#primaryimage\"},\"thumbnailUrl\":\"https:\\\/\\\/bxt-next-website.com\\\/wp-content\\\/uploads\\\/2021\\\/03\\\/isoloader.png\",\"datePublished\":\"2020-03-29T22:30:11+00:00\",\"dateModified\":\"2021-08-06T12:25:14+00:00\",\"breadcrumb\":{\"@id\":\"https:\\\/\\\/bxta.com\\\/uk\\\/healthcare-professionals\\\/strands\\\/#breadcrumb\"},\"inLanguage\":\"es\",\"potentialAction\":[{\"@type\":\"ReadAction\",\"target\":[\"https:\\\/\\\/bxta.com\\\/uk\\\/healthcare-professionals\\\/strands\\\/\"]}]},{\"@type\":\"ImageObject\",\"inLanguage\":\"es\",\"@id\":\"https:\\\/\\\/bxta.com\\\/uk\\\/healthcare-professionals\\\/strands\\\/#primaryimage\",\"url\":\"https:\\\/\\\/bxt-next-website.com\\\/wp-content\\\/uploads\\\/2021\\\/03\\\/isoloader.png\",\"contentUrl\":\"https:\\\/\\\/bxt-next-website.com\\\/wp-content\\\/uploads\\\/2021\\\/03\\\/isoloader.png\"},{\"@type\":\"BreadcrumbList\",\"@id\":\"https:\\\/\\\/bxta.com\\\/uk\\\/healthcare-professionals\\\/strands\\\/#breadcrumb\",\"itemListElement\":[{\"@type\":\"ListItem\",\"position\":1,\"name\":\"Home\",\"item\":\"https:\\\/\\\/bxta.com\\\/\"},{\"@type\":\"ListItem\",\"position\":2,\"name\":\"Healthcare Professionals\",\"item\":\"https:\\\/\\\/bxta.com\\\/uk\\\/healthcare-professionals\\\/\"},{\"@type\":\"ListItem\",\"position\":3,\"name\":\"Strands\"}]},{\"@type\":\"WebSite\",\"@id\":\"https:\\\/\\\/bxta.com\\\/uk\\\/#website\",\"url\":\"https:\\\/\\\/bxta.com\\\/uk\\\/\",\"name\":\"BXTA\",\"description\":\"Let\u2019s tackle Prostate Cancer together | BXTA\",\"publisher\":{\"@id\":\"https:\\\/\\\/bxta.com\\\/uk\\\/#organization\"},\"potentialAction\":[{\"@type\":\"SearchAction\",\"target\":{\"@type\":\"EntryPoint\",\"urlTemplate\":\"https:\\\/\\\/bxta.com\\\/uk\\\/?s={search_term_string}\"},\"query-input\":{\"@type\":\"PropertyValueSpecification\",\"valueRequired\":true,\"valueName\":\"search_term_string\"}}],\"inLanguage\":\"es\"},{\"@type\":\"Organization\",\"@id\":\"https:\\\/\\\/bxta.com\\\/uk\\\/#organization\",\"name\":\"BXTA\",\"url\":\"https:\\\/\\\/bxta.com\\\/uk\\\/\",\"logo\":{\"@type\":\"ImageObject\",\"inLanguage\":\"es\",\"@id\":\"https:\\\/\\\/bxta.com\\\/uk\\\/#\\\/schema\\\/logo\\\/image\\\/\",\"url\":\"https:\\\/\\\/bxta-staging.s3.eu-west-2.amazonaws.com\\\/app\\\/uploads\\\/2021\\\/09\\\/07212056\\\/BXTA-Logo.png\",\"contentUrl\":\"https:\\\/\\\/bxta-staging.s3.eu-west-2.amazonaws.com\\\/app\\\/uploads\\\/2021\\\/09\\\/07212056\\\/BXTA-Logo.png\",\"width\":600,\"height\":373,\"caption\":\"BXTA\"},\"image\":{\"@id\":\"https:\\\/\\\/bxta.com\\\/uk\\\/#\\\/schema\\\/logo\\\/image\\\/\"},\"sameAs\":[\"https:\\\/\\\/www.facebook.com\\\/bxtainternational\\\/\",\"https:\\\/\\\/x.com\\\/BXTA_\",\"https:\\\/\\\/www.linkedin.com\\\/company\\\/bxtaccelyon\",\"https:\\\/\\\/www.youtube.com\\\/channel\\\/UCkTU9L10CS5c1eWtGiMZ7gw\"]}]}<\/script>\n<!-- \/ Yoast SEO plugin. -->","yoast_head_json":{"title":"Strands - BXTA","robots":{"index":"index","follow":"follow","max-snippet":"max-snippet:-1","max-image-preview":"max-image-preview:large","max-video-preview":"max-video-preview:-1"},"canonical":"https:\/\/bxta.com\/es\/healthcare-professionals\/strands\/","og_locale":"es_ES","og_type":"article","og_title":"Strands - BXTA","og_url":"https:\/\/bxta.com\/es\/healthcare-professionals\/strands\/","og_site_name":"BXTA","article_publisher":"https:\/\/www.facebook.com\/bxtainternational\/","article_modified_time":"2021-08-06T12:25:14+00:00","og_image":[{"url":"https:\/\/bxt-next-website.com\/wp-content\/uploads\/2021\/03\/isoloader.png","type":"","width":"","height":""}],"twitter_card":"summary_large_image","twitter_site":"@BXTA_","twitter_misc":{"Tiempo de lectura":"2 minutos"},"schema":{"@context":"https:\/\/schema.org","@graph":[{"@type":"WebPage","@id":"https:\/\/bxta.com\/uk\/healthcare-professionals\/strands\/","url":"https:\/\/bxta.com\/uk\/healthcare-professionals\/strands\/","name":"Strands - BXTA","isPartOf":{"@id":"https:\/\/bxta.com\/uk\/#website"},"primaryImageOfPage":{"@id":"https:\/\/bxta.com\/uk\/healthcare-professionals\/strands\/#primaryimage"},"image":{"@id":"https:\/\/bxta.com\/uk\/healthcare-professionals\/strands\/#primaryimage"},"thumbnailUrl":"https:\/\/bxt-next-website.com\/wp-content\/uploads\/2021\/03\/isoloader.png","datePublished":"2020-03-29T22:30:11+00:00","dateModified":"2021-08-06T12:25:14+00:00","breadcrumb":{"@id":"https:\/\/bxta.com\/uk\/healthcare-professionals\/strands\/#breadcrumb"},"inLanguage":"es","potentialAction":[{"@type":"ReadAction","target":["https:\/\/bxta.com\/uk\/healthcare-professionals\/strands\/"]}]},{"@type":"ImageObject","inLanguage":"es","@id":"https:\/\/bxta.com\/uk\/healthcare-professionals\/strands\/#primaryimage","url":"https:\/\/bxt-next-website.com\/wp-content\/uploads\/2021\/03\/isoloader.png","contentUrl":"https:\/\/bxt-next-website.com\/wp-content\/uploads\/2021\/03\/isoloader.png"},{"@type":"BreadcrumbList","@id":"https:\/\/bxta.com\/uk\/healthcare-professionals\/strands\/#breadcrumb","itemListElement":[{"@type":"ListItem","position":1,"name":"Home","item":"https:\/\/bxta.com\/"},{"@type":"ListItem","position":2,"name":"Healthcare Professionals","item":"https:\/\/bxta.com\/uk\/healthcare-professionals\/"},{"@type":"ListItem","position":3,"name":"Strands"}]},{"@type":"WebSite","@id":"https:\/\/bxta.com\/uk\/#website","url":"https:\/\/bxta.com\/uk\/","name":"BXTA","description":"Hagamos frente juntos al c\u00e1ncer de pr\u00f3stata | BXTA","publisher":{"@id":"https:\/\/bxta.com\/uk\/#organization"},"potentialAction":[{"@type":"SearchAction","target":{"@type":"EntryPoint","urlTemplate":"https:\/\/bxta.com\/uk\/?s={search_term_string}"},"query-input":{"@type":"PropertyValueSpecification","valueRequired":true,"valueName":"search_term_string"}}],"inLanguage":"es"},{"@type":"Organization","@id":"https:\/\/bxta.com\/uk\/#organization","name":"BXTA","url":"https:\/\/bxta.com\/uk\/","logo":{"@type":"ImageObject","inLanguage":"es","@id":"https:\/\/bxta.com\/uk\/#\/schema\/logo\/image\/","url":"https:\/\/bxta-staging.s3.eu-west-2.amazonaws.com\/app\/uploads\/2021\/09\/07212056\/BXTA-Logo.png","contentUrl":"https:\/\/bxta-staging.s3.eu-west-2.amazonaws.com\/app\/uploads\/2021\/09\/07212056\/BXTA-Logo.png","width":600,"height":373,"caption":"BXTA"},"image":{"@id":"https:\/\/bxta.com\/uk\/#\/schema\/logo\/image\/"},"sameAs":["https:\/\/www.facebook.com\/bxtainternational\/","https:\/\/x.com\/BXTA_","https:\/\/www.linkedin.com\/company\/bxtaccelyon","https:\/\/www.youtube.com\/channel\/UCkTU9L10CS5c1eWtGiMZ7gw"]}]}},"_links":{"self":[{"href":"https:\/\/bxta.com\/es\/wp-json\/wp\/v2\/pages\/332","targetHints":{"allow":["GET"]}}],"collection":[{"href":"https:\/\/bxta.com\/es\/wp-json\/wp\/v2\/pages"}],"about":[{"href":"https:\/\/bxta.com\/es\/wp-json\/wp\/v2\/types\/page"}],"author":[{"embeddable":true,"href":"https:\/\/bxta.com\/es\/wp-json\/wp\/v2\/users\/1"}],"replies":[{"embeddable":true,"href":"https:\/\/bxta.com\/es\/wp-json\/wp\/v2\/comments?post=332"}],"version-history":[{"count":24,"href":"https:\/\/bxta.com\/es\/wp-json\/wp\/v2\/pages\/332\/revisions"}],"predecessor-version":[{"id":2966,"href":"https:\/\/bxta.com\/es\/wp-json\/wp\/v2\/pages\/332\/revisions\/2966"}],"up":[{"embeddable":true,"href":"https:\/\/bxta.com\/es\/wp-json\/wp\/v2\/pages\/306"}],"wp:attachment":[{"href":"https:\/\/bxta.com\/es\/wp-json\/wp\/v2\/media?parent=332"}],"curies":[{"name":"wp","href":"https:\/\/api.w.org\/{rel}","templated":true}]}}