{"id":319,"date":"2020-03-29T22:27:39","date_gmt":"2020-03-29T22:27:39","guid":{"rendered":"http:\/\/bxta-staging.website\/?page_id=319"},"modified":"2022-08-26T09:06:34","modified_gmt":"2022-08-26T09:06:34","slug":"our-services","status":"publish","type":"page","link":"https:\/\/bxta.com\/es\/healthcare-professionals\/our-services\/","title":{"rendered":"Nuestros Servicios"},"content":{"rendered":"<p><a href=\"https:\/\/bxta-staging.website\/wp-admin\/edit.php?post_type=page\"><\/a><\/p>\n\n\n\n<style>\n.align-center {\npadding:10px 0px;\npadding-top:19px;\ntext-align:center!important;\n}\n<\/style>\n\n\n\n<div style=\"height:30px\" aria-hidden=\"true\" class=\"wp-block-spacer\"><\/div>\n\n\n\n<div id=\"\" class=\"wp-block-cgb-block-ll-content-block ll-row ll-row--med\"><div class=\"ll-content\"><div class=\"ll-content__inner\">\n<div class=\"wp-block-cgb-block-ll-innerblock-heading\"><div class=\"ll-headings\"><h1 class=\"ll-heading ll-heading--lrg\" style=\"color:#03843e\">Nuestros Servicios<\/h1><\/div><\/div>\n\n\n\n<p>Nuestro equipo de expertos tiene una experiencia de muchos a\u00f1os en el sector de la braquiterapia. Entienden lo que es importante para sus clientes y su objetivo es ofrecer un servicio excelente y una ayuda constante. El equipo hace todo lo que est\u00e9 en sus manos para proporcionar el mejor servicio y es consciente de la importancia de la manera de hacerlo. A fin de cuentas, garantizar que un paciente disponga a tiempo el tratamiento con LDR-B puede salvar su vida.<\/p>\n\n\n\n<p>La prescripci\u00f3n del producto correcto es un aspecto b\u00e1sico en braquiterapia.<\/p>\n\n\n\n<div style=\"height:30px\" aria-hidden=\"true\" class=\"wp-block-spacer\"><\/div>\n\n\n\n<div style=\"background-color:#03843e\" class=\"wp-block-cgb-block-ll-innerblock-text-padded\"><div class=\"ll-text-padded ll-align--center\"><p style=\"color:#ffffff\"> BXTA dispone de una eficiente cadena de suministros que garantiza la entrega con elevados est\u00e1ndares de calidad y fiabilidad a nuestros centros asociados de braquiterapia situados en 13 pa\u00edses de todo el mundo. <\/p><\/div><\/div>\n\n\n\n<p><\/p>\n<\/div><\/div><\/div>\n\n\n\n<div id=\"\" class=\"wp-block-cgb-block-ll-content-block ll-row ll-row--sml\"><div class=\"ll-content\"><div class=\"ll-content__inner\">\n<div class=\"wp-block-cgb-block-ll-innerblock-heading\"><div class=\"ll-headings\"><h2 class=\"ll-heading ll-heading--med\" style=\"color:#03843e\">BXTA dispone de varios centros de braquiterapia<\/h2><\/div><\/div>\n\n\n\n<ul class=\"wp-block-list\"><li>Una configuraci\u00f3n sencilla y proceso de pedido directo, con un plan de acci\u00f3n a medida para cada nuevo centro individual.<\/li><li>Formaci\u00f3n pr\u00e1ctica para los equipos cl\u00ednicos de los hospitales a trav\u00e9s de una p\u00e1gina Web personalizada, WebBXT (www.webbxt.com), que permite a los centros realizar directamente los pedidos<\/li><li>Acceso exclusivo a 4D Brachytherapy\u2122 mediante webBXT&nbsp;<a href=\"\/es\/4d-brachytherapy\/\">Braquiterapia en 4D<\/a>\u2122 a trav\u00e9s de&nbsp;<a href=\"\/es\/webbxt\/\">webBXT<\/a><\/li><li>Flexibilidad para personalizar nuestro producto para cada tratamiento existente o nuevo tratamiento<\/li><li>Un equipo multiling\u00fce experto y totalmente dedicado<\/li><li>Comprometidos con la formaci\u00f3n, la educaci\u00f3n, la investigaci\u00f3n y el desarrollo<\/li><li>Fiabilidad total del suministro de semillas<\/li><li>Apoyo inigualable en programas de braquiterapia<\/li><li>Desarrollo de producto y servicio continuo<\/li><li>Certificaci\u00f3n ISO desde 2013&nbsp;<\/li><\/ul>\n\n\n\n<p><\/p>\n<\/div><\/div><\/div>\n\n\n\n<div id=\"\" class=\"wp-block-cgb-block-ll-content-block ll-row default\"><div class=\"ll-content\"><div class=\"ll-content__inner\">\n<div id=\"\" class=\"wp-block-cgb-block-ll-content-block ll-row ll-row--med ll-align--center\" style=\"background-color:#ffffff\"><div class=\"ll-content\"><div class=\"ll-content__inner\">\n<div class=\"wp-block-cgb-block-ll-person-card ll-card--person  card--center\"><div class=\"ll-card__inner\"><div class=\"ll-card__image\" style=\"background-image:url(https:\/\/bxta.com\/wp-content\/uploads\/2020\/08\/katrin1-150x150.png)\"><\/div><div class=\"ll-card__content\"><p class=\"ll-card__heading\">Hable con uno de nuestros miembros del equipo de atenci\u00f3n al cliente<\/p><div class=\"ll-card__text\">\n<p class=\"ll-card__text-entry\">\u00abEstamos muy orgullosos de la evoluci\u00f3n del equipo en estos \u00faltimos 12 meses. Forman una parte importante de nuestro crecimiento, tanto en el Reino Unido como a nivel internacional y, sin duda, seguir\u00e1 mejorando a medida que nuestros productos y servicios contin\u00faen creciendo a nivel global.\u00bb<\/p>\n<\/div><\/div><\/div><\/div>\n\n\n\n<div id=\"\" class=\"wp-block-cgb-block-ll-buttons ll-row default l\"><div class=\"ll-buttons-row\"><\/div><\/div>\n<\/div><\/div><\/div>\n<\/div><\/div><\/div>\n\n\n\n<div id=\"\" class=\"wp-block-cgb-block-ll-content-block ll-row default\"><div class=\"ll-content\"><div class=\"ll-content__inner\">\n<p>BXTA se enorgullece de ser el distribuidor global de <a href=\"\/es\/precision-point\/\">PrecisionPoint\u2122<\/a>, un dispositivo para biopsias de pr\u00f3stata que evita tener que realizar las arriesgadas biopsias de c\u00e1ncer de pr\u00f3stata transrectal que algunos hospitales ya est\u00e1n descartando. Adem\u00e1s, ha puesto en marcha la plataforma <a href=\"\/es\/mri-pro\/\">MRI PRO<\/a>.<\/p>\n<\/div><\/div><\/div>\n\n\n\n<div id=\"\" class=\"wp-block-cgb-block-ll-content-block ll-row ll-row--med\"><div class=\"ll-content\"><div class=\"ll-content__inner\">\n<p>Junto con los organismos profesionales, entre los que se encuentran el Association of Urological Surgeons, The Royal Society of Medicine, Prostate Cancer UK, The British Association of Urological Nurses, BXTA apoya la iniciativa <a href=\"https:\/\/bxta.com\/es\/open-letter-to-the-rt-hon-matt-hancock-mp-re-time-for-trexit\/\">Iniciativa nacional brit\u00e1nica \"TRexit<\/a>, una campa\u00f1a cuyo objetivo es el de conseguir que el NHS se convierta en el primer sistema sanitario del mundo que adem\u00e1s de ofrecer una IRM previa a la biopsia abandone la biopsia transrectal (o transfecal).<\/p>\n\n\n\n<div style=\"height:20px\" aria-hidden=\"true\" class=\"wp-block-spacer\"><\/div>\n\n\n\n<div id=\"\" class=\"wp-block-cgb-block-ll-buttons ll-row default\"><div class=\"ll-buttons-row\"><\/div><\/div>\n\n\n\n<p><\/p>\n<\/div><\/div><\/div>\n\n\n\n<p><\/p>","protected":false},"excerpt":{"rendered":"","protected":false},"author":1,"featured_media":0,"parent":306,"menu_order":0,"comment_status":"closed","ping_status":"closed","template":"template-content.php","meta":{"_acf_changed":false,"_monsterinsights_skip_tracking":false,"_monsterinsights_sitenote_active":false,"_monsterinsights_sitenote_note":"","_monsterinsights_sitenote_category":0,"footnotes":""},"class_list":["post-319","page","type-page","status-publish","hentry"],"acf":[],"yoast_head":"<!-- This site is optimized with the Yoast SEO plugin v27.4 - https:\/\/yoast.com\/product\/yoast-seo-wordpress\/ -->\n<title>Brachytherapy Services - BXTA<\/title>\n<meta name=\"description\" content=\"BXTA is guaranteed to deliver to the highest standards of quality and reliability to our brachytherapy partners across the world.\" \/>\n<meta name=\"robots\" content=\"index, follow, max-snippet:-1, max-image-preview:large, max-video-preview:-1\" \/>\n<link rel=\"canonical\" href=\"https:\/\/bxta.com\/es\/healthcare-professionals\/our-services\/\" \/>\n<meta property=\"og:locale\" content=\"es_ES\" \/>\n<meta property=\"og:type\" content=\"article\" \/>\n<meta property=\"og:title\" content=\"Brachytherapy Services - BXTA\" \/>\n<meta property=\"og:description\" content=\"BXTA is guaranteed to deliver to the highest standards of quality and reliability to our brachytherapy partners across the world.\" \/>\n<meta property=\"og:url\" content=\"https:\/\/bxta.com\/es\/healthcare-professionals\/our-services\/\" \/>\n<meta property=\"og:site_name\" content=\"BXTA\" \/>\n<meta property=\"article:publisher\" content=\"https:\/\/www.facebook.com\/bxtainternational\/\" \/>\n<meta property=\"article:modified_time\" content=\"2022-08-26T09:06:34+00:00\" \/>\n<meta property=\"og:image\" content=\"https:\/\/bxta.com\/wp-content\/uploads\/2021\/05\/BXTA-2-scaled.jpg\" \/>\n\t<meta property=\"og:image:width\" content=\"1480\" \/>\n\t<meta property=\"og:image:height\" content=\"1046\" \/>\n\t<meta property=\"og:image:type\" content=\"image\/jpeg\" \/>\n<meta name=\"twitter:card\" content=\"summary_large_image\" \/>\n<meta name=\"twitter:site\" content=\"@BXTA_\" \/>\n<meta name=\"twitter:label1\" content=\"Tiempo de lectura\" \/>\n\t<meta name=\"twitter:data1\" content=\"2 minutos\" \/>\n<script type=\"application\/ld+json\" class=\"yoast-schema-graph\">{\"@context\":\"https:\\\/\\\/schema.org\",\"@graph\":[{\"@type\":\"WebPage\",\"@id\":\"https:\\\/\\\/bxta.com\\\/healthcare-professionals\\\/our-services\\\/\",\"url\":\"https:\\\/\\\/bxta.com\\\/healthcare-professionals\\\/our-services\\\/\",\"name\":\"Brachytherapy Services - BXTA\",\"isPartOf\":{\"@id\":\"https:\\\/\\\/bxta.com\\\/uk\\\/#website\"},\"datePublished\":\"2020-03-29T22:27:39+00:00\",\"dateModified\":\"2022-08-26T09:06:34+00:00\",\"description\":\"BXTA is guaranteed to deliver to the highest standards of quality and reliability to our brachytherapy partners across the world.\",\"breadcrumb\":{\"@id\":\"https:\\\/\\\/bxta.com\\\/healthcare-professionals\\\/our-services\\\/#breadcrumb\"},\"inLanguage\":\"es\",\"potentialAction\":[{\"@type\":\"ReadAction\",\"target\":[\"https:\\\/\\\/bxta.com\\\/healthcare-professionals\\\/our-services\\\/\"]}]},{\"@type\":\"BreadcrumbList\",\"@id\":\"https:\\\/\\\/bxta.com\\\/healthcare-professionals\\\/our-services\\\/#breadcrumb\",\"itemListElement\":[{\"@type\":\"ListItem\",\"position\":1,\"name\":\"Home\",\"item\":\"https:\\\/\\\/bxta.com\\\/\"},{\"@type\":\"ListItem\",\"position\":2,\"name\":\"Healthcare Professionals\",\"item\":\"https:\\\/\\\/bxta.com\\\/uk\\\/healthcare-professionals\\\/\"},{\"@type\":\"ListItem\",\"position\":3,\"name\":\"Our services\"}]},{\"@type\":\"WebSite\",\"@id\":\"https:\\\/\\\/bxta.com\\\/uk\\\/#website\",\"url\":\"https:\\\/\\\/bxta.com\\\/uk\\\/\",\"name\":\"BXTA\",\"description\":\"Let\u2019s tackle Prostate Cancer together | BXTA\",\"publisher\":{\"@id\":\"https:\\\/\\\/bxta.com\\\/uk\\\/#organization\"},\"potentialAction\":[{\"@type\":\"SearchAction\",\"target\":{\"@type\":\"EntryPoint\",\"urlTemplate\":\"https:\\\/\\\/bxta.com\\\/uk\\\/?s={search_term_string}\"},\"query-input\":{\"@type\":\"PropertyValueSpecification\",\"valueRequired\":true,\"valueName\":\"search_term_string\"}}],\"inLanguage\":\"es\"},{\"@type\":\"Organization\",\"@id\":\"https:\\\/\\\/bxta.com\\\/uk\\\/#organization\",\"name\":\"BXTA\",\"url\":\"https:\\\/\\\/bxta.com\\\/uk\\\/\",\"logo\":{\"@type\":\"ImageObject\",\"inLanguage\":\"es\",\"@id\":\"https:\\\/\\\/bxta.com\\\/uk\\\/#\\\/schema\\\/logo\\\/image\\\/\",\"url\":\"https:\\\/\\\/bxta-staging.s3.eu-west-2.amazonaws.com\\\/app\\\/uploads\\\/2021\\\/09\\\/07212056\\\/BXTA-Logo.png\",\"contentUrl\":\"https:\\\/\\\/bxta-staging.s3.eu-west-2.amazonaws.com\\\/app\\\/uploads\\\/2021\\\/09\\\/07212056\\\/BXTA-Logo.png\",\"width\":600,\"height\":373,\"caption\":\"BXTA\"},\"image\":{\"@id\":\"https:\\\/\\\/bxta.com\\\/uk\\\/#\\\/schema\\\/logo\\\/image\\\/\"},\"sameAs\":[\"https:\\\/\\\/www.facebook.com\\\/bxtainternational\\\/\",\"https:\\\/\\\/x.com\\\/BXTA_\",\"https:\\\/\\\/www.linkedin.com\\\/company\\\/bxtaccelyon\",\"https:\\\/\\\/www.youtube.com\\\/channel\\\/UCkTU9L10CS5c1eWtGiMZ7gw\"]}]}<\/script>\n<!-- \/ Yoast SEO plugin. -->","yoast_head_json":{"title":"Servicios de braquiterapia - BXTA","description":"BXTA garantiza la entrega de los m\u00e1s altos est\u00e1ndares de calidad y fiabilidad a nuestros socios de braquiterapia en todo el mundo.","robots":{"index":"index","follow":"follow","max-snippet":"max-snippet:-1","max-image-preview":"max-image-preview:large","max-video-preview":"max-video-preview:-1"},"canonical":"https:\/\/bxta.com\/es\/healthcare-professionals\/our-services\/","og_locale":"es_ES","og_type":"article","og_title":"Brachytherapy Services - BXTA","og_description":"BXTA is guaranteed to deliver to the highest standards of quality and reliability to our brachytherapy partners across the world.","og_url":"https:\/\/bxta.com\/es\/healthcare-professionals\/our-services\/","og_site_name":"BXTA","article_publisher":"https:\/\/www.facebook.com\/bxtainternational\/","article_modified_time":"2022-08-26T09:06:34+00:00","og_image":[{"width":1480,"height":1046,"url":"https:\/\/bxta.com\/wp-content\/uploads\/2021\/05\/BXTA-2-scaled.jpg","type":"image\/jpeg"}],"twitter_card":"summary_large_image","twitter_site":"@BXTA_","twitter_misc":{"Tiempo de lectura":"2 minutos"},"schema":{"@context":"https:\/\/schema.org","@graph":[{"@type":"WebPage","@id":"https:\/\/bxta.com\/healthcare-professionals\/our-services\/","url":"https:\/\/bxta.com\/healthcare-professionals\/our-services\/","name":"Servicios de braquiterapia - BXTA","isPartOf":{"@id":"https:\/\/bxta.com\/uk\/#website"},"datePublished":"2020-03-29T22:27:39+00:00","dateModified":"2022-08-26T09:06:34+00:00","description":"BXTA garantiza la entrega de los m\u00e1s altos est\u00e1ndares de calidad y fiabilidad a nuestros socios de braquiterapia en todo el mundo.","breadcrumb":{"@id":"https:\/\/bxta.com\/healthcare-professionals\/our-services\/#breadcrumb"},"inLanguage":"es","potentialAction":[{"@type":"ReadAction","target":["https:\/\/bxta.com\/healthcare-professionals\/our-services\/"]}]},{"@type":"BreadcrumbList","@id":"https:\/\/bxta.com\/healthcare-professionals\/our-services\/#breadcrumb","itemListElement":[{"@type":"ListItem","position":1,"name":"Home","item":"https:\/\/bxta.com\/"},{"@type":"ListItem","position":2,"name":"Healthcare Professionals","item":"https:\/\/bxta.com\/uk\/healthcare-professionals\/"},{"@type":"ListItem","position":3,"name":"Our services"}]},{"@type":"WebSite","@id":"https:\/\/bxta.com\/uk\/#website","url":"https:\/\/bxta.com\/uk\/","name":"BXTA","description":"Hagamos frente juntos al c\u00e1ncer de pr\u00f3stata | BXTA","publisher":{"@id":"https:\/\/bxta.com\/uk\/#organization"},"potentialAction":[{"@type":"SearchAction","target":{"@type":"EntryPoint","urlTemplate":"https:\/\/bxta.com\/uk\/?s={search_term_string}"},"query-input":{"@type":"PropertyValueSpecification","valueRequired":true,"valueName":"search_term_string"}}],"inLanguage":"es"},{"@type":"Organization","@id":"https:\/\/bxta.com\/uk\/#organization","name":"BXTA","url":"https:\/\/bxta.com\/uk\/","logo":{"@type":"ImageObject","inLanguage":"es","@id":"https:\/\/bxta.com\/uk\/#\/schema\/logo\/image\/","url":"https:\/\/bxta-staging.s3.eu-west-2.amazonaws.com\/app\/uploads\/2021\/09\/07212056\/BXTA-Logo.png","contentUrl":"https:\/\/bxta-staging.s3.eu-west-2.amazonaws.com\/app\/uploads\/2021\/09\/07212056\/BXTA-Logo.png","width":600,"height":373,"caption":"BXTA"},"image":{"@id":"https:\/\/bxta.com\/uk\/#\/schema\/logo\/image\/"},"sameAs":["https:\/\/www.facebook.com\/bxtainternational\/","https:\/\/x.com\/BXTA_","https:\/\/www.linkedin.com\/company\/bxtaccelyon","https:\/\/www.youtube.com\/channel\/UCkTU9L10CS5c1eWtGiMZ7gw"]}]}},"_links":{"self":[{"href":"https:\/\/bxta.com\/es\/wp-json\/wp\/v2\/pages\/319","targetHints":{"allow":["GET"]}}],"collection":[{"href":"https:\/\/bxta.com\/es\/wp-json\/wp\/v2\/pages"}],"about":[{"href":"https:\/\/bxta.com\/es\/wp-json\/wp\/v2\/types\/page"}],"author":[{"embeddable":true,"href":"https:\/\/bxta.com\/es\/wp-json\/wp\/v2\/users\/1"}],"replies":[{"embeddable":true,"href":"https:\/\/bxta.com\/es\/wp-json\/wp\/v2\/comments?post=319"}],"version-history":[{"count":61,"href":"https:\/\/bxta.com\/es\/wp-json\/wp\/v2\/pages\/319\/revisions"}],"predecessor-version":[{"id":3332,"href":"https:\/\/bxta.com\/es\/wp-json\/wp\/v2\/pages\/319\/revisions\/3332"}],"up":[{"embeddable":true,"href":"https:\/\/bxta.com\/es\/wp-json\/wp\/v2\/pages\/306"}],"wp:attachment":[{"href":"https:\/\/bxta.com\/es\/wp-json\/wp\/v2\/media?parent=319"}],"curies":[{"name":"wp","href":"https:\/\/api.w.org\/{rel}","templated":true}]}}