{"id":317,"date":"2020-03-29T22:27:24","date_gmt":"2020-03-29T22:27:24","guid":{"rendered":"http:\/\/bxta-staging.website\/?page_id=317"},"modified":"2022-06-02T07:14:21","modified_gmt":"2022-06-02T07:14:21","slug":"our-products","status":"publish","type":"page","link":"https:\/\/bxta.com\/es\/healthcare-professionals\/our-products\/","title":{"rendered":"Nuestros Productos"},"content":{"rendered":"<div style=\"height:30px\" aria-hidden=\"true\" class=\"wp-block-spacer\"><\/div>\n\n\n\n<div id=\"\" class=\"wp-block-cgb-block-ll-content-block ll-row ll-row--lrg\"><div class=\"ll-content\"><div class=\"ll-content__inner\">\n<div class=\"wp-block-cgb-block-ll-innerblock-heading\"><div class=\"ll-headings ll-align--center\"><h1 class=\"ll-heading ll-heading--lrg\" style=\"color:#03843e\">Nuestros Productos<\/h1><\/div><\/div>\n\n\n\n<p class=\"has-text-align-center\">In developing and refining our product line, we have worked with leading brachytherapy centres and manufacturers to&nbsp;deliver an extensive range of products and accessories that make seed brachytherapy convenient to perform and enhance clinical outcomes.<\/p>\n\n\n\n<p class=\"has-text-align-center\">Below is a list of our products. Please click on an item name to find out more.<\/p>\n\n\n\n<p><\/p>\n<\/div><\/div><\/div>\n\n\n\n<div id=\"\" class=\"wp-block-cgb-block-ll-cards-product ll-row default\"><div class=\"ll-cards--product\"><div class=\"ll-cards__wrapper\">\n<div class=\"wp-block-cgb-block-ll-inner-card-product ll-card--partner\"><a id=\"\" href=\"https:\/\/bxta.com\/es\/healthcare-professionals\/seeds\/\" title=\"Semillas\" class=\"ll-card__anchor\"><div class=\"ll-card__inner\"><div class=\"ll-card__image\" style=\"background-image:url(http:\/\/bxt-accelyon.com\/wp-content\/uploads\/2020\/11\/Seeds-DSC_4839-NEW-v2-800x436.jpg)\"><\/div><div class=\"ll-card__content\"><h2 class=\"ll-card__heading\">Semillas<\/h2><div class=\"ll-card__text\"><p class=\"ll-card__text-entry\">In addition to the AgX100 seed, we offer a range of cartridge options and sterile packaging for loose strands.\u00a0<\/p><\/div><\/div><\/div><\/a><\/div>\n\n\n\n<div class=\"wp-block-cgb-block-ll-inner-card-product ll-card--partner\"><a id=\"\" href=\"https:\/\/bxta.com\/es\/healthcare-professionals\/strands\/\" title=\"Hebras\" class=\"ll-card__anchor\"><div class=\"ll-card__inner\"><div class=\"ll-card__image\" style=\"background-image:url(https:\/\/bxta.com\/wp-content\/uploads\/2020\/08\/Strands-x3-800x566.jpg)\"><\/div><div class=\"ll-card__content\"><h2 class=\"ll-card__heading\">Hebras<\/h2><div class=\"ll-card__text\"><p class=\"ll-card__text-entry\">Las semillas combinadas trenzadas de BXT combinan tecnolog\u00eda de productos demostrados con pr\u00e1cticas innovadoras:<\/p><\/div><\/div><\/div><\/a><\/div>\n\n\n\n<div class=\"wp-block-cgb-block-ll-inner-card-product ll-card--partner\"><a id=\"\" href=\"\/es\/healthcare-professional\/pre-loaded-kits\/\" title=\"Kits pre-cargados\" class=\"ll-card__anchor\"><div class=\"ll-card__inner\"><div class=\"ll-card__image\" style=\"background-image:url(https:\/\/bxta.com\/wp-content\/uploads\/2020\/08\/PreLoaded-Kits-DSC_4736-800x1199.jpg)\"><\/div><div class=\"ll-card__content\"><h2 class=\"ll-card__heading\">Kits pre-cargados<\/h2><div class=\"ll-card__text\"><p class=\"ll-card__text-entry\">Kits cargados personalizados est\u00e9riles y preparados para usar ahorrando tiempo y recursos en la carga de agujas y preparaci\u00f3n de operaciones de braquiterapia. Es ideal para departamentos que est\u00e9n desarrollando varias intervenciones en una misma sesi\u00f3n.<\/p><\/div><\/div><\/div><\/a><\/div>\n\n\n\n<div class=\"wp-block-cgb-block-ll-inner-card-product ll-card--partner\"><a id=\"\" href=\"\/es\/healthcare-professional\/accessories\/\" title=\"Accesorios\" class=\"ll-card__anchor\"><div class=\"ll-card__inner\"><div class=\"ll-card__image\" style=\"background-image:url(https:\/\/bxta.com\/wp-content\/uploads\/2021\/08\/kits-prodiuct-card.jpg)\"><\/div><div class=\"ll-card__content\"><h2 class=\"ll-card__heading\">Accessories for global markets<\/h2><div class=\"ll-card__text\"><p class=\"ll-card__text-entry\">Find out more about the range of accessories we offer to our customer base across the world.<\/p><\/div><\/div><\/div><\/a><\/div>\n\n\n\n<div class=\"wp-block-cgb-block-ll-inner-card-product ll-card--partner\"><a id=\"\" href=\"\/es\/healthcare-professional\/single-stage-procedure\/\" title=\"\" class=\"ll-card__anchor\"><div class=\"ll-card__inner\"><div class=\"ll-card__image\" style=\"background-image:url(https:\/\/bxta.com\/wp-content\/uploads\/2021\/08\/4d-product-card.jpg)\"><\/div><div class=\"ll-card__content\"><h2 class=\"ll-card__heading\">Braquiterapia en 4D<\/h2><div class=\"ll-card__text\"><p class=\"ll-card__text-entry\">Low Dose Brachytherapy can now be administered as a single-stage procedure.<\/p><\/div><\/div><\/div><\/a><\/div>\n<\/div><\/div><\/div>\n\n\n\n<p><\/p>","protected":false},"excerpt":{"rendered":"","protected":false},"author":1,"featured_media":0,"parent":306,"menu_order":0,"comment_status":"closed","ping_status":"closed","template":"","meta":{"_acf_changed":false,"_monsterinsights_skip_tracking":false,"_monsterinsights_sitenote_active":false,"_monsterinsights_sitenote_note":"","_monsterinsights_sitenote_category":0,"footnotes":""},"class_list":["post-317","page","type-page","status-publish","hentry"],"acf":[],"yoast_head":"<!-- This site is optimized with the Yoast SEO plugin v27.4 - https:\/\/yoast.com\/product\/yoast-seo-wordpress\/ -->\n<title>Brachytherapy Products and Accessories - BXTA<\/title>\n<meta name=\"description\" content=\"We work with leading brachytherapy centres and manufacturers to deliver an extensive range of products and accessories\" \/>\n<meta name=\"robots\" content=\"index, follow, max-snippet:-1, max-image-preview:large, max-video-preview:-1\" \/>\n<link rel=\"canonical\" href=\"https:\/\/bxta.com\/es\/healthcare-professionals\/our-products\/\" \/>\n<meta property=\"og:locale\" content=\"es_ES\" \/>\n<meta property=\"og:type\" content=\"article\" \/>\n<meta property=\"og:title\" content=\"Brachytherapy Products and Accessories - BXTA\" \/>\n<meta property=\"og:description\" content=\"We work with leading brachytherapy centres and manufacturers to deliver an extensive range of products and accessories\" \/>\n<meta property=\"og:url\" content=\"https:\/\/bxta.com\/es\/healthcare-professionals\/our-products\/\" \/>\n<meta property=\"og:site_name\" content=\"BXTA\" \/>\n<meta property=\"article:publisher\" content=\"https:\/\/www.facebook.com\/bxtainternational\/\" \/>\n<meta property=\"article:modified_time\" content=\"2022-06-02T07:14:21+00:00\" \/>\n<meta property=\"og:image\" content=\"https:\/\/bxta.com\/wp-content\/uploads\/2021\/05\/BXTA-2-scaled.jpg\" \/>\n\t<meta property=\"og:image:width\" content=\"1480\" \/>\n\t<meta property=\"og:image:height\" content=\"1046\" \/>\n\t<meta property=\"og:image:type\" content=\"image\/jpeg\" \/>\n<meta name=\"twitter:card\" content=\"summary_large_image\" \/>\n<meta name=\"twitter:site\" content=\"@BXTA_\" \/>\n<meta name=\"twitter:label1\" content=\"Tiempo de lectura\" \/>\n\t<meta name=\"twitter:data1\" content=\"1 minuto\" \/>\n<script type=\"application\/ld+json\" class=\"yoast-schema-graph\">{\"@context\":\"https:\\\/\\\/schema.org\",\"@graph\":[{\"@type\":\"WebPage\",\"@id\":\"https:\\\/\\\/bxta.com\\\/healthcare-professionals\\\/our-products\\\/\",\"url\":\"https:\\\/\\\/bxta.com\\\/healthcare-professionals\\\/our-products\\\/\",\"name\":\"Brachytherapy Products and Accessories - BXTA\",\"isPartOf\":{\"@id\":\"https:\\\/\\\/bxta.com\\\/uk\\\/#website\"},\"datePublished\":\"2020-03-29T22:27:24+00:00\",\"dateModified\":\"2022-06-02T07:14:21+00:00\",\"description\":\"We work with leading brachytherapy centres and manufacturers to deliver an extensive range of products and accessories\",\"breadcrumb\":{\"@id\":\"https:\\\/\\\/bxta.com\\\/healthcare-professionals\\\/our-products\\\/#breadcrumb\"},\"inLanguage\":\"es\",\"potentialAction\":[{\"@type\":\"ReadAction\",\"target\":[\"https:\\\/\\\/bxta.com\\\/healthcare-professionals\\\/our-products\\\/\"]}]},{\"@type\":\"BreadcrumbList\",\"@id\":\"https:\\\/\\\/bxta.com\\\/healthcare-professionals\\\/our-products\\\/#breadcrumb\",\"itemListElement\":[{\"@type\":\"ListItem\",\"position\":1,\"name\":\"Home\",\"item\":\"https:\\\/\\\/bxta.com\\\/\"},{\"@type\":\"ListItem\",\"position\":2,\"name\":\"Healthcare Professionals\",\"item\":\"https:\\\/\\\/bxta.com\\\/uk\\\/healthcare-professionals\\\/\"},{\"@type\":\"ListItem\",\"position\":3,\"name\":\"Our Products\"}]},{\"@type\":\"WebSite\",\"@id\":\"https:\\\/\\\/bxta.com\\\/uk\\\/#website\",\"url\":\"https:\\\/\\\/bxta.com\\\/uk\\\/\",\"name\":\"BXTA\",\"description\":\"Let\u2019s tackle Prostate Cancer together | BXTA\",\"publisher\":{\"@id\":\"https:\\\/\\\/bxta.com\\\/uk\\\/#organization\"},\"potentialAction\":[{\"@type\":\"SearchAction\",\"target\":{\"@type\":\"EntryPoint\",\"urlTemplate\":\"https:\\\/\\\/bxta.com\\\/uk\\\/?s={search_term_string}\"},\"query-input\":{\"@type\":\"PropertyValueSpecification\",\"valueRequired\":true,\"valueName\":\"search_term_string\"}}],\"inLanguage\":\"es\"},{\"@type\":\"Organization\",\"@id\":\"https:\\\/\\\/bxta.com\\\/uk\\\/#organization\",\"name\":\"BXTA\",\"url\":\"https:\\\/\\\/bxta.com\\\/uk\\\/\",\"logo\":{\"@type\":\"ImageObject\",\"inLanguage\":\"es\",\"@id\":\"https:\\\/\\\/bxta.com\\\/uk\\\/#\\\/schema\\\/logo\\\/image\\\/\",\"url\":\"https:\\\/\\\/bxta-staging.s3.eu-west-2.amazonaws.com\\\/app\\\/uploads\\\/2021\\\/09\\\/07212056\\\/BXTA-Logo.png\",\"contentUrl\":\"https:\\\/\\\/bxta-staging.s3.eu-west-2.amazonaws.com\\\/app\\\/uploads\\\/2021\\\/09\\\/07212056\\\/BXTA-Logo.png\",\"width\":600,\"height\":373,\"caption\":\"BXTA\"},\"image\":{\"@id\":\"https:\\\/\\\/bxta.com\\\/uk\\\/#\\\/schema\\\/logo\\\/image\\\/\"},\"sameAs\":[\"https:\\\/\\\/www.facebook.com\\\/bxtainternational\\\/\",\"https:\\\/\\\/x.com\\\/BXTA_\",\"https:\\\/\\\/www.linkedin.com\\\/company\\\/bxtaccelyon\",\"https:\\\/\\\/www.youtube.com\\\/channel\\\/UCkTU9L10CS5c1eWtGiMZ7gw\"]}]}<\/script>\n<!-- \/ Yoast SEO plugin. -->","yoast_head_json":{"title":"Brachytherapy Products and Accessories - BXTA","description":"We work with leading brachytherapy centres and manufacturers to deliver an extensive range of products and accessories","robots":{"index":"index","follow":"follow","max-snippet":"max-snippet:-1","max-image-preview":"max-image-preview:large","max-video-preview":"max-video-preview:-1"},"canonical":"https:\/\/bxta.com\/es\/healthcare-professionals\/our-products\/","og_locale":"es_ES","og_type":"article","og_title":"Brachytherapy Products and Accessories - BXTA","og_description":"We work with leading brachytherapy centres and manufacturers to deliver an extensive range of products and accessories","og_url":"https:\/\/bxta.com\/es\/healthcare-professionals\/our-products\/","og_site_name":"BXTA","article_publisher":"https:\/\/www.facebook.com\/bxtainternational\/","article_modified_time":"2022-06-02T07:14:21+00:00","og_image":[{"width":1480,"height":1046,"url":"https:\/\/bxta.com\/wp-content\/uploads\/2021\/05\/BXTA-2-scaled.jpg","type":"image\/jpeg"}],"twitter_card":"summary_large_image","twitter_site":"@BXTA_","twitter_misc":{"Tiempo de lectura":"1 minuto"},"schema":{"@context":"https:\/\/schema.org","@graph":[{"@type":"WebPage","@id":"https:\/\/bxta.com\/healthcare-professionals\/our-products\/","url":"https:\/\/bxta.com\/healthcare-professionals\/our-products\/","name":"Brachytherapy Products and Accessories - BXTA","isPartOf":{"@id":"https:\/\/bxta.com\/uk\/#website"},"datePublished":"2020-03-29T22:27:24+00:00","dateModified":"2022-06-02T07:14:21+00:00","description":"We work with leading brachytherapy centres and manufacturers to deliver an extensive range of products and accessories","breadcrumb":{"@id":"https:\/\/bxta.com\/healthcare-professionals\/our-products\/#breadcrumb"},"inLanguage":"es","potentialAction":[{"@type":"ReadAction","target":["https:\/\/bxta.com\/healthcare-professionals\/our-products\/"]}]},{"@type":"BreadcrumbList","@id":"https:\/\/bxta.com\/healthcare-professionals\/our-products\/#breadcrumb","itemListElement":[{"@type":"ListItem","position":1,"name":"Home","item":"https:\/\/bxta.com\/"},{"@type":"ListItem","position":2,"name":"Healthcare Professionals","item":"https:\/\/bxta.com\/uk\/healthcare-professionals\/"},{"@type":"ListItem","position":3,"name":"Our Products"}]},{"@type":"WebSite","@id":"https:\/\/bxta.com\/uk\/#website","url":"https:\/\/bxta.com\/uk\/","name":"BXTA","description":"Hagamos frente juntos al c\u00e1ncer de pr\u00f3stata | BXTA","publisher":{"@id":"https:\/\/bxta.com\/uk\/#organization"},"potentialAction":[{"@type":"SearchAction","target":{"@type":"EntryPoint","urlTemplate":"https:\/\/bxta.com\/uk\/?s={search_term_string}"},"query-input":{"@type":"PropertyValueSpecification","valueRequired":true,"valueName":"search_term_string"}}],"inLanguage":"es"},{"@type":"Organization","@id":"https:\/\/bxta.com\/uk\/#organization","name":"BXTA","url":"https:\/\/bxta.com\/uk\/","logo":{"@type":"ImageObject","inLanguage":"es","@id":"https:\/\/bxta.com\/uk\/#\/schema\/logo\/image\/","url":"https:\/\/bxta-staging.s3.eu-west-2.amazonaws.com\/app\/uploads\/2021\/09\/07212056\/BXTA-Logo.png","contentUrl":"https:\/\/bxta-staging.s3.eu-west-2.amazonaws.com\/app\/uploads\/2021\/09\/07212056\/BXTA-Logo.png","width":600,"height":373,"caption":"BXTA"},"image":{"@id":"https:\/\/bxta.com\/uk\/#\/schema\/logo\/image\/"},"sameAs":["https:\/\/www.facebook.com\/bxtainternational\/","https:\/\/x.com\/BXTA_","https:\/\/www.linkedin.com\/company\/bxtaccelyon","https:\/\/www.youtube.com\/channel\/UCkTU9L10CS5c1eWtGiMZ7gw"]}]}},"_links":{"self":[{"href":"https:\/\/bxta.com\/es\/wp-json\/wp\/v2\/pages\/317","targetHints":{"allow":["GET"]}}],"collection":[{"href":"https:\/\/bxta.com\/es\/wp-json\/wp\/v2\/pages"}],"about":[{"href":"https:\/\/bxta.com\/es\/wp-json\/wp\/v2\/types\/page"}],"author":[{"embeddable":true,"href":"https:\/\/bxta.com\/es\/wp-json\/wp\/v2\/users\/1"}],"replies":[{"embeddable":true,"href":"https:\/\/bxta.com\/es\/wp-json\/wp\/v2\/comments?post=317"}],"version-history":[{"count":35,"href":"https:\/\/bxta.com\/es\/wp-json\/wp\/v2\/pages\/317\/revisions"}],"predecessor-version":[{"id":3279,"href":"https:\/\/bxta.com\/es\/wp-json\/wp\/v2\/pages\/317\/revisions\/3279"}],"up":[{"embeddable":true,"href":"https:\/\/bxta.com\/es\/wp-json\/wp\/v2\/pages\/306"}],"wp:attachment":[{"href":"https:\/\/bxta.com\/es\/wp-json\/wp\/v2\/media?parent=317"}],"curies":[{"name":"wp","href":"https:\/\/api.w.org\/{rel}","templated":true}]}}