{"id":900,"date":"2020-06-21T10:21:35","date_gmt":"2020-06-21T10:21:35","guid":{"rendered":"http:\/\/bxta-staging.website\/?page_id=900"},"modified":"2021-03-21T14:03:43","modified_gmt":"2021-03-21T14:03:43","slug":"pcrsg-study","status":"publish","type":"page","link":"https:\/\/bxta.com\/de\/pcrsg-study\/","title":{"rendered":"Prostate Cancer Results Study Group"},"content":{"rendered":"<div id=\"\" class=\"wp-block-cgb-block-ll-content-block ll-row default\"><div class=\"ll-content\"><div class=\"ll-content__inner\">\n<div class=\"wp-block-cgb-block-ll-innerblock-heading\"><div class=\"ll-headings\"><h3 class=\"ll-heading ll-heading--med\" style=\"color:#03843e\">Brachytherapie: die effektivste Behandlung f\u00fcr Prostatakrebs<\/h3><\/div><\/div>\n\n\n\n<div class=\"wp-block-columns are-vertically-aligned-top is-layout-flex wp-container-core-columns-is-layout-9d6595d7 wp-block-columns-is-layout-flex\">\n<div class=\"wp-block-column is-vertically-aligned-top is-layout-flow wp-block-column-is-layout-flow\" style=\"flex-basis:64.9%\">\n<p class=\"has-c-primary-color has-text-color\"><strong>Februar 2016<\/strong><\/p>\n\n\n\n<p>Seed- oder LDR-Brachytherapie erwies sich laut einer internationalen Studie zum Vergleich der Ergebnisse bei Prostatakrebs als die effektivste Behandlung f\u00fcr das langfristige \u00dcberleben.<\/p>\n\n\n\n<p>Die Prostate Cancer Results Study Group, welche ein Expertengremium aus Australien, den USA, Gro\u00dfbritannien, Kanada, Belgien, Deutschland, Portugal und den Niederlanden umfasste, f\u00fchrte eine Durchsicht der Forschungsliteratur \u00fcber die in den Jahren 2000 bis 2015 ver\u00f6ffentlichten Studien durch, an denen \u00fcber 52.000 M\u00e4nner mit lokalisiertem Prostatakrebs beteiligt waren.<\/p>\n\n\n\n<blockquote class=\"wp-block-quote is-layout-flow wp-block-quote-is-layout-flow\"><p><strong><span class=\"has-inline-color has-c-primary-color\">\u201eDie Brachytherapie hat \u00e4hnliche Heilungsraten wie eine Prostataoperation zum Ergebnis, jedoch mit geringerer Impotenz- und Harninkontinenzrate.\u201c<\/span>&nbsp;<\/strong><\/p><cite>Dr Jeremy Millar<\/cite><\/blockquote>\n\n\n\n<p>Die Studie verglich die Ergebnisse von Therapien, wie robotergest\u00fctzter radikaler Prostatektomie (operative Entfernung der Prostata), radikaler Prostatektomie, Protonentherapie, Kryotherapie, externer Strahlentherapie (EBRT) und Seed-Brachytherapie - und kam zu dem Ergebnis, dass f\u00fcr alle Gruppen die Erfolgsquote der Krebskontrolle bei der Brachytherapie h\u00f6her war als bei allen anderen Therapien.<\/p>\n\n\n\n<div id=\"\" class=\"wp-block-cgb-block-ll-cards-downloads ll-row default\"><div class=\"ll-cards--case\"><div class=\"ll-cards__wrapper\">\n<div id=\"\" class=\"wp-block-cgb-block-ll-case-card ll-card--case\"><div class=\"ll-card__inner\"><div class=\"ll-card__image\"><img decoding=\"async\" src=\"https:\/\/bxt-next-website.com\/wp-content\/uploads\/2020\/02\/document-sample.jpg\" alt=\"\"\/><\/div><div class=\"ll-card__title\"><a class=\"ll-card__link\" title=\"&lt;a href=&quot;https:\/\/ad987a12-ddde-429c-a432-ea866de77618.filesusr.com\/ugd\/71e412_0e4d29f0c6dc42a599193e3e6d760cd4.pdf&quot; target=&quot;_blank&quot; rel=&quot;noreferrer noopener&quot;&gt;Read study details&lt;\/a&gt;\"><a href=\"https:\/\/ad987a12-ddde-429c-a432-ea866de77618.filesusr.com\/ugd\/71e412_0e4d29f0c6dc42a599193e3e6d760cd4.pdf\" target=\"_blank\" rel=\"noreferrer noopener\">Read study details<\/a><\/a><\/div><\/div><\/div>\n<\/div><\/div><\/div>\n<\/div>\n\n\n\n<div class=\"wp-block-column is-vertically-aligned-top is-layout-flow wp-block-column-is-layout-flow\" style=\"flex-basis:40%\">\n<div class=\"wp-block-image\"><figure class=\"alignright size-large\"><a href=\"https:\/\/bxt-next-website.com\/wp-content\/uploads\/2021\/03\/pcrsg-graphic.jpeg\" target=\"_blank\" rel=\"noopener noreferrer\"><img decoding=\"async\" width=\"220\" height=\"569\" src=\"https:\/\/bxt-next-website.com\/wp-content\/uploads\/2021\/03\/pcrsg-graphic.jpeg\" alt=\"\" class=\"wp-image-2325\" srcset=\"https:\/\/bxta.com\/wp-content\/uploads\/2021\/03\/pcrsg-graphic.jpeg 220w, https:\/\/bxta.com\/wp-content\/uploads\/2021\/03\/pcrsg-graphic-5x12.jpeg 5w\" sizes=\"(max-width: 220px) 100vw, 220px\" \/><\/a><\/figure><\/div>\n<\/div>\n<\/div>\n<\/div><\/div><\/div>\n\n\n\n<div id=\"\" class=\"wp-block-cgb-block-ll-content-block ll-row default\"><div class=\"ll-content\"><div class=\"ll-content__inner\">\n<div class=\"wp-block-cgb-block-ll-innerblock-heading\"><div class=\"ll-headings\"><h3 class=\"ll-heading ll-heading--med\" style=\"color:#03843e\">Presse-Artikel<\/h3><\/div><\/div>\n\n\n\n<p>Die Studie erhielt seit ihrer Ver\u00f6ffentlichung eine starke Resonanz in der Presse. Sie k\u00f6nnen zwei der Hauptartikel hier lesen:<\/p>\n\n\n\n<p><a href=\"http:\/\/www.isentialink.com\/GetContent\/?id=7fb7c46418b30c0fecf57c3c53766ed3&amp;d=1454590740&amp;u=1454571521&amp;s=14275ee78e0749175b766484a50f86e3&amp;l=8\" target=\"_blank\" rel=\"noreferrer noopener\">View the article in the Herald Sun Online<\/a><\/p>\n\n\n\n<p><a>View the article in The Australian<\/a><\/p>\n\n\n\n<p>Learn more&nbsp;about&nbsp;<a href=\"https:\/\/www.bxt-accelyon.com\/prostate-cancer--the-facts\">prostate cance<\/a>r&nbsp;and&nbsp;<a href=\"https:\/\/www.bxt-accelyon.com\/what-is-ldr-brachytherapy\">LDR-Brachytherapie<\/a>&nbsp;as a treatment option<\/p>\n<\/div><\/div><\/div>\n\n\n\n<p><\/p>","protected":false},"excerpt":{"rendered":"","protected":false},"author":1,"featured_media":0,"parent":0,"menu_order":0,"comment_status":"closed","ping_status":"closed","template":"template-content-sidebar.php","meta":{"_acf_changed":false,"_monsterinsights_skip_tracking":false,"_monsterinsights_sitenote_active":false,"_monsterinsights_sitenote_note":"","_monsterinsights_sitenote_category":0,"footnotes":""},"class_list":["post-900","page","type-page","status-publish","hentry"],"acf":[],"yoast_head":"<!-- This site is optimized with the Yoast SEO plugin v27.5 - https:\/\/yoast.com\/product\/yoast-seo-wordpress\/ -->\n<title>Prostate Cancer Results Study Group - BXTA<\/title>\n<meta name=\"robots\" content=\"index, follow, max-snippet:-1, max-image-preview:large, max-video-preview:-1\" \/>\n<link rel=\"canonical\" href=\"https:\/\/bxta.com\/de\/pcrsg-study\/\" \/>\n<meta property=\"og:locale\" content=\"de_DE\" \/>\n<meta property=\"og:type\" content=\"article\" \/>\n<meta property=\"og:title\" content=\"Prostate Cancer Results Study Group - BXTA\" \/>\n<meta property=\"og:url\" content=\"https:\/\/bxta.com\/de\/pcrsg-study\/\" \/>\n<meta property=\"og:site_name\" content=\"BXTA\" \/>\n<meta property=\"article:publisher\" content=\"https:\/\/www.facebook.com\/bxtainternational\/\" \/>\n<meta property=\"article:modified_time\" content=\"2021-03-21T14:03:43+00:00\" \/>\n<meta property=\"og:image\" content=\"https:\/\/bxt-next-website.com\/wp-content\/uploads\/2020\/02\/document-sample.jpg\" \/>\n<meta name=\"twitter:card\" content=\"summary_large_image\" \/>\n<meta name=\"twitter:site\" content=\"@BXTA_\" \/>\n<meta name=\"twitter:label1\" content=\"Gesch\u00e4tzte Lesezeit\" \/>\n\t<meta name=\"twitter:data1\" content=\"2\u00a0Minuten\" \/>\n<script type=\"application\/ld+json\" class=\"yoast-schema-graph\">{\"@context\":\"https:\\\/\\\/schema.org\",\"@graph\":[{\"@type\":\"WebPage\",\"@id\":\"https:\\\/\\\/bxta.com\\\/nl\\\/pcrsg-study\\\/\",\"url\":\"https:\\\/\\\/bxta.com\\\/nl\\\/pcrsg-study\\\/\",\"name\":\"Prostate Cancer Results Study Group - BXTA\",\"isPartOf\":{\"@id\":\"https:\\\/\\\/bxta.com\\\/uk\\\/#website\"},\"primaryImageOfPage\":{\"@id\":\"https:\\\/\\\/bxta.com\\\/nl\\\/pcrsg-study\\\/#primaryimage\"},\"image\":{\"@id\":\"https:\\\/\\\/bxta.com\\\/nl\\\/pcrsg-study\\\/#primaryimage\"},\"thumbnailUrl\":\"https:\\\/\\\/bxt-next-website.com\\\/wp-content\\\/uploads\\\/2020\\\/02\\\/document-sample.jpg\",\"datePublished\":\"2020-06-21T10:21:35+00:00\",\"dateModified\":\"2021-03-21T14:03:43+00:00\",\"breadcrumb\":{\"@id\":\"https:\\\/\\\/bxta.com\\\/nl\\\/pcrsg-study\\\/#breadcrumb\"},\"inLanguage\":\"de\",\"potentialAction\":[{\"@type\":\"ReadAction\",\"target\":[\"https:\\\/\\\/bxta.com\\\/nl\\\/pcrsg-study\\\/\"]}]},{\"@type\":\"ImageObject\",\"inLanguage\":\"de\",\"@id\":\"https:\\\/\\\/bxta.com\\\/nl\\\/pcrsg-study\\\/#primaryimage\",\"url\":\"https:\\\/\\\/bxt-next-website.com\\\/wp-content\\\/uploads\\\/2020\\\/02\\\/document-sample.jpg\",\"contentUrl\":\"https:\\\/\\\/bxt-next-website.com\\\/wp-content\\\/uploads\\\/2020\\\/02\\\/document-sample.jpg\"},{\"@type\":\"BreadcrumbList\",\"@id\":\"https:\\\/\\\/bxta.com\\\/nl\\\/pcrsg-study\\\/#breadcrumb\",\"itemListElement\":[{\"@type\":\"ListItem\",\"position\":1,\"name\":\"Home\",\"item\":\"https:\\\/\\\/bxta.com\\\/\"},{\"@type\":\"ListItem\",\"position\":2,\"name\":\"Prostate Cancer Results Study Group\"}]},{\"@type\":\"WebSite\",\"@id\":\"https:\\\/\\\/bxta.com\\\/uk\\\/#website\",\"url\":\"https:\\\/\\\/bxta.com\\\/uk\\\/\",\"name\":\"BXTA\",\"description\":\"Let\u2019s tackle Prostate Cancer together | BXTA\",\"publisher\":{\"@id\":\"https:\\\/\\\/bxta.com\\\/uk\\\/#organization\"},\"potentialAction\":[{\"@type\":\"SearchAction\",\"target\":{\"@type\":\"EntryPoint\",\"urlTemplate\":\"https:\\\/\\\/bxta.com\\\/uk\\\/?s={search_term_string}\"},\"query-input\":{\"@type\":\"PropertyValueSpecification\",\"valueRequired\":true,\"valueName\":\"search_term_string\"}}],\"inLanguage\":\"de\"},{\"@type\":\"Organization\",\"@id\":\"https:\\\/\\\/bxta.com\\\/uk\\\/#organization\",\"name\":\"BXTA\",\"url\":\"https:\\\/\\\/bxta.com\\\/uk\\\/\",\"logo\":{\"@type\":\"ImageObject\",\"inLanguage\":\"de\",\"@id\":\"https:\\\/\\\/bxta.com\\\/uk\\\/#\\\/schema\\\/logo\\\/image\\\/\",\"url\":\"https:\\\/\\\/bxta-staging.s3.eu-west-2.amazonaws.com\\\/app\\\/uploads\\\/2021\\\/09\\\/07212056\\\/BXTA-Logo.png\",\"contentUrl\":\"https:\\\/\\\/bxta-staging.s3.eu-west-2.amazonaws.com\\\/app\\\/uploads\\\/2021\\\/09\\\/07212056\\\/BXTA-Logo.png\",\"width\":600,\"height\":373,\"caption\":\"BXTA\"},\"image\":{\"@id\":\"https:\\\/\\\/bxta.com\\\/uk\\\/#\\\/schema\\\/logo\\\/image\\\/\"},\"sameAs\":[\"https:\\\/\\\/www.facebook.com\\\/bxtainternational\\\/\",\"https:\\\/\\\/x.com\\\/BXTA_\",\"https:\\\/\\\/www.linkedin.com\\\/company\\\/bxtaccelyon\",\"https:\\\/\\\/www.youtube.com\\\/channel\\\/UCkTU9L10CS5c1eWtGiMZ7gw\"]}]}<\/script>\n<!-- \/ Yoast SEO plugin. -->","yoast_head_json":{"title":"Prostate Cancer Results Study Group - BXTA","robots":{"index":"index","follow":"follow","max-snippet":"max-snippet:-1","max-image-preview":"max-image-preview:large","max-video-preview":"max-video-preview:-1"},"canonical":"https:\/\/bxta.com\/de\/pcrsg-study\/","og_locale":"de_DE","og_type":"article","og_title":"Prostate Cancer Results Study Group - BXTA","og_url":"https:\/\/bxta.com\/de\/pcrsg-study\/","og_site_name":"BXTA","article_publisher":"https:\/\/www.facebook.com\/bxtainternational\/","article_modified_time":"2021-03-21T14:03:43+00:00","og_image":[{"url":"https:\/\/bxt-next-website.com\/wp-content\/uploads\/2020\/02\/document-sample.jpg","type":"","width":"","height":""}],"twitter_card":"summary_large_image","twitter_site":"@BXTA_","twitter_misc":{"Gesch\u00e4tzte Lesezeit":"2\u00a0Minuten"},"schema":{"@context":"https:\/\/schema.org","@graph":[{"@type":"WebPage","@id":"https:\/\/bxta.com\/nl\/pcrsg-study\/","url":"https:\/\/bxta.com\/nl\/pcrsg-study\/","name":"Prostate Cancer Results Study Group - BXTA","isPartOf":{"@id":"https:\/\/bxta.com\/uk\/#website"},"primaryImageOfPage":{"@id":"https:\/\/bxta.com\/nl\/pcrsg-study\/#primaryimage"},"image":{"@id":"https:\/\/bxta.com\/nl\/pcrsg-study\/#primaryimage"},"thumbnailUrl":"https:\/\/bxt-next-website.com\/wp-content\/uploads\/2020\/02\/document-sample.jpg","datePublished":"2020-06-21T10:21:35+00:00","dateModified":"2021-03-21T14:03:43+00:00","breadcrumb":{"@id":"https:\/\/bxta.com\/nl\/pcrsg-study\/#breadcrumb"},"inLanguage":"de","potentialAction":[{"@type":"ReadAction","target":["https:\/\/bxta.com\/nl\/pcrsg-study\/"]}]},{"@type":"ImageObject","inLanguage":"de","@id":"https:\/\/bxta.com\/nl\/pcrsg-study\/#primaryimage","url":"https:\/\/bxt-next-website.com\/wp-content\/uploads\/2020\/02\/document-sample.jpg","contentUrl":"https:\/\/bxt-next-website.com\/wp-content\/uploads\/2020\/02\/document-sample.jpg"},{"@type":"BreadcrumbList","@id":"https:\/\/bxta.com\/nl\/pcrsg-study\/#breadcrumb","itemListElement":[{"@type":"ListItem","position":1,"name":"Home","item":"https:\/\/bxta.com\/"},{"@type":"ListItem","position":2,"name":"Prostate Cancer Results Study Group"}]},{"@type":"WebSite","@id":"https:\/\/bxta.com\/uk\/#website","url":"https:\/\/bxta.com\/uk\/","name":"BXTA","description":"Let\u2019s tackle Prostate Cancer together | BXTA","publisher":{"@id":"https:\/\/bxta.com\/uk\/#organization"},"potentialAction":[{"@type":"SearchAction","target":{"@type":"EntryPoint","urlTemplate":"https:\/\/bxta.com\/uk\/?s={search_term_string}"},"query-input":{"@type":"PropertyValueSpecification","valueRequired":true,"valueName":"search_term_string"}}],"inLanguage":"de"},{"@type":"Organization","@id":"https:\/\/bxta.com\/uk\/#organization","name":"BXTA","url":"https:\/\/bxta.com\/uk\/","logo":{"@type":"ImageObject","inLanguage":"de","@id":"https:\/\/bxta.com\/uk\/#\/schema\/logo\/image\/","url":"https:\/\/bxta-staging.s3.eu-west-2.amazonaws.com\/app\/uploads\/2021\/09\/07212056\/BXTA-Logo.png","contentUrl":"https:\/\/bxta-staging.s3.eu-west-2.amazonaws.com\/app\/uploads\/2021\/09\/07212056\/BXTA-Logo.png","width":600,"height":373,"caption":"BXTA"},"image":{"@id":"https:\/\/bxta.com\/uk\/#\/schema\/logo\/image\/"},"sameAs":["https:\/\/www.facebook.com\/bxtainternational\/","https:\/\/x.com\/BXTA_","https:\/\/www.linkedin.com\/company\/bxtaccelyon","https:\/\/www.youtube.com\/channel\/UCkTU9L10CS5c1eWtGiMZ7gw"]}]}},"_links":{"self":[{"href":"https:\/\/bxta.com\/de\/wp-json\/wp\/v2\/pages\/900","targetHints":{"allow":["GET"]}}],"collection":[{"href":"https:\/\/bxta.com\/de\/wp-json\/wp\/v2\/pages"}],"about":[{"href":"https:\/\/bxta.com\/de\/wp-json\/wp\/v2\/types\/page"}],"author":[{"embeddable":true,"href":"https:\/\/bxta.com\/de\/wp-json\/wp\/v2\/users\/1"}],"replies":[{"embeddable":true,"href":"https:\/\/bxta.com\/de\/wp-json\/wp\/v2\/comments?post=900"}],"version-history":[{"count":15,"href":"https:\/\/bxta.com\/de\/wp-json\/wp\/v2\/pages\/900\/revisions"}],"predecessor-version":[{"id":2327,"href":"https:\/\/bxta.com\/de\/wp-json\/wp\/v2\/pages\/900\/revisions\/2327"}],"wp:attachment":[{"href":"https:\/\/bxta.com\/de\/wp-json\/wp\/v2\/media?parent=900"}],"curies":[{"name":"wp","href":"https:\/\/api.w.org\/{rel}","templated":true}]}}