{"id":693,"date":"2020-06-19T19:08:47","date_gmt":"2020-06-19T19:08:47","guid":{"rendered":"http:\/\/bxta-staging.website\/?page_id=693"},"modified":"2021-08-06T09:51:40","modified_gmt":"2021-08-06T09:51:40","slug":"single-stage-procedure","status":"publish","type":"page","link":"https:\/\/bxta.com\/de\/healthcare-professionals\/single-stage-procedure\/","title":{"rendered":"Einstufiges Verfahren"},"content":{"rendered":"<div id=\"\" class=\"wp-block-cgb-block-ll-content-block ll-row ll-row--med\"><div class=\"ll-content\"><div class=\"ll-content__inner\">\n<div class=\"wp-block-cgb-block-ll-innerblock-heading\"><div class=\"ll-headings\"><h3 class=\"ll-heading ll-heading--lrg\" style=\"color:#03843e\">Einstufiges Verfahren<\/h3><\/div><\/div>\n\n\n\n<p>Mit dem Aufkommen fortschrittlicher Technologie und Computersoftware wurde es m\u00f6glich, die Niedrigdosis-Brachytherapie als einphasiges Verfahren durchzuf\u00fchren. 4D-Brachytherapie ist die neue und innovative Art, einstufige Verfahren mit vorgeladenen Seedketten und optimal platzierten zentralen Seeds, die \u00fcber einen einfachen Scan bestellt wurden, in weniger als einer Stunde durchzuf\u00fchren. 4D-Brachytherapie ist exklusiv bei BXTAccelyon \u00fcber seine Online-Bestellsoftware - webBXT - erh\u00e4ltlich.\u00a0<a href=\"https:\/\/www.bxt-accelyon.com\/4d-brachytherapy\">4D Brachytherapy<\/a>\u00a0is the new and innovative way of carrying out single stage procedures using pre-loaded stranded seeds and optimally placed central seeds ordered from a simple scan and performed in under an hour.\u00a0<a href=\"https:\/\/www.bxt-accelyon.com\/4d-brachytherapy\">4D Brachytherapy<\/a>\u00a0is exclusively available from BXTA through its online ordering software \u2013 webBXT.<\/p>\n<\/div><\/div><\/div>\n\n\n\n<div id=\"webBXT\" class=\"wp-block-cgb-block-ll-content-block ll-row ll-row--med\"><div class=\"ll-content\"><div class=\"ll-content__inner\">\n<div class=\"wp-block-cgb-block-ll-innerblock-heading\"><div class=\"ll-headings\"><h3 class=\"ll-heading ll-heading--sml\" style=\"color:#03843e\">webBXT<\/h3><\/div><\/div>\n\n\n\n<p>Unique e-commerce platform providing online ordering, convenient data management and automated seed calculation and order generation. An intuitive and easy-to-use interface, webBXT offers BXTA customers the opportunity to transform seed ordering practices, efficiently manage data and optimise resources all in one online resource.<\/p>\n<\/div><\/div><\/div>\n\n\n\n<div id=\"Pre-loaded-Kit\" class=\"wp-block-cgb-block-ll-content-block ll-row ll-row--med\"><div class=\"ll-content\"><div class=\"ll-content__inner\">\n<div class=\"wp-block-cgb-block-ll-innerblock-heading\"><div class=\"ll-headings\"><h3 class=\"ll-heading ll-heading--sml\" style=\"color:#03843e\">Vorgeladenes Kit<\/h3><\/div><\/div>\n\n\n\n<p>Sterile, gebrauchsfertige, nach Ma\u00df best\u00fcckte Kits ersparen Zeit und Ressourcen beim Beladen der Nadeln und bei der Vorbereitung des Brachytherapieverfahrens. Ideal f\u00fcr stark besch\u00e4ftigte Abteilungen mit Mehrfachverfahren in einer Operationssitzung. Erh\u00e4ltlich als vorgeladenes kundenspezifisches TheraStrand oder TheraSleeve<\/p>\n\n\n\n<p><\/p>\n<\/div><\/div><\/div>\n\n\n\n<div id=\"C20-Cartridge\" class=\"wp-block-cgb-block-ll-content-block ll-row ll-row--med\"><div class=\"ll-content\"><div class=\"ll-content__inner\">\n<div class=\"wp-block-cgb-block-ll-innerblock-heading\"><div class=\"ll-headings\"><h3 class=\"ll-heading ll-heading--sml\" style=\"color:#03843e\">C20 Kassette<\/h3><\/div><\/div>\n\n\n\n<p>Exklusives Magazindesign (C20), steril geliefert und einzeln verpackt; jedes C20 bietet:<\/p>\n\n\n\n<ul class=\"wp-block-list\"><li> Einen inkrementalen Seedz\u00e4hler<\/li><li>Verpackung direkt an der Quelle zur Minimierung der Exposition<\/li><li>Capacity for up to 20 seeds to reduce number of cartridge changes<\/li><li>Anti roll design<\/li><li>Kompatibilit\u00e4t mit Mick-Applikator<\/li><\/ul>\n\n\n\n<p><\/p>\n<\/div><\/div><\/div>\n\n\n\n<div id=\"Plug-Free-Needles\" class=\"wp-block-cgb-block-ll-content-block ll-row ll-row--med\"><div class=\"ll-content\"><div class=\"ll-content__inner\">\n<div class=\"wp-block-cgb-block-ll-innerblock-heading\"><div class=\"ll-headings\"><h3 class=\"ll-heading ll-heading--sml\" style=\"color:#03843e\">Nadeln ohne Verschluss<\/h3><\/div><\/div>\n\n\n\n<p>Plug-Free: Eine Revolution im Brachytherapie-Nadel-Design. Jetzt auch als Einzelverpackung erh\u00e4ltlich.<\/p>\n\n\n\n<ul class=\"wp-block-list\"><li>Macht die Anwendung von Knochenwachs oder synthetischen Pfropfen \u00fcberfl\u00fcssig; eine kleine Lasche am abgeschr\u00e4gten Ende der Nadel fixiert die Seeds sicher bis zur Freigabe<\/li><li>Erleichtert die Navigation und Positionierung der Nadel durch das intuitive abgeschr\u00e4gte Design und konsistente Seed-Platzierung<\/li><li>Gibt dem Bediener positive R\u00fcckmeldung \u00fcber F\u00fchrung und Implantation von Seeds und Ketten<\/li><\/ul>\n<\/div><\/div><\/div>\n\n\n\n<div id=\"Sterile-Packaging\" class=\"wp-block-cgb-block-ll-content-block ll-row ll-row--med\"><div class=\"ll-content\"><div class=\"ll-content__inner\">\n<div class=\"wp-block-cgb-block-ll-innerblock-heading\"><div class=\"ll-headings\"><h3 class=\"ll-heading ll-heading--sml\" style=\"color:#03843e\">Sterile Packaging<\/h3><\/div><\/div>\n\n\n\n<p>Einzigartige, exklusive Verpackung, die die Messung der Aktivit\u00e4t der Seeds in der Kassette erm\u00f6glicht, ohne die Sterilit\u00e4t zu beeintr\u00e4chtigen. Spart Zeit und Kosten, da Strahlenschutzbeh\u00e4lter nicht wiederholt autoklaviert werden m\u00fcssen. Der Kettentest kann zu einem f\u00fcr das Implantationsteam g\u00fcnstigen Zeitpunkt durchgef\u00fchrt werden.<\/p>\n\n\n\n<p><\/p>\n<\/div><\/div><\/div>\n\n\n\n<div id=\"IsoLoader\" class=\"wp-block-cgb-block-ll-content-block ll-row ll-row--med\"><div class=\"ll-content\"><div class=\"ll-content__inner\">\n<div class=\"wp-block-cgb-block-ll-innerblock-heading\"><div class=\"ll-headings\"><h3 class=\"ll-heading ll-heading--sml\" style=\"color:#03843e\">IsoLoader<\/h3><\/div><\/div>\n\n\n\n<p>IsoLoader ist eine flexible, schnelle und bequeme intraoperative L\u00f6sung zur Herstellung hochwertiger Ketten im Operationssaal.<\/p>\n\n\n\n<ul class=\"wp-block-list\"><li>Das benutzerfreundliche qualitativ hochwertige Ger\u00e4t erm\u00f6glicht den Aufbau kundenspezifischer Ketten in Echtzeit innerhalb einer sterilen Umgebung.Das benutzerfreundliche qualitativ hochwertige Ger\u00e4t erm\u00f6glicht den Aufbau kundenspezifischer Ketten in Echtzeit innerhalb einer sterilen Umgebung.<\/li><li>Einzigartige Technologie kapselt die Seeds sicher in der Kette ein, um eine Trennung nach der Implantation zu verhindern<\/li><li>Die Ketten k\u00f6nnen direkt in Nadeln mit und ohne Verschluss oder in Transferr\u00f6hrchen geladen und nachgeladen werden.<\/li><li>Kombinationen aus Ketten und Seeds\/Abstandshalter mit variabler Ladung sind m\u00f6glich, ideal f\u00fcr zentrale Nadelladungen.<\/li><\/ul>\n\n\n\n<p><a href=\"https:\/\/www.bxt-accelyon.com\/single-stage-prodecure\" target=\"_blank\" rel=\"noreferrer noopener\">Das IsoLoader-Video ansehen<\/a><\/p>\n\n\n\n<p><\/p>\n<\/div><\/div><\/div>\n\n\n\n<div id=\"\" class=\"wp-block-cgb-block-ll-cards-cta ll-row default\"><div class=\"ll-cards--cta\"><div class=\"ll-cards__wrapper\"><\/div><\/div><\/div>","protected":false},"excerpt":{"rendered":"","protected":false},"author":1,"featured_media":0,"parent":306,"menu_order":0,"comment_status":"closed","ping_status":"closed","template":"template-product.php","meta":{"_acf_changed":false,"_monsterinsights_skip_tracking":false,"_monsterinsights_sitenote_active":false,"_monsterinsights_sitenote_note":"","_monsterinsights_sitenote_category":0,"footnotes":""},"class_list":["post-693","page","type-page","status-publish","hentry"],"acf":[],"yoast_head":"<!-- This site is optimized with the Yoast SEO plugin v27.4 - https:\/\/yoast.com\/product\/yoast-seo-wordpress\/ -->\n<title>Single Stage Procedure - BXTA<\/title>\n<meta name=\"robots\" content=\"index, follow, max-snippet:-1, max-image-preview:large, max-video-preview:-1\" \/>\n<link rel=\"canonical\" href=\"https:\/\/bxta.com\/de\/healthcare-professionals\/single-stage-procedure\/\" \/>\n<meta property=\"og:locale\" content=\"de_DE\" \/>\n<meta property=\"og:type\" content=\"article\" \/>\n<meta property=\"og:title\" content=\"Single Stage Procedure - BXTA\" \/>\n<meta property=\"og:url\" content=\"https:\/\/bxta.com\/de\/healthcare-professionals\/single-stage-procedure\/\" \/>\n<meta property=\"og:site_name\" content=\"BXTA\" \/>\n<meta property=\"article:publisher\" content=\"https:\/\/www.facebook.com\/bxtainternational\/\" \/>\n<meta property=\"article:modified_time\" content=\"2021-08-06T09:51:40+00:00\" \/>\n<meta property=\"og:image\" content=\"https:\/\/bxta.com\/wp-content\/uploads\/2021\/05\/BXTA-2-scaled.jpg\" \/>\n\t<meta property=\"og:image:width\" content=\"1480\" \/>\n\t<meta property=\"og:image:height\" content=\"1046\" \/>\n\t<meta property=\"og:image:type\" content=\"image\/jpeg\" \/>\n<meta name=\"twitter:card\" content=\"summary_large_image\" \/>\n<meta name=\"twitter:site\" content=\"@BXTA_\" \/>\n<meta name=\"twitter:label1\" content=\"Gesch\u00e4tzte Lesezeit\" \/>\n\t<meta name=\"twitter:data1\" content=\"2\u00a0Minuten\" \/>\n<script type=\"application\/ld+json\" class=\"yoast-schema-graph\">{\"@context\":\"https:\\\/\\\/schema.org\",\"@graph\":[{\"@type\":\"WebPage\",\"@id\":\"https:\\\/\\\/bxta.com\\\/uk\\\/healthcare-professionals\\\/single-stage-procedure\\\/\",\"url\":\"https:\\\/\\\/bxta.com\\\/uk\\\/healthcare-professionals\\\/single-stage-procedure\\\/\",\"name\":\"Single Stage Procedure - BXTA\",\"isPartOf\":{\"@id\":\"https:\\\/\\\/bxta.com\\\/uk\\\/#website\"},\"datePublished\":\"2020-06-19T19:08:47+00:00\",\"dateModified\":\"2021-08-06T09:51:40+00:00\",\"breadcrumb\":{\"@id\":\"https:\\\/\\\/bxta.com\\\/uk\\\/healthcare-professionals\\\/single-stage-procedure\\\/#breadcrumb\"},\"inLanguage\":\"de\",\"potentialAction\":[{\"@type\":\"ReadAction\",\"target\":[\"https:\\\/\\\/bxta.com\\\/uk\\\/healthcare-professionals\\\/single-stage-procedure\\\/\"]}]},{\"@type\":\"BreadcrumbList\",\"@id\":\"https:\\\/\\\/bxta.com\\\/uk\\\/healthcare-professionals\\\/single-stage-procedure\\\/#breadcrumb\",\"itemListElement\":[{\"@type\":\"ListItem\",\"position\":1,\"name\":\"Home\",\"item\":\"https:\\\/\\\/bxta.com\\\/\"},{\"@type\":\"ListItem\",\"position\":2,\"name\":\"Healthcare Professionals\",\"item\":\"https:\\\/\\\/bxta.com\\\/uk\\\/healthcare-professionals\\\/\"},{\"@type\":\"ListItem\",\"position\":3,\"name\":\"Single Stage Procedure\"}]},{\"@type\":\"WebSite\",\"@id\":\"https:\\\/\\\/bxta.com\\\/uk\\\/#website\",\"url\":\"https:\\\/\\\/bxta.com\\\/uk\\\/\",\"name\":\"BXTA\",\"description\":\"Let\u2019s tackle Prostate Cancer together | BXTA\",\"publisher\":{\"@id\":\"https:\\\/\\\/bxta.com\\\/uk\\\/#organization\"},\"potentialAction\":[{\"@type\":\"SearchAction\",\"target\":{\"@type\":\"EntryPoint\",\"urlTemplate\":\"https:\\\/\\\/bxta.com\\\/uk\\\/?s={search_term_string}\"},\"query-input\":{\"@type\":\"PropertyValueSpecification\",\"valueRequired\":true,\"valueName\":\"search_term_string\"}}],\"inLanguage\":\"de\"},{\"@type\":\"Organization\",\"@id\":\"https:\\\/\\\/bxta.com\\\/uk\\\/#organization\",\"name\":\"BXTA\",\"url\":\"https:\\\/\\\/bxta.com\\\/uk\\\/\",\"logo\":{\"@type\":\"ImageObject\",\"inLanguage\":\"de\",\"@id\":\"https:\\\/\\\/bxta.com\\\/uk\\\/#\\\/schema\\\/logo\\\/image\\\/\",\"url\":\"https:\\\/\\\/bxta-staging.s3.eu-west-2.amazonaws.com\\\/app\\\/uploads\\\/2021\\\/09\\\/07212056\\\/BXTA-Logo.png\",\"contentUrl\":\"https:\\\/\\\/bxta-staging.s3.eu-west-2.amazonaws.com\\\/app\\\/uploads\\\/2021\\\/09\\\/07212056\\\/BXTA-Logo.png\",\"width\":600,\"height\":373,\"caption\":\"BXTA\"},\"image\":{\"@id\":\"https:\\\/\\\/bxta.com\\\/uk\\\/#\\\/schema\\\/logo\\\/image\\\/\"},\"sameAs\":[\"https:\\\/\\\/www.facebook.com\\\/bxtainternational\\\/\",\"https:\\\/\\\/x.com\\\/BXTA_\",\"https:\\\/\\\/www.linkedin.com\\\/company\\\/bxtaccelyon\",\"https:\\\/\\\/www.youtube.com\\\/channel\\\/UCkTU9L10CS5c1eWtGiMZ7gw\"]}]}<\/script>\n<!-- \/ Yoast SEO plugin. -->","yoast_head_json":{"title":"Single Stage Procedure - BXTA","robots":{"index":"index","follow":"follow","max-snippet":"max-snippet:-1","max-image-preview":"max-image-preview:large","max-video-preview":"max-video-preview:-1"},"canonical":"https:\/\/bxta.com\/de\/healthcare-professionals\/single-stage-procedure\/","og_locale":"de_DE","og_type":"article","og_title":"Single Stage Procedure - BXTA","og_url":"https:\/\/bxta.com\/de\/healthcare-professionals\/single-stage-procedure\/","og_site_name":"BXTA","article_publisher":"https:\/\/www.facebook.com\/bxtainternational\/","article_modified_time":"2021-08-06T09:51:40+00:00","og_image":[{"width":1480,"height":1046,"url":"https:\/\/bxta.com\/wp-content\/uploads\/2021\/05\/BXTA-2-scaled.jpg","type":"image\/jpeg"}],"twitter_card":"summary_large_image","twitter_site":"@BXTA_","twitter_misc":{"Gesch\u00e4tzte Lesezeit":"2\u00a0Minuten"},"schema":{"@context":"https:\/\/schema.org","@graph":[{"@type":"WebPage","@id":"https:\/\/bxta.com\/uk\/healthcare-professionals\/single-stage-procedure\/","url":"https:\/\/bxta.com\/uk\/healthcare-professionals\/single-stage-procedure\/","name":"Single Stage Procedure - BXTA","isPartOf":{"@id":"https:\/\/bxta.com\/uk\/#website"},"datePublished":"2020-06-19T19:08:47+00:00","dateModified":"2021-08-06T09:51:40+00:00","breadcrumb":{"@id":"https:\/\/bxta.com\/uk\/healthcare-professionals\/single-stage-procedure\/#breadcrumb"},"inLanguage":"de","potentialAction":[{"@type":"ReadAction","target":["https:\/\/bxta.com\/uk\/healthcare-professionals\/single-stage-procedure\/"]}]},{"@type":"BreadcrumbList","@id":"https:\/\/bxta.com\/uk\/healthcare-professionals\/single-stage-procedure\/#breadcrumb","itemListElement":[{"@type":"ListItem","position":1,"name":"Home","item":"https:\/\/bxta.com\/"},{"@type":"ListItem","position":2,"name":"Healthcare Professionals","item":"https:\/\/bxta.com\/uk\/healthcare-professionals\/"},{"@type":"ListItem","position":3,"name":"Single Stage Procedure"}]},{"@type":"WebSite","@id":"https:\/\/bxta.com\/uk\/#website","url":"https:\/\/bxta.com\/uk\/","name":"BXTA","description":"Let\u2019s tackle Prostate Cancer together | BXTA","publisher":{"@id":"https:\/\/bxta.com\/uk\/#organization"},"potentialAction":[{"@type":"SearchAction","target":{"@type":"EntryPoint","urlTemplate":"https:\/\/bxta.com\/uk\/?s={search_term_string}"},"query-input":{"@type":"PropertyValueSpecification","valueRequired":true,"valueName":"search_term_string"}}],"inLanguage":"de"},{"@type":"Organization","@id":"https:\/\/bxta.com\/uk\/#organization","name":"BXTA","url":"https:\/\/bxta.com\/uk\/","logo":{"@type":"ImageObject","inLanguage":"de","@id":"https:\/\/bxta.com\/uk\/#\/schema\/logo\/image\/","url":"https:\/\/bxta-staging.s3.eu-west-2.amazonaws.com\/app\/uploads\/2021\/09\/07212056\/BXTA-Logo.png","contentUrl":"https:\/\/bxta-staging.s3.eu-west-2.amazonaws.com\/app\/uploads\/2021\/09\/07212056\/BXTA-Logo.png","width":600,"height":373,"caption":"BXTA"},"image":{"@id":"https:\/\/bxta.com\/uk\/#\/schema\/logo\/image\/"},"sameAs":["https:\/\/www.facebook.com\/bxtainternational\/","https:\/\/x.com\/BXTA_","https:\/\/www.linkedin.com\/company\/bxtaccelyon","https:\/\/www.youtube.com\/channel\/UCkTU9L10CS5c1eWtGiMZ7gw"]}]}},"_links":{"self":[{"href":"https:\/\/bxta.com\/de\/wp-json\/wp\/v2\/pages\/693","targetHints":{"allow":["GET"]}}],"collection":[{"href":"https:\/\/bxta.com\/de\/wp-json\/wp\/v2\/pages"}],"about":[{"href":"https:\/\/bxta.com\/de\/wp-json\/wp\/v2\/types\/page"}],"author":[{"embeddable":true,"href":"https:\/\/bxta.com\/de\/wp-json\/wp\/v2\/users\/1"}],"replies":[{"embeddable":true,"href":"https:\/\/bxta.com\/de\/wp-json\/wp\/v2\/comments?post=693"}],"version-history":[{"count":10,"href":"https:\/\/bxta.com\/de\/wp-json\/wp\/v2\/pages\/693\/revisions"}],"predecessor-version":[{"id":2954,"href":"https:\/\/bxta.com\/de\/wp-json\/wp\/v2\/pages\/693\/revisions\/2954"}],"up":[{"embeddable":true,"href":"https:\/\/bxta.com\/de\/wp-json\/wp\/v2\/pages\/306"}],"wp:attachment":[{"href":"https:\/\/bxta.com\/de\/wp-json\/wp\/v2\/media?parent=693"}],"curies":[{"name":"wp","href":"https:\/\/api.w.org\/{rel}","templated":true}]}}