{"id":362,"date":"2020-03-29T22:37:54","date_gmt":"2020-03-29T22:37:54","guid":{"rendered":"http:\/\/bxta-staging.website\/?page_id=362"},"modified":"2020-09-07T13:05:23","modified_gmt":"2020-09-07T13:05:23","slug":"salvage-treatment-dispelling-the-myths","status":"publish","type":"page","link":"https:\/\/bxta.com\/de\/patient-information\/salvage-treatment-dispelling-the-myths\/","title":{"rendered":"Salvage-behandlung - mit den mythen aufr\u00e4umen"},"content":{"rendered":"<div id=\"\" class=\"wp-block-cgb-block-ll-content-block ll-row ll-row--med\"><div class=\"ll-content\"><div class=\"ll-content__inner\">\n<div class=\"wp-block-cgb-block-ll-innerblock-heading\"><div class=\"ll-headings\"><h3 class=\"ll-heading\" style=\"color:#03843e\">Salvage-behandlung - mit den mythen aufr\u00e4umen<\/h3><\/div><\/div>\n\n\n\n<p>Aufgrund seiner intimen Natur ist es verst\u00e4ndlich, dass es Ihnen unter Umst\u00e4nden nicht leicht f\u00e4llt, Ihre Symptome oder Behandlungsm\u00f6glichkeiten f\u00fcr Prostatakrebs mit jemandem zu besprechen.<\/p>\n\n\n\n<p>Angesichts der heute verf\u00fcgbaren gro\u00dfen Auswahl an Optionen und der unterschiedlichen Ergebnisse und Nebenwirkungen, die diese Behandlungen f\u00fcr Patienten mit unterschiedlichen Lebensweisen haben k\u00f6nnen, ist es heute jedoch wichtiger als je zuvor, dass Sie mit Zuversicht \u00fcber Ihre Erkrankung sprechen und sich von einem Spezialisten \u00fcber alle m\u00f6glichen Behandlungsoptionen beraten lassen - von denen einige weitaus bessere Langzeitergebnisse in Bezug auf sexuelle Funktion und Kontinenz bieten.<\/p>\n<\/div><\/div><\/div>\n\n\n\n<figure class=\"wp-block-image size-large is-style-default\"><img decoding=\"async\" width=\"1040\" height=\"694\" src=\"https:\/\/bxt-accelyon.com\/wp-content\/uploads\/2020\/08\/shutterstock_700881286-2-1040x694.jpg\" alt=\"\" class=\"wp-image-1165\" srcset=\"https:\/\/bxta.com\/wp-content\/uploads\/2020\/08\/shutterstock_700881286-2-1040x694.jpg 1040w, https:\/\/bxta.com\/wp-content\/uploads\/2020\/08\/shutterstock_700881286-2-800x534.jpg 800w, https:\/\/bxta.com\/wp-content\/uploads\/2020\/08\/shutterstock_700881286-2-768x513.jpg 768w, https:\/\/bxta.com\/wp-content\/uploads\/2020\/08\/shutterstock_700881286-2-1536x1025.jpg 1536w, https:\/\/bxta.com\/wp-content\/uploads\/2020\/08\/shutterstock_700881286-2-2048x1367.jpg 2048w, https:\/\/bxta.com\/wp-content\/uploads\/2020\/08\/shutterstock_700881286-2-350x234.jpg 350w, https:\/\/bxta.com\/wp-content\/uploads\/2020\/08\/shutterstock_700881286-2-400x267.jpg 400w, https:\/\/bxta.com\/wp-content\/uploads\/2020\/08\/shutterstock_700881286-2-1240x828.jpg 1240w, https:\/\/bxta.com\/wp-content\/uploads\/2020\/08\/shutterstock_700881286-2-1440x961.jpg 1440w, https:\/\/bxta.com\/wp-content\/uploads\/2020\/08\/shutterstock_700881286-2-1940x1295.jpg 1940w, https:\/\/bxta.com\/wp-content\/uploads\/2020\/08\/shutterstock_700881286-2-scaled.jpg 1480w\" sizes=\"(max-width: 1040px) 100vw, 1040px\" \/><\/figure>\n\n\n\n<div id=\"closed-thinking\" class=\"wp-block-cgb-block-ll-content-block ll-row ll-row--med\"><div class=\"ll-content\"><div class=\"ll-content__inner\">\n<div class=\"wp-block-cgb-block-ll-innerblock-heading\"><div class=\"ll-headings\"><h3 class=\"ll-heading ll-heading--med\" style=\"color:#03843e\"><strong><strong>Geschlossenes Denken<\/strong><\/strong><\/h3><\/div><\/div>\n\n\n\n<p><strong>\u200b<\/strong>Egal, ob es sich um einen Hausarzt, einen Onkologen, einen Urologen oder eine Fachpflegekraft handelt - die erste Person, mit der Sie sprechen, wird Sie wahrscheinlich am st\u00e4rksten beeinflussen, insbesondere bei der Frage, welchen Behandlungsweg Sie einschlagen sollten. Die meisten Patienten suchen einen Urologen nur auf, um sich \u00fcber die Strahlentherapie beraten zu lassen, obwohl sie die Meinung mehrerer Spezialisten einholen sollten.<\/p>\n\n\n\n<p>Zum Beispiel werden viele Patienten in Richtung einer Operation, der sog. radikalen Prostatektomie, gelenkt. Sie ist seit vielen Jahren die Standardbehandlung bei Prostatakrebs. Studien haben jedoch gezeigt, dass die radikale Prostatektomie - trotz Fortschritten wie Roboter-Chirurgie - im Vergleich zu aktiver \u00dcberwachung und radikaler Strahlentherapie die gr\u00f6\u00dfte Beeintr\u00e4chtigung der sexuellen Funktion und der Harnkontinenz mit sich bringt. Dar\u00fcber hinaus m\u00fcssen viele Patienten im Anschluss an eine radikale Prostatektomie sp\u00e4ter weiter behandelt werden.<\/p>\n<\/div><\/div><\/div>\n\n\n\n<div id=\"high-dose\" class=\"wp-block-cgb-block-ll-content-block ll-row default\"><div class=\"ll-content\"><div class=\"ll-content__inner\">\n<div class=\"wp-block-cgb-block-ll-innerblock-heading\"><div class=\"ll-headings\"><h3 class=\"ll-heading ll-heading--med\" style=\"color:#03843e\">Brachytherapie mit hoher Dosisrate (HDR-Brachytherapie)<\/h3><\/div><\/div>\n\n\n\n<p>Brachytherapie kann entweder in Form eines permanenten Einzelimplantats erfolgen, das eine Strahlung mit niedriger Dosisrate abgibt (LDR-B), oder in Form eines tempor\u00e4ren Implantats, das eine h\u00f6here Dosisrate \u00fcber mehrere Sitzungen abgibt (HDR-B).  Bei der HDR-Brachytherapie wird KEINE h\u00f6here Gesamtstrahlendosis an die Prostata abgegeben.<\/p>\n\n\n\n<p>Beide Techniken geben eine hohe, auf die Prostata lokalisierte Strahlendosis ab.&nbsp;<\/p>\n\n\n\n<p>Original-Forschungsergebnisse des Leeds Teaching Hospitals NHS Trust (2019), die im <a href=\"https:\/\/www.ctro.science\/article\/S2405-6308(19)30101-6\/fulltext\">Journal of Clinical and Translational Radiation Oncology<\/a>von Elsevier ver\u00f6ffentlicht wurden, haben gezeigt, dass M\u00e4nner mit Prostatakrebs mit mittlerem und hohem Risiko, die mit einem Brachytherapie-Boost mit niedriger Dosisrate in Kombination mit externer Strahlentherapie (LDR-EBRT) behandelt wurden, \u00fcber einen Zeitraum von f\u00fcnf Jahren effektivere Kontrolle \u00fcber ihren PSA-Wert erreichen als M\u00e4nner, die mit einem Brachytherapie-Boost mit hoher Dosisrate (HDR-EBRT) behandelt wurden.  Diese Studie ergab, dass die Wahrscheinlichkeit, dass der Krebs nach der Behandlung andauert, bei mit HDR-EBRT behandelten Patienten mehr als doppelt so hoch war wie bei Patienten, die sich einer LDR-EBRT unterzogen.<\/p>\n\n\n\n<p>Die Strahlendosis-Eskalation f\u00fchrt bei lokal begrenztem Prostatakrebs nachweislich zu einem verbesserten biochemischen progressionsfreien \u00dcberleben (bPFS) oder einer besseren Kontrolle des PSA-Werts. Die Dosis-Eskalation kann auf verschiedene Weise bereit gestellt werden: durch technische Verbesserungen bei der externen Strahlentherapie (EBRT) allein, durch Brachytherapie und durch eine Kombination beider Therapien. Eine der wichtigsten Bestrahlungsstudien der modernen \u00c4ra zur Behandlung von Prostatakrebs mit mittlerem und hohem Risiko verglich EBRT allein mit LDR+EBRT.  Sie ergab eine signifikante Ergebnisverbesserung bei der Hinzunahme der LDR-Brachytherapie im Vergleich zur EBRT allein (ref).  In Bezug auf HDR-Brachytherapie wurde keine gleichwertige Studie durchgef\u00fchrt.<\/p>\n<\/div><\/div><\/div>\n\n\n\n<div id=\"dispelling-myths\" class=\"wp-block-cgb-block-ll-content-block ll-row ll-row--med\"><div class=\"ll-content\"><div class=\"ll-content__inner\">\n<div class=\"wp-block-cgb-block-ll-innerblock-heading\"><div class=\"ll-headings\"><h3 class=\"ll-heading\" style=\"color:#03843e\"><strong><strong><strong>Mythen zerstreuen<\/strong><\/strong><\/strong><\/h3><\/div><\/div>\n\n\n\n<p>Im Vergleich dazu ist die Brachytherapie mit niedriger Dosisrate (LDR-B) seit \u00fcber zwei Jahrzehnten eine hocheffektive Behandlung f\u00fcr Prostatakrebspatienten. Laut Daten der Prostate Cancer Results Study Group liefert die LDR-Brachytherapie nicht nur signifikant verbesserte Ergebnisse in Bezug auf sexuelle Funktion und Inkontinenz, sondern erreicht auch, dass &gt;95% der Patienten nach \u00fcber 15 Jahren krankheitsfrei sind.<\/p>\n\n\n\n<p>Die Brachytherapie hat sich in den letzten zwei Jahrzehnten erheblich weiterentwickelt und ist nun in der Lage, eine sehr effektive, gezielte Strahlentherapie zu liefern, die au\u00dfer einer Verbesserung der bereits ausgezeichneten Krankheitskontrolle auch zu besseren Ergebnissen bei Potenz und Kontinenz f\u00fchrt.&nbsp;<\/p>\n\n\n\n<p>Brachytherapie mit niedriger Dosisrate (LDR-B) ist eine interne Form der Strahlentherapie, bei der winzige radioaktive Kapseln, sogenannte Seeds, in die Prostata selbst implantiert werden. Sie zielt nur auf den Ort des Tumors, so dass die Strahlung die Krebszellen abt\u00f6tet, ohne das umliegende gesunde Gewebe stark zu sch\u00e4digen. Die reiskorngro\u00dfen Seeds werden durch feine Nadeln gef\u00fchrt und direkt in die Prostata eingebracht und positioniert. Es handelt sich nicht um einen gr\u00f6\u00dferen chirurgischen Eingriff und Sie verbringen maximal nur 1 Tag im Krankenhaus. Im Allgemeinen hat die LDR-Brachytherapie eine niedrige Komplikationsrate, und Sie kehren innerhalb von ein paar Tagen zu Ihren gewohnten Aktivit\u00e4ten vor der Behandlung zur\u00fcck, anstatt Wochen, wie es nach einer Operation der Fall ist.<\/p>\n<\/div><\/div><\/div>\n\n\n\n<div id=\"4d-brachytherapy\" class=\"wp-block-cgb-block-ll-content-block ll-row ll-row--med\"><div class=\"ll-content\"><div class=\"ll-content__inner\">\n<div class=\"wp-block-cgb-block-ll-innerblock-heading\"><div class=\"ll-headings\"><h3 class=\"ll-heading\" style=\"color:#03843e\"><strong><strong><strong>4D Brachytherapy<\/strong><\/strong><\/strong><\/h3><\/div><\/div>\n\n\n\n<p>4D-Brachytherapie ist eine noch schnellere, einzeitige Implantationstechnik in Echtzeit, bei der ein Routine-Diagnosescan zur Berechnung der f\u00fcr die LDR-B-Implantation erforderlichen Anzahl Seeds verwendet wird. Das Verfahren bietet eine gezieltere Behandlung und durch den einmaligen Eingriff eine bessere Patientenerfahrung. Dadurch, dass einer der Schritte des im Operationssaal (unter Vollnarkose) durchgef\u00fchrten traditionellen Verfahrens durch ein einfaches ambulantes Verfahren ersetzt wird, das im Rahmen der routinem\u00e4\u00dfigen Prostatakrebsdiagnose stattfindet, wird der Eingriff erheblich optimiert.&nbsp;<\/p>\n<\/div><\/div><\/div>\n\n\n\n<div id=\"salvage-treatment\" class=\"wp-block-cgb-block-ll-content-block ll-row ll-row--med\"><div class=\"ll-content\"><div class=\"ll-content__inner\">\n<div class=\"wp-block-cgb-block-ll-innerblock-heading\"><div class=\"ll-headings\"><h3 class=\"ll-heading\" style=\"color:#03843e\"><strong><strong><strong>Salvage-Behandlung<\/strong><\/strong><\/strong><\/h3><\/div><\/div>\n\n\n\n<p>Die andere Frage, die oft von Patienten angesprochen wird, ist die nach einem R\u00fcckfall. Welche Behandlungsm\u00f6glichkeiten gibt es, wenn der Krebs zur\u00fcckkehrt? Es besteht immer noch ein wenig von dem Mythos fort, dass Patienten, die sich urspr\u00fcnglich f\u00fcr LDR-B entschieden haben, sp\u00e4ter keine Salvage-Behandlung mehr bekommen k\u00f6nnen. Es wird f\u00e4lschlicherweise angenommen, dass ein hoher Grad an therapiebedingten Toxizit\u00e4ten und Schwierigkeiten bei der Durchf\u00fchrung des Verfahrens eine Nachbehandlung beeintr\u00e4chtigen k\u00f6nnen. Die Realit\u00e4t sieht jedoch so aus, dass tats\u00e4chlich 95 % der Patienten, die sich f\u00fcr eine LDR-B-Behandlung entscheiden, nachweislich \u00fcber 15 Jahre lang krankheitsfrei sind.<\/p>\n\n\n\n<p>In den seltenen F\u00e4llen, in denen ein Rezidiv auftritt, ist die Operation weiterhin eine M\u00f6glichkeit. Robotergest\u00fctzte Salvage-Prostatektomie ist anscheinend eine zuverl\u00e4ssige Behandlung mit guten onkologischen Ergebnissen und akzeptablen Kontinenzraten. Sie sollten jedoch auch andere Behandlungsoptionen in Betracht ziehen, wie z. B. ein Top-Up-LDR-B-Implantat, eine HDR-Brachytherapie und eine Hormonbehandlung - bei der die Patienten ein minimalinvasives Behandlungsregime beibehalten k\u00f6nnen, um eine wiederkehrende Erkrankung erfolgreich zu behandeln.<\/p>\n<\/div><\/div><\/div>\n\n\n\n<div id=\"conclusion\" class=\"wp-block-cgb-block-ll-content-block ll-row ll-row--med\"><div class=\"ll-content\"><div class=\"ll-content__inner\">\n<div class=\"wp-block-cgb-block-ll-innerblock-heading\"><div class=\"ll-headings\"><h3 class=\"ll-heading\" style=\"color:#03843e\"><strong><strong><strong>Fazit<\/strong><\/strong><\/strong><\/h3><\/div><\/div>\n\n\n\n<p>Im Endeffekt gibt es zahlreiche M\u00f6glichkeiten der Erstbehandlung und Salvage-Therapie f\u00fcr Patienten, die an Prostatakrebs leiden, wobei eine fundierte Entscheidung der Schl\u00fcssel ist. Die radikale Prostatektomie ist nicht die einzige endg\u00fcltige und heilkr\u00e4ftige Option. Stattdessen sollten Patienten eine genaue, sachkundige Diskussion \u00fcber die Vor- und Nachteile jeder Behandlung suchen, vom Eingriff bis hin zu den kurz- und langfristigen Ergebnissen.<\/p>\n\n\n\n<p>Nur wenn man umfassend informiert ist, kann die f\u00fcr den Einzelnen am besten geeignete Behandlungsoption ermittelt werden.<\/p>\n<\/div><\/div><\/div>","protected":false},"excerpt":{"rendered":"","protected":false},"author":1,"featured_media":0,"parent":242,"menu_order":0,"comment_status":"closed","ping_status":"closed","template":"template-content-sidebar.php","meta":{"_acf_changed":false,"_monsterinsights_skip_tracking":false,"_monsterinsights_sitenote_active":false,"_monsterinsights_sitenote_note":"","_monsterinsights_sitenote_category":0,"footnotes":""},"class_list":["post-362","page","type-page","status-publish","hentry"],"acf":[],"yoast_head":"<!-- This site is optimized with the Yoast SEO plugin v27.5 - https:\/\/yoast.com\/product\/yoast-seo-wordpress\/ -->\n<title>Salvage treatment \u2013 dispelling the myths - BXTA<\/title>\n<meta name=\"robots\" content=\"index, follow, max-snippet:-1, max-image-preview:large, max-video-preview:-1\" \/>\n<link rel=\"canonical\" href=\"https:\/\/bxta.com\/de\/patient-information\/salvage-treatment-dispelling-the-myths\/\" \/>\n<meta property=\"og:locale\" content=\"de_DE\" \/>\n<meta property=\"og:type\" content=\"article\" \/>\n<meta property=\"og:title\" content=\"Salvage treatment \u2013 dispelling the myths - BXTA\" \/>\n<meta property=\"og:url\" content=\"https:\/\/bxta.com\/de\/patient-information\/salvage-treatment-dispelling-the-myths\/\" \/>\n<meta property=\"og:site_name\" content=\"BXTA\" \/>\n<meta property=\"article:publisher\" content=\"https:\/\/www.facebook.com\/bxtainternational\/\" \/>\n<meta property=\"article:modified_time\" content=\"2020-09-07T13:05:23+00:00\" \/>\n<meta property=\"og:image\" content=\"https:\/\/bxt-accelyon.com\/wp-content\/uploads\/2020\/08\/shutterstock_700881286-2-1040x694.jpg\" \/>\n<meta name=\"twitter:card\" content=\"summary_large_image\" \/>\n<meta name=\"twitter:site\" content=\"@BXTA_\" \/>\n<meta name=\"twitter:label1\" content=\"Gesch\u00e4tzte Lesezeit\" \/>\n\t<meta name=\"twitter:data1\" content=\"5\u00a0Minuten\" \/>\n<script type=\"application\/ld+json\" class=\"yoast-schema-graph\">{\"@context\":\"https:\\\/\\\/schema.org\",\"@graph\":[{\"@type\":\"WebPage\",\"@id\":\"https:\\\/\\\/bxta.com\\\/patient-information\\\/salvage-treatment-dispelling-the-myths\\\/\",\"url\":\"https:\\\/\\\/bxta.com\\\/patient-information\\\/salvage-treatment-dispelling-the-myths\\\/\",\"name\":\"Salvage treatment \u2013 dispelling the myths - BXTA\",\"isPartOf\":{\"@id\":\"https:\\\/\\\/bxta.com\\\/uk\\\/#website\"},\"primaryImageOfPage\":{\"@id\":\"https:\\\/\\\/bxta.com\\\/patient-information\\\/salvage-treatment-dispelling-the-myths\\\/#primaryimage\"},\"image\":{\"@id\":\"https:\\\/\\\/bxta.com\\\/patient-information\\\/salvage-treatment-dispelling-the-myths\\\/#primaryimage\"},\"thumbnailUrl\":\"https:\\\/\\\/bxt-accelyon.com\\\/wp-content\\\/uploads\\\/2020\\\/08\\\/shutterstock_700881286-2-1040x694.jpg\",\"datePublished\":\"2020-03-29T22:37:54+00:00\",\"dateModified\":\"2020-09-07T13:05:23+00:00\",\"breadcrumb\":{\"@id\":\"https:\\\/\\\/bxta.com\\\/patient-information\\\/salvage-treatment-dispelling-the-myths\\\/#breadcrumb\"},\"inLanguage\":\"de\",\"potentialAction\":[{\"@type\":\"ReadAction\",\"target\":[\"https:\\\/\\\/bxta.com\\\/patient-information\\\/salvage-treatment-dispelling-the-myths\\\/\"]}]},{\"@type\":\"ImageObject\",\"inLanguage\":\"de\",\"@id\":\"https:\\\/\\\/bxta.com\\\/patient-information\\\/salvage-treatment-dispelling-the-myths\\\/#primaryimage\",\"url\":\"https:\\\/\\\/bxt-accelyon.com\\\/wp-content\\\/uploads\\\/2020\\\/08\\\/shutterstock_700881286-2-1040x694.jpg\",\"contentUrl\":\"https:\\\/\\\/bxt-accelyon.com\\\/wp-content\\\/uploads\\\/2020\\\/08\\\/shutterstock_700881286-2-1040x694.jpg\"},{\"@type\":\"BreadcrumbList\",\"@id\":\"https:\\\/\\\/bxta.com\\\/patient-information\\\/salvage-treatment-dispelling-the-myths\\\/#breadcrumb\",\"itemListElement\":[{\"@type\":\"ListItem\",\"position\":1,\"name\":\"Home\",\"item\":\"https:\\\/\\\/bxta.com\\\/\"},{\"@type\":\"ListItem\",\"position\":2,\"name\":\"Patient Information\",\"item\":\"https:\\\/\\\/bxta.com\\\/patient-information\\\/\"},{\"@type\":\"ListItem\",\"position\":3,\"name\":\"Salvage treatment \u2013 dispelling the myths\"}]},{\"@type\":\"WebSite\",\"@id\":\"https:\\\/\\\/bxta.com\\\/uk\\\/#website\",\"url\":\"https:\\\/\\\/bxta.com\\\/uk\\\/\",\"name\":\"BXTA\",\"description\":\"Let\u2019s tackle Prostate Cancer together | BXTA\",\"publisher\":{\"@id\":\"https:\\\/\\\/bxta.com\\\/uk\\\/#organization\"},\"potentialAction\":[{\"@type\":\"SearchAction\",\"target\":{\"@type\":\"EntryPoint\",\"urlTemplate\":\"https:\\\/\\\/bxta.com\\\/uk\\\/?s={search_term_string}\"},\"query-input\":{\"@type\":\"PropertyValueSpecification\",\"valueRequired\":true,\"valueName\":\"search_term_string\"}}],\"inLanguage\":\"de\"},{\"@type\":\"Organization\",\"@id\":\"https:\\\/\\\/bxta.com\\\/uk\\\/#organization\",\"name\":\"BXTA\",\"url\":\"https:\\\/\\\/bxta.com\\\/uk\\\/\",\"logo\":{\"@type\":\"ImageObject\",\"inLanguage\":\"de\",\"@id\":\"https:\\\/\\\/bxta.com\\\/uk\\\/#\\\/schema\\\/logo\\\/image\\\/\",\"url\":\"https:\\\/\\\/bxta-staging.s3.eu-west-2.amazonaws.com\\\/app\\\/uploads\\\/2021\\\/09\\\/07212056\\\/BXTA-Logo.png\",\"contentUrl\":\"https:\\\/\\\/bxta-staging.s3.eu-west-2.amazonaws.com\\\/app\\\/uploads\\\/2021\\\/09\\\/07212056\\\/BXTA-Logo.png\",\"width\":600,\"height\":373,\"caption\":\"BXTA\"},\"image\":{\"@id\":\"https:\\\/\\\/bxta.com\\\/uk\\\/#\\\/schema\\\/logo\\\/image\\\/\"},\"sameAs\":[\"https:\\\/\\\/www.facebook.com\\\/bxtainternational\\\/\",\"https:\\\/\\\/x.com\\\/BXTA_\",\"https:\\\/\\\/www.linkedin.com\\\/company\\\/bxtaccelyon\",\"https:\\\/\\\/www.youtube.com\\\/channel\\\/UCkTU9L10CS5c1eWtGiMZ7gw\"]}]}<\/script>\n<!-- \/ Yoast SEO plugin. -->","yoast_head_json":{"title":"Salvage treatment \u2013 dispelling the myths - BXTA","robots":{"index":"index","follow":"follow","max-snippet":"max-snippet:-1","max-image-preview":"max-image-preview:large","max-video-preview":"max-video-preview:-1"},"canonical":"https:\/\/bxta.com\/de\/patient-information\/salvage-treatment-dispelling-the-myths\/","og_locale":"de_DE","og_type":"article","og_title":"Salvage treatment \u2013 dispelling the myths - BXTA","og_url":"https:\/\/bxta.com\/de\/patient-information\/salvage-treatment-dispelling-the-myths\/","og_site_name":"BXTA","article_publisher":"https:\/\/www.facebook.com\/bxtainternational\/","article_modified_time":"2020-09-07T13:05:23+00:00","og_image":[{"url":"https:\/\/bxt-accelyon.com\/wp-content\/uploads\/2020\/08\/shutterstock_700881286-2-1040x694.jpg","type":"","width":"","height":""}],"twitter_card":"summary_large_image","twitter_site":"@BXTA_","twitter_misc":{"Gesch\u00e4tzte Lesezeit":"5\u00a0Minuten"},"schema":{"@context":"https:\/\/schema.org","@graph":[{"@type":"WebPage","@id":"https:\/\/bxta.com\/patient-information\/salvage-treatment-dispelling-the-myths\/","url":"https:\/\/bxta.com\/patient-information\/salvage-treatment-dispelling-the-myths\/","name":"Salvage treatment \u2013 dispelling the myths - BXTA","isPartOf":{"@id":"https:\/\/bxta.com\/uk\/#website"},"primaryImageOfPage":{"@id":"https:\/\/bxta.com\/patient-information\/salvage-treatment-dispelling-the-myths\/#primaryimage"},"image":{"@id":"https:\/\/bxta.com\/patient-information\/salvage-treatment-dispelling-the-myths\/#primaryimage"},"thumbnailUrl":"https:\/\/bxt-accelyon.com\/wp-content\/uploads\/2020\/08\/shutterstock_700881286-2-1040x694.jpg","datePublished":"2020-03-29T22:37:54+00:00","dateModified":"2020-09-07T13:05:23+00:00","breadcrumb":{"@id":"https:\/\/bxta.com\/patient-information\/salvage-treatment-dispelling-the-myths\/#breadcrumb"},"inLanguage":"de","potentialAction":[{"@type":"ReadAction","target":["https:\/\/bxta.com\/patient-information\/salvage-treatment-dispelling-the-myths\/"]}]},{"@type":"ImageObject","inLanguage":"de","@id":"https:\/\/bxta.com\/patient-information\/salvage-treatment-dispelling-the-myths\/#primaryimage","url":"https:\/\/bxt-accelyon.com\/wp-content\/uploads\/2020\/08\/shutterstock_700881286-2-1040x694.jpg","contentUrl":"https:\/\/bxt-accelyon.com\/wp-content\/uploads\/2020\/08\/shutterstock_700881286-2-1040x694.jpg"},{"@type":"BreadcrumbList","@id":"https:\/\/bxta.com\/patient-information\/salvage-treatment-dispelling-the-myths\/#breadcrumb","itemListElement":[{"@type":"ListItem","position":1,"name":"Home","item":"https:\/\/bxta.com\/"},{"@type":"ListItem","position":2,"name":"Patient Information","item":"https:\/\/bxta.com\/patient-information\/"},{"@type":"ListItem","position":3,"name":"Salvage treatment \u2013 dispelling the myths"}]},{"@type":"WebSite","@id":"https:\/\/bxta.com\/uk\/#website","url":"https:\/\/bxta.com\/uk\/","name":"BXTA","description":"Let\u2019s tackle Prostate Cancer together | BXTA","publisher":{"@id":"https:\/\/bxta.com\/uk\/#organization"},"potentialAction":[{"@type":"SearchAction","target":{"@type":"EntryPoint","urlTemplate":"https:\/\/bxta.com\/uk\/?s={search_term_string}"},"query-input":{"@type":"PropertyValueSpecification","valueRequired":true,"valueName":"search_term_string"}}],"inLanguage":"de"},{"@type":"Organization","@id":"https:\/\/bxta.com\/uk\/#organization","name":"BXTA","url":"https:\/\/bxta.com\/uk\/","logo":{"@type":"ImageObject","inLanguage":"de","@id":"https:\/\/bxta.com\/uk\/#\/schema\/logo\/image\/","url":"https:\/\/bxta-staging.s3.eu-west-2.amazonaws.com\/app\/uploads\/2021\/09\/07212056\/BXTA-Logo.png","contentUrl":"https:\/\/bxta-staging.s3.eu-west-2.amazonaws.com\/app\/uploads\/2021\/09\/07212056\/BXTA-Logo.png","width":600,"height":373,"caption":"BXTA"},"image":{"@id":"https:\/\/bxta.com\/uk\/#\/schema\/logo\/image\/"},"sameAs":["https:\/\/www.facebook.com\/bxtainternational\/","https:\/\/x.com\/BXTA_","https:\/\/www.linkedin.com\/company\/bxtaccelyon","https:\/\/www.youtube.com\/channel\/UCkTU9L10CS5c1eWtGiMZ7gw"]}]}},"_links":{"self":[{"href":"https:\/\/bxta.com\/de\/wp-json\/wp\/v2\/pages\/362","targetHints":{"allow":["GET"]}}],"collection":[{"href":"https:\/\/bxta.com\/de\/wp-json\/wp\/v2\/pages"}],"about":[{"href":"https:\/\/bxta.com\/de\/wp-json\/wp\/v2\/types\/page"}],"author":[{"embeddable":true,"href":"https:\/\/bxta.com\/de\/wp-json\/wp\/v2\/users\/1"}],"replies":[{"embeddable":true,"href":"https:\/\/bxta.com\/de\/wp-json\/wp\/v2\/comments?post=362"}],"version-history":[{"count":32,"href":"https:\/\/bxta.com\/de\/wp-json\/wp\/v2\/pages\/362\/revisions"}],"predecessor-version":[{"id":1900,"href":"https:\/\/bxta.com\/de\/wp-json\/wp\/v2\/pages\/362\/revisions\/1900"}],"up":[{"embeddable":true,"href":"https:\/\/bxta.com\/de\/wp-json\/wp\/v2\/pages\/242"}],"wp:attachment":[{"href":"https:\/\/bxta.com\/de\/wp-json\/wp\/v2\/media?parent=362"}],"curies":[{"name":"wp","href":"https:\/\/api.w.org\/{rel}","templated":true}]}}