{"id":351,"date":"2020-03-29T22:36:29","date_gmt":"2020-03-29T22:36:29","guid":{"rendered":"http:\/\/bxta-staging.website\/?page_id=351"},"modified":"2020-06-20T10:51:31","modified_gmt":"2020-06-20T10:51:31","slug":"how-does-brachytherapy-compare","status":"publish","type":"page","link":"https:\/\/bxta.com\/de\/patient-information\/how-does-brachytherapy-compare\/","title":{"rendered":"How does Brachytherapy compare?"},"content":{"rendered":"<div id=\"\" class=\"wp-block-cgb-block-ll-content-block ll-row ll-row--med\"><div class=\"ll-content\"><div class=\"ll-content__inner\">\n<div class=\"wp-block-cgb-block-ll-innerblock-heading\"><div class=\"ll-headings\"><h3 class=\"ll-heading ll-heading--med\" style=\"color:#03843e\">Wie schneidet die Brachytherapie im Vergleich ab?<\/h3><\/div><\/div>\n\n\n\n<p>Die LDR-Brachytherapie (Seed-Implantation) ist eine von drei radikalen* Behandlungsarten f\u00fcr M\u00e4nner mit lokalisiertem Prostatakrebs mit niedrigem oder intermedi\u00e4rem Risiko. Die anderen Behandlungsm\u00f6glichkeiten sind eine Operation (radikale Prostatektomie \u2013 vollst\u00e4ndige Entfernung der Prostata) oder eine externe Strahlentherapie.<\/p>\n\n\n\n<p>Der Krankenhausaufenthalt ist bei der LDR-Brachytherapie k\u00fcrzer, oft nur ein oder zwei Tage anstelle vieler Wiederholungsbesuche und\/oder Aufenthalte, und die Genesung geht rasch vonstatten.<\/p>\n\n\n\n<p>Die LDR-Brachytherapie ist mit weniger Komplikationen verbunden als die anderen radikalen* Behandlungen; insgesamt sind die Nebenwirkungen nicht so schwerwiegend und die betroffenen M\u00e4nner k\u00f6nnen eher zu ihren gewohnten t\u00e4glichen Aktivit\u00e4ten zur\u00fcckkehren.<\/p>\n\n\n\n<p>* Radikal bedeutet Behandlungen, die darauf ausgerichtet sind, die Krebszellen zu entfernen oder abzut\u00f6ten<\/p>\n\n\n\n<p>Ein lokalisierter Prostatakrebs kann auf verschiedene Weise behandelt werden. Ihr Arzt wird mit Ihnen die geeigneten Optionen besprechen, basierend auf dem Stadium Ihrer Krebserkrankung, Ihrem Alter, den m\u00f6glichen Nebenwirkungen, der Frage, ob sich Ihre Krankheit m\u00f6glicherweise im Laufe der Zeit weiterentwickelt, und nat\u00fcrlich Ihren pers\u00f6nlichen Pr\u00e4ferenzen. Wahrscheinlich werden bei Ihnen vor und nach der Diagnosestellung eine Reihe verschiedener Tests durchgef\u00fchrt. Diese Tests dienen u. a. dazu, den Behandlungserfolg zu \u00fcberwachen. Nachdem die Ergebnisse Ihrer Tests vorliegen, stehen Ihnen in der Regel mehrere Optionen zur Verf\u00fcgung. Wenn Ihre Erkrankung leicht bis mittelschwer, aber noch lokalisiert (d. h. nur innerhalb der Prostata) ist, k\u00f6nnen Ihnen eine oder mehrere der unten er\u00f6rterten Therapien angeboten werden.<\/p>\n\n\n\n<p>Im Februar 2008 gab die Regierung \u00fcber das National Institute of Health and Clinical Excellence (NICE) eine Leitlinie f\u00fcr \u00c4rzte heraus, wie Prostatakrebs am besten zu behandeln ist<a rel=\"noreferrer noopener\" href=\"http:\/\/www.nice.org.uk\/guidance?action=byID&amp;o=11924\" target=\"_blank\">(siehe NICE-Richtlinie CG 58)<\/a>. F\u00fcr M\u00e4nner mit lokalisiertem Prostatakrebs (Krebs, der sich nicht au\u00dferhalb der Prostatadr\u00fcse ausgebreitet hat) sind f\u00fcnf Optionen aufgelistet.<\/p>\n\n\n\n<p>Beobachten und Abwarten: Da Prostatakrebs in der Regel langsam w\u00e4chst und in den fr\u00fchen Stadien m\u00f6glicherweise keine Probleme verursacht, k\u00f6nnte Ihr Arzt vorschlagen, dass Sie abwarten, ob Ver\u00e4nderungen eintreten (Ihr Arzt wird Sie weiterhin im Auge behalten).<\/p>\n\n\n\n<p>Aktive \u00dcberwachung: Das bedeutet, dass Sie keine Behandlung gegen den Krebs erhalten, aber unter genauer Beobachtung und st\u00e4ndiger \u00dcberwachung durch Ihren Facharzt stehen werden. Wenn es Anzeichen f\u00fcr ein Fortschreiten der Erkrankung gibt, wird eine radikale* Behandlung \u2013 entweder Prostatektomie, Brachytherapie oder Strahlentherapie (siehe unten) \u2013 mit Ihnen besprochen.<\/p>\n\n\n\n<p>Die radikalen Behandlungen sind einander \u00e4hnlich in Bezug auf das langfristige krankheitsfreie \u00dcberleben, aber es gibt Unterschiede hinsichtlich der Auswirkungen auf die Lebensqualit\u00e4t eines Mannes.<\/p>\n<\/div><\/div><\/div>\n\n\n\n<div id=\"Radical-Prostatectomy\" class=\"wp-block-cgb-block-ll-content-block ll-row ll-row--med\"><div class=\"ll-content\"><div class=\"ll-content__inner\">\n<div class=\"wp-block-cgb-block-ll-innerblock-heading\"><div class=\"ll-headings\"><h3 class=\"ll-heading ll-heading--med\" style=\"color:#03843e\">Radikale Prostatektomie<\/h3><\/div><\/div>\n\n\n\n<p><strong>Was ist das?<\/strong><\/p>\n\n\n\n<p>Die radikale Prostatektomie ist ein chirurgischer Eingriff, bei dem die gesamte Prostata entfernt wird. Es handelt sich um eine komplexe und umfangreiche Operation.<\/p>\n\n\n\n<p><strong>Wie lange dauert es? <\/strong><\/p>\n\n\n\n<p>Der Patient bleibt in der Regel 3-7 Tage im Krankenhaus und wird voraussichtlich mit einem Harnkatheter (Schlauch), durch den der Urin geleitet wird, nach Hause entlassen. Es kann notwendig sein, bis zu 6 Wochen der Arbeit fernzubleiben, und das F\u00fchren eines Kraftfahrzeugs ist in der Regel 4 Wochen lang nicht m\u00f6glich.<\/p>\n\n\n\n<p><strong>Vorteile:&nbsp;&nbsp;&nbsp;<\/strong><\/p>\n\n\n\n<ul class=\"wp-block-list\"><li>Operation \u2013 in der Regel ein einmaliger Eingriff&nbsp;&nbsp;&nbsp;<\/li><li>Wissen, dass der Tumor entfernt wurde<\/li><\/ul>\n\n\n\n<p><strong>Nachteile:<\/strong><\/p>\n\n\n\n<ul class=\"wp-block-list\"><li>Es handelt sich um einen gr\u00f6\u00dferen Eingriff und die Patienten m\u00fcssen bis zu 1 Woche im Krankenhaus bleiben.<\/li><li>Es ist nicht gut vertr\u00e4glich bei \u00e4lteren M\u00e4nnern oder bei M\u00e4nnern, die nicht in einem guten Gesundheitszustand sind.<\/li><li>Zu den Nebenwirkungen der Operation geh\u00f6ren Impotenz (Unf\u00e4higkeit, eine Erektion zu haben) bei einem hohen Prozentsatz der Patienten und Inkontinenz (Verlust der Harnkontrolle) bei einer kleinen Anzahl von M\u00e4nnern.<\/li><\/ul>\n<\/div><\/div><\/div>\n\n\n\n<div id=\"ebrt\" class=\"wp-block-cgb-block-ll-content-block ll-row ll-row--med\"><div class=\"ll-content\"><div class=\"ll-content__inner\">\n<div class=\"wp-block-cgb-block-ll-innerblock-heading\"><div class=\"ll-headings\"><h3 class=\"ll-heading ll-heading--med\" style=\"color:#03843e\">Externe Strahlentherapie (EBRT)<\/h3><\/div><\/div>\n\n\n\n<p><strong>Was ist das?<\/strong><br>Bei der EBRT werden Strahlen durch den K\u00f6rper geleitet, die gezielt auf die Prostata gerichtet sind, \u00e4hnlich wie bei einer R\u00f6ntgenaufnahme. Sie dient zur Behandlung von lokal begrenzten Erkrankungen und auch zur Verlangsamung der Progression von fortgeschrittenen Krebserkrankungen.<\/p>\n\n\n\n<p><strong>Wie lange dauert es? <\/strong><br>Die Behandlung wird ambulant durchgef\u00fchrt, wobei die Patienten 5 Tage pro Woche f\u00fcr 4-7 Wochen in ihr \u00f6rtliches Krebszentrum kommen. Bei jedem Besuch erh\u00e4lt der Patient einen kleinen Teil der Strahlendosis, bis der Therapieverlauf abgeschlossen ist.<\/p>\n\n\n\n<p><strong>Vorteile:&nbsp;&nbsp;&nbsp;<\/strong><\/p>\n\n\n\n<ul class=\"wp-block-list\"><li>Ist bei \u00e4lteren M\u00e4nnern einigerma\u00dfen gut vertr\u00e4glich.<\/li><li>Man braucht nicht \u00fcber Nacht im Krankenhaus zu bleiben.<\/li><li>Im Vergleich zur radikalen Prostatektomie ist das Risiko einer Impotenz geringer und die Inzidenz von Inkontinenz ist gering. <\/li><\/ul>\n\n\n\n<p><strong>Nachteile:<\/strong><\/p>\n\n\n\n<ul class=\"wp-block-list\"><li>H\u00e4ufiges Aufsuchen des Krankenhauses \u00fcber mehrere Wochen hinweg. Dies kann zu einer erheblichen St\u00f6rung Ihrer normalen Routine bei der Arbeit und zu Hause f\u00fchren.<\/li><li>Die Wahrscheinlichkeit einer Impotenz ist erh\u00f6ht.<\/li><li>Es kann zu einer Vielzahl von Nebenwirkungen und Komplikationen aufgrund von Strahlensch\u00e4den am gesunden Gewebe kommen (z. B. M\u00fcdigkeit, h\u00e4ufiges und schmerzhaftes Wasserlassen, Durchfall und rektale Reizungen oder Blutungen).<\/li><\/ul>\n<\/div><\/div><\/div>\n\n\n\n<div id=\"ldr\" class=\"wp-block-cgb-block-ll-content-block ll-row ll-row--med\"><div class=\"ll-content\"><div class=\"ll-content__inner\">\n<div class=\"wp-block-cgb-block-ll-innerblock-heading\"><div class=\"ll-headings\"><h3 class=\"ll-heading ll-heading--med\" style=\"color:#03843e\">LDR-Brachytherapie<\/h3><\/div><\/div>\n\n\n\n<p>Die LDR-Brachytherapie (Seed-Implantation) \u2013 in anderen Abschnitten dieser Website ausf\u00fchrlich beschrieben \u2013 erfordert keinen gr\u00f6\u00dferen chirurgischen Eingriff.<\/p>\n\n\n\n<p><strong>Was ist das?<\/strong><br>Kleine radioaktive Seeds, jeweils in der Gr\u00f6\u00dfe eines Reiskorns, werden durch feine Nadeln in die Prostata eingebracht. Die Seeds geben bis zu 1 Jahr lang eine geringe Strahlung ab, welche die Krebszellen abt\u00f6tet.<\/p>\n\n\n\n<p><strong>Wie lange dauert es? <\/strong><br>Ein Krankenhausbesuch zur Behandlungsplanung und ein Krankenhausbesuch zum Einsetzen der Seeds. Zunehmend werden jedoch beide Vorg\u00e4nge in einer Sitzung durchgef\u00fchrt, was dann eine \u00dcbernachtung nach sich ziehen kann. In den ersten Tagen danach sollten Sie keine anstrengenden T\u00e4tigkeiten aus\u00fcben und keine schweren Lasten heben, aber danach k\u00f6nnen Sie wahrscheinlich wie gewohnt weitermachen.<\/p>\n\n\n\n<p><strong>Vorteile:&nbsp;&nbsp;&nbsp;<\/strong><\/p>\n\n\n\n<ul class=\"wp-block-list\"><li>Die Seeds k\u00f6nnen in der Prostata mit hoher Pr\u00e4zision positioniert werden.<\/li><li>Jedes Seed wirkt nur auf eine kleine Fl\u00e4che, und es gelangt relativ wenig Strahlung zu den nahe gelegenen Organen. Dazu geh\u00f6ren der Enddarm, der direkt hinter der Prostata liegt, und die Blase, die \u00fcber der Dr\u00fcse liegt. Daher erzeugt diese Art der Therapie voraussichtlich weniger schwerwiegende Nebenwirkungen beim Wasserlassen oder Stuhlgang als andere Behandlungsformen.<\/li><li>Rascher Genesungsprozess, und die meisten M\u00e4nner kehren innerhalb weniger Tage zur Arbeit und zu t\u00e4glichen Aktivit\u00e4ten zur\u00fcck.<\/li><\/ul>\n\n\n\n<p><strong>Nachteile:<\/strong><\/p>\n\n\n\n<ul class=\"wp-block-list\"><li>Gegebenenfalls sind zwei Vollnarkosen erforderlich.<\/li><li>In den ersten 6 Monaten k\u00f6nnen Schwierigkeiten beim Wasserlassen auftreten.<\/li><\/ul>\n<\/div><\/div><\/div>\n\n\n\n<div id=\"\" class=\"wp-block-cgb-block-ll-content-block ll-row default\"><div class=\"ll-content\"><div class=\"ll-content__inner\">\n<p>Die LDR-Brachytherapie erfolgt in der Regel als alleinige Behandlung, kann aber unter bestimmten Umst\u00e4nden auch mit einer externen Strahlentherapie (EBRT) verbunden werden oder nach einer Hormontherapie, die manchmal zur Verkleinerung der Prostata eingesetzt wird, Anwendung finden.<\/p>\n\n\n\n<div style=\"height:30px\" aria-hidden=\"true\" class=\"wp-block-spacer\"><\/div>\n\n\n\n<p><strong>Quellenangaben:<\/strong><\/p>\n\n\n\n<ul class=\"ll-text-sm wp-block-list\"><li><em>Buron C, Le Vu B, Jean-Cosset J-M et al. Brachytherapy versus Prostatectomy In Localized Prostate Cancer: Results of a French Multicenter Prospective Medico-Economic Study. Int. J. Radiation Oncology Biol. Phys. 2007, Vol. 67, No. 3, Pp. 812-822<\/em><\/li><li><em>Frank SJ, Pisters LL, Davis J et al. An Assessment of Quality of Life Following Radical Prostatectomy, High Dose External Beam Radiation Therapy and Brachytherapy Iodine Implantation as Monotherapies for Localized Prostate Cancer. J Urol 2007. Vol. 177, 2151-2156<\/em><\/li><li><em>Langley SEM, Laing R. Prostate brachytherapy has come of age: a review of the technique and results BJU International 2002;89:241-249<\/em><\/li><\/ul>\n\n\n\n<div class=\"wp-block-cgb-block-ll-innerblock-text-padded\"><div class=\"ll-text-padded\"><p>  <\/p><\/div><\/div>\n<\/div><\/div><\/div>","protected":false},"excerpt":{"rendered":"","protected":false},"author":1,"featured_media":0,"parent":242,"menu_order":0,"comment_status":"closed","ping_status":"closed","template":"template-content-sidebar.php","meta":{"_acf_changed":false,"_monsterinsights_skip_tracking":false,"_monsterinsights_sitenote_active":false,"_monsterinsights_sitenote_note":"","_monsterinsights_sitenote_category":0,"footnotes":""},"class_list":["post-351","page","type-page","status-publish","hentry"],"acf":[],"yoast_head":"<!-- This site is optimized with the Yoast SEO plugin v27.4 - https:\/\/yoast.com\/product\/yoast-seo-wordpress\/ -->\n<title>How does Brachytherapy compare? - BXTA<\/title>\n<meta name=\"robots\" content=\"index, follow, max-snippet:-1, max-image-preview:large, max-video-preview:-1\" \/>\n<link rel=\"canonical\" href=\"https:\/\/bxta.com\/de\/patient-information\/how-does-brachytherapy-compare\/\" \/>\n<meta property=\"og:locale\" content=\"de_DE\" \/>\n<meta property=\"og:type\" content=\"article\" \/>\n<meta property=\"og:title\" content=\"How does Brachytherapy compare? - BXTA\" \/>\n<meta property=\"og:url\" content=\"https:\/\/bxta.com\/de\/patient-information\/how-does-brachytherapy-compare\/\" \/>\n<meta property=\"og:site_name\" content=\"BXTA\" \/>\n<meta property=\"article:publisher\" content=\"https:\/\/www.facebook.com\/bxtainternational\/\" \/>\n<meta property=\"article:modified_time\" content=\"2020-06-20T10:51:31+00:00\" \/>\n<meta property=\"og:image\" content=\"https:\/\/bxta.com\/wp-content\/uploads\/2021\/05\/BXTA-2-scaled.jpg\" \/>\n\t<meta property=\"og:image:width\" content=\"1480\" \/>\n\t<meta property=\"og:image:height\" content=\"1046\" \/>\n\t<meta property=\"og:image:type\" content=\"image\/jpeg\" \/>\n<meta name=\"twitter:card\" content=\"summary_large_image\" \/>\n<meta name=\"twitter:site\" content=\"@BXTA_\" \/>\n<meta name=\"twitter:label1\" content=\"Gesch\u00e4tzte Lesezeit\" \/>\n\t<meta name=\"twitter:data1\" content=\"6\u00a0Minuten\" \/>\n<script type=\"application\/ld+json\" class=\"yoast-schema-graph\">{\"@context\":\"https:\\\/\\\/schema.org\",\"@graph\":[{\"@type\":\"WebPage\",\"@id\":\"https:\\\/\\\/bxta.com\\\/patient-information\\\/how-does-brachytherapy-compare\\\/\",\"url\":\"https:\\\/\\\/bxta.com\\\/patient-information\\\/how-does-brachytherapy-compare\\\/\",\"name\":\"How does Brachytherapy compare? - BXTA\",\"isPartOf\":{\"@id\":\"https:\\\/\\\/bxta.com\\\/uk\\\/#website\"},\"datePublished\":\"2020-03-29T22:36:29+00:00\",\"dateModified\":\"2020-06-20T10:51:31+00:00\",\"breadcrumb\":{\"@id\":\"https:\\\/\\\/bxta.com\\\/patient-information\\\/how-does-brachytherapy-compare\\\/#breadcrumb\"},\"inLanguage\":\"de\",\"potentialAction\":[{\"@type\":\"ReadAction\",\"target\":[\"https:\\\/\\\/bxta.com\\\/patient-information\\\/how-does-brachytherapy-compare\\\/\"]}]},{\"@type\":\"BreadcrumbList\",\"@id\":\"https:\\\/\\\/bxta.com\\\/patient-information\\\/how-does-brachytherapy-compare\\\/#breadcrumb\",\"itemListElement\":[{\"@type\":\"ListItem\",\"position\":1,\"name\":\"Home\",\"item\":\"https:\\\/\\\/bxta.com\\\/\"},{\"@type\":\"ListItem\",\"position\":2,\"name\":\"Patient Information\",\"item\":\"https:\\\/\\\/bxta.com\\\/patient-information\\\/\"},{\"@type\":\"ListItem\",\"position\":3,\"name\":\"How does Brachytherapy compare?\"}]},{\"@type\":\"WebSite\",\"@id\":\"https:\\\/\\\/bxta.com\\\/uk\\\/#website\",\"url\":\"https:\\\/\\\/bxta.com\\\/uk\\\/\",\"name\":\"BXTA\",\"description\":\"Let\u2019s tackle Prostate Cancer together | BXTA\",\"publisher\":{\"@id\":\"https:\\\/\\\/bxta.com\\\/uk\\\/#organization\"},\"potentialAction\":[{\"@type\":\"SearchAction\",\"target\":{\"@type\":\"EntryPoint\",\"urlTemplate\":\"https:\\\/\\\/bxta.com\\\/uk\\\/?s={search_term_string}\"},\"query-input\":{\"@type\":\"PropertyValueSpecification\",\"valueRequired\":true,\"valueName\":\"search_term_string\"}}],\"inLanguage\":\"de\"},{\"@type\":\"Organization\",\"@id\":\"https:\\\/\\\/bxta.com\\\/uk\\\/#organization\",\"name\":\"BXTA\",\"url\":\"https:\\\/\\\/bxta.com\\\/uk\\\/\",\"logo\":{\"@type\":\"ImageObject\",\"inLanguage\":\"de\",\"@id\":\"https:\\\/\\\/bxta.com\\\/uk\\\/#\\\/schema\\\/logo\\\/image\\\/\",\"url\":\"https:\\\/\\\/bxta-staging.s3.eu-west-2.amazonaws.com\\\/app\\\/uploads\\\/2021\\\/09\\\/07212056\\\/BXTA-Logo.png\",\"contentUrl\":\"https:\\\/\\\/bxta-staging.s3.eu-west-2.amazonaws.com\\\/app\\\/uploads\\\/2021\\\/09\\\/07212056\\\/BXTA-Logo.png\",\"width\":600,\"height\":373,\"caption\":\"BXTA\"},\"image\":{\"@id\":\"https:\\\/\\\/bxta.com\\\/uk\\\/#\\\/schema\\\/logo\\\/image\\\/\"},\"sameAs\":[\"https:\\\/\\\/www.facebook.com\\\/bxtainternational\\\/\",\"https:\\\/\\\/x.com\\\/BXTA_\",\"https:\\\/\\\/www.linkedin.com\\\/company\\\/bxtaccelyon\",\"https:\\\/\\\/www.youtube.com\\\/channel\\\/UCkTU9L10CS5c1eWtGiMZ7gw\"]}]}<\/script>\n<!-- \/ Yoast SEO plugin. -->","yoast_head_json":{"title":"How does Brachytherapy compare? - BXTA","robots":{"index":"index","follow":"follow","max-snippet":"max-snippet:-1","max-image-preview":"max-image-preview:large","max-video-preview":"max-video-preview:-1"},"canonical":"https:\/\/bxta.com\/de\/patient-information\/how-does-brachytherapy-compare\/","og_locale":"de_DE","og_type":"article","og_title":"How does Brachytherapy compare? - BXTA","og_url":"https:\/\/bxta.com\/de\/patient-information\/how-does-brachytherapy-compare\/","og_site_name":"BXTA","article_publisher":"https:\/\/www.facebook.com\/bxtainternational\/","article_modified_time":"2020-06-20T10:51:31+00:00","og_image":[{"width":1480,"height":1046,"url":"https:\/\/bxta.com\/wp-content\/uploads\/2021\/05\/BXTA-2-scaled.jpg","type":"image\/jpeg"}],"twitter_card":"summary_large_image","twitter_site":"@BXTA_","twitter_misc":{"Gesch\u00e4tzte Lesezeit":"6\u00a0Minuten"},"schema":{"@context":"https:\/\/schema.org","@graph":[{"@type":"WebPage","@id":"https:\/\/bxta.com\/patient-information\/how-does-brachytherapy-compare\/","url":"https:\/\/bxta.com\/patient-information\/how-does-brachytherapy-compare\/","name":"How does Brachytherapy compare? - BXTA","isPartOf":{"@id":"https:\/\/bxta.com\/uk\/#website"},"datePublished":"2020-03-29T22:36:29+00:00","dateModified":"2020-06-20T10:51:31+00:00","breadcrumb":{"@id":"https:\/\/bxta.com\/patient-information\/how-does-brachytherapy-compare\/#breadcrumb"},"inLanguage":"de","potentialAction":[{"@type":"ReadAction","target":["https:\/\/bxta.com\/patient-information\/how-does-brachytherapy-compare\/"]}]},{"@type":"BreadcrumbList","@id":"https:\/\/bxta.com\/patient-information\/how-does-brachytherapy-compare\/#breadcrumb","itemListElement":[{"@type":"ListItem","position":1,"name":"Home","item":"https:\/\/bxta.com\/"},{"@type":"ListItem","position":2,"name":"Patient Information","item":"https:\/\/bxta.com\/patient-information\/"},{"@type":"ListItem","position":3,"name":"How does Brachytherapy compare?"}]},{"@type":"WebSite","@id":"https:\/\/bxta.com\/uk\/#website","url":"https:\/\/bxta.com\/uk\/","name":"BXTA","description":"Let\u2019s tackle Prostate Cancer together | BXTA","publisher":{"@id":"https:\/\/bxta.com\/uk\/#organization"},"potentialAction":[{"@type":"SearchAction","target":{"@type":"EntryPoint","urlTemplate":"https:\/\/bxta.com\/uk\/?s={search_term_string}"},"query-input":{"@type":"PropertyValueSpecification","valueRequired":true,"valueName":"search_term_string"}}],"inLanguage":"de"},{"@type":"Organization","@id":"https:\/\/bxta.com\/uk\/#organization","name":"BXTA","url":"https:\/\/bxta.com\/uk\/","logo":{"@type":"ImageObject","inLanguage":"de","@id":"https:\/\/bxta.com\/uk\/#\/schema\/logo\/image\/","url":"https:\/\/bxta-staging.s3.eu-west-2.amazonaws.com\/app\/uploads\/2021\/09\/07212056\/BXTA-Logo.png","contentUrl":"https:\/\/bxta-staging.s3.eu-west-2.amazonaws.com\/app\/uploads\/2021\/09\/07212056\/BXTA-Logo.png","width":600,"height":373,"caption":"BXTA"},"image":{"@id":"https:\/\/bxta.com\/uk\/#\/schema\/logo\/image\/"},"sameAs":["https:\/\/www.facebook.com\/bxtainternational\/","https:\/\/x.com\/BXTA_","https:\/\/www.linkedin.com\/company\/bxtaccelyon","https:\/\/www.youtube.com\/channel\/UCkTU9L10CS5c1eWtGiMZ7gw"]}]}},"_links":{"self":[{"href":"https:\/\/bxta.com\/de\/wp-json\/wp\/v2\/pages\/351","targetHints":{"allow":["GET"]}}],"collection":[{"href":"https:\/\/bxta.com\/de\/wp-json\/wp\/v2\/pages"}],"about":[{"href":"https:\/\/bxta.com\/de\/wp-json\/wp\/v2\/types\/page"}],"author":[{"embeddable":true,"href":"https:\/\/bxta.com\/de\/wp-json\/wp\/v2\/users\/1"}],"replies":[{"embeddable":true,"href":"https:\/\/bxta.com\/de\/wp-json\/wp\/v2\/comments?post=351"}],"version-history":[{"count":10,"href":"https:\/\/bxta.com\/de\/wp-json\/wp\/v2\/pages\/351\/revisions"}],"predecessor-version":[{"id":801,"href":"https:\/\/bxta.com\/de\/wp-json\/wp\/v2\/pages\/351\/revisions\/801"}],"up":[{"embeddable":true,"href":"https:\/\/bxta.com\/de\/wp-json\/wp\/v2\/pages\/242"}],"wp:attachment":[{"href":"https:\/\/bxta.com\/de\/wp-json\/wp\/v2\/media?parent=351"}],"curies":[{"name":"wp","href":"https:\/\/api.w.org\/{rel}","templated":true}]}}