{"id":332,"date":"2020-03-29T22:30:11","date_gmt":"2020-03-29T22:30:11","guid":{"rendered":"http:\/\/bxta-staging.website\/?page_id=332"},"modified":"2021-08-06T12:25:14","modified_gmt":"2021-08-06T12:25:14","slug":"strands","status":"publish","type":"page","link":"https:\/\/bxta.com\/de\/healthcare-professionals\/strands\/","title":{"rendered":"Strands"},"content":{"rendered":"<div id=\"\" class=\"wp-block-cgb-block-ll-content-block ll-row ll-row--med\"><div class=\"ll-content\"><div class=\"ll-content__inner\">\n<div class=\"wp-block-cgb-block-ll-innerblock-heading\"><div class=\"ll-headings\"><h3 class=\"ll-heading ll-heading--lrg\" style=\"color:#03843e\">Strands<\/h3><\/div><\/div>\n\n\n\n<p><\/p>\n<\/div><\/div><\/div>\n\n\n\n<div id=\"TheraStrand\" class=\"wp-block-cgb-block-ll-content-block ll-row ll-row--med\"><div class=\"ll-content\"><div class=\"ll-content__inner\">\n<div class=\"wp-block-cgb-block-ll-innerblock-heading\"><div class=\"ll-headings\"><h3 class=\"ll-heading ll-heading--sml\" style=\"color:#03843e\">TheraStrand<\/h3><\/div><\/div>\n\n\n\n<p>Seedketten von BXTA verbinden bew\u00e4hrte Produkttechnologie mit innovativen praktischen Eigenschaften:<\/p>\n\n\n\n<ul class=\"wp-block-list\"><li>AgX100 Seed f\u00fcr Vertrauen in die klinische Leistung und genaue Bildgebung<\/li><li>Geflochtene Polyglactinkette zur sicheren Platzierung<\/li><li>Schneideblock mit leicht zu benutzender Abschirmung erleichtert die Vorbereitung und reduziert das Risiko einer Strahlenbelastung<\/li><li>Auswahl an 5-Seed- und 6-Seed-Kettenkonfigurationen, um den Anforderungen der Brachytherapie besser nachzukommen<\/li><\/ul>\n\n\n\n<p><\/p>\n<\/div><\/div><\/div>\n\n\n\n<div id=\"TheraSleeve\" class=\"wp-block-cgb-block-ll-content-block ll-row ll-row--med\"><div class=\"ll-content\"><div class=\"ll-content__inner\">\n<div class=\"wp-block-cgb-block-ll-innerblock-heading\"><div class=\"ll-headings\"><h3 class=\"ll-heading ll-heading--sml\" style=\"color:#03843e\">TheraSleeve<\/h3><\/div><\/div>\n\n\n\n<p>Seedketten von BXTA verbinden bew\u00e4hrte Produkttechnologie mit innovativen praktischen Eigenschaften:<\/p>\n\n\n\n<ul class=\"wp-block-list\"><li>Einzigartiges und exklusives Verkettungsmaterial, das bew\u00e4hrte Produkttechnologie kombiniert<\/li><li>Spezielle Glycolid\/L-Lactid-Zusammensetzung f\u00fcr l\u00e4ngere Absorptionsdauer&nbsp;<\/li><li>Verbesserte Sichtbarkeit im Ultraschall f\u00fcr eine klare Visualisierung der Seedplatzierung&nbsp;<\/li><li>Keine Notwendigkeit f\u00fcr f\u00fchrenden Abstandshalter, daher Vertrauen in die Dosierung zur Basis&nbsp;<\/li><\/ul>\n\n\n\n<p><\/p>\n<\/div><\/div><\/div>\n\n\n\n<div id=\"IsoLoader\" class=\"wp-block-cgb-block-ll-content-block ll-row ll-row--med\"><div class=\"ll-content\"><div class=\"ll-content__inner\">\n<div class=\"wp-block-cgb-block-ll-innerblock-heading\"><div class=\"ll-headings\"><h3 class=\"ll-heading ll-heading--sml\" style=\"color:#03843e\">IsoLoader<\/h3><\/div><\/div>\n\n\n\n<div class=\"wp-block-image\"><figure class=\"aligncenter size-large\"><img decoding=\"async\" width=\"265\" height=\"222\" src=\"https:\/\/bxt-next-website.com\/wp-content\/uploads\/2021\/03\/isoloader.png\" alt=\"isoloader\" class=\"wp-image-2329\" srcset=\"https:\/\/bxta.com\/wp-content\/uploads\/2021\/03\/isoloader.png 265w, https:\/\/bxta.com\/wp-content\/uploads\/2021\/03\/isoloader-14x12.png 14w\" sizes=\"(max-width: 265px) 100vw, 265px\" \/><\/figure><\/div>\n\n\n\n<p>IsoLoader ist eine flexible, schnelle und bequeme intraoperative L\u00f6sung zur Herstellung hochwertiger Ketten im Operationssaal.<\/p>\n\n\n\n<ul class=\"wp-block-list\"><li>Das benutzerfreundliche qualitativ hochwertige Ger\u00e4t erm\u00f6glicht den Aufbau kundenspezifischer Ketten in Echtzeit innerhalb einer sterilen Umgebung.Das benutzerfreundliche qualitativ hochwertige Ger\u00e4t erm\u00f6glicht den Aufbau kundenspezifischer Ketten in Echtzeit innerhalb einer sterilen Umgebung.<\/li><li>Einzigartige Technologie kapselt die Seeds sicher in der Kette ein, um eine Trennung nach der Implantation zu verhindern<\/li><li>Die Ketten k\u00f6nnen direkt in Nadeln mit und ohne Verschluss oder in Transferr\u00f6hrchen geladen und nachgeladen werden.<\/li><li>Kombinationen aus Ketten und Seeds\/Abstandshalter mit variabler Ladung sind m\u00f6glich, ideal f\u00fcr zentrale Nadelladungen.<\/li><\/ul>\n\n\n\n<p><a href=\"https:\/\/www.bxt-accelyon.com\/single-stage-prodecure\" target=\"_blank\" rel=\"noreferrer noopener\">Das IsoLoader-Video ansehen<\/a><\/p>\n\n\n\n<p><\/p>\n<\/div><\/div><\/div>\n\n\n\n<div id=\"IsoLoader\" class=\"wp-block-cgb-block-ll-content-block ll-row ll-row--med\"><div class=\"ll-content\"><div class=\"ll-content__inner\">\n<div class=\"wp-block-cgb-block-ll-innerblock-heading\"><div class=\"ll-headings\"><h3 class=\"ll-heading ll-heading--sml\" style=\"color:#03843e\">Nadeln mit Verschluss<\/h3><\/div><\/div>\n\n\n\n<p>Brachytherapie-Nadeln wurden entwickelt, um den Seed-Ladeprozess zu rationalisieren. F\u00fcr leichteres Einf\u00fchren sind die Nadeln mit einer Silikonbeschichtung versehen und verf\u00fcgen \u00fcber einen polierten Innendurchmesser f\u00fcr eine reibungslose Einbringung der Seeds. Die Nadelspitzen sind echoverst\u00e4rkt f\u00fcr zuverl\u00e4ssige Sichtbarkeit unter Ultraschall und elektropoliert f\u00fcr h\u00f6chste Sch\u00e4rfe. Runde und quadratische Kurzhubnadeln haben Folienhubmarkierungen, um die Ausrichtung der abgeschr\u00e4gten Spitze und die Zentimetermarkierungen f\u00fcr die Tiefenpenetration anzuzeigen. Kundenspezifische Farben, Gr\u00f6\u00dfen und Konfigurationen sind verf\u00fcgbar.<\/p>\n\n\n\n<p><\/p>\n<\/div><\/div><\/div>\n\n\n\n<div id=\"sterile-packaging-strand\" class=\"wp-block-cgb-block-ll-content-block ll-row ll-row--med\"><div class=\"ll-content\"><div class=\"ll-content__inner\">\n<div class=\"wp-block-cgb-block-ll-innerblock-heading\"><div class=\"ll-headings\"><h3 class=\"ll-heading ll-heading--sml\" style=\"color:#03843e\">Individuelle sterile Pr\u00fcfungs-Verpackung f\u00fcr BXTA-Ketten<\/h3><\/div><\/div>\n\n\n\n<p>Einzigartige, exklusive Verpackung, die die Messung der Aktivit\u00e4t der Seeds in der Kassette erm\u00f6glicht, ohne die Sterilit\u00e4t zu beeintr\u00e4chtigen. Spart Zeit und Kosten, da Strahlenschutzbeh\u00e4lter nicht wiederholt autoklaviert werden m\u00fcssen. Der Kettentest kann zu einem f\u00fcr das Implantationsteam g\u00fcnstigen Zeitpunkt durchgef\u00fchrt werden.<\/p>\n\n\n\n<p><\/p>\n<\/div><\/div><\/div>\n\n\n\n<div id=\"cutting-block\" class=\"wp-block-cgb-block-ll-content-block ll-row ll-row--med\"><div class=\"ll-content\"><div class=\"ll-content__inner\">\n<div class=\"wp-block-cgb-block-ll-innerblock-heading\"><div class=\"ll-headings\"><h3 class=\"ll-heading ll-heading--sml\" style=\"color:#03843e\">Schneidblock<\/h3><\/div><\/div>\n\n\n\n<div class=\"wp-block-image\"><figure class=\"aligncenter size-large is-resized\"><img decoding=\"async\" src=\"https:\/\/bxta-staging.website\/wp-content\/uploads\/2020\/08\/Cutting-Block-DSC_4686-1040x771.jpg\" alt=\"\" class=\"wp-image-1108\" width=\"306\" height=\"226\" srcset=\"https:\/\/bxta.com\/wp-content\/uploads\/2020\/08\/Cutting-Block-DSC_4686-1040x771.jpg 1040w, https:\/\/bxta.com\/wp-content\/uploads\/2020\/08\/Cutting-Block-DSC_4686-800x593.jpg 800w, https:\/\/bxta.com\/wp-content\/uploads\/2020\/08\/Cutting-Block-DSC_4686-768x569.jpg 768w, https:\/\/bxta.com\/wp-content\/uploads\/2020\/08\/Cutting-Block-DSC_4686-1536x1138.jpg 1536w, https:\/\/bxta.com\/wp-content\/uploads\/2020\/08\/Cutting-Block-DSC_4686-2048x1517.jpg 2048w, https:\/\/bxta.com\/wp-content\/uploads\/2020\/08\/Cutting-Block-DSC_4686-350x259.jpg 350w, https:\/\/bxta.com\/wp-content\/uploads\/2020\/08\/Cutting-Block-DSC_4686-400x296.jpg 400w, https:\/\/bxta.com\/wp-content\/uploads\/2020\/08\/Cutting-Block-DSC_4686-1240x919.jpg 1240w, https:\/\/bxta.com\/wp-content\/uploads\/2020\/08\/Cutting-Block-DSC_4686-1440x1067.jpg 1440w, https:\/\/bxta.com\/wp-content\/uploads\/2020\/08\/Cutting-Block-DSC_4686-1940x1437.jpg 1940w, https:\/\/bxta.com\/wp-content\/uploads\/2020\/08\/Cutting-Block-DSC_4686-scaled.jpg 1480w\" sizes=\"(max-width: 306px) 100vw, 306px\" \/><\/figure><\/div>\n\n\n\n<p>Exklusive Kettenschneidevorrichtung zum pr\u00e4zisen Schneiden und Beladen von Seedketten in Brachytherapie-Nadeln.  Erm\u00f6glicht benutzerdefiniertes Schneiden innerhalb einer bedienerfreundlichen radioprotektiven Ladestation. Autoklavierbar.&nbsp;<\/p>\n\n\n\n<p><\/p>\n<\/div><\/div><\/div>\n\n\n\n<div id=\"\" class=\"wp-block-cgb-block-ll-cards-cta ll-row default\"><div class=\"ll-cards--cta\"><div class=\"ll-cards__wrapper\"><\/div><\/div><\/div>","protected":false},"excerpt":{"rendered":"","protected":false},"author":1,"featured_media":0,"parent":306,"menu_order":0,"comment_status":"closed","ping_status":"closed","template":"template-product.php","meta":{"_acf_changed":false,"_monsterinsights_skip_tracking":false,"_monsterinsights_sitenote_active":false,"_monsterinsights_sitenote_note":"","_monsterinsights_sitenote_category":0,"footnotes":""},"class_list":["post-332","page","type-page","status-publish","hentry"],"acf":[],"yoast_head":"<!-- This site is optimized with the Yoast SEO plugin v27.4 - https:\/\/yoast.com\/product\/yoast-seo-wordpress\/ -->\n<title>Strands - BXTA<\/title>\n<meta name=\"robots\" content=\"index, follow, max-snippet:-1, max-image-preview:large, max-video-preview:-1\" \/>\n<link rel=\"canonical\" href=\"https:\/\/bxta.com\/de\/healthcare-professionals\/strands\/\" \/>\n<meta property=\"og:locale\" content=\"de_DE\" \/>\n<meta property=\"og:type\" content=\"article\" \/>\n<meta property=\"og:title\" content=\"Strands - BXTA\" \/>\n<meta property=\"og:url\" content=\"https:\/\/bxta.com\/de\/healthcare-professionals\/strands\/\" \/>\n<meta property=\"og:site_name\" content=\"BXTA\" \/>\n<meta property=\"article:publisher\" content=\"https:\/\/www.facebook.com\/bxtainternational\/\" \/>\n<meta property=\"article:modified_time\" content=\"2021-08-06T12:25:14+00:00\" \/>\n<meta property=\"og:image\" content=\"https:\/\/bxt-next-website.com\/wp-content\/uploads\/2021\/03\/isoloader.png\" \/>\n<meta name=\"twitter:card\" content=\"summary_large_image\" \/>\n<meta name=\"twitter:site\" content=\"@BXTA_\" \/>\n<meta name=\"twitter:label1\" content=\"Gesch\u00e4tzte Lesezeit\" \/>\n\t<meta name=\"twitter:data1\" content=\"2\u00a0Minuten\" \/>\n<script type=\"application\/ld+json\" class=\"yoast-schema-graph\">{\"@context\":\"https:\\\/\\\/schema.org\",\"@graph\":[{\"@type\":\"WebPage\",\"@id\":\"https:\\\/\\\/bxta.com\\\/uk\\\/healthcare-professionals\\\/strands\\\/\",\"url\":\"https:\\\/\\\/bxta.com\\\/uk\\\/healthcare-professionals\\\/strands\\\/\",\"name\":\"Strands - BXTA\",\"isPartOf\":{\"@id\":\"https:\\\/\\\/bxta.com\\\/uk\\\/#website\"},\"primaryImageOfPage\":{\"@id\":\"https:\\\/\\\/bxta.com\\\/uk\\\/healthcare-professionals\\\/strands\\\/#primaryimage\"},\"image\":{\"@id\":\"https:\\\/\\\/bxta.com\\\/uk\\\/healthcare-professionals\\\/strands\\\/#primaryimage\"},\"thumbnailUrl\":\"https:\\\/\\\/bxt-next-website.com\\\/wp-content\\\/uploads\\\/2021\\\/03\\\/isoloader.png\",\"datePublished\":\"2020-03-29T22:30:11+00:00\",\"dateModified\":\"2021-08-06T12:25:14+00:00\",\"breadcrumb\":{\"@id\":\"https:\\\/\\\/bxta.com\\\/uk\\\/healthcare-professionals\\\/strands\\\/#breadcrumb\"},\"inLanguage\":\"de\",\"potentialAction\":[{\"@type\":\"ReadAction\",\"target\":[\"https:\\\/\\\/bxta.com\\\/uk\\\/healthcare-professionals\\\/strands\\\/\"]}]},{\"@type\":\"ImageObject\",\"inLanguage\":\"de\",\"@id\":\"https:\\\/\\\/bxta.com\\\/uk\\\/healthcare-professionals\\\/strands\\\/#primaryimage\",\"url\":\"https:\\\/\\\/bxt-next-website.com\\\/wp-content\\\/uploads\\\/2021\\\/03\\\/isoloader.png\",\"contentUrl\":\"https:\\\/\\\/bxt-next-website.com\\\/wp-content\\\/uploads\\\/2021\\\/03\\\/isoloader.png\"},{\"@type\":\"BreadcrumbList\",\"@id\":\"https:\\\/\\\/bxta.com\\\/uk\\\/healthcare-professionals\\\/strands\\\/#breadcrumb\",\"itemListElement\":[{\"@type\":\"ListItem\",\"position\":1,\"name\":\"Home\",\"item\":\"https:\\\/\\\/bxta.com\\\/\"},{\"@type\":\"ListItem\",\"position\":2,\"name\":\"Healthcare Professionals\",\"item\":\"https:\\\/\\\/bxta.com\\\/uk\\\/healthcare-professionals\\\/\"},{\"@type\":\"ListItem\",\"position\":3,\"name\":\"Strands\"}]},{\"@type\":\"WebSite\",\"@id\":\"https:\\\/\\\/bxta.com\\\/uk\\\/#website\",\"url\":\"https:\\\/\\\/bxta.com\\\/uk\\\/\",\"name\":\"BXTA\",\"description\":\"Let\u2019s tackle Prostate Cancer together | BXTA\",\"publisher\":{\"@id\":\"https:\\\/\\\/bxta.com\\\/uk\\\/#organization\"},\"potentialAction\":[{\"@type\":\"SearchAction\",\"target\":{\"@type\":\"EntryPoint\",\"urlTemplate\":\"https:\\\/\\\/bxta.com\\\/uk\\\/?s={search_term_string}\"},\"query-input\":{\"@type\":\"PropertyValueSpecification\",\"valueRequired\":true,\"valueName\":\"search_term_string\"}}],\"inLanguage\":\"de\"},{\"@type\":\"Organization\",\"@id\":\"https:\\\/\\\/bxta.com\\\/uk\\\/#organization\",\"name\":\"BXTA\",\"url\":\"https:\\\/\\\/bxta.com\\\/uk\\\/\",\"logo\":{\"@type\":\"ImageObject\",\"inLanguage\":\"de\",\"@id\":\"https:\\\/\\\/bxta.com\\\/uk\\\/#\\\/schema\\\/logo\\\/image\\\/\",\"url\":\"https:\\\/\\\/bxta-staging.s3.eu-west-2.amazonaws.com\\\/app\\\/uploads\\\/2021\\\/09\\\/07212056\\\/BXTA-Logo.png\",\"contentUrl\":\"https:\\\/\\\/bxta-staging.s3.eu-west-2.amazonaws.com\\\/app\\\/uploads\\\/2021\\\/09\\\/07212056\\\/BXTA-Logo.png\",\"width\":600,\"height\":373,\"caption\":\"BXTA\"},\"image\":{\"@id\":\"https:\\\/\\\/bxta.com\\\/uk\\\/#\\\/schema\\\/logo\\\/image\\\/\"},\"sameAs\":[\"https:\\\/\\\/www.facebook.com\\\/bxtainternational\\\/\",\"https:\\\/\\\/x.com\\\/BXTA_\",\"https:\\\/\\\/www.linkedin.com\\\/company\\\/bxtaccelyon\",\"https:\\\/\\\/www.youtube.com\\\/channel\\\/UCkTU9L10CS5c1eWtGiMZ7gw\"]}]}<\/script>\n<!-- \/ Yoast SEO plugin. -->","yoast_head_json":{"title":"Strands - BXTA","robots":{"index":"index","follow":"follow","max-snippet":"max-snippet:-1","max-image-preview":"max-image-preview:large","max-video-preview":"max-video-preview:-1"},"canonical":"https:\/\/bxta.com\/de\/healthcare-professionals\/strands\/","og_locale":"de_DE","og_type":"article","og_title":"Strands - BXTA","og_url":"https:\/\/bxta.com\/de\/healthcare-professionals\/strands\/","og_site_name":"BXTA","article_publisher":"https:\/\/www.facebook.com\/bxtainternational\/","article_modified_time":"2021-08-06T12:25:14+00:00","og_image":[{"url":"https:\/\/bxt-next-website.com\/wp-content\/uploads\/2021\/03\/isoloader.png","type":"","width":"","height":""}],"twitter_card":"summary_large_image","twitter_site":"@BXTA_","twitter_misc":{"Gesch\u00e4tzte Lesezeit":"2\u00a0Minuten"},"schema":{"@context":"https:\/\/schema.org","@graph":[{"@type":"WebPage","@id":"https:\/\/bxta.com\/uk\/healthcare-professionals\/strands\/","url":"https:\/\/bxta.com\/uk\/healthcare-professionals\/strands\/","name":"Strands - BXTA","isPartOf":{"@id":"https:\/\/bxta.com\/uk\/#website"},"primaryImageOfPage":{"@id":"https:\/\/bxta.com\/uk\/healthcare-professionals\/strands\/#primaryimage"},"image":{"@id":"https:\/\/bxta.com\/uk\/healthcare-professionals\/strands\/#primaryimage"},"thumbnailUrl":"https:\/\/bxt-next-website.com\/wp-content\/uploads\/2021\/03\/isoloader.png","datePublished":"2020-03-29T22:30:11+00:00","dateModified":"2021-08-06T12:25:14+00:00","breadcrumb":{"@id":"https:\/\/bxta.com\/uk\/healthcare-professionals\/strands\/#breadcrumb"},"inLanguage":"de","potentialAction":[{"@type":"ReadAction","target":["https:\/\/bxta.com\/uk\/healthcare-professionals\/strands\/"]}]},{"@type":"ImageObject","inLanguage":"de","@id":"https:\/\/bxta.com\/uk\/healthcare-professionals\/strands\/#primaryimage","url":"https:\/\/bxt-next-website.com\/wp-content\/uploads\/2021\/03\/isoloader.png","contentUrl":"https:\/\/bxt-next-website.com\/wp-content\/uploads\/2021\/03\/isoloader.png"},{"@type":"BreadcrumbList","@id":"https:\/\/bxta.com\/uk\/healthcare-professionals\/strands\/#breadcrumb","itemListElement":[{"@type":"ListItem","position":1,"name":"Home","item":"https:\/\/bxta.com\/"},{"@type":"ListItem","position":2,"name":"Healthcare Professionals","item":"https:\/\/bxta.com\/uk\/healthcare-professionals\/"},{"@type":"ListItem","position":3,"name":"Strands"}]},{"@type":"WebSite","@id":"https:\/\/bxta.com\/uk\/#website","url":"https:\/\/bxta.com\/uk\/","name":"BXTA","description":"Let\u2019s tackle Prostate Cancer together | BXTA","publisher":{"@id":"https:\/\/bxta.com\/uk\/#organization"},"potentialAction":[{"@type":"SearchAction","target":{"@type":"EntryPoint","urlTemplate":"https:\/\/bxta.com\/uk\/?s={search_term_string}"},"query-input":{"@type":"PropertyValueSpecification","valueRequired":true,"valueName":"search_term_string"}}],"inLanguage":"de"},{"@type":"Organization","@id":"https:\/\/bxta.com\/uk\/#organization","name":"BXTA","url":"https:\/\/bxta.com\/uk\/","logo":{"@type":"ImageObject","inLanguage":"de","@id":"https:\/\/bxta.com\/uk\/#\/schema\/logo\/image\/","url":"https:\/\/bxta-staging.s3.eu-west-2.amazonaws.com\/app\/uploads\/2021\/09\/07212056\/BXTA-Logo.png","contentUrl":"https:\/\/bxta-staging.s3.eu-west-2.amazonaws.com\/app\/uploads\/2021\/09\/07212056\/BXTA-Logo.png","width":600,"height":373,"caption":"BXTA"},"image":{"@id":"https:\/\/bxta.com\/uk\/#\/schema\/logo\/image\/"},"sameAs":["https:\/\/www.facebook.com\/bxtainternational\/","https:\/\/x.com\/BXTA_","https:\/\/www.linkedin.com\/company\/bxtaccelyon","https:\/\/www.youtube.com\/channel\/UCkTU9L10CS5c1eWtGiMZ7gw"]}]}},"_links":{"self":[{"href":"https:\/\/bxta.com\/de\/wp-json\/wp\/v2\/pages\/332","targetHints":{"allow":["GET"]}}],"collection":[{"href":"https:\/\/bxta.com\/de\/wp-json\/wp\/v2\/pages"}],"about":[{"href":"https:\/\/bxta.com\/de\/wp-json\/wp\/v2\/types\/page"}],"author":[{"embeddable":true,"href":"https:\/\/bxta.com\/de\/wp-json\/wp\/v2\/users\/1"}],"replies":[{"embeddable":true,"href":"https:\/\/bxta.com\/de\/wp-json\/wp\/v2\/comments?post=332"}],"version-history":[{"count":24,"href":"https:\/\/bxta.com\/de\/wp-json\/wp\/v2\/pages\/332\/revisions"}],"predecessor-version":[{"id":2966,"href":"https:\/\/bxta.com\/de\/wp-json\/wp\/v2\/pages\/332\/revisions\/2966"}],"up":[{"embeddable":true,"href":"https:\/\/bxta.com\/de\/wp-json\/wp\/v2\/pages\/306"}],"wp:attachment":[{"href":"https:\/\/bxta.com\/de\/wp-json\/wp\/v2\/media?parent=332"}],"curies":[{"name":"wp","href":"https:\/\/api.w.org\/{rel}","templated":true}]}}