{"id":326,"date":"2020-03-29T22:29:36","date_gmt":"2020-03-29T22:29:36","guid":{"rendered":"http:\/\/bxta-staging.website\/?page_id=326"},"modified":"2022-10-26T12:03:57","modified_gmt":"2022-10-26T12:03:57","slug":"resources","status":"publish","type":"page","link":"https:\/\/bxta.com\/de\/healthcare-professionals\/resources\/","title":{"rendered":"Ressourcen"},"content":{"rendered":"<div style=\"height:30px\" aria-hidden=\"true\" class=\"wp-block-spacer\"><\/div>\n\n\n\n<h1 class=\"has-text-align-left ll-heading--lrg has-c-primary-color has-text-color wp-block-heading\">Ressourcen<\/h1>\n\n\n\n<p>Willkommen auf unserer neuen, speziell f\u00fcr medizinisches Fachpersonal eingerichteten Seite. Hier finden Sie hilfreiche Ressourcen und Schulungsinformationen.<\/p>\n\n\n\n<div style=\"height:50px\" aria-hidden=\"true\" class=\"wp-block-spacer\"><\/div>\n\n\n\n<div id=\"\" class=\"wp-block-cgb-block-ll-cards-cta ll-row ll-row--med bxta-cta-alt\"><div class=\"ll-cards--cta\"><div class=\"ll-cards__wrapper\">\n<div class=\"wp-block-cgb-block-ll-inner-card-cta ll-card--cta ll-cards__card ll-card--white\"><div class=\"ll-cards__content\"><div class=\"ll-cards__icon no-icon\"><img decoding=\"async\" src=\"\" alt=\"\"\/><\/div><div class=\"ll-cards__headings\"><h3 class=\"ll-cards__heading\">Leitfaden f\u00fcr Allgemeinmediziner zur LDR-Prostata-Brachytherapie<\/h3><\/div><div class=\"ll-cards__text\"><p class=\"ll-text--sml\"> <small>Bestrebt, Allgemeinmedizinern weitere Informationen und Schulungen zur LDR-Prostata-Brachytherapie zu bieten, um unsere Fachkenntnis in allen Aspekten der Prostatakrebsbehandlung zu verbessern und aufrechtzuerhalten.<\/small><\/p>\n<div class=\"wp-block-cgb-block-ll-innerblock-list  ll-list\">\n<ul class=\"wp-block-list\"><li><\/li><\/ul>\n<\/div>\n<\/div><div class=\"ll-cards__buttons\"><a href=\"\/de\/gp-information\/\" title=\"gp information\" rel=\"noopener\" class=\"ll-button default\">Mehr erfahren<\/a><\/div><\/div><\/div>\n\n\n\n<div class=\"wp-block-cgb-block-ll-inner-card-cta ll-card--cta ll-cards__card ll-card--white\"><div class=\"ll-cards__content\"><div class=\"ll-cards__icon no-icon\"><img decoding=\"async\" src=\"\" alt=\"\"\/><\/div><div class=\"ll-cards__headings\"><h3 class=\"ll-cards__heading\">Selbstlerntutorium f\u00fcr Fachkrankenschwest-ern<\/h3><\/div><div class=\"ll-cards__text\"><p class=\"ll-text--sml\"> <small>Ein Selbstlerntutorium im Rahmen eines fortlaufenden Schulungsprogramms f\u00fcr Pflegekr\u00e4fte, das unter Mitwirkung f\u00fchrender Experten entwickelt und von BXTA bereitgestellt wird, um Ihnen zu helfen, mehr \u00fcber die Brachytherapie mit niedriger Dosisrate (Low Dose Rate) der Prostata zu verstehen, deren Vorteile im Vergleich zu anderen Therapien in h\u00f6herer Wirksamkeit und Lebensqualit\u00e4t bestehen.<\/small><\/p><\/div><div class=\"ll-cards__buttons\"><a href=\"https:\/\/bxta.com\/de\/healthcare-professionals\/nurses-guide-to-ldr-bracytherapy\/\" title=\"Find out more\" rel=\"noopener\" class=\"ll-button ll-button--secondary\">Mehr erfahren<\/a><\/div><\/div><\/div>\n<\/div><\/div><\/div>\n\n\n\n<div id=\"\" class=\"wp-block-cgb-block-ll-cards-cta ll-row ll-row--med bxta-cta-alt\"><div class=\"ll-cards--cta\"><div class=\"ll-cards__wrapper\">\n<div class=\"wp-block-cgb-block-ll-inner-card-cta ll-card--cta ll-cards__card ll-card--white\"><div class=\"ll-cards__content\"><div class=\"ll-cards__icon no-icon\"><img decoding=\"async\" src=\"\" alt=\"\"\/><\/div><div class=\"ll-cards__headings\"><h3 class=\"ll-cards__heading\">Die ASCENDE-RT-Studie<\/h3><\/div><div class=\"ll-cards__text\"><p class=\"ll-text--sml\"> <small>Die ASCENDE-RT-Studie aus Kanada ist eine randomisierte Studie, welche die Anwendung der Dosis-eskalierten externen Strahlentherapie (DE-EBRT) mit der Brachytherapie mit niedriger Dosisrate (LDR-B) bei M\u00e4nnern mit mittlerem und hohem Prostatakrebsrisiko vergleicht.<\/small><\/p><\/div><div class=\"ll-cards__buttons\"><a href=\"https:\/\/bxta.com\/de\/ascende-rt-study\/\" title=\"Erfahren Sie mehr\" rel=\"noopener\" class=\"ll-button default\">Mehr erfahren<\/a><\/div><\/div><\/div>\n\n\n\n<div class=\"wp-block-cgb-block-ll-inner-card-cta ll-card--cta ll-cards__card ll-card--white\"><div class=\"ll-cards__content\"><div class=\"ll-cards__icon no-icon\"><img decoding=\"async\" src=\"\" alt=\"\"\/><\/div><div class=\"ll-cards__headings\"><h3 class=\"ll-cards__heading\">Prostatakrebsergebnisse der Studiengruppe (PCRSG)<\/h3><\/div><div class=\"ll-cards__text\"><p class=\"ll-text--sml\"> <small>Die Studie umfasst ein Expertengremium aus Australien, USA, Gro\u00dfbritannien, Kanada, Belgien, Deutschland, Portugal und den Niederlanden. Sie f\u00fchrten eine \u00dcberpr\u00fcfung der zwischen 2000-2015 durchgef\u00fchrten ver\u00f6ffentlichten Studien, an denen \u00fcber 52.000 M\u00e4nner mit lokalisiertem Prostatakrebs beteiligt waren, durch.<\/small><\/p><\/div><div class=\"ll-cards__buttons\"><a href=\"https:\/\/bxta.com\/de\/pcrsg-study\/\" title=\"Find out more\" rel=\"noopener\" class=\"ll-button ll-button--secondary\">Mehr erfahren<\/a><\/div><\/div><\/div>\n<\/div><\/div><\/div>\n\n\n\n<div style=\"height:8px\" aria-hidden=\"true\" class=\"wp-block-spacer\"><\/div>\n\n\n\n<div id=\"\" class=\"wp-block-cgb-block-ll-cards-cta ll-row ll-row--med bxta-cta-alt\"><div class=\"ll-cards--cta\"><div class=\"ll-cards__wrapper\">\n<div class=\"wp-block-cgb-block-ll-inner-card-cta ll-card--cta ll-cards__card ll-card--white\"><div class=\"ll-cards__content\"><div class=\"ll-cards__icon no-icon\"><img decoding=\"async\" src=\"\" alt=\"\"\/><\/div><div class=\"ll-cards__headings\"><h3 class=\"ll-cards__heading\">Prostate cancer guide for patients<\/h3><\/div><div class=\"ll-cards__text\"><p class=\"ll-text--sml\"> <small>A guide for patients that have been diagnosed with prostate cancer that are looking for information about the disease and the treatment options that might be available to them. A useful document that can be shared by healthcare professionals with patients.<\/small><\/p>\n<div class=\"wp-block-cgb-block-ll-innerblock-list  ll-list\">\n<ul class=\"wp-block-list\"><li><\/li><\/ul>\n<\/div>\n<\/div><div class=\"ll-cards__buttons\"><a href=\"https:\/\/bxta.com\/wp-content\/uploads\/2022\/10\/BXTA-Prostate-Cancer-Patient-Brochure.pdf\" title=\"Find out more\" rel=\"noopener\" class=\"ll-button default\">Download Our Guide Here<\/a><\/div><\/div><\/div>\n<\/div><\/div><\/div>","protected":false},"excerpt":{"rendered":"<p>Resources Welcome to our new dedicated page for healthcare professionals.&nbsp;Here you will find useful resources and training information.<\/p>","protected":false},"author":1,"featured_media":0,"parent":306,"menu_order":0,"comment_status":"closed","ping_status":"closed","template":"template-content.php","meta":{"_acf_changed":false,"_monsterinsights_skip_tracking":false,"_monsterinsights_sitenote_active":false,"_monsterinsights_sitenote_note":"","_monsterinsights_sitenote_category":0,"footnotes":""},"class_list":["post-326","page","type-page","status-publish","hentry"],"acf":[],"yoast_head":"<!-- This site is optimized with the Yoast SEO plugin v27.5 - https:\/\/yoast.com\/product\/yoast-seo-wordpress\/ -->\n<title>Resources - BXTA<\/title>\n<meta name=\"robots\" content=\"index, follow, max-snippet:-1, max-image-preview:large, max-video-preview:-1\" \/>\n<link rel=\"canonical\" href=\"https:\/\/bxta.com\/de\/healthcare-professionals\/resources\/\" \/>\n<meta property=\"og:locale\" content=\"de_DE\" \/>\n<meta property=\"og:type\" content=\"article\" \/>\n<meta property=\"og:title\" content=\"Resources - BXTA\" \/>\n<meta property=\"og:description\" content=\"Resources Welcome to our new dedicated page for healthcare professionals.&nbsp;Here you will find useful resources and training information.\" \/>\n<meta property=\"og:url\" content=\"https:\/\/bxta.com\/de\/healthcare-professionals\/resources\/\" \/>\n<meta property=\"og:site_name\" content=\"BXTA\" \/>\n<meta property=\"article:publisher\" content=\"https:\/\/www.facebook.com\/bxtainternational\/\" \/>\n<meta property=\"article:modified_time\" content=\"2022-10-26T12:03:57+00:00\" \/>\n<meta property=\"og:image\" content=\"https:\/\/bxta.com\/wp-content\/uploads\/2021\/05\/BXTA-2-scaled.jpg\" \/>\n\t<meta property=\"og:image:width\" content=\"1480\" \/>\n\t<meta property=\"og:image:height\" content=\"1046\" \/>\n\t<meta property=\"og:image:type\" content=\"image\/jpeg\" \/>\n<meta name=\"twitter:card\" content=\"summary_large_image\" \/>\n<meta name=\"twitter:site\" content=\"@BXTA_\" \/>\n<meta name=\"twitter:label1\" content=\"Gesch\u00e4tzte Lesezeit\" \/>\n\t<meta name=\"twitter:data1\" content=\"2\u00a0Minuten\" \/>\n<script type=\"application\/ld+json\" class=\"yoast-schema-graph\">{\"@context\":\"https:\\\/\\\/schema.org\",\"@graph\":[{\"@type\":\"WebPage\",\"@id\":\"https:\\\/\\\/bxta.com\\\/healthcare-professionals\\\/resources\\\/\",\"url\":\"https:\\\/\\\/bxta.com\\\/healthcare-professionals\\\/resources\\\/\",\"name\":\"Resources - BXTA\",\"isPartOf\":{\"@id\":\"https:\\\/\\\/bxta.com\\\/uk\\\/#website\"},\"datePublished\":\"2020-03-29T22:29:36+00:00\",\"dateModified\":\"2022-10-26T12:03:57+00:00\",\"breadcrumb\":{\"@id\":\"https:\\\/\\\/bxta.com\\\/healthcare-professionals\\\/resources\\\/#breadcrumb\"},\"inLanguage\":\"de\",\"potentialAction\":[{\"@type\":\"ReadAction\",\"target\":[\"https:\\\/\\\/bxta.com\\\/healthcare-professionals\\\/resources\\\/\"]}]},{\"@type\":\"BreadcrumbList\",\"@id\":\"https:\\\/\\\/bxta.com\\\/healthcare-professionals\\\/resources\\\/#breadcrumb\",\"itemListElement\":[{\"@type\":\"ListItem\",\"position\":1,\"name\":\"Home\",\"item\":\"https:\\\/\\\/bxta.com\\\/\"},{\"@type\":\"ListItem\",\"position\":2,\"name\":\"Healthcare Professionals\",\"item\":\"https:\\\/\\\/bxta.com\\\/uk\\\/healthcare-professionals\\\/\"},{\"@type\":\"ListItem\",\"position\":3,\"name\":\"Resources\"}]},{\"@type\":\"WebSite\",\"@id\":\"https:\\\/\\\/bxta.com\\\/uk\\\/#website\",\"url\":\"https:\\\/\\\/bxta.com\\\/uk\\\/\",\"name\":\"BXTA\",\"description\":\"Let\u2019s tackle Prostate Cancer together | BXTA\",\"publisher\":{\"@id\":\"https:\\\/\\\/bxta.com\\\/uk\\\/#organization\"},\"potentialAction\":[{\"@type\":\"SearchAction\",\"target\":{\"@type\":\"EntryPoint\",\"urlTemplate\":\"https:\\\/\\\/bxta.com\\\/uk\\\/?s={search_term_string}\"},\"query-input\":{\"@type\":\"PropertyValueSpecification\",\"valueRequired\":true,\"valueName\":\"search_term_string\"}}],\"inLanguage\":\"de\"},{\"@type\":\"Organization\",\"@id\":\"https:\\\/\\\/bxta.com\\\/uk\\\/#organization\",\"name\":\"BXTA\",\"url\":\"https:\\\/\\\/bxta.com\\\/uk\\\/\",\"logo\":{\"@type\":\"ImageObject\",\"inLanguage\":\"de\",\"@id\":\"https:\\\/\\\/bxta.com\\\/uk\\\/#\\\/schema\\\/logo\\\/image\\\/\",\"url\":\"https:\\\/\\\/bxta-staging.s3.eu-west-2.amazonaws.com\\\/app\\\/uploads\\\/2021\\\/09\\\/07212056\\\/BXTA-Logo.png\",\"contentUrl\":\"https:\\\/\\\/bxta-staging.s3.eu-west-2.amazonaws.com\\\/app\\\/uploads\\\/2021\\\/09\\\/07212056\\\/BXTA-Logo.png\",\"width\":600,\"height\":373,\"caption\":\"BXTA\"},\"image\":{\"@id\":\"https:\\\/\\\/bxta.com\\\/uk\\\/#\\\/schema\\\/logo\\\/image\\\/\"},\"sameAs\":[\"https:\\\/\\\/www.facebook.com\\\/bxtainternational\\\/\",\"https:\\\/\\\/x.com\\\/BXTA_\",\"https:\\\/\\\/www.linkedin.com\\\/company\\\/bxtaccelyon\",\"https:\\\/\\\/www.youtube.com\\\/channel\\\/UCkTU9L10CS5c1eWtGiMZ7gw\"]}]}<\/script>\n<!-- \/ Yoast SEO plugin. -->","yoast_head_json":{"title":"Resources - BXTA","robots":{"index":"index","follow":"follow","max-snippet":"max-snippet:-1","max-image-preview":"max-image-preview:large","max-video-preview":"max-video-preview:-1"},"canonical":"https:\/\/bxta.com\/de\/healthcare-professionals\/resources\/","og_locale":"de_DE","og_type":"article","og_title":"Resources - BXTA","og_description":"Resources Welcome to our new dedicated page for healthcare professionals.&nbsp;Here you will find useful resources and training information.","og_url":"https:\/\/bxta.com\/de\/healthcare-professionals\/resources\/","og_site_name":"BXTA","article_publisher":"https:\/\/www.facebook.com\/bxtainternational\/","article_modified_time":"2022-10-26T12:03:57+00:00","og_image":[{"width":1480,"height":1046,"url":"https:\/\/bxta.com\/wp-content\/uploads\/2021\/05\/BXTA-2-scaled.jpg","type":"image\/jpeg"}],"twitter_card":"summary_large_image","twitter_site":"@BXTA_","twitter_misc":{"Gesch\u00e4tzte Lesezeit":"2\u00a0Minuten"},"schema":{"@context":"https:\/\/schema.org","@graph":[{"@type":"WebPage","@id":"https:\/\/bxta.com\/healthcare-professionals\/resources\/","url":"https:\/\/bxta.com\/healthcare-professionals\/resources\/","name":"Resources - BXTA","isPartOf":{"@id":"https:\/\/bxta.com\/uk\/#website"},"datePublished":"2020-03-29T22:29:36+00:00","dateModified":"2022-10-26T12:03:57+00:00","breadcrumb":{"@id":"https:\/\/bxta.com\/healthcare-professionals\/resources\/#breadcrumb"},"inLanguage":"de","potentialAction":[{"@type":"ReadAction","target":["https:\/\/bxta.com\/healthcare-professionals\/resources\/"]}]},{"@type":"BreadcrumbList","@id":"https:\/\/bxta.com\/healthcare-professionals\/resources\/#breadcrumb","itemListElement":[{"@type":"ListItem","position":1,"name":"Home","item":"https:\/\/bxta.com\/"},{"@type":"ListItem","position":2,"name":"Healthcare Professionals","item":"https:\/\/bxta.com\/uk\/healthcare-professionals\/"},{"@type":"ListItem","position":3,"name":"Resources"}]},{"@type":"WebSite","@id":"https:\/\/bxta.com\/uk\/#website","url":"https:\/\/bxta.com\/uk\/","name":"BXTA","description":"Let\u2019s tackle Prostate Cancer together | BXTA","publisher":{"@id":"https:\/\/bxta.com\/uk\/#organization"},"potentialAction":[{"@type":"SearchAction","target":{"@type":"EntryPoint","urlTemplate":"https:\/\/bxta.com\/uk\/?s={search_term_string}"},"query-input":{"@type":"PropertyValueSpecification","valueRequired":true,"valueName":"search_term_string"}}],"inLanguage":"de"},{"@type":"Organization","@id":"https:\/\/bxta.com\/uk\/#organization","name":"BXTA","url":"https:\/\/bxta.com\/uk\/","logo":{"@type":"ImageObject","inLanguage":"de","@id":"https:\/\/bxta.com\/uk\/#\/schema\/logo\/image\/","url":"https:\/\/bxta-staging.s3.eu-west-2.amazonaws.com\/app\/uploads\/2021\/09\/07212056\/BXTA-Logo.png","contentUrl":"https:\/\/bxta-staging.s3.eu-west-2.amazonaws.com\/app\/uploads\/2021\/09\/07212056\/BXTA-Logo.png","width":600,"height":373,"caption":"BXTA"},"image":{"@id":"https:\/\/bxta.com\/uk\/#\/schema\/logo\/image\/"},"sameAs":["https:\/\/www.facebook.com\/bxtainternational\/","https:\/\/x.com\/BXTA_","https:\/\/www.linkedin.com\/company\/bxtaccelyon","https:\/\/www.youtube.com\/channel\/UCkTU9L10CS5c1eWtGiMZ7gw"]}]}},"_links":{"self":[{"href":"https:\/\/bxta.com\/de\/wp-json\/wp\/v2\/pages\/326","targetHints":{"allow":["GET"]}}],"collection":[{"href":"https:\/\/bxta.com\/de\/wp-json\/wp\/v2\/pages"}],"about":[{"href":"https:\/\/bxta.com\/de\/wp-json\/wp\/v2\/types\/page"}],"author":[{"embeddable":true,"href":"https:\/\/bxta.com\/de\/wp-json\/wp\/v2\/users\/1"}],"replies":[{"embeddable":true,"href":"https:\/\/bxta.com\/de\/wp-json\/wp\/v2\/comments?post=326"}],"version-history":[{"count":39,"href":"https:\/\/bxta.com\/de\/wp-json\/wp\/v2\/pages\/326\/revisions"}],"predecessor-version":[{"id":3678,"href":"https:\/\/bxta.com\/de\/wp-json\/wp\/v2\/pages\/326\/revisions\/3678"}],"up":[{"embeddable":true,"href":"https:\/\/bxta.com\/de\/wp-json\/wp\/v2\/pages\/306"}],"wp:attachment":[{"href":"https:\/\/bxta.com\/de\/wp-json\/wp\/v2\/media?parent=326"}],"curies":[{"name":"wp","href":"https:\/\/api.w.org\/{rel}","templated":true}]}}