{"id":323,"date":"2020-03-29T22:29:10","date_gmt":"2020-03-29T22:29:10","guid":{"rendered":"http:\/\/bxta-staging.website\/?page_id=323"},"modified":"2026-01-05T13:08:19","modified_gmt":"2026-01-05T13:08:19","slug":"precisionpoint","status":"publish","type":"page","link":"https:\/\/bxta.com\/de\/healthcare-professionals\/precisionpoint\/","title":{"rendered":"PrecisionPoint&#x2122;"},"content":{"rendered":"<div id=\"\" class=\"wp-block-cgb-block-ll-content-block ll-row ll-row--med\"><div class=\"ll-content\"><div class=\"ll-content__inner\">\n<style>\n.breakword-mb {\n display:block;\n}\n@media only screen and (min-width: 690px){\n.breakword-mb {\n display:none;\n}\n}\n<\/style>\n\n<div style=\"height:30px;\"><\/div>\n\n<div class=\"wp-block-cgb-block-ll-innerblock-heading\"><div class=\"ll-headings\"><h3 class=\"ll-heading ll-heading--lrg\" style=\"color:#03843e\">Precision<span class=\"breakword-mb\"><\/span>Point&#x2122;<\/h3><\/div><\/div>\n\n\n\n<div style=\"height:25px\" aria-hidden=\"true\" class=\"wp-block-spacer\"><\/div>\n\n\n\n<div class=\"wp-block-cgb-block-ll-innerblock-heading\"><div class=\"ll-headings\"><h3 class=\"ll-heading ll-heading--med\" style=\"color:#03843e\">Transperineales Zugangssystem - die Revolution bei der Methodik zur Entnahme von Prostatabiopsien<\/h3><\/div><\/div>\n\n\n\n<p>BXTA hat es sich zum Ziel gesetzt, die Welt \u00fcber die Vorteile der LATP-Prostatabiopsie aufzukl\u00e4ren: transperineale Biopsien, die unter \u00f6rtlicher Bet\u00e4ubung durchgef\u00fchrt werden.<\/p>\n\n\n\n<p class=\"has-text-align-left\">As the sole distributor, outside North America, for the PrecisionPoint\u2122 single use device, that enables LATP, and alongside international partners that including organisations such as the British Association of Urological Surgeons, The Royal Society of Medicine, Prostate Cancer UK, The British Association of Urological Nurses and <a href=\"https:\/\/bxta.com\/de\/open-letter-to-the-rt-hon-matt-hancock-mp-re-time-for-trexit\/\">many others<\/a>, we are committed to eradicating the current \u2018de facto\u2019 standard method for prostate cancer diagnosis: the transrectal ultrasound (TRUS) guided or transrectal biopsy.<\/p>\n\n\n<div class=\"wp-block-image\">\n<figure class=\"aligncenter size-large is-resized\"><img decoding=\"async\" width=\"750\" height=\"750\" src=\"\/wp-content\/uploads\/2020\/09\/PPDevice-movement.gif\" alt=\"PP Device gif\" class=\"wp-image-2035\" style=\"width:446px;height:440px\"\/><\/figure><\/div>\n\n\n<div style=\"background-color:#03843e\" class=\"wp-block-cgb-block-ll-innerblock-text-padded\"><div class=\"ll-text-padded ll-align--center\"><p style=\"color:#ffffff\"> Die fr\u00fchzeitige und genaue Erkennung von Prostatakrebs erm\u00f6glicht Patienten nachweislich eine gr\u00f6\u00dfere Auswahl an verf\u00fcgbaren Behandlungsm\u00f6glichkeiten und verbessert die Ergebnisse bei gleichzeitiger Reduzierung potenzieller unerw\u00fcnschter Nebenwirkungen. <\/p><\/div><\/div>\n\n\n\n<div style=\"height:20px\" aria-hidden=\"true\" class=\"wp-block-spacer\"><\/div>\n\n\n\n<p>Yet, TRUS biopsy has a high risk of infection, including patients given prophylaxis medication. In a recent study, 7 of 564 patients who received TRUS were admitted to the hospital for infection within the first 7 days, compared to 1 of 562 patients for LATP. At 4 months, 13 patients who received TRUS had required hospital admission, compared to 6 patients who had received LATP<sup>1<\/sup>. The alternative transperineal or template (TP) biopsy has, in the past, typically only been available to men at greater risk of infection from certain medical conditions, and had to be done under general anaesthetic because of the need for multiple biopsy punctures<\/p>\n\n\n\n<p>The PrecisionPoint\u2122 Transperineal Access System is now revolutionising the methodology for obtaining prostate biopsies. Not only does it take full advantage of the transperineal path, decreasing risk of infections, it allows for more thorough sampling of all regions of the prostate including those difficult to access with the transrectal approach<sup>2<\/sup>.\u00a0<\/p>\n\n\n\n<p>PrecisionPoint\u2122 provides a free-hand experience for HCP to operate in local anaesthetic settings, potentially aiding hospitals with limited resources.<\/p>\n<\/div><\/div><\/div>\n\n\n\n<div id=\"\" class=\"wp-block-cgb-block-ll-content-block ll-row ll-row--med\"><div class=\"ll-content\"><div class=\"ll-content__inner\">\n<div class=\"wp-block-cgb-block-ll-innerblock-heading\"><div class=\"ll-headings\"><h3 class=\"ll-heading ll-heading--med\" style=\"color:#03843e\">Die Vorteile<\/h3><\/div><\/div>\n\n\n\n<ul class=\"wp-block-list\">\n<li>Bequem freih\u00e4ndig, leicht zu erlernen<\/li>\n\n\n\n<li>Decreases risk of sepsis over the transrectal approach, removing the necessity for routine antibiotic use thereby decreasing the risks of the spread of antibiotic-resistant micro-organisms<sup>3<\/sup><\/li>\n\n\n\n<li>Erm\u00f6glicht eine systematische schablonenartige Abtastung, ohne dass eine Schablone oder ein Stepper- und Stabilisatorenger\u00e4t erforderlich w\u00e4ren<sup>4<\/sup><\/li>\n\n\n\n<li>Wird unter \u00f6rtlicher Bet\u00e4ubung durchgef\u00fchrt, so dass der Eingriff in einer ambulanten Klinik vorgenommen werden kann<\/li>\n<\/ul>\n\n\n\n<figure class=\"wp-block-image size-large is-style-rounded\"><img decoding=\"async\" width=\"1040\" height=\"705\" src=\"https:\/\/bxta.com\/wp-content\/uploads\/2021\/09\/Packaged-PP-Device-DSC_4578-1-scaled-e1597788117157-1040x705.jpeg\" alt=\"Paclaging Device\" class=\"wp-image-3079\" srcset=\"https:\/\/bxta.com\/wp-content\/uploads\/2021\/09\/Packaged-PP-Device-DSC_4578-1-scaled-e1597788117157-1040x705.jpeg 1040w, https:\/\/bxta.com\/wp-content\/uploads\/2021\/09\/Packaged-PP-Device-DSC_4578-1-scaled-e1597788117157-800x542.jpeg 800w, https:\/\/bxta.com\/wp-content\/uploads\/2021\/09\/Packaged-PP-Device-DSC_4578-1-scaled-e1597788117157-768x520.jpeg 768w, https:\/\/bxta.com\/wp-content\/uploads\/2021\/09\/Packaged-PP-Device-DSC_4578-1-scaled-e1597788117157-18x12.jpeg 18w, https:\/\/bxta.com\/wp-content\/uploads\/2021\/09\/Packaged-PP-Device-DSC_4578-1-scaled-e1597788117157-350x237.jpeg 350w, https:\/\/bxta.com\/wp-content\/uploads\/2021\/09\/Packaged-PP-Device-DSC_4578-1-scaled-e1597788117157-400x271.jpeg 400w, https:\/\/bxta.com\/wp-content\/uploads\/2021\/09\/Packaged-PP-Device-DSC_4578-1-scaled-e1597788117157-1240x840.jpeg 1240w, https:\/\/bxta.com\/wp-content\/uploads\/2021\/09\/Packaged-PP-Device-DSC_4578-1-scaled-e1597788117157-1440x976.jpeg 1440w, https:\/\/bxta.com\/wp-content\/uploads\/2021\/09\/Packaged-PP-Device-DSC_4578-1-scaled-e1597788117157.jpeg 1480w\" sizes=\"(max-width: 1040px) 100vw, 1040px\" \/><\/figure>\n\n\n\n<p><\/p>\n<\/div><\/div><\/div>\n\n\n\n<div id=\"\" class=\"wp-block-cgb-block-ll-content-block ll-row ll-row--med\"><div class=\"ll-content\"><div class=\"ll-content__inner\">\n<div class=\"wp-block-cgb-block-ll-innerblock-heading\"><div class=\"ll-headings\"><h3 class=\"ll-heading ll-heading--med\" style=\"color:#03843e\">Transrektal im Vergleich zu transperineal<\/h3><\/div><\/div>\n\n\n\n<p>By passing the biopsy needle through the perineum instead of the rectum, the risks associated with the transrectal approach are reduced. The practitioner is not restricted to biopsy locations dictated by a grid configuration, since the technique is freehand. The practitioner can freely manoeuvre the ultrasound probe to align the access needle to target the desired locations with certainty for targeted and systematic biopsies.<\/p>\n\n\n\n<p>PrecisionPoint\u2122 represents a novel approach for urologist to obtain samples in difficult areas of the prostate<sup>5<\/sup> compared to TRUS procedures, through it&#8217;s ability to systematically allow access to the whole of the gland.<\/p>\n<\/div><\/div><\/div>\n\n\n\n<div id=\"\" class=\"wp-block-cgb-block-ll-content-block ll-row ll-row--med\"><div class=\"ll-content\"><div class=\"ll-content__inner\">\n<div class=\"wp-block-cgb-block-ll-innerblock-heading\"><div class=\"ll-headings\"><h3 class=\"ll-heading ll-heading--med\" style=\"color:#03843e\">Regionale Schulungszentren<\/h3><\/div><\/div>\n\n\n\n<p>BXTA arbeitet mit f\u00fchrenden Urologen, Fachkrankenpflegern und Vordenkern auf dem Gebiet der Prostatakrebsdiagnose zusammen, um LATP anstelle der TRUS-Biopsie zum neuen Behandlungsstandard zu machen.<\/p>\n\n\n\n<p>Wir haben im Rahmen eines internationalen Schulungsprogramms regionale Zentren f\u00fcr klinische Exzellenz in ganz Europa, Australien und Neuseeland eingerichtet, um die Zahl der Fach\u00e4rzte, Assistenz\u00e4rzte und Fachkrankenschwestern zu erh\u00f6hen, die mit dieser neuen fortschrittlichen Prostatabiopsietechnik vertraut sind.<\/p>\n\n\n\n<div style=\"height:59px\" aria-hidden=\"true\" class=\"wp-block-spacer\"><\/div>\n\n\n\n<figure class=\"wp-block-embed is-type-video is-provider-youtube wp-block-embed-youtube aligncenter wp-embed-aspect-16-9 wp-has-aspect-ratio\"><div class=\"wp-block-embed__wrapper\">\n<iframe loading=\"lazy\" title=\"Adjunct Professor Peter Heathcote discusses options in prostate biopsy\" width=\"500\" height=\"281\" src=\"https:\/\/www.youtube.com\/embed\/G5Ba5KqPiTY?feature=oembed\" frameborder=\"0\" allow=\"accelerometer; autoplay; clipboard-write; encrypted-media; gyroscope; picture-in-picture; web-share\" referrerpolicy=\"strict-origin-when-cross-origin\" allowfullscreen><\/iframe>\n<\/div><figcaption class=\"wp-element-caption\"><strong>Click here to listen to Professor&nbsp;Peter Heathcote discussing options in prostate biopsy<br><\/strong><\/figcaption><\/figure>\n<\/div><\/div><\/div>\n\n\n\n<div id=\"\" class=\"wp-block-cgb-block-ll-content-block ll-row ll-row--med\"><div class=\"ll-content\"><div class=\"ll-content__inner\">\n<p>Literaturverzeichnis:<\/p>\n\n\n\n<ol class=\"wp-block-list\">\n<li>Local anaesthetic transperineal biopsy versus transrectal prostate biopsy in prostate cancer detection (TRANSLATE): a multicentre, randomised, controlled trial. Richard J Bryant, Ioana R Marian, Roxanne Williams, J Francisco Lopez, Claudia Mercader, Mutie Raslan, et al. The Lancet Oncology, Volume 26, Issue 5, 583 \u2013 59, 2025.<\/li>\n\n\n\n<li>Is There an Impact of Transperineal Versus Transrectal Magnetic Resonance Imaging-targeted Biopsy in Clinically Significant Prostate Cancer Detection Rate? A Systematic Review and Meta-analysis.\u00a0Uleri A, Baboudjian M, Tedde A, Gallioli A, Long-Depaquit T, Palou J,\u00a0et al. Eur Urol Oncol. Dec;6(6):621-628, 2023.<\/li>\n\n\n\n<li>EXIT from TRansrectal prostate biopsies (TREXIT): sepsis rates of transrectal biopsy with rectal swab culture guided antimicrobials versus freehand transperineal biopsy. Newman, T.H., Stroman, L., Hadjipavlou, M.\u00a0Haque, A., Rusere, J., Chan, K., <em>et al.<\/em>\u00a0<em>Prostate Cancer Prostatic Dis<\/em>\u00a0<strong>25<\/strong>, 283\u2013287, 2022<\/li>\n\n\n\n<li>Transperineal Magnetic Resonance Imaging-Fusion Targeted Prostate Biopsy Utilizing the PrecisionPoint Transperineal Access System vs a Grid Template: An Assessment of Outcomes. Buller D, Lin F, Wagner J, Antony M, Staff I, McLaughlin T, Tortora J, et al. Urology. 2025<\/li>\n\n\n\n<li>Anterior prostate cancer: is it more difficult to diagnose? Bott SR, Young MP, Kellett MJ, Parkinson MC. BJU Int. Jun;89(9):886-9.\u00a02002<\/li>\n<\/ol>\n<\/div><\/div><\/div>\n\n\n\n<p><\/p>\n\n\n\n<p><\/p>","protected":false},"excerpt":{"rendered":"","protected":false},"author":1,"featured_media":0,"parent":306,"menu_order":0,"comment_status":"closed","ping_status":"closed","template":"template-content.php","meta":{"_acf_changed":false,"_monsterinsights_skip_tracking":false,"_monsterinsights_sitenote_active":false,"_monsterinsights_sitenote_note":"","_monsterinsights_sitenote_category":0,"footnotes":"[]"},"class_list":["post-323","page","type-page","status-publish","hentry"],"acf":[],"yoast_head":"<!-- This site is optimized with the Yoast SEO plugin v27.5 - https:\/\/yoast.com\/product\/yoast-seo-wordpress\/ -->\n<title>PrecisionPoint&#x2122; - BXTA<\/title>\n<meta name=\"description\" content=\"PrecisionPoint Prostate Biopsy Transperineal Device Local Anaesthetic Procedure\" \/>\n<meta name=\"robots\" content=\"index, follow, max-snippet:-1, max-image-preview:large, max-video-preview:-1\" \/>\n<link rel=\"canonical\" href=\"https:\/\/bxta.com\/de\/healthcare-professionals\/precisionpoint\/\" \/>\n<meta property=\"og:locale\" content=\"de_DE\" \/>\n<meta property=\"og:type\" content=\"article\" \/>\n<meta property=\"og:title\" content=\"PrecisionPoint&#x2122; - BXTA\" \/>\n<meta property=\"og:description\" content=\"PrecisionPoint Prostate Biopsy Transperineal Device Local Anaesthetic Procedure\" \/>\n<meta property=\"og:url\" content=\"https:\/\/bxta.com\/de\/healthcare-professionals\/precisionpoint\/\" \/>\n<meta property=\"og:site_name\" content=\"BXTA\" \/>\n<meta property=\"article:publisher\" content=\"https:\/\/www.facebook.com\/bxtainternational\/\" \/>\n<meta property=\"article:modified_time\" content=\"2026-01-05T13:08:19+00:00\" \/>\n<meta property=\"og:image\" content=\"https:\/\/bxta.com\/wp-content\/uploads\/2021\/09\/Packaged-PP-Device-DSC_4578-1-scaled-e1597788117157-1040x705.jpeg\" \/>\n<meta name=\"twitter:card\" content=\"summary_large_image\" \/>\n<meta name=\"twitter:site\" content=\"@BXTA_\" \/>\n<meta name=\"twitter:label1\" content=\"Gesch\u00e4tzte Lesezeit\" \/>\n\t<meta name=\"twitter:data1\" content=\"4\u00a0Minuten\" \/>\n<script type=\"application\/ld+json\" class=\"yoast-schema-graph\">{\"@context\":\"https:\\\/\\\/schema.org\",\"@graph\":[{\"@type\":\"WebPage\",\"@id\":\"https:\\\/\\\/bxta.com\\\/healthcare-professionals\\\/precisionpoint\\\/\",\"url\":\"https:\\\/\\\/bxta.com\\\/healthcare-professionals\\\/precisionpoint\\\/\",\"name\":\"PrecisionPoint&#x2122; - BXTA\",\"isPartOf\":{\"@id\":\"https:\\\/\\\/bxta.com\\\/uk\\\/#website\"},\"primaryImageOfPage\":{\"@id\":\"https:\\\/\\\/bxta.com\\\/healthcare-professionals\\\/precisionpoint\\\/#primaryimage\"},\"image\":{\"@id\":\"https:\\\/\\\/bxta.com\\\/healthcare-professionals\\\/precisionpoint\\\/#primaryimage\"},\"thumbnailUrl\":\"https:\\\/\\\/bxta.com\\\/wp-content\\\/uploads\\\/2021\\\/09\\\/Packaged-PP-Device-DSC_4578-1-scaled-e1597788117157-1040x705.jpeg\",\"datePublished\":\"2020-03-29T22:29:10+00:00\",\"dateModified\":\"2026-01-05T13:08:19+00:00\",\"description\":\"PrecisionPoint Prostate Biopsy Transperineal Device Local Anaesthetic Procedure\",\"breadcrumb\":{\"@id\":\"https:\\\/\\\/bxta.com\\\/healthcare-professionals\\\/precisionpoint\\\/#breadcrumb\"},\"inLanguage\":\"de\",\"potentialAction\":[{\"@type\":\"ReadAction\",\"target\":[\"https:\\\/\\\/bxta.com\\\/healthcare-professionals\\\/precisionpoint\\\/\"]}]},{\"@type\":\"ImageObject\",\"inLanguage\":\"de\",\"@id\":\"https:\\\/\\\/bxta.com\\\/healthcare-professionals\\\/precisionpoint\\\/#primaryimage\",\"url\":\"https:\\\/\\\/bxta.com\\\/wp-content\\\/uploads\\\/2021\\\/09\\\/Packaged-PP-Device-DSC_4578-1-scaled-e1597788117157-1040x705.jpeg\",\"contentUrl\":\"https:\\\/\\\/bxta.com\\\/wp-content\\\/uploads\\\/2021\\\/09\\\/Packaged-PP-Device-DSC_4578-1-scaled-e1597788117157-1040x705.jpeg\"},{\"@type\":\"BreadcrumbList\",\"@id\":\"https:\\\/\\\/bxta.com\\\/healthcare-professionals\\\/precisionpoint\\\/#breadcrumb\",\"itemListElement\":[{\"@type\":\"ListItem\",\"position\":1,\"name\":\"Home\",\"item\":\"https:\\\/\\\/bxta.com\\\/\"},{\"@type\":\"ListItem\",\"position\":2,\"name\":\"Healthcare Professionals\",\"item\":\"https:\\\/\\\/bxta.com\\\/uk\\\/healthcare-professionals\\\/\"},{\"@type\":\"ListItem\",\"position\":3,\"name\":\"PrecisionPoint&#x2122;\"}]},{\"@type\":\"WebSite\",\"@id\":\"https:\\\/\\\/bxta.com\\\/uk\\\/#website\",\"url\":\"https:\\\/\\\/bxta.com\\\/uk\\\/\",\"name\":\"BXTA\",\"description\":\"Let\u2019s tackle Prostate Cancer together | BXTA\",\"publisher\":{\"@id\":\"https:\\\/\\\/bxta.com\\\/uk\\\/#organization\"},\"potentialAction\":[{\"@type\":\"SearchAction\",\"target\":{\"@type\":\"EntryPoint\",\"urlTemplate\":\"https:\\\/\\\/bxta.com\\\/uk\\\/?s={search_term_string}\"},\"query-input\":{\"@type\":\"PropertyValueSpecification\",\"valueRequired\":true,\"valueName\":\"search_term_string\"}}],\"inLanguage\":\"de\"},{\"@type\":\"Organization\",\"@id\":\"https:\\\/\\\/bxta.com\\\/uk\\\/#organization\",\"name\":\"BXTA\",\"url\":\"https:\\\/\\\/bxta.com\\\/uk\\\/\",\"logo\":{\"@type\":\"ImageObject\",\"inLanguage\":\"de\",\"@id\":\"https:\\\/\\\/bxta.com\\\/uk\\\/#\\\/schema\\\/logo\\\/image\\\/\",\"url\":\"https:\\\/\\\/bxta-staging.s3.eu-west-2.amazonaws.com\\\/app\\\/uploads\\\/2021\\\/09\\\/07212056\\\/BXTA-Logo.png\",\"contentUrl\":\"https:\\\/\\\/bxta-staging.s3.eu-west-2.amazonaws.com\\\/app\\\/uploads\\\/2021\\\/09\\\/07212056\\\/BXTA-Logo.png\",\"width\":600,\"height\":373,\"caption\":\"BXTA\"},\"image\":{\"@id\":\"https:\\\/\\\/bxta.com\\\/uk\\\/#\\\/schema\\\/logo\\\/image\\\/\"},\"sameAs\":[\"https:\\\/\\\/www.facebook.com\\\/bxtainternational\\\/\",\"https:\\\/\\\/x.com\\\/BXTA_\",\"https:\\\/\\\/www.linkedin.com\\\/company\\\/bxtaccelyon\",\"https:\\\/\\\/www.youtube.com\\\/channel\\\/UCkTU9L10CS5c1eWtGiMZ7gw\"]}]}<\/script>\n<!-- \/ Yoast SEO plugin. -->","yoast_head_json":{"title":"PrecisionPoint&#x2122; - BXTA","description":"PrecisionPoint Prostate Biopsy Transperineal Device Local Anaesthetic Procedure","robots":{"index":"index","follow":"follow","max-snippet":"max-snippet:-1","max-image-preview":"max-image-preview:large","max-video-preview":"max-video-preview:-1"},"canonical":"https:\/\/bxta.com\/de\/healthcare-professionals\/precisionpoint\/","og_locale":"de_DE","og_type":"article","og_title":"PrecisionPoint&#x2122; - BXTA","og_description":"PrecisionPoint Prostate Biopsy Transperineal Device Local Anaesthetic Procedure","og_url":"https:\/\/bxta.com\/de\/healthcare-professionals\/precisionpoint\/","og_site_name":"BXTA","article_publisher":"https:\/\/www.facebook.com\/bxtainternational\/","article_modified_time":"2026-01-05T13:08:19+00:00","og_image":[{"url":"https:\/\/bxta.com\/wp-content\/uploads\/2021\/09\/Packaged-PP-Device-DSC_4578-1-scaled-e1597788117157-1040x705.jpeg","type":"","width":"","height":""}],"twitter_card":"summary_large_image","twitter_site":"@BXTA_","twitter_misc":{"Gesch\u00e4tzte Lesezeit":"4\u00a0Minuten"},"schema":{"@context":"https:\/\/schema.org","@graph":[{"@type":"WebPage","@id":"https:\/\/bxta.com\/healthcare-professionals\/precisionpoint\/","url":"https:\/\/bxta.com\/healthcare-professionals\/precisionpoint\/","name":"PrecisionPoint&#x2122; - BXTA","isPartOf":{"@id":"https:\/\/bxta.com\/uk\/#website"},"primaryImageOfPage":{"@id":"https:\/\/bxta.com\/healthcare-professionals\/precisionpoint\/#primaryimage"},"image":{"@id":"https:\/\/bxta.com\/healthcare-professionals\/precisionpoint\/#primaryimage"},"thumbnailUrl":"https:\/\/bxta.com\/wp-content\/uploads\/2021\/09\/Packaged-PP-Device-DSC_4578-1-scaled-e1597788117157-1040x705.jpeg","datePublished":"2020-03-29T22:29:10+00:00","dateModified":"2026-01-05T13:08:19+00:00","description":"PrecisionPoint Prostate Biopsy Transperineal Device Local Anaesthetic Procedure","breadcrumb":{"@id":"https:\/\/bxta.com\/healthcare-professionals\/precisionpoint\/#breadcrumb"},"inLanguage":"de","potentialAction":[{"@type":"ReadAction","target":["https:\/\/bxta.com\/healthcare-professionals\/precisionpoint\/"]}]},{"@type":"ImageObject","inLanguage":"de","@id":"https:\/\/bxta.com\/healthcare-professionals\/precisionpoint\/#primaryimage","url":"https:\/\/bxta.com\/wp-content\/uploads\/2021\/09\/Packaged-PP-Device-DSC_4578-1-scaled-e1597788117157-1040x705.jpeg","contentUrl":"https:\/\/bxta.com\/wp-content\/uploads\/2021\/09\/Packaged-PP-Device-DSC_4578-1-scaled-e1597788117157-1040x705.jpeg"},{"@type":"BreadcrumbList","@id":"https:\/\/bxta.com\/healthcare-professionals\/precisionpoint\/#breadcrumb","itemListElement":[{"@type":"ListItem","position":1,"name":"Home","item":"https:\/\/bxta.com\/"},{"@type":"ListItem","position":2,"name":"Healthcare Professionals","item":"https:\/\/bxta.com\/uk\/healthcare-professionals\/"},{"@type":"ListItem","position":3,"name":"PrecisionPoint&#x2122;"}]},{"@type":"WebSite","@id":"https:\/\/bxta.com\/uk\/#website","url":"https:\/\/bxta.com\/uk\/","name":"BXTA","description":"Let\u2019s tackle Prostate Cancer together | BXTA","publisher":{"@id":"https:\/\/bxta.com\/uk\/#organization"},"potentialAction":[{"@type":"SearchAction","target":{"@type":"EntryPoint","urlTemplate":"https:\/\/bxta.com\/uk\/?s={search_term_string}"},"query-input":{"@type":"PropertyValueSpecification","valueRequired":true,"valueName":"search_term_string"}}],"inLanguage":"de"},{"@type":"Organization","@id":"https:\/\/bxta.com\/uk\/#organization","name":"BXTA","url":"https:\/\/bxta.com\/uk\/","logo":{"@type":"ImageObject","inLanguage":"de","@id":"https:\/\/bxta.com\/uk\/#\/schema\/logo\/image\/","url":"https:\/\/bxta-staging.s3.eu-west-2.amazonaws.com\/app\/uploads\/2021\/09\/07212056\/BXTA-Logo.png","contentUrl":"https:\/\/bxta-staging.s3.eu-west-2.amazonaws.com\/app\/uploads\/2021\/09\/07212056\/BXTA-Logo.png","width":600,"height":373,"caption":"BXTA"},"image":{"@id":"https:\/\/bxta.com\/uk\/#\/schema\/logo\/image\/"},"sameAs":["https:\/\/www.facebook.com\/bxtainternational\/","https:\/\/x.com\/BXTA_","https:\/\/www.linkedin.com\/company\/bxtaccelyon","https:\/\/www.youtube.com\/channel\/UCkTU9L10CS5c1eWtGiMZ7gw"]}]}},"_links":{"self":[{"href":"https:\/\/bxta.com\/de\/wp-json\/wp\/v2\/pages\/323","targetHints":{"allow":["GET"]}}],"collection":[{"href":"https:\/\/bxta.com\/de\/wp-json\/wp\/v2\/pages"}],"about":[{"href":"https:\/\/bxta.com\/de\/wp-json\/wp\/v2\/types\/page"}],"author":[{"embeddable":true,"href":"https:\/\/bxta.com\/de\/wp-json\/wp\/v2\/users\/1"}],"replies":[{"embeddable":true,"href":"https:\/\/bxta.com\/de\/wp-json\/wp\/v2\/comments?post=323"}],"version-history":[{"count":39,"href":"https:\/\/bxta.com\/de\/wp-json\/wp\/v2\/pages\/323\/revisions"}],"predecessor-version":[{"id":4439,"href":"https:\/\/bxta.com\/de\/wp-json\/wp\/v2\/pages\/323\/revisions\/4439"}],"up":[{"embeddable":true,"href":"https:\/\/bxta.com\/de\/wp-json\/wp\/v2\/pages\/306"}],"wp:attachment":[{"href":"https:\/\/bxta.com\/de\/wp-json\/wp\/v2\/media?parent=323"}],"curies":[{"name":"wp","href":"https:\/\/api.w.org\/{rel}","templated":true}]}}