{"id":319,"date":"2020-03-29T22:27:39","date_gmt":"2020-03-29T22:27:39","guid":{"rendered":"http:\/\/bxta-staging.website\/?page_id=319"},"modified":"2022-08-26T09:06:34","modified_gmt":"2022-08-26T09:06:34","slug":"our-services","status":"publish","type":"page","link":"https:\/\/bxta.com\/de\/healthcare-professionals\/our-services\/","title":{"rendered":"Unsere Services"},"content":{"rendered":"<p><a href=\"https:\/\/bxta-staging.website\/wp-admin\/edit.php?post_type=page\"><\/a><\/p>\n\n\n\n<style>\n.align-center {\npadding:10px 0px;\npadding-top:19px;\ntext-align:center!important;\n}\n<\/style>\n\n\n\n<div style=\"height:30px\" aria-hidden=\"true\" class=\"wp-block-spacer\"><\/div>\n\n\n\n<div id=\"\" class=\"wp-block-cgb-block-ll-content-block ll-row ll-row--med\"><div class=\"ll-content\"><div class=\"ll-content__inner\">\n<div class=\"wp-block-cgb-block-ll-innerblock-heading\"><div class=\"ll-headings\"><h1 class=\"ll-heading ll-heading--lrg\" style=\"color:#03843e\">Unsere Services<\/h1><\/div><\/div>\n\n\n\n<p>Unser engagiertes, erfahrenes Team aus hochqualifizierten Experten verf\u00fcgt \u00fcber langj\u00e4hrige Erfahrung auf dem Gebiet der Brachytherapie. Sie verstehen, was ihren Kunden wichtig ist, und sind darum bem\u00fcht, durchgehend hervorragenden Service und optimale Unterst\u00fctzung zu bieten. Das Team unternimmt alles in seiner Macht stehende, um den bestm\u00f6glichen Service zu bieten, und ist sich stets der Wichtigkeit seiner Handlungen bewusst. Schlie\u00dflich kann die Gew\u00e4hrleistung der rechtzeitigen Behandlung eines Patienten mit LDR-B lebensrettend sein.<\/p>\n\n\n\n<p>Die Bereitstellung der richtigen Produktverschreibung ist in der Brachytherapie zeitkritisch.<\/p>\n\n\n\n<div style=\"height:30px\" aria-hidden=\"true\" class=\"wp-block-spacer\"><\/div>\n\n\n\n<div style=\"background-color:#03843e\" class=\"wp-block-cgb-block-ll-innerblock-text-padded\"><div class=\"ll-text-padded ll-align--center\"><p style=\"color:#ffffff\"> BXTA hat ein effizientes Lieferkettensystem eingerichtet, das unseren Partnern in den Brachytherapiezentren in 13 L\u00e4ndern weltweit garantiert, den h\u00f6chsten Qualit\u00e4ts- und Zuverl\u00e4ssigkeitsstandards gem\u00e4\u00df beliefert zu werden. <\/p><\/div><\/div>\n\n\n\n<p><\/p>\n<\/div><\/div><\/div>\n\n\n\n<div id=\"\" class=\"wp-block-cgb-block-ll-content-block ll-row ll-row--sml\"><div class=\"ll-content\"><div class=\"ll-content__inner\">\n<div class=\"wp-block-cgb-block-ll-innerblock-heading\"><div class=\"ll-headings\"><h2 class=\"ll-heading ll-heading--med\" style=\"color:#03843e\">BXTA bietet Brachytherapie-Zentren:<\/h2><\/div><\/div>\n\n\n\n<ul class=\"wp-block-list\"><li>Einfache Einrichtung und einen unkomplizierten Bestellprozess mit ma\u00dfgeschneidertem Aktionsplan f\u00fcr jedes einzelne neue Zentrum.<\/li><li>Praxisnahe Schulung f\u00fcr klinische Krankenhaus-Teams durch eine personalisierte Website, WebBXT (www.webbxt.com), die es den Zentren erm\u00f6glicht, Bestellungen selbst online zu bearbeiten<\/li><li>Exklusiven Zugang zu 4D Brachytherapy\u2122 durch WebBXT&nbsp;<a href=\"\/de\/4d-brachytherapy\/\">4D Brachytherapy<\/a>&#x2122; through&nbsp;<a href=\"\/de\/webbxt\/\">webBXT<\/a><\/li><li>Die Flexibilit\u00e4t, unser Produktangebot auf alle bestehenden und neuen Behandlungsans\u00e4tze abzustimmen<\/li><li>Ein engagiertes, sehr erfahrenes und mehrsprachiges Team<\/li><li>Engagement f\u00fcr Schulung, Ausbildung, Forschung und Entwicklung<\/li><li>Vollkommene Zuverl\u00e4ssigkeit bei der Seed-Bereitstellung<\/li><li>Un\u00fcbertroffene Unterst\u00fctzung f\u00fcr Brachytherapie-Programme<\/li><li>Kontinuierliche Produkt- und Service-Entwicklungen<\/li><li>ISO-akkreditiert seit 2013&nbsp;<\/li><\/ul>\n\n\n\n<p><\/p>\n<\/div><\/div><\/div>\n\n\n\n<div id=\"\" class=\"wp-block-cgb-block-ll-content-block ll-row default\"><div class=\"ll-content\"><div class=\"ll-content__inner\">\n<div id=\"\" class=\"wp-block-cgb-block-ll-content-block ll-row ll-row--med ll-align--center\" style=\"background-color:#ffffff\"><div class=\"ll-content\"><div class=\"ll-content__inner\">\n<div class=\"wp-block-cgb-block-ll-person-card ll-card--person  card--center\"><div class=\"ll-card__inner\"><div class=\"ll-card__image\" style=\"background-image:url(https:\/\/bxta.com\/wp-content\/uploads\/2020\/08\/katrin1-150x150.png)\"><\/div><div class=\"ll-card__content\"><p class=\"ll-card__heading\">Lernen Sie eines unserer herausragenden Kundenbetriebsteams kennen<\/p><div class=\"ll-card__text\">\n<p class=\"ll-card__text-entry\">\u201eWir sind stolz darauf, wie das Team sich in den letzten 12 Monaten entwickelt hat. Die Teams sind ein Kernst\u00fcck unseres Wachstums, sowohl in Gro\u00dfbritannien als auch international, und werden zweifellos immer st\u00e4rker werden, da die Nachfrage nach unseren Produkten und unserem Service weltweit kontinuierlich steigt.\u201c<\/p>\n<\/div><\/div><\/div><\/div>\n\n\n\n<div id=\"\" class=\"wp-block-cgb-block-ll-buttons ll-row default l\"><div class=\"ll-buttons-row\"><\/div><\/div>\n<\/div><\/div><\/div>\n<\/div><\/div><\/div>\n\n\n\n<div id=\"\" class=\"wp-block-cgb-block-ll-content-block ll-row default\"><div class=\"ll-content\"><div class=\"ll-content__inner\">\n<p>BXTA se enorgullece de ser el distribuidor global de <a href=\"\/de\/precision-point\/\">PrecisionPoint&#x2122;<\/a>, a prostate biopsy device that bypasses the need for the risky transrectal prostate cancer biopsy that many hospitals are phasing out, as well as the new online prostate MRI self-learning platform, <a href=\"\/de\/mri-pro\/\">MRI PRO<\/a>.<\/p>\n<\/div><\/div><\/div>\n\n\n\n<div id=\"\" class=\"wp-block-cgb-block-ll-content-block ll-row ll-row--med\"><div class=\"ll-content\"><div class=\"ll-content__inner\">\n<p>Neben Berufsverb\u00e4nden wie der British Association of Urological Surgeons, der Royal Society of Medicine, Prostate Cancer UK, der British Association of Urological Nurses und vielen anderen unterst\u00fctzt BXTA die <a href=\"https:\/\/bxta.com\/de\/open-letter-to-the-rt-hon-matt-hancock-mp-re-time-for-trexit\/\">UK national \u2018TRexit\u2019 initiative<\/a>, eine Kampagne, die darauf abzielt, dass der NHS das erste Gesundheitssystem der Welt wird, das MRT nicht nur vor der Biopsie anbietet, sondern die transrektale (oder transf\u00e4kale) Biopsie zudem aufgibt.<\/p>\n\n\n\n<div style=\"height:20px\" aria-hidden=\"true\" class=\"wp-block-spacer\"><\/div>\n\n\n\n<div id=\"\" class=\"wp-block-cgb-block-ll-buttons ll-row default\"><div class=\"ll-buttons-row\"><\/div><\/div>\n\n\n\n<p><\/p>\n<\/div><\/div><\/div>\n\n\n\n<p><\/p>","protected":false},"excerpt":{"rendered":"","protected":false},"author":1,"featured_media":0,"parent":306,"menu_order":0,"comment_status":"closed","ping_status":"closed","template":"template-content.php","meta":{"_acf_changed":false,"_monsterinsights_skip_tracking":false,"_monsterinsights_sitenote_active":false,"_monsterinsights_sitenote_note":"","_monsterinsights_sitenote_category":0,"footnotes":""},"class_list":["post-319","page","type-page","status-publish","hentry"],"acf":[],"yoast_head":"<!-- This site is optimized with the Yoast SEO plugin v27.5 - https:\/\/yoast.com\/product\/yoast-seo-wordpress\/ -->\n<title>Brachytherapy Services - BXTA<\/title>\n<meta name=\"description\" content=\"BXTA is guaranteed to deliver to the highest standards of quality and reliability to our brachytherapy partners across the world.\" \/>\n<meta name=\"robots\" content=\"index, follow, max-snippet:-1, max-image-preview:large, max-video-preview:-1\" \/>\n<link rel=\"canonical\" href=\"https:\/\/bxta.com\/de\/healthcare-professionals\/our-services\/\" \/>\n<meta property=\"og:locale\" content=\"de_DE\" \/>\n<meta property=\"og:type\" content=\"article\" \/>\n<meta property=\"og:title\" content=\"Brachytherapy Services - BXTA\" \/>\n<meta property=\"og:description\" content=\"BXTA is guaranteed to deliver to the highest standards of quality and reliability to our brachytherapy partners across the world.\" \/>\n<meta property=\"og:url\" content=\"https:\/\/bxta.com\/de\/healthcare-professionals\/our-services\/\" \/>\n<meta property=\"og:site_name\" content=\"BXTA\" \/>\n<meta property=\"article:publisher\" content=\"https:\/\/www.facebook.com\/bxtainternational\/\" \/>\n<meta property=\"article:modified_time\" content=\"2022-08-26T09:06:34+00:00\" \/>\n<meta property=\"og:image\" content=\"https:\/\/bxta.com\/wp-content\/uploads\/2021\/05\/BXTA-2-scaled.jpg\" \/>\n\t<meta property=\"og:image:width\" content=\"1480\" \/>\n\t<meta property=\"og:image:height\" content=\"1046\" \/>\n\t<meta property=\"og:image:type\" content=\"image\/jpeg\" \/>\n<meta name=\"twitter:card\" content=\"summary_large_image\" \/>\n<meta name=\"twitter:site\" content=\"@BXTA_\" \/>\n<meta name=\"twitter:label1\" content=\"Gesch\u00e4tzte Lesezeit\" \/>\n\t<meta name=\"twitter:data1\" content=\"2\u00a0Minuten\" \/>\n<script type=\"application\/ld+json\" class=\"yoast-schema-graph\">{\"@context\":\"https:\\\/\\\/schema.org\",\"@graph\":[{\"@type\":\"WebPage\",\"@id\":\"https:\\\/\\\/bxta.com\\\/healthcare-professionals\\\/our-services\\\/\",\"url\":\"https:\\\/\\\/bxta.com\\\/healthcare-professionals\\\/our-services\\\/\",\"name\":\"Brachytherapy Services - BXTA\",\"isPartOf\":{\"@id\":\"https:\\\/\\\/bxta.com\\\/uk\\\/#website\"},\"datePublished\":\"2020-03-29T22:27:39+00:00\",\"dateModified\":\"2022-08-26T09:06:34+00:00\",\"description\":\"BXTA is guaranteed to deliver to the highest standards of quality and reliability to our brachytherapy partners across the world.\",\"breadcrumb\":{\"@id\":\"https:\\\/\\\/bxta.com\\\/healthcare-professionals\\\/our-services\\\/#breadcrumb\"},\"inLanguage\":\"de\",\"potentialAction\":[{\"@type\":\"ReadAction\",\"target\":[\"https:\\\/\\\/bxta.com\\\/healthcare-professionals\\\/our-services\\\/\"]}]},{\"@type\":\"BreadcrumbList\",\"@id\":\"https:\\\/\\\/bxta.com\\\/healthcare-professionals\\\/our-services\\\/#breadcrumb\",\"itemListElement\":[{\"@type\":\"ListItem\",\"position\":1,\"name\":\"Home\",\"item\":\"https:\\\/\\\/bxta.com\\\/\"},{\"@type\":\"ListItem\",\"position\":2,\"name\":\"Healthcare Professionals\",\"item\":\"https:\\\/\\\/bxta.com\\\/uk\\\/healthcare-professionals\\\/\"},{\"@type\":\"ListItem\",\"position\":3,\"name\":\"Our services\"}]},{\"@type\":\"WebSite\",\"@id\":\"https:\\\/\\\/bxta.com\\\/uk\\\/#website\",\"url\":\"https:\\\/\\\/bxta.com\\\/uk\\\/\",\"name\":\"BXTA\",\"description\":\"Let\u2019s tackle Prostate Cancer together | BXTA\",\"publisher\":{\"@id\":\"https:\\\/\\\/bxta.com\\\/uk\\\/#organization\"},\"potentialAction\":[{\"@type\":\"SearchAction\",\"target\":{\"@type\":\"EntryPoint\",\"urlTemplate\":\"https:\\\/\\\/bxta.com\\\/uk\\\/?s={search_term_string}\"},\"query-input\":{\"@type\":\"PropertyValueSpecification\",\"valueRequired\":true,\"valueName\":\"search_term_string\"}}],\"inLanguage\":\"de\"},{\"@type\":\"Organization\",\"@id\":\"https:\\\/\\\/bxta.com\\\/uk\\\/#organization\",\"name\":\"BXTA\",\"url\":\"https:\\\/\\\/bxta.com\\\/uk\\\/\",\"logo\":{\"@type\":\"ImageObject\",\"inLanguage\":\"de\",\"@id\":\"https:\\\/\\\/bxta.com\\\/uk\\\/#\\\/schema\\\/logo\\\/image\\\/\",\"url\":\"https:\\\/\\\/bxta-staging.s3.eu-west-2.amazonaws.com\\\/app\\\/uploads\\\/2021\\\/09\\\/07212056\\\/BXTA-Logo.png\",\"contentUrl\":\"https:\\\/\\\/bxta-staging.s3.eu-west-2.amazonaws.com\\\/app\\\/uploads\\\/2021\\\/09\\\/07212056\\\/BXTA-Logo.png\",\"width\":600,\"height\":373,\"caption\":\"BXTA\"},\"image\":{\"@id\":\"https:\\\/\\\/bxta.com\\\/uk\\\/#\\\/schema\\\/logo\\\/image\\\/\"},\"sameAs\":[\"https:\\\/\\\/www.facebook.com\\\/bxtainternational\\\/\",\"https:\\\/\\\/x.com\\\/BXTA_\",\"https:\\\/\\\/www.linkedin.com\\\/company\\\/bxtaccelyon\",\"https:\\\/\\\/www.youtube.com\\\/channel\\\/UCkTU9L10CS5c1eWtGiMZ7gw\"]}]}<\/script>\n<!-- \/ Yoast SEO plugin. -->","yoast_head_json":{"title":"Brachytherapy Services - BXTA","description":"BXTA is guaranteed to deliver to the highest standards of quality and reliability to our brachytherapy partners across the world.","robots":{"index":"index","follow":"follow","max-snippet":"max-snippet:-1","max-image-preview":"max-image-preview:large","max-video-preview":"max-video-preview:-1"},"canonical":"https:\/\/bxta.com\/de\/healthcare-professionals\/our-services\/","og_locale":"de_DE","og_type":"article","og_title":"Brachytherapy Services - BXTA","og_description":"BXTA is guaranteed to deliver to the highest standards of quality and reliability to our brachytherapy partners across the world.","og_url":"https:\/\/bxta.com\/de\/healthcare-professionals\/our-services\/","og_site_name":"BXTA","article_publisher":"https:\/\/www.facebook.com\/bxtainternational\/","article_modified_time":"2022-08-26T09:06:34+00:00","og_image":[{"width":1480,"height":1046,"url":"https:\/\/bxta.com\/wp-content\/uploads\/2021\/05\/BXTA-2-scaled.jpg","type":"image\/jpeg"}],"twitter_card":"summary_large_image","twitter_site":"@BXTA_","twitter_misc":{"Gesch\u00e4tzte Lesezeit":"2\u00a0Minuten"},"schema":{"@context":"https:\/\/schema.org","@graph":[{"@type":"WebPage","@id":"https:\/\/bxta.com\/healthcare-professionals\/our-services\/","url":"https:\/\/bxta.com\/healthcare-professionals\/our-services\/","name":"Brachytherapy Services - BXTA","isPartOf":{"@id":"https:\/\/bxta.com\/uk\/#website"},"datePublished":"2020-03-29T22:27:39+00:00","dateModified":"2022-08-26T09:06:34+00:00","description":"BXTA is guaranteed to deliver to the highest standards of quality and reliability to our brachytherapy partners across the world.","breadcrumb":{"@id":"https:\/\/bxta.com\/healthcare-professionals\/our-services\/#breadcrumb"},"inLanguage":"de","potentialAction":[{"@type":"ReadAction","target":["https:\/\/bxta.com\/healthcare-professionals\/our-services\/"]}]},{"@type":"BreadcrumbList","@id":"https:\/\/bxta.com\/healthcare-professionals\/our-services\/#breadcrumb","itemListElement":[{"@type":"ListItem","position":1,"name":"Home","item":"https:\/\/bxta.com\/"},{"@type":"ListItem","position":2,"name":"Healthcare Professionals","item":"https:\/\/bxta.com\/uk\/healthcare-professionals\/"},{"@type":"ListItem","position":3,"name":"Our services"}]},{"@type":"WebSite","@id":"https:\/\/bxta.com\/uk\/#website","url":"https:\/\/bxta.com\/uk\/","name":"BXTA","description":"Let\u2019s tackle Prostate Cancer together | BXTA","publisher":{"@id":"https:\/\/bxta.com\/uk\/#organization"},"potentialAction":[{"@type":"SearchAction","target":{"@type":"EntryPoint","urlTemplate":"https:\/\/bxta.com\/uk\/?s={search_term_string}"},"query-input":{"@type":"PropertyValueSpecification","valueRequired":true,"valueName":"search_term_string"}}],"inLanguage":"de"},{"@type":"Organization","@id":"https:\/\/bxta.com\/uk\/#organization","name":"BXTA","url":"https:\/\/bxta.com\/uk\/","logo":{"@type":"ImageObject","inLanguage":"de","@id":"https:\/\/bxta.com\/uk\/#\/schema\/logo\/image\/","url":"https:\/\/bxta-staging.s3.eu-west-2.amazonaws.com\/app\/uploads\/2021\/09\/07212056\/BXTA-Logo.png","contentUrl":"https:\/\/bxta-staging.s3.eu-west-2.amazonaws.com\/app\/uploads\/2021\/09\/07212056\/BXTA-Logo.png","width":600,"height":373,"caption":"BXTA"},"image":{"@id":"https:\/\/bxta.com\/uk\/#\/schema\/logo\/image\/"},"sameAs":["https:\/\/www.facebook.com\/bxtainternational\/","https:\/\/x.com\/BXTA_","https:\/\/www.linkedin.com\/company\/bxtaccelyon","https:\/\/www.youtube.com\/channel\/UCkTU9L10CS5c1eWtGiMZ7gw"]}]}},"_links":{"self":[{"href":"https:\/\/bxta.com\/de\/wp-json\/wp\/v2\/pages\/319","targetHints":{"allow":["GET"]}}],"collection":[{"href":"https:\/\/bxta.com\/de\/wp-json\/wp\/v2\/pages"}],"about":[{"href":"https:\/\/bxta.com\/de\/wp-json\/wp\/v2\/types\/page"}],"author":[{"embeddable":true,"href":"https:\/\/bxta.com\/de\/wp-json\/wp\/v2\/users\/1"}],"replies":[{"embeddable":true,"href":"https:\/\/bxta.com\/de\/wp-json\/wp\/v2\/comments?post=319"}],"version-history":[{"count":61,"href":"https:\/\/bxta.com\/de\/wp-json\/wp\/v2\/pages\/319\/revisions"}],"predecessor-version":[{"id":3332,"href":"https:\/\/bxta.com\/de\/wp-json\/wp\/v2\/pages\/319\/revisions\/3332"}],"up":[{"embeddable":true,"href":"https:\/\/bxta.com\/de\/wp-json\/wp\/v2\/pages\/306"}],"wp:attachment":[{"href":"https:\/\/bxta.com\/de\/wp-json\/wp\/v2\/media?parent=319"}],"curies":[{"name":"wp","href":"https:\/\/api.w.org\/{rel}","templated":true}]}}