{"id":308,"date":"2020-03-29T22:26:05","date_gmt":"2020-03-29T22:26:05","guid":{"rendered":"http:\/\/bxta-staging.website\/?page_id=308"},"modified":"2021-12-15T16:38:09","modified_gmt":"2021-12-15T16:38:09","slug":"4d-brachytherapy","status":"publish","type":"page","link":"https:\/\/bxta.com\/de\/healthcare-professionals\/4d-brachytherapy\/","title":{"rendered":"4D Brachytherapy&#x2122;"},"content":{"rendered":"<p><a href=\"https:\/\/bxta-staging.website\/wp-admin\/edit.php?post_type=page\"><\/a><\/p>\n\n\n\n<style>\n.align-center {\npadding:10px 0px;\npadding-top:19px;\ntext-align:center!important;\n}\n.ll-cards__wrapper {\n height:auto!important;\n}\n<\/style>\n\n\n\n<div style=\"height:30px\" aria-hidden=\"true\" class=\"wp-block-spacer\"><\/div>\n\n\n\n<div id=\"\" class=\"wp-block-cgb-block-ll-content-block ll-row ll-row--lrg\"><div class=\"ll-content\"><div class=\"ll-content__inner\">\n<div class=\"wp-block-cgb-block-ll-innerblock-heading\"><div class=\"ll-headings\"><h1 class=\"ll-heading ll-heading--lrg\" style=\"color:#03843e\">4D Brachytherapy&#x2122;<\/h1><\/div><\/div>\n\n\n\n<p>Bei der 4D-Brachytherapie\u2122 handelt es sich um eine einstufige Implantationstechnik, bei der eine Kombination aus vorgeladenen Seedketten um die Peripherie der Prostata und optimal im Zentrum eingebrachten Seeds zum Einsatz kommt. Anhand eines einfachen klinischen Scans erm\u00f6glicht ein webbasiertes Nomogramm, die f\u00fcr das Verfahren erforderliche Anzahl Seedketten und zentralen Seeds zu berechnen.<\/p>\n<\/div><\/div><\/div>\n\n\n\n<figure class=\"wp-block-embed is-type-video is-provider-youtube wp-block-embed-youtube wp-embed-aspect-16-9 wp-has-aspect-ratio\"><div class=\"wp-block-embed__wrapper\">\n<iframe loading=\"lazy\" title=\"4D Brachytherapy\" width=\"500\" height=\"281\" src=\"https:\/\/www.youtube.com\/embed\/hCGEgRmnTe0?feature=oembed\" frameborder=\"0\" allow=\"accelerometer; autoplay; clipboard-write; encrypted-media; gyroscope; picture-in-picture; web-share\" referrerpolicy=\"strict-origin-when-cross-origin\" allowfullscreen><\/iframe>\n<\/div><figcaption><strong>Mithilfe dieser neuartigen Kombinationstechnik kann der Eingriff normalerweise innerhalb von 45 Minuten durchgef\u00fchrt werden. Verbesserte Dosimetrie und klinische Ergebnisse sowie geringere Nebenwirkungen im Vergleich zu herk\u00f6mmlichen zweistufigen Ans\u00e4tzen wurden nachgewiesen.<\/strong><\/figcaption><\/figure>\n\n\n\n<div id=\"\" class=\"wp-block-cgb-block-ll-content-block ll-row ll-row--lrg ll-text--center\"><div class=\"ll-content\"><div class=\"ll-content__inner\">\n<div style=\"height:40px\" aria-hidden=\"true\" class=\"wp-block-spacer\"><\/div>\n\n\n\n<div class=\"wp-block-cgb-block-ll-innerblock-heading\"><div class=\"ll-headings ll-align--center\"><h2 class=\"ll-heading ll-heading--lrg\" style=\"color:#03843e\">View A Practical Guide to 4D Brachytherapy&#x2122; <\/h2><\/div><\/div>\n\n\n\n<p class=\"ll-text--center\"><em>To learn more please click on the below videos to view a practical guide to a successful 4D Brachytherapy technique.<\/em><\/p>\n\n\n\n<div id=\"\" class=\"wp-block-cgb-block-ll-buttons ll-row default\"><div class=\"ll-buttons-row\">\n<div class=\"ll-inline\"><a href=\"\/de\/healthcare-professionals\/a-practical-guide-to-4d-brachytherapy\/\" id=\"\" class=\"ll-button\"><em>View a practical guide to a successful 4D Brachytherapy&#x2122; technique.<\/em><\/a><\/div>\n<\/div><\/div>\n<\/div><\/div><\/div>\n\n\n\n<div id=\"\" class=\"wp-block-cgb-block-ll-content-block ll-row ll-row--sml\"><div class=\"ll-content\"><div class=\"ll-content__inner\">\n<div class=\"wp-block-cgb-block-ll-innerblock-heading\"><div class=\"ll-headings\"><h2 class=\"ll-heading ll-heading--lrg\" style=\"color:#03843e\">Vorteile der 4D Brachytherapy\u2122:<\/h2><\/div><\/div>\n\n\n\n<ul class=\"wp-block-list\"><li>Echtzeittechnik mit akkurater computergest\u00fctzter Planung im OP zur Optimierung der Dosis.<\/li><li>Zeiteffizient, Dauer ca. 45 Minuten im OP<\/li><li>Seedketten reduzieren das Risiko einer Seedwanderung und verbessern die Strahlungsabdeckung der Dr\u00fcse.<\/li><li>Verwendet eine Bibliothek von webbasierten Nomogrammen, um eine optimale Seedplatzierung zu erreichen.<\/li><li>Einzelne Seeds werden in der Mitte der Dr\u00fcse eingepflanzt, um die Harnr\u00f6hren-Dosis zu reduzieren.<\/li><li>Die Verk\u00fcrzung der Implantationszeit f\u00fchrt zu einer Verbesserung der Effizienz und einer Reduzierung m\u00f6glicher Komplikationen.<\/li><li>Durch die optimale Platzierung der Seeds kann die Dosis in den Dr\u00fcsenbereichen, in denen sich der Tumor befindet, erh\u00f6ht werden.<\/li><\/ul>\n\n\n\n<p><\/p>\n<\/div><\/div><\/div>\n\n\n\n<h4 class=\"has-c-primary-color has-text-color has-normal-font-size wp-block-heading\"><strong><strong>To view our online 4D Brachytherapy ordering system please click on the video below.<\/strong><\/strong><\/h4>\n\n\n\n<figure class=\"wp-block-embed is-type-video is-provider-youtube wp-block-embed-youtube wp-embed-aspect-16-9 wp-has-aspect-ratio\"><div class=\"wp-block-embed__wrapper\">\n<iframe loading=\"lazy\" title=\"4D Brachytherapy ordering system\" width=\"500\" height=\"281\" src=\"https:\/\/www.youtube.com\/embed\/f1Hn20xbRQ4?feature=oembed\" frameborder=\"0\" allow=\"accelerometer; autoplay; clipboard-write; encrypted-media; gyroscope; picture-in-picture; web-share\" referrerpolicy=\"strict-origin-when-cross-origin\" allowfullscreen><\/iframe>\n<\/div><\/figure>\n\n\n\n<div id=\"\" class=\"wp-block-cgb-block-ll-content-block ll-row default\"><div class=\"ll-content\"><div class=\"ll-content__inner\">\n<div style=\"height:25px\" aria-hidden=\"true\" class=\"wp-block-spacer\"><\/div>\n\n\n\n<p>&nbsp;<\/p>\n<\/div><\/div><\/div>\n\n\n\n<div id=\"\" class=\"wp-block-cgb-block-ll-cards-downloads ll-row default\"><div class=\"ll-cards--case\"><div class=\"ll-cards__wrapper\">\n<div id=\"\" class=\"wp-block-cgb-block-ll-case-card ll-card--case\"><div class=\"ll-card__inner\"><div class=\"ll-card__image\"><img decoding=\"async\" src=\"https:\/\/bxta.com\/wp-content\/uploads\/2021\/12\/Screenshot-2021-12-15-at-16.34.25.png\"\/><\/div><div class=\"ll-card__title\"><a class=\"ll-card__link\" title=\"&lt;a href=&quot;https:\/\/bxta.com\/wp-content\/uploads\/2021\/12\/BXTA-4D-Brachytherapy-Stepwise-Brochure-ENG.pdf&quot;&gt;4D Brachytherapie Schrittweise Brosch&uuml;re&lt;\/a&gt;\"><a href=\"https:\/\/bxta.com\/wp-content\/uploads\/2021\/12\/BXTA-4D-Brachytherapy-Stepwise-Brochure-ENG.pdf\">4D Brachytherapie Schrittweise Brosch\u00fcre<\/a><\/a><\/div><\/div><\/div>\n\n\n\n<div id=\"\" class=\"wp-block-cgb-block-ll-case-card ll-card--case\"><div class=\"ll-card__inner\"><div class=\"ll-card__image\"><img decoding=\"async\" src=\"https:\/\/bxta.com\/wp-content\/uploads\/2021\/08\/download-icon.jpg\"\/><\/div><div class=\"ll-card__title\"><a class=\"ll-card__link\" title=\"&lt;a href=&quot;https:\/\/bxta.com\/wp-content\/uploads\/2020\/08\/108-PosterSUO4D.pdf&quot; target=&quot;_blank&quot; rel=&quot;noreferrer noopener&quot;&gt;108 poster PDF&lt;\/a&gt;&lt;br&gt;\"><a href=\"https:\/\/bxta.com\/wp-content\/uploads\/2020\/08\/108-PosterSUO4D.pdf\" target=\"_blank\" rel=\"noreferrer noopener\">108 poster PDF<\/a><br><\/a><\/div><\/div><\/div>\n\n\n\n<div id=\"\" class=\"wp-block-cgb-block-ll-case-card ll-card--case\"><div class=\"ll-card__inner\"><div class=\"ll-card__image\"><img decoding=\"async\" src=\"https:\/\/bxta.com\/wp-content\/uploads\/2021\/08\/download-icon.jpg\"\/><\/div><div class=\"ll-card__title\"><a class=\"ll-card__link\" title=\"&lt;a href=&quot;https:\/\/bxta.com\/wp-content\/uploads\/2020\/08\/Guildford-improved-potency-2008.pdf&quot; target=&quot;_blank&quot; rel=&quot;noreferrer noopener&quot;&gt;Guildford improved potency PDF&lt;\/a&gt;\"><a href=\"https:\/\/bxta.com\/wp-content\/uploads\/2020\/08\/Guildford-improved-potency-2008.pdf\" target=\"_blank\" rel=\"noreferrer noopener\">Guildford improved potency PDF<\/a><\/a><\/div><\/div><\/div>\n\n\n\n<div id=\"\" class=\"wp-block-cgb-block-ll-case-card ll-card--case\"><div class=\"ll-card__inner\"><div class=\"ll-card__image\"><img decoding=\"async\" src=\"https:\/\/bxta.com\/wp-content\/uploads\/2021\/08\/download-icon.jpg\" alt=\"Download icon\"\/><\/div><div class=\"ll-card__title\"><a class=\"ll-card__link\" title=\"&lt;a href=&quot;https:\/\/bxta.com\/wp-content\/uploads\/2020\/08\/bju-TURP-Brousil-.pdf&quot; target=&quot;_blank&quot; rel=&quot;noreferrer noopener&quot;&gt;Bju TURP PDF&lt;\/a&gt;&lt;br&gt;\"><a href=\"https:\/\/bxta.com\/wp-content\/uploads\/2020\/08\/bju-TURP-Brousil-.pdf\" target=\"_blank\" rel=\"noreferrer noopener\">Bju TURP PDF<\/a><br><\/a><\/div><\/div><\/div>\n\n\n\n<div id=\"\" class=\"wp-block-cgb-block-ll-case-card ll-card--case\"><div class=\"ll-card__inner\"><div class=\"ll-card__image\"><img decoding=\"async\" src=\"https:\/\/bxta.com\/wp-content\/uploads\/2021\/08\/download-icon.jpg\" alt=\"Download icon\"\/><\/div><div class=\"ll-card__title\"><a class=\"ll-card__link\" title=\"&lt;a href=&quot;https:\/\/bxta.com\/wp-content\/uploads\/2020\/06\/Langley2017-BJU-Brachytherapy-in-under-60yo.pdf&quot; target=&quot;_blank&quot; rel=&quot;noreferrer noopener&quot;&gt;Brachytherapie bei unter 60-J&auml;hrigen PDF&lt;\/a&gt;\"><a href=\"https:\/\/bxta.com\/wp-content\/uploads\/2020\/06\/Langley2017-BJU-Brachytherapy-in-under-60yo.pdf\" target=\"_blank\" rel=\"noreferrer noopener\">Brachytherapie bei unter 60-J\u00e4hrigen PDF<\/a><\/a><\/div><\/div><\/div>\n\n\n\n<div id=\"\" class=\"wp-block-cgb-block-ll-case-card ll-card--case\"><div class=\"ll-card__inner\"><div class=\"ll-card__image\"><img decoding=\"async\" src=\"https:\/\/bxta.com\/wp-content\/uploads\/2021\/08\/download-icon.jpg\" alt=\"Download icon\"\/><\/div><div class=\"ll-card__title\"><a class=\"ll-card__link\" title=\"&lt;a href=&quot;https:\/\/bxta.com\/wp-content\/uploads\/2020\/06\/High-Risk-Paper-Laing_et_al-2018-BJU_International-2.pdf&quot; target=&quot;_blank&quot; rel=&quot;noreferrer noopener&quot;&gt;High risk paper PDF&lt;\/a&gt;&lt;br&gt;\"><a href=\"https:\/\/bxta.com\/wp-content\/uploads\/2020\/06\/High-Risk-Paper-Laing_et_al-2018-BJU_International-2.pdf\" target=\"_blank\" rel=\"noreferrer noopener\">High risk paper PDF<\/a><br><\/a><\/div><\/div><\/div>\n<\/div><\/div><\/div>\n\n\n\n<div style=\"height:100px\" aria-hidden=\"true\" class=\"wp-block-spacer\"><\/div>","protected":false},"excerpt":{"rendered":"<p>To view our online 4D Brachytherapy ordering system please click on the video below.<\/p>","protected":false},"author":1,"featured_media":0,"parent":306,"menu_order":0,"comment_status":"closed","ping_status":"closed","template":"template-content.php","meta":{"_acf_changed":false,"_monsterinsights_skip_tracking":false,"_monsterinsights_sitenote_active":false,"_monsterinsights_sitenote_note":"","_monsterinsights_sitenote_category":0,"footnotes":""},"class_list":["post-308","page","type-page","status-publish","hentry"],"acf":[],"yoast_head":"<!-- This site is optimized with the Yoast SEO plugin v27.5 - https:\/\/yoast.com\/product\/yoast-seo-wordpress\/ -->\n<title>4D Brachytherapy - BXTA<\/title>\n<meta name=\"description\" content=\"Everything you need to know about 4D Brachytherapy and it&#039;s benefits.\" \/>\n<meta name=\"robots\" content=\"index, follow, max-snippet:-1, max-image-preview:large, max-video-preview:-1\" \/>\n<link rel=\"canonical\" href=\"https:\/\/bxta.com\/de\/healthcare-professionals\/4d-brachytherapy\/\" \/>\n<meta property=\"og:locale\" content=\"de_DE\" \/>\n<meta property=\"og:type\" content=\"article\" \/>\n<meta property=\"og:title\" content=\"4D Brachytherapy - BXTA\" \/>\n<meta property=\"og:description\" content=\"Everything you need to know about 4D Brachytherapy and it&#039;s benefits.\" \/>\n<meta property=\"og:url\" content=\"https:\/\/bxta.com\/de\/healthcare-professionals\/4d-brachytherapy\/\" \/>\n<meta property=\"og:site_name\" content=\"BXTA\" \/>\n<meta property=\"article:publisher\" content=\"https:\/\/www.facebook.com\/bxtainternational\/\" \/>\n<meta property=\"article:modified_time\" content=\"2021-12-15T16:38:09+00:00\" \/>\n<meta property=\"og:image\" content=\"https:\/\/bxta.com\/wp-content\/uploads\/2021\/12\/Screenshot-2021-12-15-at-16.34.25.png\" \/>\n<meta name=\"twitter:card\" content=\"summary_large_image\" \/>\n<meta name=\"twitter:site\" content=\"@BXTA_\" \/>\n<meta name=\"twitter:label1\" content=\"Gesch\u00e4tzte Lesezeit\" \/>\n\t<meta name=\"twitter:data1\" content=\"3\u00a0Minuten\" \/>\n<script type=\"application\/ld+json\" class=\"yoast-schema-graph\">{\"@context\":\"https:\\\/\\\/schema.org\",\"@graph\":[{\"@type\":\"WebPage\",\"@id\":\"https:\\\/\\\/bxta.com\\\/healthcare-professionals\\\/4d-brachytherapy\\\/\",\"url\":\"https:\\\/\\\/bxta.com\\\/healthcare-professionals\\\/4d-brachytherapy\\\/\",\"name\":\"4D Brachytherapy - BXTA\",\"isPartOf\":{\"@id\":\"https:\\\/\\\/bxta.com\\\/uk\\\/#website\"},\"primaryImageOfPage\":{\"@id\":\"https:\\\/\\\/bxta.com\\\/healthcare-professionals\\\/4d-brachytherapy\\\/#primaryimage\"},\"image\":{\"@id\":\"https:\\\/\\\/bxta.com\\\/healthcare-professionals\\\/4d-brachytherapy\\\/#primaryimage\"},\"thumbnailUrl\":\"https:\\\/\\\/bxta.com\\\/wp-content\\\/uploads\\\/2021\\\/12\\\/Screenshot-2021-12-15-at-16.34.25.png\",\"datePublished\":\"2020-03-29T22:26:05+00:00\",\"dateModified\":\"2021-12-15T16:38:09+00:00\",\"description\":\"Everything you need to know about 4D Brachytherapy and it's benefits.\",\"breadcrumb\":{\"@id\":\"https:\\\/\\\/bxta.com\\\/healthcare-professionals\\\/4d-brachytherapy\\\/#breadcrumb\"},\"inLanguage\":\"de\",\"potentialAction\":[{\"@type\":\"ReadAction\",\"target\":[\"https:\\\/\\\/bxta.com\\\/healthcare-professionals\\\/4d-brachytherapy\\\/\"]}]},{\"@type\":\"ImageObject\",\"inLanguage\":\"de\",\"@id\":\"https:\\\/\\\/bxta.com\\\/healthcare-professionals\\\/4d-brachytherapy\\\/#primaryimage\",\"url\":\"https:\\\/\\\/bxta.com\\\/wp-content\\\/uploads\\\/2021\\\/12\\\/Screenshot-2021-12-15-at-16.34.25.png\",\"contentUrl\":\"https:\\\/\\\/bxta.com\\\/wp-content\\\/uploads\\\/2021\\\/12\\\/Screenshot-2021-12-15-at-16.34.25.png\"},{\"@type\":\"BreadcrumbList\",\"@id\":\"https:\\\/\\\/bxta.com\\\/healthcare-professionals\\\/4d-brachytherapy\\\/#breadcrumb\",\"itemListElement\":[{\"@type\":\"ListItem\",\"position\":1,\"name\":\"Home\",\"item\":\"https:\\\/\\\/bxta.com\\\/\"},{\"@type\":\"ListItem\",\"position\":2,\"name\":\"Healthcare Professionals\",\"item\":\"https:\\\/\\\/bxta.com\\\/uk\\\/healthcare-professionals\\\/\"},{\"@type\":\"ListItem\",\"position\":3,\"name\":\"4D Brachytherapy&#x2122;\"}]},{\"@type\":\"WebSite\",\"@id\":\"https:\\\/\\\/bxta.com\\\/uk\\\/#website\",\"url\":\"https:\\\/\\\/bxta.com\\\/uk\\\/\",\"name\":\"BXTA\",\"description\":\"Let\u2019s tackle Prostate Cancer together | BXTA\",\"publisher\":{\"@id\":\"https:\\\/\\\/bxta.com\\\/uk\\\/#organization\"},\"potentialAction\":[{\"@type\":\"SearchAction\",\"target\":{\"@type\":\"EntryPoint\",\"urlTemplate\":\"https:\\\/\\\/bxta.com\\\/uk\\\/?s={search_term_string}\"},\"query-input\":{\"@type\":\"PropertyValueSpecification\",\"valueRequired\":true,\"valueName\":\"search_term_string\"}}],\"inLanguage\":\"de\"},{\"@type\":\"Organization\",\"@id\":\"https:\\\/\\\/bxta.com\\\/uk\\\/#organization\",\"name\":\"BXTA\",\"url\":\"https:\\\/\\\/bxta.com\\\/uk\\\/\",\"logo\":{\"@type\":\"ImageObject\",\"inLanguage\":\"de\",\"@id\":\"https:\\\/\\\/bxta.com\\\/uk\\\/#\\\/schema\\\/logo\\\/image\\\/\",\"url\":\"https:\\\/\\\/bxta-staging.s3.eu-west-2.amazonaws.com\\\/app\\\/uploads\\\/2021\\\/09\\\/07212056\\\/BXTA-Logo.png\",\"contentUrl\":\"https:\\\/\\\/bxta-staging.s3.eu-west-2.amazonaws.com\\\/app\\\/uploads\\\/2021\\\/09\\\/07212056\\\/BXTA-Logo.png\",\"width\":600,\"height\":373,\"caption\":\"BXTA\"},\"image\":{\"@id\":\"https:\\\/\\\/bxta.com\\\/uk\\\/#\\\/schema\\\/logo\\\/image\\\/\"},\"sameAs\":[\"https:\\\/\\\/www.facebook.com\\\/bxtainternational\\\/\",\"https:\\\/\\\/x.com\\\/BXTA_\",\"https:\\\/\\\/www.linkedin.com\\\/company\\\/bxtaccelyon\",\"https:\\\/\\\/www.youtube.com\\\/channel\\\/UCkTU9L10CS5c1eWtGiMZ7gw\"]}]}<\/script>\n<!-- \/ Yoast SEO plugin. -->","yoast_head_json":{"title":"4D Brachytherapy - BXTA","description":"Everything you need to know about 4D Brachytherapy and it's benefits.","robots":{"index":"index","follow":"follow","max-snippet":"max-snippet:-1","max-image-preview":"max-image-preview:large","max-video-preview":"max-video-preview:-1"},"canonical":"https:\/\/bxta.com\/de\/healthcare-professionals\/4d-brachytherapy\/","og_locale":"de_DE","og_type":"article","og_title":"4D Brachytherapy - BXTA","og_description":"Everything you need to know about 4D Brachytherapy and it's benefits.","og_url":"https:\/\/bxta.com\/de\/healthcare-professionals\/4d-brachytherapy\/","og_site_name":"BXTA","article_publisher":"https:\/\/www.facebook.com\/bxtainternational\/","article_modified_time":"2021-12-15T16:38:09+00:00","og_image":[{"url":"https:\/\/bxta.com\/wp-content\/uploads\/2021\/12\/Screenshot-2021-12-15-at-16.34.25.png","type":"","width":"","height":""}],"twitter_card":"summary_large_image","twitter_site":"@BXTA_","twitter_misc":{"Gesch\u00e4tzte Lesezeit":"3\u00a0Minuten"},"schema":{"@context":"https:\/\/schema.org","@graph":[{"@type":"WebPage","@id":"https:\/\/bxta.com\/healthcare-professionals\/4d-brachytherapy\/","url":"https:\/\/bxta.com\/healthcare-professionals\/4d-brachytherapy\/","name":"4D Brachytherapy - BXTA","isPartOf":{"@id":"https:\/\/bxta.com\/uk\/#website"},"primaryImageOfPage":{"@id":"https:\/\/bxta.com\/healthcare-professionals\/4d-brachytherapy\/#primaryimage"},"image":{"@id":"https:\/\/bxta.com\/healthcare-professionals\/4d-brachytherapy\/#primaryimage"},"thumbnailUrl":"https:\/\/bxta.com\/wp-content\/uploads\/2021\/12\/Screenshot-2021-12-15-at-16.34.25.png","datePublished":"2020-03-29T22:26:05+00:00","dateModified":"2021-12-15T16:38:09+00:00","description":"Everything you need to know about 4D Brachytherapy and it's benefits.","breadcrumb":{"@id":"https:\/\/bxta.com\/healthcare-professionals\/4d-brachytherapy\/#breadcrumb"},"inLanguage":"de","potentialAction":[{"@type":"ReadAction","target":["https:\/\/bxta.com\/healthcare-professionals\/4d-brachytherapy\/"]}]},{"@type":"ImageObject","inLanguage":"de","@id":"https:\/\/bxta.com\/healthcare-professionals\/4d-brachytherapy\/#primaryimage","url":"https:\/\/bxta.com\/wp-content\/uploads\/2021\/12\/Screenshot-2021-12-15-at-16.34.25.png","contentUrl":"https:\/\/bxta.com\/wp-content\/uploads\/2021\/12\/Screenshot-2021-12-15-at-16.34.25.png"},{"@type":"BreadcrumbList","@id":"https:\/\/bxta.com\/healthcare-professionals\/4d-brachytherapy\/#breadcrumb","itemListElement":[{"@type":"ListItem","position":1,"name":"Home","item":"https:\/\/bxta.com\/"},{"@type":"ListItem","position":2,"name":"Healthcare Professionals","item":"https:\/\/bxta.com\/uk\/healthcare-professionals\/"},{"@type":"ListItem","position":3,"name":"4D Brachytherapy&#x2122;"}]},{"@type":"WebSite","@id":"https:\/\/bxta.com\/uk\/#website","url":"https:\/\/bxta.com\/uk\/","name":"BXTA","description":"Let\u2019s tackle Prostate Cancer together | BXTA","publisher":{"@id":"https:\/\/bxta.com\/uk\/#organization"},"potentialAction":[{"@type":"SearchAction","target":{"@type":"EntryPoint","urlTemplate":"https:\/\/bxta.com\/uk\/?s={search_term_string}"},"query-input":{"@type":"PropertyValueSpecification","valueRequired":true,"valueName":"search_term_string"}}],"inLanguage":"de"},{"@type":"Organization","@id":"https:\/\/bxta.com\/uk\/#organization","name":"BXTA","url":"https:\/\/bxta.com\/uk\/","logo":{"@type":"ImageObject","inLanguage":"de","@id":"https:\/\/bxta.com\/uk\/#\/schema\/logo\/image\/","url":"https:\/\/bxta-staging.s3.eu-west-2.amazonaws.com\/app\/uploads\/2021\/09\/07212056\/BXTA-Logo.png","contentUrl":"https:\/\/bxta-staging.s3.eu-west-2.amazonaws.com\/app\/uploads\/2021\/09\/07212056\/BXTA-Logo.png","width":600,"height":373,"caption":"BXTA"},"image":{"@id":"https:\/\/bxta.com\/uk\/#\/schema\/logo\/image\/"},"sameAs":["https:\/\/www.facebook.com\/bxtainternational\/","https:\/\/x.com\/BXTA_","https:\/\/www.linkedin.com\/company\/bxtaccelyon","https:\/\/www.youtube.com\/channel\/UCkTU9L10CS5c1eWtGiMZ7gw"]}]}},"_links":{"self":[{"href":"https:\/\/bxta.com\/de\/wp-json\/wp\/v2\/pages\/308","targetHints":{"allow":["GET"]}}],"collection":[{"href":"https:\/\/bxta.com\/de\/wp-json\/wp\/v2\/pages"}],"about":[{"href":"https:\/\/bxta.com\/de\/wp-json\/wp\/v2\/types\/page"}],"author":[{"embeddable":true,"href":"https:\/\/bxta.com\/de\/wp-json\/wp\/v2\/users\/1"}],"replies":[{"embeddable":true,"href":"https:\/\/bxta.com\/de\/wp-json\/wp\/v2\/comments?post=308"}],"version-history":[{"count":47,"href":"https:\/\/bxta.com\/de\/wp-json\/wp\/v2\/pages\/308\/revisions"}],"predecessor-version":[{"id":3201,"href":"https:\/\/bxta.com\/de\/wp-json\/wp\/v2\/pages\/308\/revisions\/3201"}],"up":[{"embeddable":true,"href":"https:\/\/bxta.com\/de\/wp-json\/wp\/v2\/pages\/306"}],"wp:attachment":[{"href":"https:\/\/bxta.com\/de\/wp-json\/wp\/v2\/media?parent=308"}],"curies":[{"name":"wp","href":"https:\/\/api.w.org\/{rel}","templated":true}]}}