{"id":242,"date":"2020-03-22T15:19:05","date_gmt":"2020-03-22T15:19:05","guid":{"rendered":"http:\/\/bxta-staging.website\/?page_id=242"},"modified":"2022-10-26T12:05:31","modified_gmt":"2022-10-26T12:05:31","slug":"patient-information","status":"publish","type":"page","link":"https:\/\/bxta.com\/de\/patient-information\/","title":{"rendered":"Registerkarte Patienteninformationen"},"content":{"rendered":"<style>\n.ll-inline {\n    display: inline;\n    padding: 2.25rem;\n    padding-left: 0;\n}\n<\/style>\n\n\n\n<div id=\"\" class=\"wp-block-cgb-block-ll-content-block ll-row ll-row--med\"><div class=\"ll-content\"><div class=\"ll-content__inner\">\n<div class=\"wp-block-cgb-block-ll-innerblock-heading\"><div class=\"ll-headings\"><h3 class=\"ll-heading ll-heading--lrg\" style=\"color:#03843e\">Registerkarte Patienteninformationen<\/h3><\/div><\/div>\n\n\n\n<p>Dieser Abschnitt der Website ist in erster Linie an M\u00e4nner gerichtet, bei denen ein lokal begrenztes Prostatakarzinom diagnostiziert wurde, sowie an ihre Partnerinnen und Partner bzw. die Personen, die sie betreuen. Lokal begrenztes Prostatakarzinom bedeutet, dass der Krebs sich nicht auf andere Bereiche des K\u00f6rpers ausgebreitet hat.<\/p>\n\n\n\n<p>Hier finden Sie Informationen \u00fcber die&nbsp;<a href=\"\/de\/what-is-ldr-brachytherapy\/\">LDR-Prostata-Brachytherapie (Brachytherapie mit niedriger Dosisrate)<\/a>, eine Therapie, die Sie bei lokal begrenztem Prostatakrebs unter Umst\u00e4nden in Betracht ziehen.<\/p>\n\n\n\n<p>Wir hoffen, dass diese Seiten Ihnen gen\u00fcgend Informationen bieten,&nbsp;<a href=\"https:\/\/bxta.com\/de\/patient-information\/\">um herauszufinden, ob die LDR-Brachytherapie f\u00fcr Sie geeignet ist.<\/a>&nbsp;The information should also help you to discuss&nbsp;LDR brachytherapy as a possible treatment choice&nbsp;with your partner, general practitioner, specialist, or the prostate cancer treatment team at your hospital.<\/p>\n\n\n\n<p>You\u2019ll find a wealth of information on prostate cancer and brachytherapy throughout this website and we have created a downloadable guide that summarises the main things to know. <a href=\"https:\/\/bxta.com\/wp-content\/uploads\/2022\/10\/BXTA-Prostate-Cancer-Patient-Brochure.pdf\" target=\"_blank\" rel=\"noreferrer noopener\">Download our guide here<\/a>.<\/p>\n<\/div><\/div><\/div>\n\n\n\n<div id=\"LDR\" class=\"wp-block-cgb-block-ll-content-block ll-row ll-row--med\"><div class=\"ll-content\"><div class=\"ll-content__inner\">\n<div class=\"wp-block-cgb-block-ll-innerblock-heading\"><div class=\"ll-headings\"><h3 class=\"ll-heading ll-heading--med\" style=\"color:#03843e\">Was ist LDR-Brachytherapie?<\/h3><\/div><\/div>\n\n\n\n<p>Brachytherapie mit niedriger Dosisrate (LDR) ist eine spezielle Art der internen Strahlentherapie, bei der die Strahlung von Implantaten mit einer niedrigen Dosisrate abgegeben wird, die dauerhaft in der Prostata implantiert werden.<\/p>\n\n\n\n<p>Die Brachytherapie ist eine Art der Strahlentherapie bzw. Strahlenbehandlung. Strahlentherapie verwendet Gamma- oder R\u00f6ntgenstrahlen zur Behandlung von Krebs. Die hierbei eingesetzte Strahlung ist viel st\u00e4rker als die f\u00fcr ein gew\u00f6hnliches R\u00f6ntgenbild verwendete. Es gibt zwei Arten der Brachytherapie - Brachytherapie mit hoher Dosisrate (HDR) und Brachytherapie niedriger Dosisrate (LDR). Die LDR-Brachytherapie ist die Art, die am h\u00e4ufigsten bei der Behandlung von Prostatakrebs zum Einsatz kommt; sie wird mitunter auch als \u201eSeed-Implantation\u201c bezeichnet.Brachytherapy is a type of radiotherapy, or radiation treatment. Radiotherapy uses gamma- or x-rays to treat cancer. The radiation involved is much stronger than that used for an ordinary x-ray picture. There are two types of brachytherapy \u2013 high dose-rate (HDR) and low dose-rate (LDR). LDR brachytherapy is the type that is most commonly used to treat prostate cancer; it may sometimes be referred to as \u2018seed implantation\u2019<\/p>\n\n\n\n<p>Wir hoffen, dass diese Seiten Ihnen ein gutes Niveau an Informationen \u00fcber die LDR-Brachytherapie bieten. <a href=\"\/de\/what-is-ldr-brachytherapy\/\">Klicken Sie hier&nbsp;<\/a>um mehr \u00fcber die Brachytherapie zu erfahren, einschlie\u00dflich: Kliniken, Behandlungsprozess, m\u00f6gliche Nebenwirkungen, Nachsorge und Genesungsprozess.<\/p>\n<\/div><\/div><\/div>\n\n\n\n<div id=\"treatment-information\" class=\"wp-block-cgb-block-ll-content-block ll-row ll-row--med\"><div class=\"ll-content\"><div class=\"ll-content__inner\">\n<div class=\"wp-block-cgb-block-ll-innerblock-heading\"><div class=\"ll-headings\"><h3 class=\"ll-heading ll-heading--med\" style=\"color:#03843e\">Behandlungsinformationen<\/h3><\/div><\/div>\n\n\n\n<p>LDR-Brachytherapie verwendet radioaktive Seeds, die in kurzen Ketten mit einander verbunden sind und dauerhaft in die Prostata implantiert werden. Diese Pellets geben \u00fcber mehrere Wochen hinweg eine geringe Strahlung an das Gewebe ab. Nach Ende der Strahlenbehandlung verbleiben die nicht mehr gef\u00e4hrlichen Seeds dauerhaft im K\u00f6rper.&nbsp;<\/p>\n\n\n\n<p>Die in erster Linie zur Behandlung von Prostatakrebs eingesetzte LDR-Brachytherapie ist ein einmaliges Verfahren. Der Eingriff selbst dauert im Allgemeinen ungef\u00e4hr eine Stunde.<\/p>\n\n\n\n<p>F\u00fcr manche Patienten bietet die Brachytherapie eine schnellere und effektivere Art der Strahlenbehandlung. Je nach Art und Stadium des Krebses kann Brachytherapie mit anderen Therapien gemeinsam eingesetzt werden, wodurch sich die Behandlungszeiten \u00e4ndern k\u00f6nnen.&nbsp;<\/p>\n<\/div><\/div><\/div>\n\n\n\n<div id=\"access\" class=\"wp-block-cgb-block-ll-content-block ll-row ll-row--med\"><div class=\"ll-content\"><div class=\"ll-content__inner\">\n<div class=\"wp-block-cgb-block-ll-innerblock-heading\"><div class=\"ll-headings\"><h3 class=\"ll-heading ll-heading--med\" style=\"color:#03843e\">Zugang zu LDR-Brachytherapie<\/h3><\/div><\/div>\n\n\n\n<p>Wenn Sie der Meinung sind, dass Brachytherapie f\u00fcr Sie als Behandlung in Frage kommen k\u00f6nnte, setzen Sie sich bitte mit Ihrem Hausarzt in Verbindung, um den Standort der n\u00e4chstgelegenen Brachytherapie-Klinik zu erfahren. Er wird Ihnen bzw. Ihren Angeh\u00f6rigen helfen herauszufinden, ob Brachytherapie in Ihrem speziellen Fall tats\u00e4chlich als Therapie geeignet ist, und wenn ja, Ihnen dabei behilflich sein,&nbsp;<a href=\"\/de\/access-to-ldr-brachytherapy\/\">die erforderliche Behandlung zu erhalten.<\/a>.<\/p>\n\n\n\n<div id=\"\" class=\"wp-block-cgb-block-ll-buttons ll-row default\"><div class=\"ll-buttons-row\">\n<div class=\"ll-inline\"><a href=\"https:\/\/bxta.com\/de\/patient-information\/access-to-brachytherapy\/\" id=\"\" class=\"ll-button\">Erfahren Sie mehr<\/a><\/div>\n<\/div><\/div>\n\n\n\n<p><\/p>\n<\/div><\/div><\/div>\n\n\n\n\n\n<div id=\"latest-news\"><\/div>\n\n\n\n<div class=\"ll-posts--latest post--has-3\">\n  \n  <div class=\"ll-posts__inner\">\n    <div class=\"ll-posts__headings\">\n      <h3 class=\"ll-posts__heading\">Neueste Nachrichten<\/h3>\n    <\/div>\n    <div class=\"ll-posts__feed\">\n    \n      <a href=\"https:\/\/bxta.com\/de\/advancing-prostate-cancer-diagnosis-bxta-and-australian-government-unite-to-drive-mens-health-innovation\/\" title=\"blog post title here\" rel=\"noopener\" class=\"ll-post\">\n        <div class=\"ll-post__inner\">\n          <div class=\"ll-post__image\" style=\"background-image: url(https:\/\/bxta.com\/wp-content\/uploads\/2025\/10\/BXTA-at-Australian-Parliamentary-Roundtable.jpg)\"><\/div>\n          <div class=\"ll-post__content\">\n            <div class=\"ll-post__date\">Oktober 31, 2025<\/div>\n            <div class=\"ll-post__title\">\n              Advancing Prostate Cancer Diagnosis: BXTA and Australian Government Unite to Drive Men\u2019s Health Innovation            <\/div>\n          <\/div>\n        <\/div>\n      <\/a>\n      \n    \n      <a href=\"https:\/\/bxta.com\/de\/celebrating-nurse-led-innovation-in-prostate-cancer-diagnosis-at-eaun25\/\" title=\"blog post title here\" rel=\"noopener\" class=\"ll-post\">\n        <div class=\"ll-post__inner\">\n          <div class=\"ll-post__image\" style=\"background-image: url(https:\/\/bxta.com\/wp-content\/uploads\/2025\/04\/2025.03.24-Grace-Zisengwe-Award-1.jpg)\"><\/div>\n          <div class=\"ll-post__content\">\n            <div class=\"ll-post__date\">April 24, 2025<\/div>\n            <div class=\"ll-post__title\">\n              Celebrating Nurse-led Innovation in Prostate Cancer Diagnosis at EAUN25            <\/div>\n          <\/div>\n        <\/div>\n      <\/a>\n      \n    \n      <a href=\"https:\/\/bxta.com\/de\/becoming-a-centre-of-excellence-for-la-tp-prostate-biopsy\/\" title=\"blog post title here\" rel=\"noopener\" class=\"ll-post\">\n        <div class=\"ll-post__inner\">\n          <div class=\"ll-post__image\" style=\"background-image: url(https:\/\/bxta.com\/wp-content\/uploads\/2023\/03\/AdobeStock_321234696.jpeg)\"><\/div>\n          <div class=\"ll-post__content\">\n            <div class=\"ll-post__date\">Dezember 1, 2023<\/div>\n            <div class=\"ll-post__title\">\n              <strong>Barking, Havering and Redbridge University Hospitals NHS Trust: becoming a Centre of Excellence for LA TP Prostate Biopsy with Antibiotic Stewardship<\/strong>            <\/div>\n          <\/div>\n        <\/div>\n      <\/a>\n      \n        <\/div>\n  <\/div>\n<\/div>","protected":false},"excerpt":{"rendered":"","protected":false},"author":1,"featured_media":0,"parent":0,"menu_order":0,"comment_status":"closed","ping_status":"closed","template":"template-content-sidebar.php","meta":{"_acf_changed":false,"_monsterinsights_skip_tracking":false,"_monsterinsights_sitenote_active":false,"_monsterinsights_sitenote_note":"","_monsterinsights_sitenote_category":0,"footnotes":""},"class_list":["post-242","page","type-page","status-publish","hentry"],"acf":[],"yoast_head":"<!-- This site is optimized with the Yoast SEO plugin v27.5 - https:\/\/yoast.com\/product\/yoast-seo-wordpress\/ -->\n<title>Patient Information: LDR brachytherapy - BXTA<\/title>\n<meta name=\"description\" content=\"Find information on\u00a0low dose-rate\u00a0(LDR) prostate brachytherapy, a treatment you might choose if you have localised prostate cancer.\" \/>\n<meta name=\"robots\" content=\"index, follow, max-snippet:-1, max-image-preview:large, max-video-preview:-1\" \/>\n<link rel=\"canonical\" href=\"https:\/\/bxta.com\/de\/patient-information\/\" \/>\n<meta property=\"og:locale\" content=\"de_DE\" \/>\n<meta property=\"og:type\" content=\"article\" \/>\n<meta property=\"og:title\" content=\"Patient Information: LDR brachytherapy - BXTA\" \/>\n<meta property=\"og:description\" content=\"Find information on\u00a0low dose-rate\u00a0(LDR) prostate brachytherapy, a treatment you might choose if you have localised prostate cancer.\" \/>\n<meta property=\"og:url\" content=\"https:\/\/bxta.com\/de\/patient-information\/\" \/>\n<meta property=\"og:site_name\" content=\"BXTA\" \/>\n<meta property=\"article:publisher\" content=\"https:\/\/www.facebook.com\/bxtainternational\/\" \/>\n<meta property=\"article:modified_time\" content=\"2022-10-26T12:05:31+00:00\" \/>\n<meta property=\"og:image\" content=\"https:\/\/bxta.com\/wp-content\/uploads\/2021\/05\/BXTA-2-scaled.jpg\" \/>\n\t<meta property=\"og:image:width\" content=\"1480\" \/>\n\t<meta property=\"og:image:height\" content=\"1046\" \/>\n\t<meta property=\"og:image:type\" content=\"image\/jpeg\" \/>\n<meta name=\"twitter:card\" content=\"summary_large_image\" \/>\n<meta name=\"twitter:site\" content=\"@BXTA_\" \/>\n<meta name=\"twitter:label1\" content=\"Gesch\u00e4tzte Lesezeit\" \/>\n\t<meta name=\"twitter:data1\" content=\"2\u00a0Minuten\" \/>\n<script type=\"application\/ld+json\" class=\"yoast-schema-graph\">{\"@context\":\"https:\\\/\\\/schema.org\",\"@graph\":[{\"@type\":\"WebPage\",\"@id\":\"https:\\\/\\\/bxta.com\\\/patient-information\\\/\",\"url\":\"https:\\\/\\\/bxta.com\\\/patient-information\\\/\",\"name\":\"Patient Information: LDR brachytherapy - BXTA\",\"isPartOf\":{\"@id\":\"https:\\\/\\\/bxta.com\\\/uk\\\/#website\"},\"datePublished\":\"2020-03-22T15:19:05+00:00\",\"dateModified\":\"2022-10-26T12:05:31+00:00\",\"description\":\"Find information on\u00a0low dose-rate\u00a0(LDR) prostate brachytherapy, a treatment you might choose if you have localised prostate cancer.\",\"breadcrumb\":{\"@id\":\"https:\\\/\\\/bxta.com\\\/patient-information\\\/#breadcrumb\"},\"inLanguage\":\"de\",\"potentialAction\":[{\"@type\":\"ReadAction\",\"target\":[\"https:\\\/\\\/bxta.com\\\/patient-information\\\/\"]}]},{\"@type\":\"BreadcrumbList\",\"@id\":\"https:\\\/\\\/bxta.com\\\/patient-information\\\/#breadcrumb\",\"itemListElement\":[{\"@type\":\"ListItem\",\"position\":1,\"name\":\"Home\",\"item\":\"https:\\\/\\\/bxta.com\\\/\"},{\"@type\":\"ListItem\",\"position\":2,\"name\":\"Patient Information\"}]},{\"@type\":\"WebSite\",\"@id\":\"https:\\\/\\\/bxta.com\\\/uk\\\/#website\",\"url\":\"https:\\\/\\\/bxta.com\\\/uk\\\/\",\"name\":\"BXTA\",\"description\":\"Let\u2019s tackle Prostate Cancer together | BXTA\",\"publisher\":{\"@id\":\"https:\\\/\\\/bxta.com\\\/uk\\\/#organization\"},\"potentialAction\":[{\"@type\":\"SearchAction\",\"target\":{\"@type\":\"EntryPoint\",\"urlTemplate\":\"https:\\\/\\\/bxta.com\\\/uk\\\/?s={search_term_string}\"},\"query-input\":{\"@type\":\"PropertyValueSpecification\",\"valueRequired\":true,\"valueName\":\"search_term_string\"}}],\"inLanguage\":\"de\"},{\"@type\":\"Organization\",\"@id\":\"https:\\\/\\\/bxta.com\\\/uk\\\/#organization\",\"name\":\"BXTA\",\"url\":\"https:\\\/\\\/bxta.com\\\/uk\\\/\",\"logo\":{\"@type\":\"ImageObject\",\"inLanguage\":\"de\",\"@id\":\"https:\\\/\\\/bxta.com\\\/uk\\\/#\\\/schema\\\/logo\\\/image\\\/\",\"url\":\"https:\\\/\\\/bxta-staging.s3.eu-west-2.amazonaws.com\\\/app\\\/uploads\\\/2021\\\/09\\\/07212056\\\/BXTA-Logo.png\",\"contentUrl\":\"https:\\\/\\\/bxta-staging.s3.eu-west-2.amazonaws.com\\\/app\\\/uploads\\\/2021\\\/09\\\/07212056\\\/BXTA-Logo.png\",\"width\":600,\"height\":373,\"caption\":\"BXTA\"},\"image\":{\"@id\":\"https:\\\/\\\/bxta.com\\\/uk\\\/#\\\/schema\\\/logo\\\/image\\\/\"},\"sameAs\":[\"https:\\\/\\\/www.facebook.com\\\/bxtainternational\\\/\",\"https:\\\/\\\/x.com\\\/BXTA_\",\"https:\\\/\\\/www.linkedin.com\\\/company\\\/bxtaccelyon\",\"https:\\\/\\\/www.youtube.com\\\/channel\\\/UCkTU9L10CS5c1eWtGiMZ7gw\"]}]}<\/script>\n<!-- \/ Yoast SEO plugin. -->","yoast_head_json":{"title":"Patient Information: LDR brachytherapy - BXTA","description":"Find information on\u00a0low dose-rate\u00a0(LDR) prostate brachytherapy, a treatment you might choose if you have localised prostate cancer.","robots":{"index":"index","follow":"follow","max-snippet":"max-snippet:-1","max-image-preview":"max-image-preview:large","max-video-preview":"max-video-preview:-1"},"canonical":"https:\/\/bxta.com\/de\/patient-information\/","og_locale":"de_DE","og_type":"article","og_title":"Patient Information: LDR brachytherapy - BXTA","og_description":"Find information on\u00a0low dose-rate\u00a0(LDR) prostate brachytherapy, a treatment you might choose if you have localised prostate cancer.","og_url":"https:\/\/bxta.com\/de\/patient-information\/","og_site_name":"BXTA","article_publisher":"https:\/\/www.facebook.com\/bxtainternational\/","article_modified_time":"2022-10-26T12:05:31+00:00","og_image":[{"width":1480,"height":1046,"url":"https:\/\/bxta.com\/wp-content\/uploads\/2021\/05\/BXTA-2-scaled.jpg","type":"image\/jpeg"}],"twitter_card":"summary_large_image","twitter_site":"@BXTA_","twitter_misc":{"Gesch\u00e4tzte Lesezeit":"2\u00a0Minuten"},"schema":{"@context":"https:\/\/schema.org","@graph":[{"@type":"WebPage","@id":"https:\/\/bxta.com\/patient-information\/","url":"https:\/\/bxta.com\/patient-information\/","name":"Patient Information: LDR brachytherapy - BXTA","isPartOf":{"@id":"https:\/\/bxta.com\/uk\/#website"},"datePublished":"2020-03-22T15:19:05+00:00","dateModified":"2022-10-26T12:05:31+00:00","description":"Find information on\u00a0low dose-rate\u00a0(LDR) prostate brachytherapy, a treatment you might choose if you have localised prostate cancer.","breadcrumb":{"@id":"https:\/\/bxta.com\/patient-information\/#breadcrumb"},"inLanguage":"de","potentialAction":[{"@type":"ReadAction","target":["https:\/\/bxta.com\/patient-information\/"]}]},{"@type":"BreadcrumbList","@id":"https:\/\/bxta.com\/patient-information\/#breadcrumb","itemListElement":[{"@type":"ListItem","position":1,"name":"Home","item":"https:\/\/bxta.com\/"},{"@type":"ListItem","position":2,"name":"Patient Information"}]},{"@type":"WebSite","@id":"https:\/\/bxta.com\/uk\/#website","url":"https:\/\/bxta.com\/uk\/","name":"BXTA","description":"Let\u2019s tackle Prostate Cancer together | BXTA","publisher":{"@id":"https:\/\/bxta.com\/uk\/#organization"},"potentialAction":[{"@type":"SearchAction","target":{"@type":"EntryPoint","urlTemplate":"https:\/\/bxta.com\/uk\/?s={search_term_string}"},"query-input":{"@type":"PropertyValueSpecification","valueRequired":true,"valueName":"search_term_string"}}],"inLanguage":"de"},{"@type":"Organization","@id":"https:\/\/bxta.com\/uk\/#organization","name":"BXTA","url":"https:\/\/bxta.com\/uk\/","logo":{"@type":"ImageObject","inLanguage":"de","@id":"https:\/\/bxta.com\/uk\/#\/schema\/logo\/image\/","url":"https:\/\/bxta-staging.s3.eu-west-2.amazonaws.com\/app\/uploads\/2021\/09\/07212056\/BXTA-Logo.png","contentUrl":"https:\/\/bxta-staging.s3.eu-west-2.amazonaws.com\/app\/uploads\/2021\/09\/07212056\/BXTA-Logo.png","width":600,"height":373,"caption":"BXTA"},"image":{"@id":"https:\/\/bxta.com\/uk\/#\/schema\/logo\/image\/"},"sameAs":["https:\/\/www.facebook.com\/bxtainternational\/","https:\/\/x.com\/BXTA_","https:\/\/www.linkedin.com\/company\/bxtaccelyon","https:\/\/www.youtube.com\/channel\/UCkTU9L10CS5c1eWtGiMZ7gw"]}]}},"_links":{"self":[{"href":"https:\/\/bxta.com\/de\/wp-json\/wp\/v2\/pages\/242","targetHints":{"allow":["GET"]}}],"collection":[{"href":"https:\/\/bxta.com\/de\/wp-json\/wp\/v2\/pages"}],"about":[{"href":"https:\/\/bxta.com\/de\/wp-json\/wp\/v2\/types\/page"}],"author":[{"embeddable":true,"href":"https:\/\/bxta.com\/de\/wp-json\/wp\/v2\/users\/1"}],"replies":[{"embeddable":true,"href":"https:\/\/bxta.com\/de\/wp-json\/wp\/v2\/comments?post=242"}],"version-history":[{"count":27,"href":"https:\/\/bxta.com\/de\/wp-json\/wp\/v2\/pages\/242\/revisions"}],"predecessor-version":[{"id":3377,"href":"https:\/\/bxta.com\/de\/wp-json\/wp\/v2\/pages\/242\/revisions\/3377"}],"wp:attachment":[{"href":"https:\/\/bxta.com\/de\/wp-json\/wp\/v2\/media?parent=242"}],"curies":[{"name":"wp","href":"https:\/\/api.w.org\/{rel}","templated":true}]}}