{"id":1346,"date":"2020-08-19T13:00:25","date_gmt":"2020-08-19T13:00:25","guid":{"rendered":"http:\/\/bxta-staging.website\/?page_id=1346"},"modified":"2021-12-15T16:26:59","modified_gmt":"2021-12-15T16:26:59","slug":"mri-pro","status":"publish","type":"page","link":"https:\/\/bxta.com\/de\/healthcare-professionals\/mri-pro\/","title":{"rendered":"MRI Pro"},"content":{"rendered":"<p><a href=\"https:\/\/bxta-staging.website\/wp-admin\/edit.php?post_type=page\"><\/a><\/p>\n\n\n\n<style>\n.align-center {\npadding:10px 0px;\npadding-top:19px;\ntext-align:center!important;\n}\n<\/style>\n\n\n\n<div style=\"height:30px\" aria-hidden=\"true\" class=\"wp-block-spacer\"><\/div>\n\n\n\n<div id=\"\" class=\"wp-block-cgb-block-ll-content-block ll-row ll-row--med\"><div class=\"ll-content\"><div class=\"ll-content__inner\">\n<div class=\"wp-block-cgb-block-ll-innerblock-heading\"><div class=\"ll-headings\"><h1 class=\"ll-heading ll-heading--lrg\" style=\"color:#03843e\">MRI Pro<\/h1><\/div><\/div>\n\n\n\n<p>BXTA wird weltweiter Vertriebspartner f\u00fcr das neue Online-Prostata-MRT-Selbstlerntool MRI PRO.<\/p>\n\n\n\n<p>BXTA gibt mit Freude eine globale Vereinbarung mit MRI PRO bekannt, mit der wir den Vertrieb dieses neuen Online-Selbstlerntools f\u00fcr die Prostata-MRT-Diagnostik \u00fcbernehmen, das von einem Team spezialisierter MRT-Radiologen und Urologen konzipiert und entwickelt wurde.&nbsp;<a href=\"https:\/\/www.mripro.io\/\" target=\"_blank\" rel=\"noreferrer noopener\">MRI PRO<\/a>&nbsp;that will see us distribute this new, online self-learning tool for prostate MRI diagnostics, designed and developed by a team of specialist MRI radiologists and urologists.<\/p>\n\n\n\n<p>Angesichts des hohen Evidenzgrades (1, 2, 3, 4), der den Stellenwert der Prostata-MRT im diagnostischen Prozess der Prostatakrebserkennung jetzt international best\u00e4tigt, steigt die Nachfrage nach medizinischem Fachpersonal, das in der Interpretation und genauen Auswertung von MRT-Scans erfahren ist, sprunghaft an. Das Sammeln der f\u00fcr eine genaue Interpretation der Prostata-MRT erforderlichen Erfahrung ist zwar wesentlich, ohne die Verf\u00fcgbarkeit eines unmittelbaren histologischen Feedbacks jedoch nur schwer zu erreichen. MRI PRO ist auf diesen globalen Bedarf ausgerichtet.<a href=\"https:\/\/prostatecanceruk.org\/about-us\/projects-and-policies\/mpmri\" target=\"_blank\" rel=\"noreferrer noopener\">1<\/a>, <a href=\"https:\/\/www.nice.org.uk\/guidance\/ng131\/chapter\/Recommendations\" target=\"_blank\" rel=\"noreferrer noopener\">2<\/a>, <a href=\"https:\/\/uroweb.org\/guideline\/prostate-cancer\/\" target=\"_blank\" rel=\"noreferrer noopener\">3<\/a>, <a href=\"https:\/\/www.auanet.org\/guidelines\/mri-of-the-prostate-sop\" target=\"_blank\" rel=\"noreferrer noopener\">4<\/a>) now confirming prostate MRI\u2019s place in the diagnostic process of prostate cancer detection internationally, demand for healthcare professionals experienced in interpreting and accurate reporting of MRI scans is skyrocketing. Gaining the experience that is required for accurate interpretation of prostate MRI is essential, but is difficult to obtain without the availability of immediate histological feedback. MRI PRO addresses this global need.<\/p>\n\n\n\n<div id=\"\" class=\"wp-block-cgb-block-ll-hero-banner ll-row\"><div class=\"ll-image-banner\" style=\"background-image:url(https:\/\/bxt-accelyon.com\/wp-content\/uploads\/2020\/08\/MRI-Pro-DSC_4803-scaled.jpg)\"><\/div><\/div>\n\n\n\n<div id=\"\" class=\"wp-block-cgb-block-ll-content-block ll-row default\"><div class=\"ll-content\"><div class=\"ll-content__inner\"><\/div><\/div><\/div>\n\n\n\n<p>Saheed Rashid, Gesch\u00e4ftsf\u00fchrer von BXTAccelyon, kommentiert: \u201eProstata-MRT ist die n\u00e4chste Stufe in der Prostatakrebsdiagnose, aber es besteht ein ungedeckter Bedarf an Ausbildung und Schulung in der MRT-Bildgebung und -interpretation aller Fachkr\u00e4fte im Gesundheitswesen, einschlie\u00dflich der Schulung von Krankenschwestern, Assistenz\u00e4rzten, Urologen und Radiologen. BXTA ist daher stolz darauf, globaler Vertriebspartner f\u00fcr diese Online-Lernplattform zu sein, die den Weg f\u00fcr die MRT-Schulung ebnet.\u201c<\/p>\n\n\n\n<p>MRI PRO ist eine als Abonnement verf\u00fcgbare E-Learning-Plattform, die es medizinischen Fachkr\u00e4ften erm\u00f6glicht, ihr Wissen an 300 histologisch verifizierten Prostata-MRT-F\u00e4llen h\u00f6chster Qualit\u00e4t zu testen. Alle F\u00e4lle auf MRI PRO werden gem\u00e4\u00df den PIRADS v.2-Spezifikationen unter Verwendung von 3T-Magneten und erfahrenen Prostata-MRT-Radiologen und Experten erfasst und diagnostiziert. F\u00fcr jeden einzelnen Fall \u00fcbermitteln die Benutzer ihre Antworten in Bezug auf den PIRADS-Score, die Lage der Indexl\u00e4sionen sowie die Staging-Informationen und erhalten sofortiges Feedback zu ihren Ergebnissen, einschlie\u00dflich Zugriff auf den aktuellen Biopsiebericht. Die Plattform zeigt dem Benutzer die Leistung \u00fcber einen l\u00e4ngeren Zeitraum hinweg an, wobei die letzten 20 und 50 \u00fcberpr\u00fcften F\u00e4lle eine Prozentauswertung der richtigen Antworten erhalten.<\/p>\n\n\n\n<p>MRI PRO ist au\u00dferdem vom European Accreditation Council for Continuing Medical Education (EACCME), der American Medical Association (AMA), dem Royal Australasian College of Surgeons und dem Royal Australian and New Zealand College of Radiologists zum Erwerb von CME-Punkten akkreditiert.<\/p>\n\n\n\n<div id=\"\" class=\"wp-block-cgb-block-ll-hero-banner ll-row\"><div class=\"ll-image-banner\" style=\"background-image:url(https:\/\/bxt-accelyon.com\/wp-content\/uploads\/2020\/08\/MRI-PRO-IMAGE-e1597842969706.png)\"><\/div><\/div>\n\n\n\n<p><\/p>\n\n\n\n<p>Associate Professor Jeremy Grummet of &nbsp;MRI PRO, adds: \u201cAs an organisation, we are committed to improve the safety, precision, and efficiency of prostate cancer biopsy, and recognise the hugely important role MRI diagnostics can play. These are values which are also closely mirrored by the team at BXTA; their approach to training whole prostate cancer teams in the PrecisionPoint biopsy device is one we welcome, and are keen to mirror. We are pleased to partner with BXTA with the aim of improving the overall patient experience and delivering the best possible health outcomes.\u201d<\/p>\n\n\n\n<p>1&nbsp;&nbsp;<a href=\"https:\/\/prostatecanceruk.org\/about-us\/projects-and-policies\/mpmri\" target=\"_blank\" rel=\"noreferrer noopener\">https:\/\/prostatecanceruk.org\/about-us\/projects-and-policies\/mpmri<\/a><\/p>\n\n\n\n<p>2&nbsp;&nbsp;<a href=\"https:\/\/www.nice.org.uk\/guidance\/ng131\/chapter\/Recommendations\" target=\"_blank\" rel=\"noreferrer noopener\">https:\/\/www.nice.org.uk\/guidance\/ng131\/chapter\/Recommendations<\/a><\/p>\n\n\n\n<p>3&nbsp;&nbsp;<a href=\"https:\/\/uroweb.org\/guideline\/prostate-cancer\/\" target=\"_blank\" rel=\"noreferrer noopener\">https:\/\/uroweb.org\/guideline\/prostate-cancer\/<\/a><\/p>\n\n\n\n<p>4&nbsp;&nbsp;<a href=\"https:\/\/www.auanet.org\/guidelines\/mri-of-the-prostate-sop\" target=\"_blank\" rel=\"noreferrer noopener\">https:\/\/www.auanet.org\/guidelines\/mri-of-the-prostate-sop<\/a><\/p>\n\n\n\n<p>\u200b<\/p>\n<\/div><\/div><\/div>\n\n\n\n<figure class=\"wp-block-embed aligncenter is-type-video is-provider-youtube wp-block-embed-youtube wp-embed-aspect-4-3 wp-has-aspect-ratio\"><div class=\"wp-block-embed__wrapper\">\n<iframe loading=\"lazy\" title=\"MRI PRO Prostate MRI Training Course - Tutorial\" width=\"500\" height=\"375\" src=\"https:\/\/www.youtube.com\/embed\/hJN4XHnJJjo?feature=oembed\" frameborder=\"0\" allow=\"accelerometer; autoplay; clipboard-write; encrypted-media; gyroscope; picture-in-picture; web-share\" referrerpolicy=\"strict-origin-when-cross-origin\" allowfullscreen><\/iframe>\n<\/div><figcaption>Das Tutorial zum MRI PRO Prostata-MRT-Schulungskurs ist auf YouTube verf\u00fcgbar.<\/figcaption><\/figure>\n\n\n\n<p><\/p>\n\n\n\n<figure class=\"wp-block-embed aligncenter is-type-video is-provider-youtube wp-block-embed-youtube wp-embed-aspect-16-9 wp-has-aspect-ratio\"><div class=\"wp-block-embed__wrapper\">\n<iframe loading=\"lazy\" title=\"PROSTATE IMAGING WEBINAR APR20\" width=\"500\" height=\"281\" src=\"https:\/\/www.youtube.com\/embed\/IvfXSVcUl2c?feature=oembed\" frameborder=\"0\" allow=\"accelerometer; autoplay; clipboard-write; encrypted-media; gyroscope; picture-in-picture; web-share\" referrerpolicy=\"strict-origin-when-cross-origin\" allowfullscreen><\/iframe>\n<\/div><figcaption>Die MRI PRO Prostate Imaging Masterclass im Rahmen der wissenschaftlichen Jahrestagung 2020 der USANZ fand aufgrund der Absage der Veranstaltung in Sydney als Webinar statt.<\/figcaption><\/figure>\n\n\n\n<div id=\"\" class=\"wp-block-cgb-block-ll-cards-downloads ll-row default\"><div class=\"ll-cards--case\"><div class=\"ll-cards__wrapper\">\n<div id=\"\" class=\"wp-block-cgb-block-ll-case-card ll-card--case\"><div class=\"ll-card__inner\"><div class=\"ll-card__image\"><img decoding=\"async\" src=\"https:\/\/bxta.com\/wp-content\/uploads\/2021\/12\/mripro-pdf.png\" alt=\"pdf screenshot\"\/><\/div><div class=\"ll-card__title\"><a class=\"ll-card__link\" title=\"&lt;a href=&quot;https:\/\/bxta.com\/wp-content\/uploads\/2021\/12\/BXTA-MRI-Pro-A4-Flyer.pdf&quot;&gt;MRI PRO data sheet&lt;\/a&gt;\"><a href=\"https:\/\/bxta.com\/wp-content\/uploads\/2021\/12\/BXTA-MRI-Pro-A4-Flyer.pdf\">MRI PRO data sheet<\/a><\/a><\/div><\/div><\/div>\n<\/div><\/div><\/div>","protected":false},"excerpt":{"rendered":"","protected":false},"author":10,"featured_media":0,"parent":306,"menu_order":0,"comment_status":"closed","ping_status":"closed","template":"","meta":{"_acf_changed":false,"_monsterinsights_skip_tracking":false,"_monsterinsights_sitenote_active":false,"_monsterinsights_sitenote_note":"","_monsterinsights_sitenote_category":0,"footnotes":""},"class_list":["post-1346","page","type-page","status-publish","hentry"],"acf":[],"yoast_head":"<!-- This site is optimized with the Yoast SEO plugin v27.5 - https:\/\/yoast.com\/product\/yoast-seo-wordpress\/ -->\n<title>MRI Pro - BXTA<\/title>\n<meta name=\"robots\" content=\"index, follow, max-snippet:-1, max-image-preview:large, max-video-preview:-1\" \/>\n<link rel=\"canonical\" href=\"https:\/\/bxta.com\/de\/healthcare-professionals\/mri-pro\/\" \/>\n<meta property=\"og:locale\" content=\"de_DE\" \/>\n<meta property=\"og:type\" content=\"article\" \/>\n<meta property=\"og:title\" content=\"MRI Pro - BXTA\" \/>\n<meta property=\"og:url\" content=\"https:\/\/bxta.com\/de\/healthcare-professionals\/mri-pro\/\" \/>\n<meta property=\"og:site_name\" content=\"BXTA\" \/>\n<meta property=\"article:publisher\" content=\"https:\/\/www.facebook.com\/bxtainternational\/\" \/>\n<meta property=\"article:modified_time\" content=\"2021-12-15T16:26:59+00:00\" \/>\n<meta property=\"og:image\" content=\"https:\/\/bxta.com\/wp-content\/uploads\/2021\/12\/mripro-pdf.png\" \/>\n<meta name=\"twitter:card\" content=\"summary_large_image\" \/>\n<meta name=\"twitter:site\" content=\"@BXTA_\" \/>\n<meta name=\"twitter:label1\" content=\"Gesch\u00e4tzte Lesezeit\" \/>\n\t<meta name=\"twitter:data1\" content=\"3\u00a0Minuten\" \/>\n<script type=\"application\/ld+json\" class=\"yoast-schema-graph\">{\"@context\":\"https:\\\/\\\/schema.org\",\"@graph\":[{\"@type\":\"WebPage\",\"@id\":\"https:\\\/\\\/bxta.com\\\/healthcare-professionals\\\/mri-pro\\\/\",\"url\":\"https:\\\/\\\/bxta.com\\\/healthcare-professionals\\\/mri-pro\\\/\",\"name\":\"MRI Pro - BXTA\",\"isPartOf\":{\"@id\":\"https:\\\/\\\/bxta.com\\\/uk\\\/#website\"},\"primaryImageOfPage\":{\"@id\":\"https:\\\/\\\/bxta.com\\\/healthcare-professionals\\\/mri-pro\\\/#primaryimage\"},\"image\":{\"@id\":\"https:\\\/\\\/bxta.com\\\/healthcare-professionals\\\/mri-pro\\\/#primaryimage\"},\"thumbnailUrl\":\"https:\\\/\\\/bxta.com\\\/wp-content\\\/uploads\\\/2021\\\/12\\\/mripro-pdf.png\",\"datePublished\":\"2020-08-19T13:00:25+00:00\",\"dateModified\":\"2021-12-15T16:26:59+00:00\",\"breadcrumb\":{\"@id\":\"https:\\\/\\\/bxta.com\\\/healthcare-professionals\\\/mri-pro\\\/#breadcrumb\"},\"inLanguage\":\"de\",\"potentialAction\":[{\"@type\":\"ReadAction\",\"target\":[\"https:\\\/\\\/bxta.com\\\/healthcare-professionals\\\/mri-pro\\\/\"]}]},{\"@type\":\"ImageObject\",\"inLanguage\":\"de\",\"@id\":\"https:\\\/\\\/bxta.com\\\/healthcare-professionals\\\/mri-pro\\\/#primaryimage\",\"url\":\"https:\\\/\\\/bxta.com\\\/wp-content\\\/uploads\\\/2021\\\/12\\\/mripro-pdf.png\",\"contentUrl\":\"https:\\\/\\\/bxta.com\\\/wp-content\\\/uploads\\\/2021\\\/12\\\/mripro-pdf.png\"},{\"@type\":\"BreadcrumbList\",\"@id\":\"https:\\\/\\\/bxta.com\\\/healthcare-professionals\\\/mri-pro\\\/#breadcrumb\",\"itemListElement\":[{\"@type\":\"ListItem\",\"position\":1,\"name\":\"Home\",\"item\":\"https:\\\/\\\/bxta.com\\\/\"},{\"@type\":\"ListItem\",\"position\":2,\"name\":\"Healthcare Professionals\",\"item\":\"https:\\\/\\\/bxta.com\\\/uk\\\/healthcare-professionals\\\/\"},{\"@type\":\"ListItem\",\"position\":3,\"name\":\"MRI Pro\"}]},{\"@type\":\"WebSite\",\"@id\":\"https:\\\/\\\/bxta.com\\\/uk\\\/#website\",\"url\":\"https:\\\/\\\/bxta.com\\\/uk\\\/\",\"name\":\"BXTA\",\"description\":\"Let\u2019s tackle Prostate Cancer together | BXTA\",\"publisher\":{\"@id\":\"https:\\\/\\\/bxta.com\\\/uk\\\/#organization\"},\"potentialAction\":[{\"@type\":\"SearchAction\",\"target\":{\"@type\":\"EntryPoint\",\"urlTemplate\":\"https:\\\/\\\/bxta.com\\\/uk\\\/?s={search_term_string}\"},\"query-input\":{\"@type\":\"PropertyValueSpecification\",\"valueRequired\":true,\"valueName\":\"search_term_string\"}}],\"inLanguage\":\"de\"},{\"@type\":\"Organization\",\"@id\":\"https:\\\/\\\/bxta.com\\\/uk\\\/#organization\",\"name\":\"BXTA\",\"url\":\"https:\\\/\\\/bxta.com\\\/uk\\\/\",\"logo\":{\"@type\":\"ImageObject\",\"inLanguage\":\"de\",\"@id\":\"https:\\\/\\\/bxta.com\\\/uk\\\/#\\\/schema\\\/logo\\\/image\\\/\",\"url\":\"https:\\\/\\\/bxta-staging.s3.eu-west-2.amazonaws.com\\\/app\\\/uploads\\\/2021\\\/09\\\/07212056\\\/BXTA-Logo.png\",\"contentUrl\":\"https:\\\/\\\/bxta-staging.s3.eu-west-2.amazonaws.com\\\/app\\\/uploads\\\/2021\\\/09\\\/07212056\\\/BXTA-Logo.png\",\"width\":600,\"height\":373,\"caption\":\"BXTA\"},\"image\":{\"@id\":\"https:\\\/\\\/bxta.com\\\/uk\\\/#\\\/schema\\\/logo\\\/image\\\/\"},\"sameAs\":[\"https:\\\/\\\/www.facebook.com\\\/bxtainternational\\\/\",\"https:\\\/\\\/x.com\\\/BXTA_\",\"https:\\\/\\\/www.linkedin.com\\\/company\\\/bxtaccelyon\",\"https:\\\/\\\/www.youtube.com\\\/channel\\\/UCkTU9L10CS5c1eWtGiMZ7gw\"]}]}<\/script>\n<!-- \/ Yoast SEO plugin. -->","yoast_head_json":{"title":"MRI Pro - BXTA","robots":{"index":"index","follow":"follow","max-snippet":"max-snippet:-1","max-image-preview":"max-image-preview:large","max-video-preview":"max-video-preview:-1"},"canonical":"https:\/\/bxta.com\/de\/healthcare-professionals\/mri-pro\/","og_locale":"de_DE","og_type":"article","og_title":"MRI Pro - BXTA","og_url":"https:\/\/bxta.com\/de\/healthcare-professionals\/mri-pro\/","og_site_name":"BXTA","article_publisher":"https:\/\/www.facebook.com\/bxtainternational\/","article_modified_time":"2021-12-15T16:26:59+00:00","og_image":[{"url":"https:\/\/bxta.com\/wp-content\/uploads\/2021\/12\/mripro-pdf.png","type":"","width":"","height":""}],"twitter_card":"summary_large_image","twitter_site":"@BXTA_","twitter_misc":{"Gesch\u00e4tzte Lesezeit":"3\u00a0Minuten"},"schema":{"@context":"https:\/\/schema.org","@graph":[{"@type":"WebPage","@id":"https:\/\/bxta.com\/healthcare-professionals\/mri-pro\/","url":"https:\/\/bxta.com\/healthcare-professionals\/mri-pro\/","name":"MRI Pro - BXTA","isPartOf":{"@id":"https:\/\/bxta.com\/uk\/#website"},"primaryImageOfPage":{"@id":"https:\/\/bxta.com\/healthcare-professionals\/mri-pro\/#primaryimage"},"image":{"@id":"https:\/\/bxta.com\/healthcare-professionals\/mri-pro\/#primaryimage"},"thumbnailUrl":"https:\/\/bxta.com\/wp-content\/uploads\/2021\/12\/mripro-pdf.png","datePublished":"2020-08-19T13:00:25+00:00","dateModified":"2021-12-15T16:26:59+00:00","breadcrumb":{"@id":"https:\/\/bxta.com\/healthcare-professionals\/mri-pro\/#breadcrumb"},"inLanguage":"de","potentialAction":[{"@type":"ReadAction","target":["https:\/\/bxta.com\/healthcare-professionals\/mri-pro\/"]}]},{"@type":"ImageObject","inLanguage":"de","@id":"https:\/\/bxta.com\/healthcare-professionals\/mri-pro\/#primaryimage","url":"https:\/\/bxta.com\/wp-content\/uploads\/2021\/12\/mripro-pdf.png","contentUrl":"https:\/\/bxta.com\/wp-content\/uploads\/2021\/12\/mripro-pdf.png"},{"@type":"BreadcrumbList","@id":"https:\/\/bxta.com\/healthcare-professionals\/mri-pro\/#breadcrumb","itemListElement":[{"@type":"ListItem","position":1,"name":"Home","item":"https:\/\/bxta.com\/"},{"@type":"ListItem","position":2,"name":"Healthcare Professionals","item":"https:\/\/bxta.com\/uk\/healthcare-professionals\/"},{"@type":"ListItem","position":3,"name":"MRI Pro"}]},{"@type":"WebSite","@id":"https:\/\/bxta.com\/uk\/#website","url":"https:\/\/bxta.com\/uk\/","name":"BXTA","description":"Let\u2019s tackle Prostate Cancer together | BXTA","publisher":{"@id":"https:\/\/bxta.com\/uk\/#organization"},"potentialAction":[{"@type":"SearchAction","target":{"@type":"EntryPoint","urlTemplate":"https:\/\/bxta.com\/uk\/?s={search_term_string}"},"query-input":{"@type":"PropertyValueSpecification","valueRequired":true,"valueName":"search_term_string"}}],"inLanguage":"de"},{"@type":"Organization","@id":"https:\/\/bxta.com\/uk\/#organization","name":"BXTA","url":"https:\/\/bxta.com\/uk\/","logo":{"@type":"ImageObject","inLanguage":"de","@id":"https:\/\/bxta.com\/uk\/#\/schema\/logo\/image\/","url":"https:\/\/bxta-staging.s3.eu-west-2.amazonaws.com\/app\/uploads\/2021\/09\/07212056\/BXTA-Logo.png","contentUrl":"https:\/\/bxta-staging.s3.eu-west-2.amazonaws.com\/app\/uploads\/2021\/09\/07212056\/BXTA-Logo.png","width":600,"height":373,"caption":"BXTA"},"image":{"@id":"https:\/\/bxta.com\/uk\/#\/schema\/logo\/image\/"},"sameAs":["https:\/\/www.facebook.com\/bxtainternational\/","https:\/\/x.com\/BXTA_","https:\/\/www.linkedin.com\/company\/bxtaccelyon","https:\/\/www.youtube.com\/channel\/UCkTU9L10CS5c1eWtGiMZ7gw"]}]}},"_links":{"self":[{"href":"https:\/\/bxta.com\/de\/wp-json\/wp\/v2\/pages\/1346","targetHints":{"allow":["GET"]}}],"collection":[{"href":"https:\/\/bxta.com\/de\/wp-json\/wp\/v2\/pages"}],"about":[{"href":"https:\/\/bxta.com\/de\/wp-json\/wp\/v2\/types\/page"}],"author":[{"embeddable":true,"href":"https:\/\/bxta.com\/de\/wp-json\/wp\/v2\/users\/10"}],"replies":[{"embeddable":true,"href":"https:\/\/bxta.com\/de\/wp-json\/wp\/v2\/comments?post=1346"}],"version-history":[{"count":26,"href":"https:\/\/bxta.com\/de\/wp-json\/wp\/v2\/pages\/1346\/revisions"}],"predecessor-version":[{"id":3190,"href":"https:\/\/bxta.com\/de\/wp-json\/wp\/v2\/pages\/1346\/revisions\/3190"}],"up":[{"embeddable":true,"href":"https:\/\/bxta.com\/de\/wp-json\/wp\/v2\/pages\/306"}],"wp:attachment":[{"href":"https:\/\/bxta.com\/de\/wp-json\/wp\/v2\/media?parent=1346"}],"curies":[{"name":"wp","href":"https:\/\/api.w.org\/{rel}","templated":true}]}}